{"id":9,"date":"2018-03-11T12:44:20","date_gmt":"2018-03-11T10:44:20","guid":{"rendered":"https:\/\/blogi.eoppimispalvelut.fi\/a1700242\/?page_id=9"},"modified":"2018-03-11T12:44:20","modified_gmt":"2018-03-11T10:44:20","slug":"tietoa-minusta","status":"publish","type":"page","link":"https:\/\/blogi.eoppimispalvelut.fi\/a1700242\/tietoa-minusta\/","title":{"rendered":"Tietoa minusta"},"content":{"rendered":"<p>Olen 41-vuotias naisihminen Muoniosta. Opiskelen tradenomiksi Lapin AMK:ssa toista vuotta. Olen naimisissa ja meill\u00e4 on viisi lasta, joten vauhtia ja vaarallisia tilanteita riitt\u00e4\u00e4. T\u00e4m\u00e4 tuo haasteita opiskeluun, kun sit\u00e4 rauhaa ei meinaa l\u00f6yty\u00e4. Mutta sit\u00e4 palkitsevampaa opiskelu on mit\u00e4 haastavampaa se on.<\/p>\n","protected":false},"excerpt":{"rendered":"<p>Olen 41-vuotias naisihminen Muoniosta. Opiskelen tradenomiksi Lapin AMK:ssa toista vuotta. Olen naimisissa ja meill\u00e4 on viisi lasta, joten vauhtia ja vaarallisia tilanteita riitt\u00e4\u00e4. T\u00e4m\u00e4 tuo haasteita opiskeluun, kun sit\u00e4 rauhaa ei meinaa l\u00f6yty\u00e4. Mutta sit\u00e4 palkitsevampaa opiskelu on mit\u00e4 haastavampaa se on.<\/p>\n","protected":false},"author":3003,"featured_media":0,"parent":0,"menu_order":0,"comment_status":"closed","ping_status":"closed","template":"","meta":{"footnotes":""},"class_list":["post-9","page","type-page","status-publish","hentry"],"_links":{"self":[{"href":"https:\/\/blogi.eoppimispalvelut.fi\/a1700242\/wp-json\/wp\/v2\/pages\/9","targetHints":{"allow":["GET"]}}],"collection":[{"href":"https:\/\/blogi.eoppimispalvelut.fi\/a1700242\/wp-json\/wp\/v2\/pages"}],"about":[{"href":"https:\/\/blogi.eoppimispalvelut.fi\/a1700242\/wp-json\/wp\/v2\/types\/page"}],"author":[{"embeddable":true,"href":"https:\/\/blogi.eoppimispalvelut.fi\/a1700242\/wp-json\/wp\/v2\/users\/3003"}],"replies":[{"embeddable":true,"href":"https:\/\/blogi.eoppimispalvelut.fi\/a1700242\/wp-json\/wp\/v2\/comments?post=9"}],"version-history":[{"count":1,"href":"https:\/\/blogi.eoppimispalvelut.fi\/a1700242\/wp-json\/wp\/v2\/pages\/9\/revisions"}],"predecessor-version":[{"id":10,"href":"https:\/\/blogi.eoppimispalvelut.fi\/a1700242\/wp-json\/wp\/v2\/pages\/9\/revisions\/10"}],"wp:attachment":[{"href":"https:\/\/blogi.eoppimispalvelut.fi\/a1700242\/wp-json\/wp\/v2\/media?parent=9"}],"curies":[{"name":"wp","href":"https:\/\/api.w.org\/{rel}","templated":true}]}}