{"id":14,"date":"2020-02-16T09:54:57","date_gmt":"2020-02-16T07:54:57","guid":{"rendered":"https:\/\/blogi.eoppimispalvelut.fi\/a1900123\/?page_id=14"},"modified":"2020-02-28T10:38:48","modified_gmt":"2020-02-28T08:38:48","slug":"tietoja-minusta","status":"publish","type":"page","link":"https:\/\/blogi.eoppimispalvelut.fi\/a1900123\/tietoja-minusta\/","title":{"rendered":"Tietoja minusta"},"content":{"rendered":"<p style=\"text-align: left\">Hei olen Raisa Leinonen \ud83d\ude42<\/p>\n<p style=\"text-align: left\">Riskit haltuun blogi on ensikosketukseni bloggaukseen. Opiskelen Lapin ammattikorkeakoulussa liiketaloutta monimuoto toteutuksena. Sanoisin, ett\u00e4 reiluun vuoteen minulla ei ole ollut ongelmia keksi\u00e4 tekemist\u00e4 vapaa-ajalleni \ud83d\ude09 P\u00e4\u00e4t\u00f6s opiskelun aloittamisesta ty\u00f6n ohella on ollut kuitenkin yksi parhaista p\u00e4\u00e4t\u00f6ksist\u00e4ni. Opiskelun, ty\u00f6n ja perhe-el\u00e4m\u00e4n yhdist\u00e4minen vaatii toki kurinalaisuutta, oma-aloitteisuutta, sitoutumista ja vapaa-ajasta (ainakin osasta siit\u00e4 \ud83d\ude42 ) luopumista. Mutta kyll\u00e4 opiskelu antaakin paljon, kuten kaipaamiani haasteita ja paremmat mahdollisuudet urakehitykseen, mahtavia opiskelukavereita unohtamatta.<\/p>\n<p>Pid\u00e4n luonnossa liikkumisesta ja matkustelusta. Vuosi sitten l\u00f6ysin uutena lajina itselleni juoksun. Osallistuin ensimm\u00e4iseen juoksutapahtumaani Ruskamaratoniin 10 kilometrin matkalla syyskuussa, tuloksena oma henkil\u00f6kohtainen enn\u00e4tysaika. Onnistuneeseen tulokseen siivitti ryhm\u00e4ss\u00e4 tekeminen, hyv\u00e4 yhteishenki ja toisten tsemppaus ja tukeminen. Samaa hienoa yhdess\u00e4 tekemist\u00e4 meill\u00e4 on Riskiryhm\u00e4n kanssa, jonka projektin kokonaisuuteen blogini kuuluu. Min\u00e4 vastaan projektissa aihesis\u00e4ll\u00f6n tuotannon lis\u00e4ksi projektin aikatauluista.<\/p>\n<p><img loading=\"lazy\" decoding=\"async\" class=\"alignnone wp-image-39\" src=\"https:\/\/blogi.eoppimispalvelut.fi\/a1900123\/files\/2020\/02\/omakuva-blogiin-900x1200.jpg\" alt=\"\" width=\"204\" height=\"273\" srcset=\"https:\/\/blogi.eoppimispalvelut.fi\/a1900123\/files\/2020\/02\/omakuva-blogiin-900x1200.jpg 900w, https:\/\/blogi.eoppimispalvelut.fi\/a1900123\/files\/2020\/02\/omakuva-blogiin-1280x1707.jpg 1280w, https:\/\/blogi.eoppimispalvelut.fi\/a1900123\/files\/2020\/02\/omakuva-blogiin-768x1024.jpg 768w, https:\/\/blogi.eoppimispalvelut.fi\/a1900123\/files\/2020\/02\/omakuva-blogiin-1152x1536.jpg 1152w, https:\/\/blogi.eoppimispalvelut.fi\/a1900123\/files\/2020\/02\/omakuva-blogiin-1536x2048.jpg 1536w, https:\/\/blogi.eoppimispalvelut.fi\/a1900123\/files\/2020\/02\/omakuva-blogiin-scaled.jpg 1920w\" sizes=\"auto, (max-width: 204px) 100vw, 204px\" \/><img loading=\"lazy\" decoding=\"async\" class=\"alignnone size-full wp-image-16\" src=\"https:\/\/blogi.eoppimispalvelut.fi\/a1900123\/files\/2020\/02\/koulun-logo.png\" alt=\"\" width=\"282\" height=\"179\" \/><\/p>\n","protected":false},"excerpt":{"rendered":"<p>Hei olen Raisa Leinonen \ud83d\ude42 Riskit haltuun blogi on ensikosketukseni bloggaukseen. Opiskelen Lapin ammattikorkeakoulussa liiketaloutta monimuoto toteutuksena. Sanoisin, ett\u00e4 reiluun vuoteen minulla ei ole ollut ongelmia keksi\u00e4 tekemist\u00e4 vapaa-ajalleni \ud83d\ude09 P\u00e4\u00e4t\u00f6s opiskelun aloittamisesta ty\u00f6n ohella on ollut kuitenkin yksi parhaista p\u00e4\u00e4t\u00f6ksist\u00e4ni. Opiskelun, ty\u00f6n ja perhe-el\u00e4m\u00e4n yhdist\u00e4minen vaatii toki kurinalaisuutta, oma-aloitteisuutta, sitoutumista ja vapaa-ajasta (ainakin osasta &hellip; <a href=\"https:\/\/blogi.eoppimispalvelut.fi\/a1900123\/tietoja-minusta\/\" class=\"more-link\">Jatka artikkeliin <span class=\"screen-reader-text\">Tietoja minusta<\/span><\/a><\/p>\n","protected":false},"author":4215,"featured_media":0,"parent":0,"menu_order":0,"comment_status":"closed","ping_status":"closed","template":"","meta":{"footnotes":""},"class_list":["post-14","page","type-page","status-publish","hentry"],"_links":{"self":[{"href":"https:\/\/blogi.eoppimispalvelut.fi\/a1900123\/wp-json\/wp\/v2\/pages\/14","targetHints":{"allow":["GET"]}}],"collection":[{"href":"https:\/\/blogi.eoppimispalvelut.fi\/a1900123\/wp-json\/wp\/v2\/pages"}],"about":[{"href":"https:\/\/blogi.eoppimispalvelut.fi\/a1900123\/wp-json\/wp\/v2\/types\/page"}],"author":[{"embeddable":true,"href":"https:\/\/blogi.eoppimispalvelut.fi\/a1900123\/wp-json\/wp\/v2\/users\/4215"}],"replies":[{"embeddable":true,"href":"https:\/\/blogi.eoppimispalvelut.fi\/a1900123\/wp-json\/wp\/v2\/comments?post=14"}],"version-history":[{"count":8,"href":"https:\/\/blogi.eoppimispalvelut.fi\/a1900123\/wp-json\/wp\/v2\/pages\/14\/revisions"}],"predecessor-version":[{"id":74,"href":"https:\/\/blogi.eoppimispalvelut.fi\/a1900123\/wp-json\/wp\/v2\/pages\/14\/revisions\/74"}],"wp:attachment":[{"href":"https:\/\/blogi.eoppimispalvelut.fi\/a1900123\/wp-json\/wp\/v2\/media?parent=14"}],"curies":[{"name":"wp","href":"https:\/\/api.w.org\/{rel}","templated":true}]}}