{"id":22,"date":"2020-02-16T10:17:49","date_gmt":"2020-02-16T08:17:49","guid":{"rendered":"https:\/\/blogi.eoppimispalvelut.fi\/a1900123\/?page_id=22"},"modified":"2020-02-16T10:17:49","modified_gmt":"2020-02-16T08:17:49","slug":"riskiryhma","status":"publish","type":"page","link":"https:\/\/blogi.eoppimispalvelut.fi\/a1900123\/riskiryhma\/","title":{"rendered":"Riskiryhm\u00e4"},"content":{"rendered":"<p>Blogini on osa laajan oppimisprojektin tuotosta. Projektiryhm\u00e4\u00e4mme nimelt\u00e4 <strong>Riskiryhm\u00e4<\/strong> kuuluu viisi naista ymp\u00e4ri Suomea. Julkaisemme materiaalia viidess\u00e4 blogissa, verkkosivuilla, sek\u00e4 LinkedIn:ss\u00e4.<\/p>\n<p><span class=\"TextRun SCXW107910957 BCX0\" lang=\"FI-FI\" xml:lang=\"FI-FI\" data-contrast=\"none\"><span class=\"NormalTextRun SCXW107910957 BCX0\">Projekti toteutetaan Lapin ammattikorkeakoulun Liiketoiminnan laajentaminen -opintojaksolla<\/span><\/span><span class=\"TextRun SCXW107910957 BCX0\" lang=\"FI-FI\" xml:lang=\"FI-FI\" data-contrast=\"none\"><span class=\"NormalTextRun SCXW107910957 BCX0\">\u00a0kev\u00e4\u00e4ll\u00e4 2020<\/span><\/span><span class=\"TextRun SCXW107910957 BCX0\" lang=\"FI-FI\" xml:lang=\"FI-FI\" data-contrast=\"none\"><span class=\"NormalTextRun SCXW107910957 BCX0\">.<\/span><\/span><span class=\"TextRun SCXW107910957 BCX0\" lang=\"FI-FI\" xml:lang=\"FI-FI\" data-contrast=\"none\"><span class=\"NormalTextRun SCXW107910957 BCX0\">\u00a0Projektity\u00f6 liittyy olennaisesti usean\u00a0<\/span><\/span><span class=\"TextRun SCXW107910957 BCX0\" lang=\"FI-FI\" xml:lang=\"FI-FI\" data-contrast=\"none\"><span class=\"NormalTextRun SCXW107910957 BCX0\">opintojakson toteutukseen. N\u00e4it\u00e4 ovat liiketoiminnan laajentaminen,\u00a0<\/span><\/span><span class=\"TextRun SCXW107910957 BCX0\" lang=\"FI-FI\" xml:lang=\"FI-FI\" data-contrast=\"none\"><span class=\"NormalTextRun SCXW107910957 BCX0\">yhteis\u00f6viestint\u00e4<\/span><\/span><span class=\"TextRun SCXW107910957 BCX0\" lang=\"FI-FI\" xml:lang=\"FI-FI\" data-contrast=\"none\"><span class=\"NormalTextRun SCXW107910957 BCX0\">, englanti, verotus<\/span><\/span><span class=\"TextRun SCXW107910957 BCX0\" lang=\"FI-FI\" xml:lang=\"FI-FI\" data-contrast=\"none\"><span class=\"NormalTextRun SCXW107910957 BCX0\">\u00a0ja rahoitus ja budjetointi.<\/span><\/span><span class=\"TextRun SCXW107910957 BCX0\" lang=\"FI-FI\" xml:lang=\"FI-FI\" data-contrast=\"none\"><span class=\"NormalTextRun SCXW107910957 BCX0\">\u00a0Sen tarkoituksena on opettaa opiskelijoille projektissa toimimista sek\u00e4 keskeisimpien projektity\u00f6skentelyyn liittyvien k\u00e4sitteiden tuntemusta, ty\u00f6kaluja sek\u00e4 n\u00e4iden hallintaa.<\/span><\/span><span class=\"TextRun SCXW107910957 BCX0\" lang=\"FI-FI\" xml:lang=\"FI-FI\" data-contrast=\"none\"><span class=\"NormalTextRun SCXW107910957 BCX0\">\u00a0<\/span><\/span><span class=\"EOP SCXW107910957 BCX0\" data-ccp-props=\"{&quot;134233279&quot;:true,&quot;201341983&quot;:0,&quot;335559685&quot;:720,&quot;335559739&quot;:160,&quot;335559740&quot;:259}\">\u00a0<\/span><\/p>\n<p>Liiketalouden opintojemme suuntautuminen on taloushallintoon, joten p<span class=\"TextRun SCXW251596596 BCX0\" lang=\"FI-FI\" xml:lang=\"FI-FI\" data-contrast=\"none\"><span class=\"NormalTextRun SCXW251596596 BCX0\">rojekti tarkastelee pienen tilitoimiston ostoa. Sen teht\u00e4v\u00e4n\u00e4 on<\/span><\/span><span class=\"TextRun SCXW251596596 BCX0\" lang=\"FI-FI\" xml:lang=\"FI-FI\" data-contrast=\"none\"><span class=\"NormalTextRun SCXW251596596 BCX0\">\u00a0tuottaa ostajan tueksi vaiheistettu etenemiskuvaus ostoprosessista<\/span><\/span><span class=\"TextRun SCXW251596596 BCX0\" lang=\"FI-FI\" xml:lang=\"FI-FI\" data-contrast=\"none\"><span class=\"NormalTextRun SCXW251596596 BCX0\">,\u00a0<\/span><\/span><span class=\"TextRun SCXW251596596 BCX0\" lang=\"FI-FI\" xml:lang=\"FI-FI\" data-contrast=\"none\"><span class=\"NormalTextRun SCXW251596596 BCX0\">sen\u00a0<\/span><\/span><span class=\"TextRun SCXW251596596 BCX0\" lang=\"FI-FI\" xml:lang=\"FI-FI\" data-contrast=\"none\"><span class=\"NormalTextRun SCXW251596596 BCX0\">riskeist\u00e4 sek\u00e4 riskienhallinnasta.\u00a0<\/span><\/span><\/p>\n<p><span class=\"TextRun SCXW111814143 BCX0\" lang=\"FI-FI\" xml:lang=\"FI-FI\" data-contrast=\"none\"><span class=\"NormalTextRun SCXW111814143 BCX0\">Tilitoimistot ovat el\u00e4neet jatkuvassa murroksessa\u00a0<\/span><\/span><span class=\"TextRun SCXW111814143 BCX0\" lang=\"FI-FI\" xml:lang=\"FI-FI\" data-contrast=\"none\"><span class=\"NormalTextRun SCXW111814143 BCX0\">teknologiakehit<\/span><\/span><span class=\"TextRun SCXW111814143 BCX0\" lang=\"FI-FI\" xml:lang=\"FI-FI\" data-contrast=\"none\"><span class=\"NormalTextRun SCXW111814143 BCX0\">yksen<\/span><\/span><span class=\"TextRun SCXW111814143 BCX0\" lang=\"FI-FI\" xml:lang=\"FI-FI\" data-contrast=\"none\"><span class=\"NormalTextRun SCXW111814143 BCX0\">\u00a0kanssa.\u00a0<\/span><\/span><span class=\"TextRun SCXW111814143 BCX0\" lang=\"FI-FI\" xml:lang=\"FI-FI\" data-contrast=\"none\"><span class=\"NormalTextRun SCXW111814143 BCX0\">Palveluiden kehitys sek\u00e4\u00a0<\/span><\/span><span class=\"TextRun SCXW111814143 BCX0\" lang=\"FI-FI\" xml:lang=\"FI-FI\" data-contrast=\"none\"><span class=\"NormalTextRun SCXW111814143 BCX0\">ammatinharjoittajien el\u00e4k\u00f6ityminen aiheuttaa alalla\u00a0<\/span><\/span><span class=\"TextRun SCXW111814143 BCX0\" lang=\"FI-FI\" xml:lang=\"FI-FI\" data-contrast=\"none\"><span class=\"NormalTextRun SCXW111814143 BCX0\">ketjuuntumista. Samalla digitalisaatio nopeuttaa kirjanpido<\/span><\/span><span class=\"TextRun SCXW111814143 BCX0\" lang=\"FI-FI\" xml:lang=\"FI-FI\" data-contrast=\"none\"><span class=\"NormalTextRun SCXW111814143 BCX0\">n tekemist\u00e4<\/span><\/span><span class=\"TextRun SCXW111814143 BCX0\" lang=\"FI-FI\" xml:lang=\"FI-FI\" data-contrast=\"none\"><span class=\"NormalTextRun SCXW111814143 BCX0\">,<\/span><\/span><span class=\"TextRun SCXW111814143 BCX0\" lang=\"FI-FI\" xml:lang=\"FI-FI\" data-contrast=\"none\"><span class=\"NormalTextRun SCXW111814143 BCX0\">\u00a0joka mahdollistaa\u00a0<\/span><\/span><span class=\"TextRun SCXW111814143 BCX0\" lang=\"FI-FI\" xml:lang=\"FI-FI\" data-contrast=\"none\"><span class=\"NormalTextRun SCXW111814143 BCX0\">taloushallinnon ulkoistami<\/span><\/span><span class=\"TextRun SCXW111814143 BCX0\" lang=\"FI-FI\" xml:lang=\"FI-FI\" data-contrast=\"none\"><span class=\"NormalTextRun SCXW111814143 BCX0\">s<\/span><\/span><span class=\"TextRun SCXW111814143 BCX0\" lang=\"FI-FI\" xml:lang=\"FI-FI\" data-contrast=\"none\"><span class=\"NormalTextRun SCXW111814143 BCX0\">en pieniss\u00e4 yrityks<\/span><\/span><span class=\"TextRun SCXW111814143 BCX0\" lang=\"FI-FI\" xml:lang=\"FI-FI\" data-contrast=\"none\"><span class=\"NormalTextRun SCXW111814143 BCX0\">i<\/span><\/span><span class=\"TextRun SCXW111814143 BCX0\" lang=\"FI-FI\" xml:lang=\"FI-FI\" data-contrast=\"none\"><span class=\"NormalTextRun SCXW111814143 BCX0\">ss\u00e4.\u00a0<\/span><\/span><span class=\"TextRun SCXW111814143 BCX0\" lang=\"FI-FI\" xml:lang=\"FI-FI\" data-contrast=\"none\"><span class=\"NormalTextRun SCXW111814143 BCX0\">Tilitoimistoketjut pyrkiv\u00e4t kasvattamaan liiketoimintaansa tekem\u00e4ll\u00e4 yrityskauppoja<\/span><\/span><span class=\"TextRun SCXW111814143 BCX0\" lang=\"FI-FI\" xml:lang=\"FI-FI\" data-contrast=\"none\"><span class=\"NormalTextRun SCXW111814143 BCX0\">.<\/span><\/span><span class=\"EOP SCXW111814143 BCX0\" data-ccp-props=\"{&quot;134233279&quot;:true,&quot;201341983&quot;:0,&quot;335559685&quot;:720,&quot;335559739&quot;:160,&quot;335559740&quot;:259}\">\u00a0<\/span><\/p>\n<p><span class=\"LineBreakBlob BlobObject DragDrop SCXW251596596 BCX0\">\u00a0<\/span><\/p>\n","protected":false},"excerpt":{"rendered":"<p>Blogini on osa laajan oppimisprojektin tuotosta. Projektiryhm\u00e4\u00e4mme nimelt\u00e4 Riskiryhm\u00e4 kuuluu viisi naista ymp\u00e4ri Suomea. Julkaisemme materiaalia viidess\u00e4 blogissa, verkkosivuilla, sek\u00e4 LinkedIn:ss\u00e4. Projekti toteutetaan Lapin ammattikorkeakoulun Liiketoiminnan laajentaminen -opintojaksolla\u00a0kev\u00e4\u00e4ll\u00e4 2020.\u00a0Projektity\u00f6 liittyy olennaisesti usean\u00a0opintojakson toteutukseen. N\u00e4it\u00e4 ovat liiketoiminnan laajentaminen,\u00a0yhteis\u00f6viestint\u00e4, englanti, verotus\u00a0ja rahoitus ja budjetointi.\u00a0Sen tarkoituksena on opettaa opiskelijoille projektissa toimimista sek\u00e4 keskeisimpien projektity\u00f6skentelyyn liittyvien k\u00e4sitteiden tuntemusta, ty\u00f6kaluja &hellip; <a href=\"https:\/\/blogi.eoppimispalvelut.fi\/a1900123\/riskiryhma\/\" class=\"more-link\">Jatka artikkeliin <span class=\"screen-reader-text\">Riskiryhm\u00e4<\/span><\/a><\/p>\n","protected":false},"author":4215,"featured_media":0,"parent":0,"menu_order":0,"comment_status":"closed","ping_status":"closed","template":"","meta":{"footnotes":""},"class_list":["post-22","page","type-page","status-publish","hentry"],"_links":{"self":[{"href":"https:\/\/blogi.eoppimispalvelut.fi\/a1900123\/wp-json\/wp\/v2\/pages\/22","targetHints":{"allow":["GET"]}}],"collection":[{"href":"https:\/\/blogi.eoppimispalvelut.fi\/a1900123\/wp-json\/wp\/v2\/pages"}],"about":[{"href":"https:\/\/blogi.eoppimispalvelut.fi\/a1900123\/wp-json\/wp\/v2\/types\/page"}],"author":[{"embeddable":true,"href":"https:\/\/blogi.eoppimispalvelut.fi\/a1900123\/wp-json\/wp\/v2\/users\/4215"}],"replies":[{"embeddable":true,"href":"https:\/\/blogi.eoppimispalvelut.fi\/a1900123\/wp-json\/wp\/v2\/comments?post=22"}],"version-history":[{"count":1,"href":"https:\/\/blogi.eoppimispalvelut.fi\/a1900123\/wp-json\/wp\/v2\/pages\/22\/revisions"}],"predecessor-version":[{"id":23,"href":"https:\/\/blogi.eoppimispalvelut.fi\/a1900123\/wp-json\/wp\/v2\/pages\/22\/revisions\/23"}],"wp:attachment":[{"href":"https:\/\/blogi.eoppimispalvelut.fi\/a1900123\/wp-json\/wp\/v2\/media?parent=22"}],"curies":[{"name":"wp","href":"https:\/\/api.w.org\/{rel}","templated":true}]}}