{"id":45,"date":"2020-02-23T13:06:41","date_gmt":"2020-02-23T11:06:41","guid":{"rendered":"https:\/\/blogi.eoppimispalvelut.fi\/a1900123\/?page_id=45"},"modified":"2020-04-05T17:12:40","modified_gmt":"2020-04-05T14:12:40","slug":"blogit","status":"publish","type":"page","link":"https:\/\/blogi.eoppimispalvelut.fi\/a1900123\/blogit\/","title":{"rendered":"Blogit"},"content":{"rendered":"<p>Roosa R\u00e4ikk\u00f6nen, projektinjohtaja, <a href=\"https:\/\/blogi.eoppimispalvelut.fi\/roosaraikkonen\/\">blogiin p\u00e4\u00e4set t\u00e4st\u00e4<\/a><\/p>\n<p>Tiia Kauppinen, viestint\u00e4vastaava,\u00a0<a href=\"https:\/\/blogi.eoppimispalvelut.fi\/riskitriemuksi\/\">blogiin p\u00e4\u00e4set t\u00e4st\u00e4<\/a><\/p>\n<p>Veera Moilanen, projektisihteeri,\u00a0<a href=\"https:\/\/blogi.eoppimispalvelut.fi\/riskienhallitsijaksi\/\">blogiin p\u00e4\u00e4set t\u00e4st\u00e4<\/a><\/p>\n<p>Janica M\u00e4kel\u00e4, teht\u00e4vien palautusvastaava, sijainen muissa toimissa <a href=\"https:\/\/blogi.eoppimispalvelut.fi\/a1900352\/\">blogiin p\u00e4\u00e4set t\u00e4st\u00e4<\/a><\/p>\n","protected":false},"excerpt":{"rendered":"<p>Roosa R\u00e4ikk\u00f6nen, projektinjohtaja, blogiin p\u00e4\u00e4set t\u00e4st\u00e4 Tiia Kauppinen, viestint\u00e4vastaava,\u00a0blogiin p\u00e4\u00e4set t\u00e4st\u00e4 Veera Moilanen, projektisihteeri,\u00a0blogiin p\u00e4\u00e4set t\u00e4st\u00e4 Janica M\u00e4kel\u00e4, teht\u00e4vien palautusvastaava, sijainen muissa toimissa blogiin p\u00e4\u00e4set t\u00e4st\u00e4<\/p>\n","protected":false},"author":4215,"featured_media":0,"parent":0,"menu_order":0,"comment_status":"closed","ping_status":"closed","template":"","meta":{"footnotes":""},"class_list":["post-45","page","type-page","status-publish","hentry"],"_links":{"self":[{"href":"https:\/\/blogi.eoppimispalvelut.fi\/a1900123\/wp-json\/wp\/v2\/pages\/45","targetHints":{"allow":["GET"]}}],"collection":[{"href":"https:\/\/blogi.eoppimispalvelut.fi\/a1900123\/wp-json\/wp\/v2\/pages"}],"about":[{"href":"https:\/\/blogi.eoppimispalvelut.fi\/a1900123\/wp-json\/wp\/v2\/types\/page"}],"author":[{"embeddable":true,"href":"https:\/\/blogi.eoppimispalvelut.fi\/a1900123\/wp-json\/wp\/v2\/users\/4215"}],"replies":[{"embeddable":true,"href":"https:\/\/blogi.eoppimispalvelut.fi\/a1900123\/wp-json\/wp\/v2\/comments?post=45"}],"version-history":[{"count":4,"href":"https:\/\/blogi.eoppimispalvelut.fi\/a1900123\/wp-json\/wp\/v2\/pages\/45\/revisions"}],"predecessor-version":[{"id":115,"href":"https:\/\/blogi.eoppimispalvelut.fi\/a1900123\/wp-json\/wp\/v2\/pages\/45\/revisions\/115"}],"wp:attachment":[{"href":"https:\/\/blogi.eoppimispalvelut.fi\/a1900123\/wp-json\/wp\/v2\/media?parent=45"}],"curies":[{"name":"wp","href":"https:\/\/api.w.org\/{rel}","templated":true}]}}