{"id":47,"date":"2020-02-23T13:12:01","date_gmt":"2020-02-23T11:12:01","guid":{"rendered":"https:\/\/blogi.eoppimispalvelut.fi\/a1900123\/?page_id=47"},"modified":"2020-02-23T13:12:01","modified_gmt":"2020-02-23T11:12:01","slug":"verkkosivu","status":"publish","type":"page","link":"https:\/\/blogi.eoppimispalvelut.fi\/a1900123\/verkkosivu\/","title":{"rendered":"Verkkosivu"},"content":{"rendered":"<p>Riskiryhm\u00e4n verkkosivut on avattu ja\u00a0 <a href=\"https:\/\/riskiryhma549083347.wordpress.com\/\">l\u00f6yd\u00e4t ne t\u00e4\u00e4lt\u00e4<\/a> . Verkkosivuille tulemme julkaisemaan kev\u00e4\u00e4n 2020 aikana yristysostoon liittyvist\u00e4 riskeist\u00e4 oppaan kaikille yritysostoa suunnitteleville tai aiheesta muuten tietoa hakeville.<\/p>\n","protected":false},"excerpt":{"rendered":"<p>Riskiryhm\u00e4n verkkosivut on avattu ja\u00a0 l\u00f6yd\u00e4t ne t\u00e4\u00e4lt\u00e4 . Verkkosivuille tulemme julkaisemaan kev\u00e4\u00e4n 2020 aikana yristysostoon liittyvist\u00e4 riskeist\u00e4 oppaan kaikille yritysostoa suunnitteleville tai aiheesta muuten tietoa hakeville.<\/p>\n","protected":false},"author":4215,"featured_media":0,"parent":0,"menu_order":0,"comment_status":"closed","ping_status":"closed","template":"","meta":{"footnotes":""},"class_list":["post-47","page","type-page","status-publish","hentry"],"_links":{"self":[{"href":"https:\/\/blogi.eoppimispalvelut.fi\/a1900123\/wp-json\/wp\/v2\/pages\/47","targetHints":{"allow":["GET"]}}],"collection":[{"href":"https:\/\/blogi.eoppimispalvelut.fi\/a1900123\/wp-json\/wp\/v2\/pages"}],"about":[{"href":"https:\/\/blogi.eoppimispalvelut.fi\/a1900123\/wp-json\/wp\/v2\/types\/page"}],"author":[{"embeddable":true,"href":"https:\/\/blogi.eoppimispalvelut.fi\/a1900123\/wp-json\/wp\/v2\/users\/4215"}],"replies":[{"embeddable":true,"href":"https:\/\/blogi.eoppimispalvelut.fi\/a1900123\/wp-json\/wp\/v2\/comments?post=47"}],"version-history":[{"count":1,"href":"https:\/\/blogi.eoppimispalvelut.fi\/a1900123\/wp-json\/wp\/v2\/pages\/47\/revisions"}],"predecessor-version":[{"id":48,"href":"https:\/\/blogi.eoppimispalvelut.fi\/a1900123\/wp-json\/wp\/v2\/pages\/47\/revisions\/48"}],"wp:attachment":[{"href":"https:\/\/blogi.eoppimispalvelut.fi\/a1900123\/wp-json\/wp\/v2\/media?parent=47"}],"curies":[{"name":"wp","href":"https:\/\/api.w.org\/{rel}","templated":true}]}}