{"id":97,"date":"2020-03-14T15:35:23","date_gmt":"2020-03-14T13:35:23","guid":{"rendered":"https:\/\/blogi.eoppimispalvelut.fi\/a1900123\/?page_id=97"},"modified":"2020-03-14T15:35:23","modified_gmt":"2020-03-14T13:35:23","slug":"facebook","status":"publish","type":"page","link":"https:\/\/blogi.eoppimispalvelut.fi\/a1900123\/facebook\/","title":{"rendered":"Facebook"},"content":{"rendered":"<p>Riskiryhm\u00e4n Facebook sivuille p\u00e4\u00e4set oheisesta linkist\u00e4. Olet tervetullut seuraamaan projektimme etenemist\u00e4 my\u00f6s sen kautta \ud83d\ude42 Olisi mukava jos my\u00f6s tykk\u00e4\u00e4t ja jaat julkaisujamme \ud83d\ude09<\/p>\n<p><a href=\"https:\/\/www.facebook.com\/riski.ryhmat\/\">Facebook<\/a><\/p>\n","protected":false},"excerpt":{"rendered":"<p>Riskiryhm\u00e4n Facebook sivuille p\u00e4\u00e4set oheisesta linkist\u00e4. Olet tervetullut seuraamaan projektimme etenemist\u00e4 my\u00f6s sen kautta \ud83d\ude42 Olisi mukava jos my\u00f6s tykk\u00e4\u00e4t ja jaat julkaisujamme \ud83d\ude09 Facebook<\/p>\n","protected":false},"author":4215,"featured_media":0,"parent":0,"menu_order":0,"comment_status":"closed","ping_status":"closed","template":"","meta":{"footnotes":""},"class_list":["post-97","page","type-page","status-publish","hentry"],"_links":{"self":[{"href":"https:\/\/blogi.eoppimispalvelut.fi\/a1900123\/wp-json\/wp\/v2\/pages\/97","targetHints":{"allow":["GET"]}}],"collection":[{"href":"https:\/\/blogi.eoppimispalvelut.fi\/a1900123\/wp-json\/wp\/v2\/pages"}],"about":[{"href":"https:\/\/blogi.eoppimispalvelut.fi\/a1900123\/wp-json\/wp\/v2\/types\/page"}],"author":[{"embeddable":true,"href":"https:\/\/blogi.eoppimispalvelut.fi\/a1900123\/wp-json\/wp\/v2\/users\/4215"}],"replies":[{"embeddable":true,"href":"https:\/\/blogi.eoppimispalvelut.fi\/a1900123\/wp-json\/wp\/v2\/comments?post=97"}],"version-history":[{"count":4,"href":"https:\/\/blogi.eoppimispalvelut.fi\/a1900123\/wp-json\/wp\/v2\/pages\/97\/revisions"}],"predecessor-version":[{"id":101,"href":"https:\/\/blogi.eoppimispalvelut.fi\/a1900123\/wp-json\/wp\/v2\/pages\/97\/revisions\/101"}],"wp:attachment":[{"href":"https:\/\/blogi.eoppimispalvelut.fi\/a1900123\/wp-json\/wp\/v2\/media?parent=97"}],"curies":[{"name":"wp","href":"https:\/\/api.w.org\/{rel}","templated":true}]}}