{"id":19,"date":"2020-03-02T21:55:26","date_gmt":"2020-03-02T19:55:26","guid":{"rendered":"https:\/\/blogi.eoppimispalvelut.fi\/a1900352\/?page_id=19"},"modified":"2020-03-16T00:55:51","modified_gmt":"2020-03-15T22:55:51","slug":"projekti","status":"publish","type":"page","link":"https:\/\/blogi.eoppimispalvelut.fi\/a1900352\/projekti\/","title":{"rendered":"Projekti"},"content":{"rendered":"<p>PROJEKTI<\/p>\n<p>Projekti tarkastelee pienen tilitoimiston ostoa. Sen teht\u00e4v\u00e4n\u00e4 on tuottaa ostajan tueksi vaiheistettu etenemiskuvaus ostoprosessista, sen riskeist\u00e4 sek\u00e4 riskienhallinnasta.<\/p>\n<p><a href=\"https:\/\/riskiryhma549083347.wordpress.com\/\">RISKIRYHM\u00c4<\/a><\/p>\n<div id=\"attachment_31\" style=\"width: 590px\" class=\"wp-caption aligncenter\"><img loading=\"lazy\" decoding=\"async\" aria-describedby=\"caption-attachment-31\" class=\"size-medium wp-image-31\" src=\"https:\/\/blogi.eoppimispalvelut.fi\/a1900352\/files\/2020\/03\/EE-LOGO-SIIRTO-2-580x297.png\" alt=\"\" width=\"580\" height=\"297\" srcset=\"https:\/\/blogi.eoppimispalvelut.fi\/a1900352\/files\/2020\/03\/EE-LOGO-SIIRTO-2-580x297.png 580w, https:\/\/blogi.eoppimispalvelut.fi\/a1900352\/files\/2020\/03\/EE-LOGO-SIIRTO-2-940x481.png 940w, https:\/\/blogi.eoppimispalvelut.fi\/a1900352\/files\/2020\/03\/EE-LOGO-SIIRTO-2-768x393.png 768w, https:\/\/blogi.eoppimispalvelut.fi\/a1900352\/files\/2020\/03\/EE-LOGO-SIIRTO-2-500x256.png 500w, https:\/\/blogi.eoppimispalvelut.fi\/a1900352\/files\/2020\/03\/EE-LOGO-SIIRTO-2.png 1500w\" sizes=\"auto, (max-width: 580px) 100vw, 580px\" \/><p id=\"caption-attachment-31\" class=\"wp-caption-text\">Riskiryhm\u00e4 logo by K. R\u00e4ikk\u00f6nen<\/p><\/div>\n<p>Riskiryhm\u00e4 on viiden Lapin ammattikorkeakoulun liiketalouden toisen vuoden opiskelijan ryhm\u00e4, jonka tarkoituksena on tuottaa yritysostoa harkitseville, siit\u00e4 kiinnostuneille sek\u00e4 alaa opiskeleville tietoa riskeist\u00e4, joita siihen liittyy, sek\u00e4 konkreettinen opas, johon on koottu yritysostojen riskej\u00e4 selke\u00e4sti ymm\u00e4rrett\u00e4v\u00e4ll\u00e4 tavalla kev\u00e4\u00e4n 2020 aikana. Osana opintoja julkaisemme verkkosivut, LinkedIn ryhm\u00e4n, sek\u00e4 kuvailemme oppimatkaamme henkil\u00f6kohtaisissa blogeissamme. Linkit l\u00f6yd\u00e4t Linkkej\u00e4 v\u00e4lilehdelt\u00e4.<\/p>\n<p><img loading=\"lazy\" decoding=\"async\" class=\"size-full wp-image-22 alignleft\" src=\"https:\/\/blogi.eoppimispalvelut.fi\/a1900352\/files\/2020\/02\/lapinamk_rgb_lomakekoko.jpg\" alt=\"\" width=\"345\" height=\"131\" \/><\/p>\n<p>&nbsp;<\/p>\n<p>&nbsp;<\/p>\n<p>&nbsp;<\/p>\n<p>&nbsp;<\/p>\n<p>&nbsp;<\/p>\n<p>PROJEKTIN TAVOITE<br \/>\nTilitoimistoala on el\u00e4nyt murrosta jo parisen kymment\u00e4 vuotta. Ennustukset siit\u00e4, ett\u00e4 automaatio ja robotisaatio vie kaikki ty\u00f6paikat ei ole toteutunut, vaan alalla on huutava pula ammattilaisista.<br \/>\nT\u00f6it\u00e4 siis alalla riitt\u00e4\u00e4 ja palvelut kehittyv\u00e4t koko ajan. Tilitoimistoissa elet\u00e4\u00e4nkin ennenn\u00e4kem\u00e4t\u00f6nt\u00e4 kulta-aikaa. Kenties n\u00e4ist\u00e4 syist\u00e4 johtuen, taloushallinnon alalla on vallalla ketjuuntuminen. Pienet tilitoimistot siirtyv\u00e4t osaksi kasvavia tilitoimistoketjuja. Toisaalta yksityiset ja julkiset organisaatiot ulkoistavat taloushallinnon toimintojaan. T\u00e4m\u00e4n ovat huomanneet my\u00f6s sijoitusmieless\u00e4 toimivat yritt\u00e4j\u00e4t. Uuden tilitoimiston perustaja tai vanhan tilitoimiston ostaja ei en\u00e4\u00e4 v\u00e4ltt\u00e4m\u00e4tt\u00e4 olekaan itse kirjanpit\u00e4j\u00e4, vaan sijoittaja, joka hakee nopeaa exiti\u00e4 tai aggressiivista kasvua.<br \/>\nYksitt\u00e4isen tilitoimiston tai tilitoimistoketjun strategisena tavoitteena voikin olla, palvelujen kehitt\u00e4misen ohella, kasvun hakeminen yrityskauppoja tekem\u00e4ll\u00e4. Yrityskauppoja voi olla vuoden aikana useampia ja kauppojen valmisteluun ja toteutukseen liittyv\u00e4t toimet sitovat johdon ja henkil\u00f6kunnan aikaa. Huolellisen suunnittelun, selke\u00e4n viestinn\u00e4n ja harkitun vastuunjaon avulla yrityskauppaan liittyvien toimenpiteiden hallittavuutta ja toteutumisen sujuvuutta voidaan parantaa.<br \/>\nT\u00e4m\u00e4n projektin tarkoituksena on taustoittaa ketjuuntumiseen liittyvi\u00e4 tekij\u00f6it\u00e4 sek\u00e4 selvitt\u00e4\u00e4 yrityskaupan ja sen j\u00e4lkeisen integraatioprosessin valmisteluun ja toteutukseen liittyvi\u00e4 asioita. Projektin tavoitteena on rakentaa ostajaorganisaation johtamisen tueksi vaiheistettu etenemiskuvaus integraatioprosessin toteuttamisesta. Tarkastelun kohteena on pienen tilitoimiston ostoprosessi.<\/p>\n<p>PROJEKTIN KUVAUS<br \/>\nProjektin tulos on yrityskauppaan liittyv\u00e4n integraatioprosessin kuvaus (toimintamalli, ohjeistus, prosessikuvaus ym. konkreettinen tuotos) sek\u00e4 siihen liittyv\u00e4 1-2 prosessiin liittyv\u00e4n kriittisen vaiheen t\u00e4sm\u00e4llisempi, perusteltu tarkastelu.<\/p>\n","protected":false},"excerpt":{"rendered":"<p>PROJEKTI Projekti tarkastelee pienen tilitoimiston ostoa. Sen teht\u00e4v\u00e4n\u00e4 on tuottaa ostajan tueksi vaiheistettu etenemiskuvaus ostoprosessista, sen riskeist\u00e4 sek\u00e4 riskienhallinnasta. RISKIRYHM\u00c4 Riskiryhm\u00e4 on viiden Lapin ammattikorkeakoulun liiketalouden toisen vuoden opiskelijan ryhm\u00e4, jonka tarkoituksena on tuottaa yritysostoa harkitseville, siit\u00e4 kiinnostuneille sek\u00e4 alaa &hellip; <a href=\"https:\/\/blogi.eoppimispalvelut.fi\/a1900352\/projekti\/\">Continue reading <span class=\"meta-nav\">&rarr;<\/span><\/a><\/p>\n","protected":false},"author":4309,"featured_media":0,"parent":0,"menu_order":0,"comment_status":"closed","ping_status":"closed","template":"","meta":{"_monsterinsights_skip_tracking":false,"_monsterinsights_sitenote_active":false,"_monsterinsights_sitenote_note":"","_monsterinsights_sitenote_category":0,"footnotes":""},"class_list":["post-19","page","type-page","status-publish","hentry"],"_links":{"self":[{"href":"https:\/\/blogi.eoppimispalvelut.fi\/a1900352\/wp-json\/wp\/v2\/pages\/19","targetHints":{"allow":["GET"]}}],"collection":[{"href":"https:\/\/blogi.eoppimispalvelut.fi\/a1900352\/wp-json\/wp\/v2\/pages"}],"about":[{"href":"https:\/\/blogi.eoppimispalvelut.fi\/a1900352\/wp-json\/wp\/v2\/types\/page"}],"author":[{"embeddable":true,"href":"https:\/\/blogi.eoppimispalvelut.fi\/a1900352\/wp-json\/wp\/v2\/users\/4309"}],"replies":[{"embeddable":true,"href":"https:\/\/blogi.eoppimispalvelut.fi\/a1900352\/wp-json\/wp\/v2\/comments?post=19"}],"version-history":[{"count":7,"href":"https:\/\/blogi.eoppimispalvelut.fi\/a1900352\/wp-json\/wp\/v2\/pages\/19\/revisions"}],"predecessor-version":[{"id":87,"href":"https:\/\/blogi.eoppimispalvelut.fi\/a1900352\/wp-json\/wp\/v2\/pages\/19\/revisions\/87"}],"wp:attachment":[{"href":"https:\/\/blogi.eoppimispalvelut.fi\/a1900352\/wp-json\/wp\/v2\/media?parent=19"}],"curies":[{"name":"wp","href":"https:\/\/api.w.org\/{rel}","templated":true}]}}