{"id":49,"date":"2020-03-03T19:46:01","date_gmt":"2020-03-03T17:46:01","guid":{"rendered":"https:\/\/blogi.eoppimispalvelut.fi\/a1900352\/?page_id=49"},"modified":"2020-03-03T19:47:01","modified_gmt":"2020-03-03T17:47:01","slug":"linkit","status":"publish","type":"page","link":"https:\/\/blogi.eoppimispalvelut.fi\/a1900352\/linkit\/","title":{"rendered":"Linkit"},"content":{"rendered":"<p>&nbsp;<\/p>\n<p><a href=\"https:\/\/www.linkedin.com\/groups\/8911604\/\">LinkedIn Riskiryhm\u00e4\u00a0<\/a><\/p>\n<p><a href=\"https:\/\/riskiryhma549083347.wordpress.com\">Riskiryhm\u00e4<\/a><\/p>\n<p><a href=\"https:\/\/blogi.eoppimispalvelut.fi\/a1900123\/\">Riskit haltuun blogi<\/a><\/p>\n<p><a href=\"https:\/\/blogi.eoppimispalvelut.fi\/riskienhallitsijaksi\/\">Riskien hallitsijaksi blogi<\/a><\/p>\n<p><a href=\"https:\/\/blogi.eoppimispalvelut.fi\/roosaraikkonen\/\">Risk It blogi<\/a><\/p>\n<p><a href=\"https:\/\/blogi.eoppimispalvelut.fi\/riskitriemuksi\/\">Riskit riemuksi blogi<\/a><\/p>\n<p><a href=\"https:\/\/www.yrittajat.fi\/\">Yritt\u00e4j\u00e4t.fi , tietoa yritt\u00e4jille tai yritt\u00e4jiksi haaveileville<\/a><\/p>\n<p>&nbsp;<\/p>\n","protected":false},"excerpt":{"rendered":"<p>&nbsp; LinkedIn Riskiryhm\u00e4\u00a0 Riskiryhm\u00e4 Riskit haltuun blogi Riskien hallitsijaksi blogi Risk It blogi Riskit riemuksi blogi Yritt\u00e4j\u00e4t.fi , tietoa yritt\u00e4jille tai yritt\u00e4jiksi haaveileville &nbsp;<\/p>\n","protected":false},"author":4309,"featured_media":0,"parent":0,"menu_order":0,"comment_status":"closed","ping_status":"closed","template":"","meta":{"_monsterinsights_skip_tracking":false,"_monsterinsights_sitenote_active":false,"_monsterinsights_sitenote_note":"","_monsterinsights_sitenote_category":0,"footnotes":""},"class_list":["post-49","page","type-page","status-publish","hentry"],"_links":{"self":[{"href":"https:\/\/blogi.eoppimispalvelut.fi\/a1900352\/wp-json\/wp\/v2\/pages\/49","targetHints":{"allow":["GET"]}}],"collection":[{"href":"https:\/\/blogi.eoppimispalvelut.fi\/a1900352\/wp-json\/wp\/v2\/pages"}],"about":[{"href":"https:\/\/blogi.eoppimispalvelut.fi\/a1900352\/wp-json\/wp\/v2\/types\/page"}],"author":[{"embeddable":true,"href":"https:\/\/blogi.eoppimispalvelut.fi\/a1900352\/wp-json\/wp\/v2\/users\/4309"}],"replies":[{"embeddable":true,"href":"https:\/\/blogi.eoppimispalvelut.fi\/a1900352\/wp-json\/wp\/v2\/comments?post=49"}],"version-history":[{"count":1,"href":"https:\/\/blogi.eoppimispalvelut.fi\/a1900352\/wp-json\/wp\/v2\/pages\/49\/revisions"}],"predecessor-version":[{"id":50,"href":"https:\/\/blogi.eoppimispalvelut.fi\/a1900352\/wp-json\/wp\/v2\/pages\/49\/revisions\/50"}],"wp:attachment":[{"href":"https:\/\/blogi.eoppimispalvelut.fi\/a1900352\/wp-json\/wp\/v2\/media?parent=49"}],"curies":[{"name":"wp","href":"https:\/\/api.w.org\/{rel}","templated":true}]}}