{"id":32,"date":"2012-03-26T11:23:55","date_gmt":"2012-03-26T11:23:55","guid":{"rendered":"https:\/\/blogi.eoppimispalvelut.fi\/acthree\/?page_id=32"},"modified":"2014-01-08T08:41:12","modified_gmt":"2014-01-08T08:41:12","slug":"pilot-schools","status":"publish","type":"page","link":"https:\/\/blogi.eoppimispalvelut.fi\/acthree\/project-network\/pilot-schools\/","title":{"rendered":"Pilot schools"},"content":{"rendered":"<h1>Finland<\/h1>\n<ul>\n<li><a href=\"http:\/\/peda.net\/veraja\/salla\/sallatunturin_koulu2\" target=\"_blank\">Sallatunturi School<\/a> (Salla Municipality)<\/li>\n<\/ul>\n<p style=\"padding-left: 30px\">Contact person: <strong>Marja Myllykangas. <\/strong>e-mail: marja.myllykangas(at)salla.fi<\/p>\n<ul>\n<li><a href=\"http:\/\/peda.net\/veraja\/ivalo\/sevettijarvi\" target=\"_blank\">Sevettij\u00e4rvi School<\/a> (Inari Municipality)<\/li>\n<\/ul>\n<p style=\"padding-left: 30px\">Contact person: <strong>Toini Sanila. <\/strong>e-mail: toini.sanila(at)inari.fi<\/p>\n<ul>\n<li><a href=\"http:\/\/peda.net\/veraja\/ivalo\/ya\" target=\"_blank\">Ivalo upper level of comprehensive school<\/a> (Inari Municipality)<\/li>\n<\/ul>\n<p style=\"padding-left: 30px\">Contact person: <strong>Marja Kokkoniemi. <\/strong>e-mail: marja.kokkoniemi(at)inari.fi<\/p>\n<ul>\n<li><a href=\"http:\/\/www.peda.net\/veraja\/rovaniemi\/rantsu\" target=\"_blank\">Rantavitikka School<\/a> (City of Rovaniemi)<\/li>\n<\/ul>\n<p style=\"padding-left: 30px\">Contact person: <strong>Tiina M\u00f6ll\u00e4ri<\/strong>. e-mail: tiina.mollari(at)rovaniemi.fi<\/p>\n<h1>Sweden<\/h1>\n<ul>\n<li><a href=\"http:\/\/www.lulea.se\/bergnasetnotvikenbjorkskatan\/bergnaset\/grundskola\/mandaskolan.4.25249d4c10fa6856c8480006272.html\" target=\"_blank\">Manda School<\/a> (Lule\u00e5 Municipality)<\/li>\n<\/ul>\n<p style=\"padding-left: 30px\">Contact person: <strong>Magnus \u00c5kerlund. <\/strong>e-mail: <span style=\"color: #000000\"><span style=\"color: #000000\">magnus.akerlund(at)skol.lulea.se<\/span><\/span><\/p>\n<ul>\n<li><a href=\"http:\/\/www.kalix.se\/templates\/SubStart____16632.aspx\" target=\"_blank\">Manhem School<\/a> (Kalix Municipality)<\/li>\n<\/ul>\n<p style=\"padding-left: 30px\">Contact person: <strong>Kjell Hansson. <\/strong>email: kjell.hansson(at)kalix.se<\/p>\n<h1>Norway<\/h1>\n<ul>\n<li><a href=\"http:\/\/www.talvik.skole.no\/\" target=\"_blank\">Talvik School<\/a> (Alta Municipality)<\/li>\n<\/ul>\n<p style=\"padding-left: 30px\">Contact person: <strong>Rolf Isaksen<\/strong>. e-mail: talvikrolf(at)msn.com<\/p>\n<ul>\n<li><a href=\"http:\/\/www.vadsoungdomsskole.no\/\" target=\"_blank\">Vads\u00f8 School<\/a> (Vads\u00f8 Municipality)<\/li>\n<\/ul>\n<p style=\"padding-left: 30px\">Contact person: <strong>Signe Lyche. <\/strong>e-mail: signe.lyche(at)vadso.kommune.no<\/p>\n<ul>\n<li><a href=\"http:\/\/pasvik.skole.no\/index.php\" target=\"_blank\">Pasvik School<\/a> (Sor-Varanger Municipality)<\/li>\n<\/ul>\n<p style=\"padding-left: 30px\">Contact person: <strong>Espen Aarnes<\/strong>. e-mail:\u00a0<em><\/em>eat(at)svk.no<\/p>\n<h1>Russia<\/h1>\n<ul>\n<li><a href=\"http:\/\/gymn5.wordpress.com\/\" target=\"_blank\">Murmansk gymnasia #5<\/a> (Murmansk region)<\/li>\n<\/ul>\n<p style=\"padding-left: 30px\">Contact person:<strong>Irina Kamenskaja. <\/strong>e-mail: gimnaziya5-2011(at)mail.ru<\/p>\n<ul>\n<li><a href=\"http:\/\/www.lsoshlovozero.ucoz.ru\" target=\"_blank\">Lovozero boarding-school<\/a> (Murmansk region)<\/li>\n<\/ul>\n<p style=\"padding-left: 30px\">Contact person: <strong>Natalia Kuropteva. <\/strong>e-mail: lovozerointernat(at)yandex.ru<\/p>\n<ul>\n<li><a href=\"http:\/\/www.kand19school.ucoz.ru\" target=\"_blank\">Kandalaksha secondary School #19<\/a> (Murmasnk region)<\/li>\n<\/ul>\n<p style=\"padding-left: 30px\">Contact person: <strong>Ludmila Lajko. <\/strong>e-mail: kand19school(at)yandex.ru<\/p>\n","protected":false},"excerpt":{"rendered":"<p>Finland Sallatunturi School (Salla Municipality) Contact person: Marja Myllykangas. e-mail: marja.myllykangas(at)salla.fi Sevettij\u00e4rvi School (Inari Municipality) Contact person: Toini Sanila. e-mail: toini.sanila(at)inari.fi Ivalo upper level of comprehensive school (Inari Municipality) Contact person: Marja Kokkoniemi. e-mail: marja.kokkoniemi(at)inari.fi Rantavitikka School (City of Rovaniemi) Contact person: Tiina M\u00f6ll\u00e4ri. e-mail: tiina.mollari(at)rovaniemi.fi Sweden Manda School (Lule\u00e5 Municipality) Contact person: Magnus \u00c5kerlund. &hellip; <\/p>\n<p><a class=\"more-link btn\" href=\"https:\/\/blogi.eoppimispalvelut.fi\/acthree\/project-network\/pilot-schools\/\">Continue reading<\/a><\/p>\n","protected":false},"author":608,"featured_media":0,"parent":8,"menu_order":0,"comment_status":"closed","ping_status":"open","template":"","meta":{"footnotes":""},"class_list":["post-32","page","type-page","status-publish","hentry","nodate","item-wrap"],"_links":{"self":[{"href":"https:\/\/blogi.eoppimispalvelut.fi\/acthree\/wp-json\/wp\/v2\/pages\/32","targetHints":{"allow":["GET"]}}],"collection":[{"href":"https:\/\/blogi.eoppimispalvelut.fi\/acthree\/wp-json\/wp\/v2\/pages"}],"about":[{"href":"https:\/\/blogi.eoppimispalvelut.fi\/acthree\/wp-json\/wp\/v2\/types\/page"}],"author":[{"embeddable":true,"href":"https:\/\/blogi.eoppimispalvelut.fi\/acthree\/wp-json\/wp\/v2\/users\/608"}],"replies":[{"embeddable":true,"href":"https:\/\/blogi.eoppimispalvelut.fi\/acthree\/wp-json\/wp\/v2\/comments?post=32"}],"version-history":[{"count":35,"href":"https:\/\/blogi.eoppimispalvelut.fi\/acthree\/wp-json\/wp\/v2\/pages\/32\/revisions"}],"predecessor-version":[{"id":590,"href":"https:\/\/blogi.eoppimispalvelut.fi\/acthree\/wp-json\/wp\/v2\/pages\/32\/revisions\/590"}],"up":[{"embeddable":true,"href":"https:\/\/blogi.eoppimispalvelut.fi\/acthree\/wp-json\/wp\/v2\/pages\/8"}],"wp:attachment":[{"href":"https:\/\/blogi.eoppimispalvelut.fi\/acthree\/wp-json\/wp\/v2\/media?parent=32"}],"curies":[{"name":"wp","href":"https:\/\/api.w.org\/{rel}","templated":true}]}}