{"id":1246,"date":"2022-08-08T14:51:42","date_gmt":"2022-08-08T11:51:42","guid":{"rendered":"https:\/\/blogi.eoppimispalvelut.fi\/activearctic\/?page_id=1246"},"modified":"2022-08-24T10:52:24","modified_gmt":"2022-08-24T07:52:24","slug":"ikaantyvan-hyva-digiarki-tilaisuus-ikaihmisille","status":"publish","type":"page","link":"https:\/\/blogi.eoppimispalvelut.fi\/activearctic\/tapahtumat\/ikaantyvan-hyva-digiarki-tilaisuus-ikaihmisille\/","title":{"rendered":"Ik\u00e4\u00e4ntyv\u00e4n hyv\u00e4 digiarki -tilaisuus ik\u00e4ihmisille"},"content":{"rendered":"<p>[et_pb_section fb_built=&#8221;1&#8243; _builder_version=&#8221;4.17.4&#8243; _module_preset=&#8221;default&#8221; background_color=&#8221;RGBA(255,255,255,0)&#8221; background_image=&#8221;https:\/\/blogi.eoppimispalvelut.fi\/activearctic\/files\/2022\/02\/brokerage-firm-13.png&#8221; parallax=&#8221;off&#8221; custom_padding=&#8221;||3px|||&#8221; global_colors_info=&#8221;{}&#8221;][et_pb_row column_structure=&#8221;1_2,1_2&#8243; _builder_version=&#8221;4.16&#8243; _module_preset=&#8221;default&#8221; custom_padding=&#8221;17px|||2px||&#8221; global_colors_info=&#8221;{}&#8221;][et_pb_column type=&#8221;1_2&#8243; _builder_version=&#8221;4.16&#8243; _module_preset=&#8221;default&#8221; global_colors_info=&#8221;{}&#8221;][et_pb_text _builder_version=&#8221;4.16&#8243; _module_preset=&#8221;default&#8221; text_text_color=&#8221;#000000&#8243; header_font=&#8221;Georgia||||||||&#8221; header_font_size=&#8221;35px&#8221; header_3_font=&#8221;Georgia|300|||||||&#8221; header_3_font_size=&#8221;25px&#8221; width=&#8221;100%&#8221; max_width=&#8221;140%&#8221; min_height=&#8221;214.4px&#8221; custom_margin=&#8221;|-402px||0px|false|false&#8221; custom_padding=&#8221;|0px||0px|false|false&#8221; header_3_font_tablet=&#8221;&#8221; header_3_font_phone=&#8221;&#8221; header_3_font_last_edited=&#8221;on|desktop&#8221; global_colors_info=&#8221;{}&#8221;]<\/p>\n<h1>Ik\u00e4\u00e4ntyv\u00e4n hyv\u00e4 digiarki -tilaisuus ik\u00e4ihmisille<\/h1>\n<h2><\/h2>\n<p>&nbsp;<\/p>\n<p><strong>Aika: <\/strong>26.8.2022 klo 11\u201315:30<\/p>\n<p><strong>Paikka:\u00a0<\/strong>Majakka ry, 2. kerros<\/p>\n<p>Pohjoisrantakatu 14, 94100 Kemi<br \/>\n[\/et_pb_text][\/et_pb_column][et_pb_column type=&#8221;1_2&#8243; _builder_version=&#8221;4.16&#8243; _module_preset=&#8221;default&#8221; global_colors_info=&#8221;{}&#8221;][\/et_pb_column][\/et_pb_row][\/et_pb_section][et_pb_section fb_built=&#8221;1&#8243; _builder_version=&#8221;4.17.4&#8243; _module_preset=&#8221;default&#8221; background_enable_image=&#8221;off&#8221; custom_padding=&#8221;0px||24px|||&#8221; global_colors_info=&#8221;{}&#8221;][et_pb_row _builder_version=&#8221;4.16&#8243; _module_preset=&#8221;default&#8221; global_colors_info=&#8221;{}&#8221;][et_pb_column type=&#8221;4_4&#8243; _builder_version=&#8221;4.16&#8243; _module_preset=&#8221;default&#8221; global_colors_info=&#8221;{}&#8221;][et_pb_text _builder_version=&#8221;4.16&#8243; _module_preset=&#8221;default&#8221; text_text_color=&#8221;#000000&#8243; global_colors_info=&#8221;{}&#8221;]<\/p>\n<p><span data-contrast=\"auto\">Yhteiskunnan s\u00e4hk\u00f6istyess\u00e4 digitaitojen rooli korostuu muiden perustaitojen rinnalla. T\u00e4m\u00e4 vaatii uutta osaamista, jonka vuoksi on t\u00e4rke\u00e4\u00e4 huolehtia kaikkien ik\u00e4ryhmien digitaalisista valmiuksista. Esimerkiksi kotona asumisen tueksi arkea helpottamaan on olemassa erilaisia digitaalisia ja teknologisia ratkaisuja, jotka edist\u00e4v\u00e4t palveluiden saavutettavuutta.<\/span><span data-ccp-props=\"{&quot;201341983&quot;:0,&quot;335559739&quot;:160,&quot;335559740&quot;:259}\">\u00a0<\/span><\/p>\n<p><span data-contrast=\"auto\">Active Arctic -hanke j\u00e4rjest\u00e4\u00e4 yhdess\u00e4 VALLI Ry:n ja Majakka Ry:n kanssa tilaisuuden, jossa ik\u00e4\u00e4ntyvill\u00e4 on mahdollisuus kertoa omista toiveistaan ja haasteistaan teknologiaan liittyen sek\u00e4 tutustua arkea helpottaviin ratkaisuihin.<\/span><span data-ccp-props=\"{&quot;201341983&quot;:0,&quot;335559739&quot;:160,&quot;335559740&quot;:259}\">\u00a0<\/span><\/p>\n<p>[\/et_pb_text][et_pb_image src=&#8221;https:\/\/blogi.eoppimispalvelut.fi\/activearctic\/files\/2022\/08\/Ikaantyvan-hyva-digiarki-26.8.-1.png&#8221; _builder_version=&#8221;4.17.4&#8243; _module_preset=&#8221;default&#8221; width=&#8221;43%&#8221; module_alignment=&#8221;left&#8221; global_colors_info=&#8221;{}&#8221;][\/et_pb_image][\/et_pb_column][\/et_pb_row][\/et_pb_section][et_pb_section fb_built=&#8221;1&#8243; _builder_version=&#8221;4.16&#8243; _module_preset=&#8221;default&#8221; background_color=&#8221;rgba(188,188,188,0.1)&#8221; background_image=&#8221;https:\/\/blogi.eoppimispalvelut.fi\/activearctic\/files\/2022\/02\/brokerage-firm-11.png&#8221; parallax_method=&#8221;off&#8221; custom_padding=&#8221;1px||1px|||&#8221; global_colors_info=&#8221;{}&#8221;][et_pb_row _builder_version=&#8221;4.16&#8243; _module_preset=&#8221;default&#8221; global_colors_info=&#8221;{}&#8221;][et_pb_column type=&#8221;4_4&#8243; _builder_version=&#8221;4.16&#8243; _module_preset=&#8221;default&#8221; global_colors_info=&#8221;{}&#8221;][et_pb_text _builder_version=&#8221;4.16&#8243; _module_preset=&#8221;default&#8221; global_colors_info=&#8221;{}&#8221;]Ohjelma:<\/p>\n<p>11:00\u00a0 \u00a0 \u00a0 \u00a0 \u00a0 \u00a0 \u00a0 \u00a0 Kahvitarjoilu<\/p>\n<p>11:30-12:30\u00a0\u00a0\u00a0\u00a0\u00a0Ik\u00e4\u00e4ntyv\u00e4n hyv\u00e4 digiarki, Suvi Hiltunen, VALLI RY, ik\u00e4teknologiakeskus<\/p>\n<p>12:30-12:45\u00a0 \u00a0 \u00a0Seniortek, Sami Nurmela<\/p>\n<p>12:45-13:00\u00a0 \u00a0 \u00a0Suvantocare, Antti Haukipuro<\/p>\n<p>13:00-15:30\u00a0\u00a0\u00a0\u00a0 Keskustelua ja tutustumista digitaalisiin arkea helpottaviin ratkaisuihin<br \/>\n[\/et_pb_text][\/et_pb_column][\/et_pb_row][\/et_pb_section][et_pb_section fb_built=&#8221;1&#8243; _builder_version=&#8221;4.17.4&#8243; _module_preset=&#8221;default&#8221; background_enable_image=&#8221;off&#8221; custom_padding=&#8221;16px|||||&#8221; global_colors_info=&#8221;{}&#8221;][et_pb_row _builder_version=&#8221;4.16&#8243; _module_preset=&#8221;default&#8221; global_colors_info=&#8221;{}&#8221;][et_pb_column type=&#8221;4_4&#8243; _builder_version=&#8221;4.16&#8243; _module_preset=&#8221;default&#8221; global_colors_info=&#8221;{}&#8221;][et_pb_text _builder_version=&#8221;4.16&#8243; _module_preset=&#8221;default&#8221; global_colors_info=&#8221;{}&#8221;]<span class=\"TextRun SCXW259656701 BCX8\" lang=\"FI-FI\" xml:lang=\"FI-FI\" data-contrast=\"auto\"><span class=\"NormalTextRun SCXW259656701 BCX8\">Ilmoittautuminen: <\/span><\/span><a class=\"Hyperlink SCXW259656701 BCX8\" href=\"mailto:tuuli.tikkanen@lapinamk.fi\" target=\"_blank\" rel=\"noreferrer noopener\"><span class=\"TextRun Underlined SCXW259656701 BCX8\" lang=\"FI-FI\" xml:lang=\"FI-FI\" data-contrast=\"none\"><span class=\"NormalTextRun SCXW259656701 BCX8\" data-ccp-charstyle=\"Hyperlink\">tuuli.tikkanen@lapinamk.fi<\/span><\/span><\/a><span class=\"TextRun SCXW259656701 BCX8\" lang=\"FI-FI\" xml:lang=\"FI-FI\" data-contrast=\"auto\"><span class=\"NormalTextRun SCXW259656701 BCX8\">, puh. 040\u202f615 7961<\/span><\/span><span class=\"EOP SCXW259656701 BCX8\" data-ccp-props=\"{&quot;201341983&quot;:0,&quot;335559739&quot;:160,&quot;335559740&quot;:259}\">\u00a0<\/span><\/p>\n<p><strong>Tilaisuuden j\u00e4rjest\u00e4\u00e4:<\/strong> Active Arctic -hanke<\/p>\n<p><strong>Lis\u00e4tietoja:<\/strong><\/p>\n<p>Ella Bj\u00f6rn, projektip\u00e4\u00e4llikk\u00f6, Lapin yliopisto, ella.bjorn@ulapland.fi<br \/>\nTuuli Tikkanen, projektip\u00e4\u00e4llikk\u00f6, Lapin amk (hankkeen koordinaattori), tuuli.tikkanen@lapinamk.fi<br \/>\n[\/et_pb_text][\/et_pb_column][\/et_pb_row][\/et_pb_section][et_pb_section fb_built=&#8221;1&#8243; _builder_version=&#8221;4.17.4&#8243; _module_preset=&#8221;default&#8221; background_enable_image=&#8221;off&#8221; custom_padding=&#8221;0px|||||&#8221; global_colors_info=&#8221;{}&#8221;][et_pb_row column_structure=&#8221;1_4,1_4,1_4,1_4&#8243; _builder_version=&#8221;4.16&#8243; _module_preset=&#8221;default&#8221; global_colors_info=&#8221;{}&#8221;][et_pb_column type=&#8221;1_4&#8243; _builder_version=&#8221;4.16&#8243; _module_preset=&#8221;default&#8221; global_colors_info=&#8221;{}&#8221;][et_pb_image src=&#8221;https:\/\/blogi.eoppimispalvelut.fi\/activearctic\/files\/2022\/02\/Lapin-liitto-tausta.jpg&#8221; title_text=&#8221;Lapin liitto tausta&#8221; _builder_version=&#8221;4.16&#8243; _module_preset=&#8221;default&#8221; custom_margin=&#8221;4px||||false|false&#8221; global_colors_info=&#8221;{}&#8221;][\/et_pb_image][\/et_pb_column][et_pb_column type=&#8221;1_4&#8243; _builder_version=&#8221;4.16&#8243; _module_preset=&#8221;default&#8221; global_colors_info=&#8221;{}&#8221;][et_pb_image src=&#8221;https:\/\/blogi.eoppimispalvelut.fi\/activearctic\/files\/2022\/02\/Lapin-AMK-logo.jpg&#8221; title_text=&#8221;Lapin AMK logo&#8221; _builder_version=&#8221;4.16&#8243; _module_preset=&#8221;default&#8221; global_colors_info=&#8221;{}&#8221;][\/et_pb_image][\/et_pb_column][et_pb_column type=&#8221;1_4&#8243; _builder_version=&#8221;4.16&#8243; _module_preset=&#8221;default&#8221; global_colors_info=&#8221;{}&#8221;][et_pb_image src=&#8221;https:\/\/blogi.eoppimispalvelut.fi\/activearctic\/files\/2022\/02\/Ulapland_RGB_vaaka.png&#8221; title_text=&#8221;Ulapland_RGB_vaaka&#8221; _builder_version=&#8221;4.17.4&#8243; _module_preset=&#8221;default&#8221; custom_margin=&#8221;11px||||false|false&#8221; hover_enabled=&#8221;0&#8243; global_colors_info=&#8221;{}&#8221; background_enable_image=&#8221;off&#8221; sticky_enabled=&#8221;0&#8243;][\/et_pb_image][\/et_pb_column][et_pb_column type=&#8221;1_4&#8243; _builder_version=&#8221;4.16&#8243; _module_preset=&#8221;default&#8221; global_colors_info=&#8221;{}&#8221;][et_pb_image src=&#8221;https:\/\/blogi.eoppimispalvelut.fi\/activearctic\/files\/2021\/09\/Vipuvoimaa_Eulta_2014-2020_ja_EAKR.png&#8221; alt=&#8221;Vipuvoimaa EU:lta 2014-2020 ja Euroopan unioni, Euroopan aluekehitysrahasto -tunnukset&#8221; title_text=&#8221;Vipuvoimaa EU:lta 2014-2020 ja Euroopan unioni, Euroopan aluekehitysrahasto -tunnukset&#8221; _builder_version=&#8221;4.17.4&#8243; _module_preset=&#8221;default&#8221; hover_enabled=&#8221;0&#8243; global_colors_info=&#8221;{}&#8221; background_enable_image=&#8221;off&#8221; sticky_enabled=&#8221;0&#8243;][\/et_pb_image][\/et_pb_column][\/et_pb_row][\/et_pb_section][et_pb_section fb_built=&#8221;1&#8243; _builder_version=&#8221;4.17.4&#8243; _module_preset=&#8221;default&#8221; hover_enabled=&#8221;0&#8243; global_colors_info=&#8221;{}&#8221; background_enable_image=&#8221;off&#8221; sticky_enabled=&#8221;0&#8243;][et_pb_row _builder_version=&#8221;4.17.4&#8243; _module_preset=&#8221;default&#8221; global_colors_info=&#8221;{}&#8221;][et_pb_column type=&#8221;4_4&#8243; _builder_version=&#8221;4.17.4&#8243; _module_preset=&#8221;default&#8221; global_colors_info=&#8221;{}&#8221;][\/et_pb_column][\/et_pb_row][\/et_pb_section]<\/p>\n","protected":false},"excerpt":{"rendered":"<p>Ik\u00e4\u00e4ntyv\u00e4n hyv\u00e4 digiarki -tilaisuus ik\u00e4ihmisille &nbsp; Aika: 26.8.2022 klo 11\u201315:30 Paikka:\u00a0Majakka ry, 2. kerros Pohjoisrantakatu 14, 94100 Kemi Yhteiskunnan s\u00e4hk\u00f6istyess\u00e4 digitaitojen rooli korostuu muiden perustaitojen rinnalla. T\u00e4m\u00e4 vaatii uutta osaamista, jonka vuoksi on t\u00e4rke\u00e4\u00e4 huolehtia kaikkien ik\u00e4ryhmien digitaalisista valmiuksista. Esimerkiksi kotona asumisen tueksi arkea helpottamaan on olemassa erilaisia digitaalisia ja teknologisia ratkaisuja, jotka edist\u00e4v\u00e4t palveluiden [&hellip;]<\/p>\n","protected":false},"author":9168,"featured_media":0,"parent":281,"menu_order":0,"comment_status":"closed","ping_status":"closed","template":"","meta":{"_et_pb_use_builder":"on","_et_pb_old_content":"","_et_gb_content_width":"","footnotes":""},"class_list":["post-1246","page","type-page","status-publish","hentry"],"yoast_head":"<!-- This site is optimized with the Yoast SEO plugin v27.1.1 - https:\/\/yoast.com\/product\/yoast-seo-wordpress\/ -->\n<title>Ik\u00e4\u00e4ntyv\u00e4n hyv\u00e4 digiarki -tilaisuus ik\u00e4ihmisille - Active Arctic<\/title>\n<meta name=\"robots\" content=\"index, follow, max-snippet:-1, max-image-preview:large, max-video-preview:-1\" \/>\n<link rel=\"canonical\" href=\"https:\/\/blogi.eoppimispalvelut.fi\/activearctic\/tapahtumat\/ikaantyvan-hyva-digiarki-tilaisuus-ikaihmisille\/\" \/>\n<meta property=\"og:locale\" content=\"fi_FI\" \/>\n<meta property=\"og:type\" content=\"article\" \/>\n<meta property=\"og:title\" content=\"Ik\u00e4\u00e4ntyv\u00e4n hyv\u00e4 digiarki -tilaisuus ik\u00e4ihmisille - Active Arctic\" \/>\n<meta property=\"og:description\" content=\"Ik\u00e4\u00e4ntyv\u00e4n hyv\u00e4 digiarki -tilaisuus ik\u00e4ihmisille &nbsp; Aika: 26.8.2022 klo 11\u201315:30 Paikka:\u00a0Majakka ry, 2. kerros Pohjoisrantakatu 14, 94100 Kemi Yhteiskunnan s\u00e4hk\u00f6istyess\u00e4 digitaitojen rooli korostuu muiden perustaitojen rinnalla. T\u00e4m\u00e4 vaatii uutta osaamista, jonka vuoksi on t\u00e4rke\u00e4\u00e4 huolehtia kaikkien ik\u00e4ryhmien digitaalisista valmiuksista. Esimerkiksi kotona asumisen tueksi arkea helpottamaan on olemassa erilaisia digitaalisia ja teknologisia ratkaisuja, jotka edist\u00e4v\u00e4t palveluiden [&hellip;]\" \/>\n<meta property=\"og:url\" content=\"https:\/\/blogi.eoppimispalvelut.fi\/activearctic\/tapahtumat\/ikaantyvan-hyva-digiarki-tilaisuus-ikaihmisille\/\" \/>\n<meta property=\"og:site_name\" content=\"Active Arctic\" \/>\n<meta property=\"article:modified_time\" content=\"2022-08-24T07:52:24+00:00\" \/>\n<meta name=\"twitter:card\" content=\"summary_large_image\" \/>\n<meta name=\"twitter:label1\" content=\"Est. reading time\" \/>\n\t<meta name=\"twitter:data1\" content=\"4 minutes\" \/>\n<script type=\"application\/ld+json\" class=\"yoast-schema-graph\">{\"@context\":\"https:\/\/schema.org\",\"@graph\":[{\"@type\":\"WebPage\",\"@id\":\"https:\/\/blogi.eoppimispalvelut.fi\/activearctic\/tapahtumat\/ikaantyvan-hyva-digiarki-tilaisuus-ikaihmisille\/\",\"url\":\"https:\/\/blogi.eoppimispalvelut.fi\/activearctic\/tapahtumat\/ikaantyvan-hyva-digiarki-tilaisuus-ikaihmisille\/\",\"name\":\"Ik\u00e4\u00e4ntyv\u00e4n hyv\u00e4 digiarki -tilaisuus ik\u00e4ihmisille - Active Arctic\",\"isPartOf\":{\"@id\":\"https:\/\/blogi.eoppimispalvelut.fi\/activearctic\/#website\"},\"datePublished\":\"2022-08-08T11:51:42+00:00\",\"dateModified\":\"2022-08-24T07:52:24+00:00\",\"breadcrumb\":{\"@id\":\"https:\/\/blogi.eoppimispalvelut.fi\/activearctic\/tapahtumat\/ikaantyvan-hyva-digiarki-tilaisuus-ikaihmisille\/#breadcrumb\"},\"inLanguage\":\"fi\",\"potentialAction\":[{\"@type\":\"ReadAction\",\"target\":[\"https:\/\/blogi.eoppimispalvelut.fi\/activearctic\/tapahtumat\/ikaantyvan-hyva-digiarki-tilaisuus-ikaihmisille\/\"]}]},{\"@type\":\"BreadcrumbList\",\"@id\":\"https:\/\/blogi.eoppimispalvelut.fi\/activearctic\/tapahtumat\/ikaantyvan-hyva-digiarki-tilaisuus-ikaihmisille\/#breadcrumb\",\"itemListElement\":[{\"@type\":\"ListItem\",\"position\":1,\"name\":\"Home\",\"item\":\"https:\/\/blogi.eoppimispalvelut.fi\/activearctic\/\"},{\"@type\":\"ListItem\",\"position\":2,\"name\":\"Tapahtumat\",\"item\":\"https:\/\/blogi.eoppimispalvelut.fi\/activearctic\/tapahtumat\/\"},{\"@type\":\"ListItem\",\"position\":3,\"name\":\"Ik\u00e4\u00e4ntyv\u00e4n hyv\u00e4 digiarki -tilaisuus ik\u00e4ihmisille\"}]},{\"@type\":\"WebSite\",\"@id\":\"https:\/\/blogi.eoppimispalvelut.fi\/activearctic\/#website\",\"url\":\"https:\/\/blogi.eoppimispalvelut.fi\/activearctic\/\",\"name\":\"Active Arctic\",\"description\":\"Digitaaliset ymp\u00e4rist\u00f6t ja ratkaisut harvaan asuttujen alueiden hyvinvoinnin ja yritysten tukena \",\"potentialAction\":[{\"@type\":\"SearchAction\",\"target\":{\"@type\":\"EntryPoint\",\"urlTemplate\":\"https:\/\/blogi.eoppimispalvelut.fi\/activearctic\/?s={search_term_string}\"},\"query-input\":{\"@type\":\"PropertyValueSpecification\",\"valueRequired\":true,\"valueName\":\"search_term_string\"}}],\"inLanguage\":\"fi\"}]}<\/script>\n<!-- \/ Yoast SEO plugin. -->","yoast_head_json":{"title":"Ik\u00e4\u00e4ntyv\u00e4n hyv\u00e4 digiarki -tilaisuus ik\u00e4ihmisille - Active Arctic","robots":{"index":"index","follow":"follow","max-snippet":"max-snippet:-1","max-image-preview":"max-image-preview:large","max-video-preview":"max-video-preview:-1"},"canonical":"https:\/\/blogi.eoppimispalvelut.fi\/activearctic\/tapahtumat\/ikaantyvan-hyva-digiarki-tilaisuus-ikaihmisille\/","og_locale":"fi_FI","og_type":"article","og_title":"Ik\u00e4\u00e4ntyv\u00e4n hyv\u00e4 digiarki -tilaisuus ik\u00e4ihmisille - Active Arctic","og_description":"Ik\u00e4\u00e4ntyv\u00e4n hyv\u00e4 digiarki -tilaisuus ik\u00e4ihmisille &nbsp; Aika: 26.8.2022 klo 11\u201315:30 Paikka:\u00a0Majakka ry, 2. kerros Pohjoisrantakatu 14, 94100 Kemi Yhteiskunnan s\u00e4hk\u00f6istyess\u00e4 digitaitojen rooli korostuu muiden perustaitojen rinnalla. T\u00e4m\u00e4 vaatii uutta osaamista, jonka vuoksi on t\u00e4rke\u00e4\u00e4 huolehtia kaikkien ik\u00e4ryhmien digitaalisista valmiuksista. Esimerkiksi kotona asumisen tueksi arkea helpottamaan on olemassa erilaisia digitaalisia ja teknologisia ratkaisuja, jotka edist\u00e4v\u00e4t palveluiden [&hellip;]","og_url":"https:\/\/blogi.eoppimispalvelut.fi\/activearctic\/tapahtumat\/ikaantyvan-hyva-digiarki-tilaisuus-ikaihmisille\/","og_site_name":"Active Arctic","article_modified_time":"2022-08-24T07:52:24+00:00","twitter_card":"summary_large_image","twitter_misc":{"Est. reading time":"4 minutes"},"schema":{"@context":"https:\/\/schema.org","@graph":[{"@type":"WebPage","@id":"https:\/\/blogi.eoppimispalvelut.fi\/activearctic\/tapahtumat\/ikaantyvan-hyva-digiarki-tilaisuus-ikaihmisille\/","url":"https:\/\/blogi.eoppimispalvelut.fi\/activearctic\/tapahtumat\/ikaantyvan-hyva-digiarki-tilaisuus-ikaihmisille\/","name":"Ik\u00e4\u00e4ntyv\u00e4n hyv\u00e4 digiarki -tilaisuus ik\u00e4ihmisille - Active Arctic","isPartOf":{"@id":"https:\/\/blogi.eoppimispalvelut.fi\/activearctic\/#website"},"datePublished":"2022-08-08T11:51:42+00:00","dateModified":"2022-08-24T07:52:24+00:00","breadcrumb":{"@id":"https:\/\/blogi.eoppimispalvelut.fi\/activearctic\/tapahtumat\/ikaantyvan-hyva-digiarki-tilaisuus-ikaihmisille\/#breadcrumb"},"inLanguage":"fi","potentialAction":[{"@type":"ReadAction","target":["https:\/\/blogi.eoppimispalvelut.fi\/activearctic\/tapahtumat\/ikaantyvan-hyva-digiarki-tilaisuus-ikaihmisille\/"]}]},{"@type":"BreadcrumbList","@id":"https:\/\/blogi.eoppimispalvelut.fi\/activearctic\/tapahtumat\/ikaantyvan-hyva-digiarki-tilaisuus-ikaihmisille\/#breadcrumb","itemListElement":[{"@type":"ListItem","position":1,"name":"Home","item":"https:\/\/blogi.eoppimispalvelut.fi\/activearctic\/"},{"@type":"ListItem","position":2,"name":"Tapahtumat","item":"https:\/\/blogi.eoppimispalvelut.fi\/activearctic\/tapahtumat\/"},{"@type":"ListItem","position":3,"name":"Ik\u00e4\u00e4ntyv\u00e4n hyv\u00e4 digiarki -tilaisuus ik\u00e4ihmisille"}]},{"@type":"WebSite","@id":"https:\/\/blogi.eoppimispalvelut.fi\/activearctic\/#website","url":"https:\/\/blogi.eoppimispalvelut.fi\/activearctic\/","name":"Active Arctic","description":"Digitaaliset ymp\u00e4rist\u00f6t ja ratkaisut harvaan asuttujen alueiden hyvinvoinnin ja yritysten tukena ","potentialAction":[{"@type":"SearchAction","target":{"@type":"EntryPoint","urlTemplate":"https:\/\/blogi.eoppimispalvelut.fi\/activearctic\/?s={search_term_string}"},"query-input":{"@type":"PropertyValueSpecification","valueRequired":true,"valueName":"search_term_string"}}],"inLanguage":"fi"}]}},"_links":{"self":[{"href":"https:\/\/blogi.eoppimispalvelut.fi\/activearctic\/wp-json\/wp\/v2\/pages\/1246","targetHints":{"allow":["GET"]}}],"collection":[{"href":"https:\/\/blogi.eoppimispalvelut.fi\/activearctic\/wp-json\/wp\/v2\/pages"}],"about":[{"href":"https:\/\/blogi.eoppimispalvelut.fi\/activearctic\/wp-json\/wp\/v2\/types\/page"}],"author":[{"embeddable":true,"href":"https:\/\/blogi.eoppimispalvelut.fi\/activearctic\/wp-json\/wp\/v2\/users\/9168"}],"replies":[{"embeddable":true,"href":"https:\/\/blogi.eoppimispalvelut.fi\/activearctic\/wp-json\/wp\/v2\/comments?post=1246"}],"version-history":[{"count":11,"href":"https:\/\/blogi.eoppimispalvelut.fi\/activearctic\/wp-json\/wp\/v2\/pages\/1246\/revisions"}],"predecessor-version":[{"id":1384,"href":"https:\/\/blogi.eoppimispalvelut.fi\/activearctic\/wp-json\/wp\/v2\/pages\/1246\/revisions\/1384"}],"up":[{"embeddable":true,"href":"https:\/\/blogi.eoppimispalvelut.fi\/activearctic\/wp-json\/wp\/v2\/pages\/281"}],"wp:attachment":[{"href":"https:\/\/blogi.eoppimispalvelut.fi\/activearctic\/wp-json\/wp\/v2\/media?parent=1246"}],"curies":[{"name":"wp","href":"https:\/\/api.w.org\/{rel}","templated":true}]}}