{"id":1359,"date":"2022-08-23T16:17:18","date_gmt":"2022-08-23T13:17:18","guid":{"rendered":"https:\/\/blogi.eoppimispalvelut.fi\/activearctic\/?page_id=1359"},"modified":"2022-09-29T14:03:34","modified_gmt":"2022-09-29T11:03:34","slug":"rohkihyva2022","status":"publish","type":"page","link":"https:\/\/blogi.eoppimispalvelut.fi\/activearctic\/rohkihyva2022\/","title":{"rendered":""},"content":{"rendered":"<p>[et_pb_section fb_built=&#8221;1&#8243; fullwidth=&#8221;on&#8221; _builder_version=&#8221;4.16&#8243; _module_preset=&#8221;default&#8221; global_colors_info=&#8221;{}&#8221;][et_pb_fullwidth_image src=&#8221;https:\/\/blogi.eoppimispalvelut.fi\/activearctic\/files\/2022\/09\/MicrosoftTeams-image-1-scaled.jpg&#8221; title_text=&#8221;MicrosoftTeams-image (1)&#8221; _builder_version=&#8221;4.18.0&#8243; _module_preset=&#8221;default&#8221; custom_padding=&#8221;|0px||||&#8221; hover_enabled=&#8221;0&#8243; global_colors_info=&#8221;{}&#8221; sticky_enabled=&#8221;0&#8243;][\/et_pb_fullwidth_image][\/et_pb_section][et_pb_section fb_built=&#8221;1&#8243; _builder_version=&#8221;4.18.0&#8243; _module_preset=&#8221;default&#8221; background_enable_image=&#8221;off&#8221; custom_padding=&#8221;|4px|1px|||&#8221; global_colors_info=&#8221;{}&#8221;][et_pb_row _builder_version=&#8221;4.18.0&#8243; _module_preset=&#8221;default&#8221; global_colors_info=&#8221;{}&#8221;][et_pb_column type=&#8221;4_4&#8243; _builder_version=&#8221;4.16&#8243; _module_preset=&#8221;default&#8221; global_colors_info=&#8221;{}&#8221;][et_pb_text _builder_version=&#8221;4.18.0&#8243; _module_preset=&#8221;default&#8221; header_font=&#8221;Georgia||||||||&#8221; header_font_size=&#8221;35px&#8221; header_2_font_size=&#8221;25px&#8221; custom_padding=&#8221;||0px|||&#8221; global_colors_info=&#8221;{}&#8221;]<\/p>\n<h2><strong>RohkiHyv\u00e4<span> 2022 \u2013 Tehd\u00e4\u00e4n pohjoisesta tulevaisuuden kest\u00e4v\u00e4<\/span><\/strong><\/h2>\n<p><strong><span><\/span><\/strong><\/p>\n<p><span><b>Aika:<\/b>\u00a011.10. klo 11\u201315:30\u00a0<\/span><\/p>\n<p><span><b>Paikka:<\/b> Lapin AMKin showroom, Jokiv\u00e4yl\u00e4 11, 96300 Rovaniemi<\/span><span><\/span><\/p>\n<p><strong>Kohderyhm\u00e4: <\/strong>Yritys- ja elinkeinoel\u00e4m\u00e4n edustajat, mikro- ja pk-yritt\u00e4j\u00e4t ja muut asiasta kiinnostuneet<span><\/span><\/p>\n<p><span><\/span><\/p>\n<p>[\/et_pb_text][\/et_pb_column][\/et_pb_row][\/et_pb_section][et_pb_section fb_built=&#8221;1&#8243; _builder_version=&#8221;4.17.4&#8243; _module_preset=&#8221;default&#8221; background_enable_image=&#8221;off&#8221; custom_margin=&#8221;-31px|||||&#8221; custom_padding=&#8221;5px|||||&#8221; global_colors_info=&#8221;{}&#8221;][et_pb_row _builder_version=&#8221;4.16&#8243; _module_preset=&#8221;default&#8221; custom_padding=&#8221;0px|||||&#8221; global_colors_info=&#8221;{}&#8221;][et_pb_column type=&#8221;4_4&#8243; _builder_version=&#8221;4.16&#8243; _module_preset=&#8221;default&#8221; global_colors_info=&#8221;{}&#8221;][et_pb_text _builder_version=&#8221;4.16&#8243; _module_preset=&#8221;default&#8221; min_height=&#8221;819.4px&#8221; global_colors_info=&#8221;{}&#8221;]<\/p>\n<p><span>Lappi on alue, jossa aidot ihmiset, puhdas luonto ja tulevaisuuden teknologiat kohtaavat. Yhdess\u00e4 n\u00e4m\u00e4 mahdollistavat pohjoisesta tulevaisuuden kest\u00e4v\u00e4n. Toimintaymp\u00e4rist\u00f6n muutokset edellytt\u00e4v\u00e4t entist\u00e4 vahvempaa yhteisty\u00f6t\u00e4. Yhteisty\u00f6 eri toimijoiden kesken muodostaa ekosysteemin. <\/span><span><strong>Mik\u00e4 on sinun roolisi ekosysteemiss\u00e4? \u202f<\/strong><\/span><\/p>\n<p><span>Digitaalisuus, uudet teknologiat ja tiedon hy\u00f6dynt\u00e4minen mahdollistavat liiketoiminnan uudistumisen. Tule kuulemaan Arctic Warriorsin menestystarina, asiantuntijapuheenvuoroja, verkostoitumaan ja tutustumaan erilaisiin digitaalisiin palveluihin.<\/span><\/p>\n<p><span><em>Tapahtuma on maksuton ja sis\u00e4lt\u00e4\u00e4 kahvin ja lounaan. Varaa kuitenkin paikkasi ajoissa, sill\u00e4 paikan p\u00e4\u00e4lle mahtuu 100 ensimm\u00e4ist\u00e4 ilmoittautunutta. <\/em><\/span><\/p>\n<p><em style=\"font-size: 15px\"><i data-ogsb=\"\">Tunturi-Lapista (Muonio-Levi-Kittil\u00e4) mahdollisuus saapua tapahtumaan yhteiskuljetuksella.\u00a0<\/i><\/em><\/p>\n<p><strong><\/strong><\/p>\n<p><strong>Ohjelma:<\/strong><\/p>\n<p><b><span>11\u201312 Lounas<\/span><\/b><\/p>\n<p><span>12:00-12:20 Katja Misikangas, Arctic Warriors &#8211; Digitaaliset ratkaisut menestykseen<\/span><\/p>\n<p><span>12:20\u201312:40 Pirjo Kutinlahti, Rovaniemen kaupunki &#8211; Ekosysteemit innovoinnin ja elinkeinoel\u00e4m\u00e4n uudistamisen tukena<\/span><\/p>\n<p><span>12:40\u201313:00 Minna Miettunen, Nuotio Digital Oy \u2013 Digitaalinen liiketoiminta<\/span><\/p>\n<p><b><span>13:00-13:15 Tauko<\/span><\/b><\/p>\n<p><span>13:15\u201313:35 Pertti Rauhala, Frostbit Software Lab \u2013 Virtuaaliset mahdollisuudet liiketoiminnan kehitt\u00e4misess\u00e4<\/span><\/p>\n<p><span>13:35-14:00 Hanna Lakkala, Tulevaisuuden tutkimuskeskus &#8211; Tiedolla johtaminen ennakoinnin n\u00e4k\u00f6kulmasta<\/span><\/p>\n<p><b><span>14:00-15.30 Kahvi ja verkostoituminen + laitteiden testausta aulassa<\/span><\/b><\/p>\n<p>&nbsp;<\/p>\n<p><strong>Ilmoittaudu:<\/strong> <a href=\"https:\/\/link.webropolsurveys.com\/EP\/9CBFCA0460FE9BCC\">https:\/\/link.webropolsurveys.com\/EP\/9CBFCA0460FE9BCC<\/a>\u00a0<\/p>\n<p><strong style=\"font-size: 15px\">Tapahtuman j\u00e4rjest\u00e4\u00e4:<\/strong><span style=\"font-size: 15px\"><a href=\"https:\/\/blogi.eoppimispalvelut.fi\/activearctic\/\"> Active Arctic<\/a> ja <a href=\"https:\/\/www.muonio.fi\/elinkeinot\/kehittaminen-ja-hankkeet\/pk-yritysten-digipalveluekosysteemista-ja-tiedolla-johtamisesta-vipuvoimaa-koronasta-selviytymiseen.html\">Pk-yritysten digipalveluekosysteemist\u00e4 ja tiedolla johtamisesta vipuvoimaa koronasta selviytymiseen -hankkeet<\/a><\/span><\/p>\n<p><strong>Lis\u00e4tietoja:<\/strong><span>\u00a0Tuuli Tikkanen, tuuli.tikkanen@lapinamk.fi, +358(0)406157961<\/span><\/p>\n<p>[\/et_pb_text][et_pb_text _builder_version=&#8221;4.18.0&#8243; _module_preset=&#8221;default&#8221; global_colors_info=&#8221;{}&#8221;]<\/p>\n<p><strong>Saapumisohjeet: <\/strong>Kun saavut Jokiv\u00e4yl\u00e4n puoleiselle parkkipaikalle, Lapin REDUn koulutuskeskuksen viereen, mene lasiputkesta sis\u00e4\u00e4n ja k\u00e4\u00e4nny vasemmalle. Showroom on tila, joka tulee ennen Cafe Lumenia. &#8220;Lasiputki&#8221; on t\u00e4ss\u00e4 Showroomin yl\u00e4puolella.\u00a0<\/p>\n<p><strong>Google Maps<\/strong>: <a href=\"https:\/\/goo.gl\/maps\/ki3uGkA7tYohXCQt9\">https:\/\/goo.gl\/maps\/ki3uGkA7tYohXCQt9<\/a>\u00a0<\/p>\n<p>&nbsp;<\/p>\n<p>[\/et_pb_text][et_pb_image src=&#8221;https:\/\/blogi.eoppimispalvelut.fi\/activearctic\/files\/2022\/09\/Ajo-ohjeet.png&#8221; title_text=&#8221;Ajo-ohjeet&#8221; _builder_version=&#8221;4.18.0&#8243; _module_preset=&#8221;default&#8221; global_colors_info=&#8221;{}&#8221;][\/et_pb_image][\/et_pb_column][\/et_pb_row][et_pb_row _builder_version=&#8221;4.18.0&#8243; _module_preset=&#8221;default&#8221; global_colors_info=&#8221;{}&#8221;][et_pb_column type=&#8221;4_4&#8243; _builder_version=&#8221;4.18.0&#8243; _module_preset=&#8221;default&#8221; global_colors_info=&#8221;{}&#8221;][et_pb_text _builder_version=&#8221;4.18.0&#8243; _module_preset=&#8221;default&#8221; text_font=&#8221;|800|||||||&#8221; global_colors_info=&#8221;{}&#8221;]<\/p>\n<h1><strong>Puhujat:<\/strong><\/h1>\n<p>[\/et_pb_text][\/et_pb_column][\/et_pb_row][et_pb_row column_structure=&#8221;2_5,3_5&#8243; _builder_version=&#8221;4.18.0&#8243; _module_preset=&#8221;default&#8221; global_colors_info=&#8221;{}&#8221;][et_pb_column type=&#8221;2_5&#8243; _builder_version=&#8221;4.18.0&#8243; _module_preset=&#8221;default&#8221; global_colors_info=&#8221;{}&#8221;][et_pb_gallery gallery_ids=&#8221;1416&#8243; show_title_and_caption=&#8221;off&#8221; _builder_version=&#8221;4.18.0&#8243; _module_preset=&#8221;default&#8221; text_orientation=&#8221;center&#8221; global_colors_info=&#8221;{}&#8221;][\/et_pb_gallery][\/et_pb_column][et_pb_column type=&#8221;3_5&#8243; _builder_version=&#8221;4.18.0&#8243; _module_preset=&#8221;default&#8221; global_colors_info=&#8221;{}&#8221;][et_pb_text _builder_version=&#8221;4.18.0&#8243; _module_preset=&#8221;default&#8221; width=&#8221;100%&#8221; module_alignment=&#8221;right&#8221; inline_fonts=&#8221;Times New Roman&#8221; global_colors_info=&#8221;{}&#8221;]<\/p>\n<h3 class=\"xmsonormal\"><span style=\"font-family: inherit;font-weight: normal;color: #000000\"><strong>Pertti Rauhala<\/strong><\/span><\/h3>\n<p><span style=\"font-family: inherit;font-weight: normal;color: #000000\"><strong><\/strong><\/span><\/p>\n<p class=\"xmsonormal\">Pertti Rauhala Toimii Frostbit \u2013 ohjelmistolaboratorion vet\u00e4j\u00e4n\u00e4 ja on ty\u00f6skennellyt VR sek\u00e4 peliteknologioiden parissa vuodesta 2002. Peruskoulutukseltaan h\u00e4n on Ohjelmistotekniikan insin\u00f6\u00f6ri. H\u00e4nell\u00e4 on my\u00f6s mets\u00e4talousinsin\u00f6\u00f6rin ja tekniikan ylempi AMK tutkinto. \u00a0<\/p>\n<p class=\"xmsonormal\">\u00a0<\/p>\n<p>[\/et_pb_text][\/et_pb_column][\/et_pb_row][et_pb_row column_structure=&#8221;2_5,3_5&#8243; _builder_version=&#8221;4.18.0&#8243; _module_preset=&#8221;default&#8221; global_colors_info=&#8221;{}&#8221;][et_pb_column type=&#8221;2_5&#8243; _builder_version=&#8221;4.18.0&#8243; _module_preset=&#8221;default&#8221; global_colors_info=&#8221;{}&#8221;][et_pb_gallery gallery_ids=&#8221;1418&#8243; show_title_and_caption=&#8221;off&#8221; _builder_version=&#8221;4.18.0&#8243; _module_preset=&#8221;default&#8221; global_colors_info=&#8221;{}&#8221;][\/et_pb_gallery][\/et_pb_column][et_pb_column type=&#8221;3_5&#8243; _builder_version=&#8221;4.18.0&#8243; _module_preset=&#8221;default&#8221; global_colors_info=&#8221;{}&#8221;][et_pb_text _builder_version=&#8221;4.18.0&#8243; _module_preset=&#8221;default&#8221; global_colors_info=&#8221;{}&#8221;]<\/p>\n<h3><strong>Hanna Lakkala<\/strong><\/h3>\n<p><strong><\/strong><\/p>\n<p>Hanna Lakkala ty\u00f6skentelee asiantuntijana ja projektip\u00e4\u00e4llikk\u00f6n\u00e4 Tulevaisuuden tutkimuskeskuksella. H\u00e4nell\u00e4 on kokemusta niin kansainv\u00e4lisest\u00e4 kuin Lapin alueen kehitt\u00e4misty\u00f6st\u00e4, jossa ennakoinnin ja tulevaisuudentutkimuksen menetelmi\u00e4 on hy\u00f6dynnetty eri tavoin. Hanna on my\u00f6s pohjoisen paluumuuttaja, ja viimeiset 2,5 vuotta ty\u00f6piste onkin ollut maalla Ylitorniolla. \u00a0<\/p>\n<p>&nbsp;<\/p>\n<p><strong><\/strong><\/p>\n<p>[\/et_pb_text][\/et_pb_column][\/et_pb_row][et_pb_row column_structure=&#8221;2_5,3_5&#8243; _builder_version=&#8221;4.18.0&#8243; _module_preset=&#8221;default&#8221; global_colors_info=&#8221;{}&#8221;][et_pb_column type=&#8221;2_5&#8243; _builder_version=&#8221;4.18.0&#8243; _module_preset=&#8221;default&#8221; global_colors_info=&#8221;{}&#8221;][et_pb_gallery gallery_ids=&#8221;1422&#8243; show_title_and_caption=&#8221;off&#8221; _builder_version=&#8221;4.18.0&#8243; _module_preset=&#8221;default&#8221; global_colors_info=&#8221;{}&#8221;][\/et_pb_gallery][\/et_pb_column][et_pb_column type=&#8221;3_5&#8243; _builder_version=&#8221;4.18.0&#8243; _module_preset=&#8221;default&#8221; global_colors_info=&#8221;{}&#8221;][et_pb_text _builder_version=&#8221;4.18.0&#8243; _module_preset=&#8221;default&#8221; global_colors_info=&#8221;{}&#8221;]<\/p>\n<h3><strong>Pirjo Kutinlahti<\/strong><\/h3>\n<p><strong><\/strong><\/p>\n<p>Pirjo koordinoi t\u00e4ll\u00e4 hetkell\u00e4 Rovaniemen ekosysteemisopimusta, jonka painopistealueita ovat arktinen matkailu sek\u00e4 tulevaisuuden hyvinvointipalvelut ja et\u00e4isyyksien hallinta. Ekosysteemisopimuksen tavoitteena on vahvistaa alueen osaamisvahvuuksia, verkottaa tutkijoita, yrityksi\u00e4 sek\u00e4 kaupungin toimihenkil\u00f6it\u00e4 ja muita sidosryhmi\u00e4 yhteishankkeisiin.<\/p>\n<p>Ennen siirtymist\u00e4 Rovaniemen kaupungin palvelukseen, Pirjo ty\u00f6skenteli ty\u00f6- ja elinkeinoministeri\u00f6ss\u00e4 vastuualueena kansallinen tutkimus- ja innovaatiopolitiikka, ekosysteemipolitiikka sek\u00e4 korkeakoulujen ja yritysten v\u00e4linen yhteisty\u00f6 ja tutkimuksen hy\u00f6dynt\u00e4minen. Pirjolla on my\u00f6s tutkijatausta, jossa h\u00e4nen tutkimuskohteita ovat olleet teknologia- ja innovaatio-ohjelmien vaikuttavuus, tutkimustulosten hy\u00f6dynt\u00e4minen sek\u00e4 tutkimusl\u00e4ht\u00f6inen yritt\u00e4jyys.\u00a0\u00a0<\/p>\n<p>[\/et_pb_text][\/et_pb_column][\/et_pb_row][et_pb_row column_structure=&#8221;2_5,3_5&#8243; _builder_version=&#8221;4.18.0&#8243; _module_preset=&#8221;default&#8221; global_colors_info=&#8221;{}&#8221;][et_pb_column type=&#8221;2_5&#8243; _builder_version=&#8221;4.18.0&#8243; _module_preset=&#8221;default&#8221; global_colors_info=&#8221;{}&#8221;][et_pb_gallery gallery_ids=&#8221;1449&#8243; show_title_and_caption=&#8221;off&#8221; _builder_version=&#8221;4.18.0&#8243; _module_preset=&#8221;default&#8221; global_colors_info=&#8221;{}&#8221;][\/et_pb_gallery][\/et_pb_column][et_pb_column type=&#8221;3_5&#8243; _builder_version=&#8221;4.18.0&#8243; _module_preset=&#8221;default&#8221; global_colors_info=&#8221;{}&#8221;][et_pb_text _builder_version=&#8221;4.18.0&#8243; _module_preset=&#8221;default&#8221; global_colors_info=&#8221;{}&#8221;]<\/p>\n<h3><strong>Katja Misikangas<\/strong><\/h3>\n<p><strong><\/strong><\/p>\n<p>Katja Misikangas on selke\u00e4, r\u00e4v\u00e4kk\u00e4 ja motivoiva puhuja. Katjan esityksiss\u00e4 yhdistyv\u00e4t tiukka tieto ja kiehtovat tarinat. Katja on Lapin yrttej\u00e4 hy\u00f6dynt\u00e4v\u00e4n Arctic Warriors Oy:n perustaja, toimitusjohtaja ja yrttiguru sek\u00e4 Suomen luontoyritt\u00e4jien verkoston puheenjohtaja. H\u00e4n on yrityksen \u00e4itihahmo ja ammentaa tietotaitoaan kansanparantaja-sukunsa taustoista, sek\u00e4 pitk\u00e4lti yli kymmenen vuoden luonnontuotealan yritt\u00e4j\u00e4taipaleeltaan.<\/p>\n<p>[\/et_pb_text][\/et_pb_column][\/et_pb_row][et_pb_row column_structure=&#8221;2_5,3_5&#8243; _builder_version=&#8221;4.18.0&#8243; _module_preset=&#8221;default&#8221; global_colors_info=&#8221;{}&#8221;][et_pb_column type=&#8221;2_5&#8243; _builder_version=&#8221;4.18.0&#8243; _module_preset=&#8221;default&#8221; global_colors_info=&#8221;{}&#8221;][et_pb_gallery gallery_ids=&#8221;1486&#8243; show_title_and_caption=&#8221;off&#8221; _builder_version=&#8221;4.18.0&#8243; _module_preset=&#8221;default&#8221; global_colors_info=&#8221;{}&#8221;][\/et_pb_gallery][\/et_pb_column][et_pb_column type=&#8221;3_5&#8243; _builder_version=&#8221;4.18.0&#8243; _module_preset=&#8221;default&#8221; global_colors_info=&#8221;{}&#8221;][et_pb_text _builder_version=&#8221;4.18.0&#8243; _module_preset=&#8221;default&#8221; global_colors_info=&#8221;{}&#8221;]<\/p>\n<h3><strong>Minna Miettunen<\/strong><\/h3>\n<p><strong><\/strong><\/p>\n<p>Minna Miettunen on vuodesta 2016 ollut merilappilaisen Nuotio Digitalin toinen yritt\u00e4j\u00e4. Myynnin ja vastuullisen liiketoiminnan asiantuntijana Minna on ollut kehitt\u00e4m\u00e4ss\u00e4 eri toimialoja edustavien yritysten ja julkisten toimijoiden digitaalista liiketoimintaa. Myynnin kehitt\u00e4minen ja asiakkaiden tukeminen uusien digitaalisten innovaatioiden parissa on ollut erityisesti l\u00e4hell\u00e4 syd\u00e4nt\u00e4 ja nyt viime vuosina Minna on kouluttanut itse\u00e4\u00e4n vastuullisuuden ja p\u00e4\u00e4st\u00f6laskennan asiantuntijaksi.\u00a0Vapaa-ajalla h\u00e4nt\u00e4 pit\u00e4\u00e4 kiireisen\u00e4 kodinrakennusprojekti Kemiss\u00e4, sek\u00e4 uusioperhe kissoineen ja koirineen.<\/p>\n<p style=\"margin: 0cm;margin-bottom: .0001pt\"><span style=\"font-family: 'Arial',sans-serif\">\u00a0<\/span><\/p>\n<p><strong><\/strong><\/p>\n<p>[\/et_pb_text][\/et_pb_column][\/et_pb_row][\/et_pb_section][et_pb_section fb_built=&#8221;1&#8243; _builder_version=&#8221;4.17.4&#8243; _module_preset=&#8221;default&#8221; background_enable_image=&#8221;off&#8221; custom_padding=&#8221;5px||54px|||&#8221; global_colors_info=&#8221;{}&#8221;][et_pb_row column_structure=&#8221;1_6,1_6,1_6,1_6,1_6,1_6&#8243; _builder_version=&#8221;4.16&#8243; _module_preset=&#8221;default&#8221; min_height=&#8221;120.9px&#8221; custom_padding=&#8221;||27px|||&#8221; global_colors_info=&#8221;{}&#8221;][et_pb_column type=&#8221;1_6&#8243; _builder_version=&#8221;4.17.4&#8243; _module_preset=&#8221;default&#8221; global_colors_info=&#8221;{}&#8221;][et_pb_image src=&#8221;https:\/\/blogi.eoppimispalvelut.fi\/activearctic\/files\/2021\/09\/Vipuvoimaa_Eulta_2014-2020_ja_EAKR.png&#8221; alt=&#8221;Vipuvoimaa EU:lta 2014-2020 ja Euroopan unioni, Euroopan aluekehitysrahasto -tunnukset&#8221; title_text=&#8221;Vipuvoimaa EU:lta 2014-2020 ja Euroopan unioni, Euroopan aluekehitysrahasto -tunnukset&#8221; _builder_version=&#8221;4.17.4&#8243; _module_preset=&#8221;default&#8221; background_enable_image=&#8221;off&#8221; global_colors_info=&#8221;{}&#8221;][\/et_pb_image][\/et_pb_column][et_pb_column type=&#8221;1_6&#8243; _builder_version=&#8221;4.16&#8243; _module_preset=&#8221;default&#8221; global_colors_info=&#8221;{}&#8221;][et_pb_image src=&#8221;https:\/\/blogi.eoppimispalvelut.fi\/activearctic\/files\/2022\/08\/Muonio_logo-slogan-1.png&#8221; title_text=&#8221;Muonio_logo-slogan (1)&#8221; _builder_version=&#8221;4.17.4&#8243; _module_preset=&#8221;default&#8221; background_enable_image=&#8221;off&#8221; min_height=&#8221;36.1px&#8221; custom_margin=&#8221;||11px|||&#8221; custom_padding=&#8221;10px|||||&#8221; global_colors_info=&#8221;{}&#8221;][\/et_pb_image][\/et_pb_column][et_pb_column type=&#8221;1_6&#8243; _builder_version=&#8221;4.17.4&#8243; _module_preset=&#8221;default&#8221; global_colors_info=&#8221;{}&#8221;][et_pb_image src=&#8221;https:\/\/blogi.eoppimispalvelut.fi\/activearctic\/files\/2022\/02\/Lapin-liitto-tausta.jpg&#8221; alt=&#8221;Lapin liiton logo.&#8221; title_text=&#8221;Lapin liitto&#8221; _builder_version=&#8221;4.17.4&#8243; _module_preset=&#8221;default&#8221; global_colors_info=&#8221;{}&#8221;][\/et_pb_image][\/et_pb_column][et_pb_column type=&#8221;1_6&#8243; _builder_version=&#8221;4.16&#8243; _module_preset=&#8221;default&#8221; global_colors_info=&#8221;{}&#8221;][et_pb_image src=&#8221;https:\/\/blogi.eoppimispalvelut.fi\/activearctic\/files\/2022\/03\/Active_Arctic_tunnus.png&#8221; title_text=&#8221;Active_Arctic_tunnus&#8221; _builder_version=&#8221;4.17.4&#8243; _module_preset=&#8221;default&#8221; background_enable_image=&#8221;off&#8221; global_colors_info=&#8221;{}&#8221;][\/et_pb_image][\/et_pb_column][et_pb_column type=&#8221;1_6&#8243; _builder_version=&#8221;4.16&#8243; _module_preset=&#8221;default&#8221; global_colors_info=&#8221;{}&#8221;][et_pb_image src=&#8221;https:\/\/blogi.eoppimispalvelut.fi\/activearctic\/files\/2022\/02\/Ulapland_RGB_vaaka.png&#8221; title_text=&#8221;Lapin yliopisto&#8221; _builder_version=&#8221;4.17.4&#8243; _module_preset=&#8221;default&#8221; background_enable_image=&#8221;off&#8221; custom_margin=&#8221;11px||||false|false&#8221; global_colors_info=&#8221;{}&#8221;][\/et_pb_image][\/et_pb_column][et_pb_column type=&#8221;1_6&#8243; _builder_version=&#8221;4.16&#8243; _module_preset=&#8221;default&#8221; global_colors_info=&#8221;{}&#8221;][et_pb_image src=&#8221;https:\/\/blogi.eoppimispalvelut.fi\/activearctic\/files\/2022\/02\/Lapin-AMK-logo.jpg&#8221; alt=&#8221;Lapin ammattikorkeakoulun logo.&#8221; title_text=&#8221;Lapin ammattikorkeakoulu&#8221; _builder_version=&#8221;4.17.4&#8243; _module_preset=&#8221;default&#8221; global_colors_info=&#8221;{}&#8221;][\/et_pb_image][\/et_pb_column][\/et_pb_row][\/et_pb_section]<\/p>\n","protected":false},"excerpt":{"rendered":"<p>RohkiHyv\u00e4 2022 \u2013 Tehd\u00e4\u00e4n pohjoisesta tulevaisuuden kest\u00e4v\u00e4 Aika:\u00a011.10. klo 11\u201315:30\u00a0 Paikka: Lapin AMKin showroom, Jokiv\u00e4yl\u00e4 11, 96300 Rovaniemi Kohderyhm\u00e4: Yritys- ja elinkeinoel\u00e4m\u00e4n edustajat, mikro- ja pk-yritt\u00e4j\u00e4t ja muut asiasta kiinnostuneet Lappi on alue, jossa aidot ihmiset, puhdas luonto ja tulevaisuuden teknologiat kohtaavat. Yhdess\u00e4 n\u00e4m\u00e4 mahdollistavat pohjoisesta tulevaisuuden kest\u00e4v\u00e4n. Toimintaymp\u00e4rist\u00f6n muutokset edellytt\u00e4v\u00e4t entist\u00e4 vahvempaa yhteisty\u00f6t\u00e4. Yhteisty\u00f6 [&hellip;]<\/p>\n","protected":false},"author":10280,"featured_media":0,"parent":0,"menu_order":0,"comment_status":"closed","ping_status":"closed","template":"","meta":{"_et_pb_use_builder":"on","_et_pb_old_content":"","_et_gb_content_width":"","footnotes":""},"class_list":["post-1359","page","type-page","status-publish","hentry"],"yoast_head":"<!-- This site is optimized with the Yoast SEO plugin v27.4 - https:\/\/yoast.com\/product\/yoast-seo-wordpress\/ -->\n<title>- Active Arctic<\/title>\n<meta name=\"robots\" content=\"index, follow, max-snippet:-1, max-image-preview:large, max-video-preview:-1\" \/>\n<link rel=\"canonical\" href=\"https:\/\/blogi.eoppimispalvelut.fi\/activearctic\/rohkihyva2022\/\" \/>\n<meta property=\"og:locale\" content=\"fi_FI\" \/>\n<meta property=\"og:type\" content=\"article\" \/>\n<meta property=\"og:title\" content=\"- Active Arctic\" \/>\n<meta property=\"og:description\" content=\"RohkiHyv\u00e4 2022 \u2013 Tehd\u00e4\u00e4n pohjoisesta tulevaisuuden kest\u00e4v\u00e4 Aika:\u00a011.10. klo 11\u201315:30\u00a0 Paikka: Lapin AMKin showroom, Jokiv\u00e4yl\u00e4 11, 96300 Rovaniemi Kohderyhm\u00e4: Yritys- ja elinkeinoel\u00e4m\u00e4n edustajat, mikro- ja pk-yritt\u00e4j\u00e4t ja muut asiasta kiinnostuneet Lappi on alue, jossa aidot ihmiset, puhdas luonto ja tulevaisuuden teknologiat kohtaavat. Yhdess\u00e4 n\u00e4m\u00e4 mahdollistavat pohjoisesta tulevaisuuden kest\u00e4v\u00e4n. Toimintaymp\u00e4rist\u00f6n muutokset edellytt\u00e4v\u00e4t entist\u00e4 vahvempaa yhteisty\u00f6t\u00e4. Yhteisty\u00f6 [&hellip;]\" \/>\n<meta property=\"og:url\" content=\"https:\/\/blogi.eoppimispalvelut.fi\/activearctic\/rohkihyva2022\/\" \/>\n<meta property=\"og:site_name\" content=\"Active Arctic\" \/>\n<meta property=\"article:modified_time\" content=\"2022-09-29T11:03:34+00:00\" \/>\n<meta name=\"twitter:card\" content=\"summary_large_image\" \/>\n<meta name=\"twitter:label1\" content=\"Est. reading time\" \/>\n\t<meta name=\"twitter:data1\" content=\"8 minutes\" \/>\n<script type=\"application\/ld+json\" class=\"yoast-schema-graph\">{\"@context\":\"https:\\\/\\\/schema.org\",\"@graph\":[{\"@type\":\"WebPage\",\"@id\":\"https:\\\/\\\/blogi.eoppimispalvelut.fi\\\/activearctic\\\/rohkihyva2022\\\/\",\"url\":\"https:\\\/\\\/blogi.eoppimispalvelut.fi\\\/activearctic\\\/rohkihyva2022\\\/\",\"name\":\"- Active Arctic\",\"isPartOf\":{\"@id\":\"https:\\\/\\\/blogi.eoppimispalvelut.fi\\\/activearctic\\\/#website\"},\"datePublished\":\"2022-08-23T13:17:18+00:00\",\"dateModified\":\"2022-09-29T11:03:34+00:00\",\"inLanguage\":\"fi\",\"potentialAction\":[{\"@type\":\"ReadAction\",\"target\":[\"https:\\\/\\\/blogi.eoppimispalvelut.fi\\\/activearctic\\\/rohkihyva2022\\\/\"]}]},{\"@type\":\"WebSite\",\"@id\":\"https:\\\/\\\/blogi.eoppimispalvelut.fi\\\/activearctic\\\/#website\",\"url\":\"https:\\\/\\\/blogi.eoppimispalvelut.fi\\\/activearctic\\\/\",\"name\":\"Active Arctic\",\"description\":\"Digitaaliset ymp\u00e4rist\u00f6t ja ratkaisut harvaan asuttujen alueiden hyvinvoinnin ja yritysten tukena \",\"potentialAction\":[{\"@type\":\"SearchAction\",\"target\":{\"@type\":\"EntryPoint\",\"urlTemplate\":\"https:\\\/\\\/blogi.eoppimispalvelut.fi\\\/activearctic\\\/?s={search_term_string}\"},\"query-input\":{\"@type\":\"PropertyValueSpecification\",\"valueRequired\":true,\"valueName\":\"search_term_string\"}}],\"inLanguage\":\"fi\"}]}<\/script>\n<!-- \/ Yoast SEO plugin. -->","yoast_head_json":{"title":"- Active Arctic","robots":{"index":"index","follow":"follow","max-snippet":"max-snippet:-1","max-image-preview":"max-image-preview:large","max-video-preview":"max-video-preview:-1"},"canonical":"https:\/\/blogi.eoppimispalvelut.fi\/activearctic\/rohkihyva2022\/","og_locale":"fi_FI","og_type":"article","og_title":"- Active Arctic","og_description":"RohkiHyv\u00e4 2022 \u2013 Tehd\u00e4\u00e4n pohjoisesta tulevaisuuden kest\u00e4v\u00e4 Aika:\u00a011.10. klo 11\u201315:30\u00a0 Paikka: Lapin AMKin showroom, Jokiv\u00e4yl\u00e4 11, 96300 Rovaniemi Kohderyhm\u00e4: Yritys- ja elinkeinoel\u00e4m\u00e4n edustajat, mikro- ja pk-yritt\u00e4j\u00e4t ja muut asiasta kiinnostuneet Lappi on alue, jossa aidot ihmiset, puhdas luonto ja tulevaisuuden teknologiat kohtaavat. Yhdess\u00e4 n\u00e4m\u00e4 mahdollistavat pohjoisesta tulevaisuuden kest\u00e4v\u00e4n. Toimintaymp\u00e4rist\u00f6n muutokset edellytt\u00e4v\u00e4t entist\u00e4 vahvempaa yhteisty\u00f6t\u00e4. Yhteisty\u00f6 [&hellip;]","og_url":"https:\/\/blogi.eoppimispalvelut.fi\/activearctic\/rohkihyva2022\/","og_site_name":"Active Arctic","article_modified_time":"2022-09-29T11:03:34+00:00","twitter_card":"summary_large_image","twitter_misc":{"Est. reading time":"8 minutes"},"schema":{"@context":"https:\/\/schema.org","@graph":[{"@type":"WebPage","@id":"https:\/\/blogi.eoppimispalvelut.fi\/activearctic\/rohkihyva2022\/","url":"https:\/\/blogi.eoppimispalvelut.fi\/activearctic\/rohkihyva2022\/","name":"- Active Arctic","isPartOf":{"@id":"https:\/\/blogi.eoppimispalvelut.fi\/activearctic\/#website"},"datePublished":"2022-08-23T13:17:18+00:00","dateModified":"2022-09-29T11:03:34+00:00","inLanguage":"fi","potentialAction":[{"@type":"ReadAction","target":["https:\/\/blogi.eoppimispalvelut.fi\/activearctic\/rohkihyva2022\/"]}]},{"@type":"WebSite","@id":"https:\/\/blogi.eoppimispalvelut.fi\/activearctic\/#website","url":"https:\/\/blogi.eoppimispalvelut.fi\/activearctic\/","name":"Active Arctic","description":"Digitaaliset ymp\u00e4rist\u00f6t ja ratkaisut harvaan asuttujen alueiden hyvinvoinnin ja yritysten tukena ","potentialAction":[{"@type":"SearchAction","target":{"@type":"EntryPoint","urlTemplate":"https:\/\/blogi.eoppimispalvelut.fi\/activearctic\/?s={search_term_string}"},"query-input":{"@type":"PropertyValueSpecification","valueRequired":true,"valueName":"search_term_string"}}],"inLanguage":"fi"}]}},"_links":{"self":[{"href":"https:\/\/blogi.eoppimispalvelut.fi\/activearctic\/wp-json\/wp\/v2\/pages\/1359","targetHints":{"allow":["GET"]}}],"collection":[{"href":"https:\/\/blogi.eoppimispalvelut.fi\/activearctic\/wp-json\/wp\/v2\/pages"}],"about":[{"href":"https:\/\/blogi.eoppimispalvelut.fi\/activearctic\/wp-json\/wp\/v2\/types\/page"}],"author":[{"embeddable":true,"href":"https:\/\/blogi.eoppimispalvelut.fi\/activearctic\/wp-json\/wp\/v2\/users\/10280"}],"replies":[{"embeddable":true,"href":"https:\/\/blogi.eoppimispalvelut.fi\/activearctic\/wp-json\/wp\/v2\/comments?post=1359"}],"version-history":[{"count":24,"href":"https:\/\/blogi.eoppimispalvelut.fi\/activearctic\/wp-json\/wp\/v2\/pages\/1359\/revisions"}],"predecessor-version":[{"id":1502,"href":"https:\/\/blogi.eoppimispalvelut.fi\/activearctic\/wp-json\/wp\/v2\/pages\/1359\/revisions\/1502"}],"wp:attachment":[{"href":"https:\/\/blogi.eoppimispalvelut.fi\/activearctic\/wp-json\/wp\/v2\/media?parent=1359"}],"curies":[{"name":"wp","href":"https:\/\/api.w.org\/{rel}","templated":true}]}}