{"id":1521,"date":"2022-10-04T10:50:36","date_gmt":"2022-10-04T07:50:36","guid":{"rendered":"https:\/\/blogi.eoppimispalvelut.fi\/activearctic\/?page_id=1521"},"modified":"2022-11-16T11:13:47","modified_gmt":"2022-11-16T09:13:47","slug":"hyvinvointiteknologiamessut-2022","status":"publish","type":"page","link":"https:\/\/blogi.eoppimispalvelut.fi\/activearctic\/tapahtumat\/hyvinvointiteknologiamessut-2022\/","title":{"rendered":"Hyvinvointiteknologiamessut 2022"},"content":{"rendered":"<p>[et_pb_section fb_built=&#8221;1&#8243; fullwidth=&#8221;on&#8221; _builder_version=&#8221;4.16&#8243; _module_preset=&#8221;default&#8221; global_colors_info=&#8221;{}&#8221;][et_pb_fullwidth_image src=&#8221;https:\/\/blogi.eoppimispalvelut.fi\/activearctic\/files\/2022\/10\/Hyvinvointiteknologiamessut-2022-mainos.png&#8221; title_text=&#8221;Hyvinvointiteknologiamessut 2022 mainos&#8221; _builder_version=&#8221;4.18.0&#8243; _module_preset=&#8221;default&#8221; global_colors_info=&#8221;{}&#8221;][\/et_pb_fullwidth_image][\/et_pb_section][et_pb_section fb_built=&#8221;1&#8243; _builder_version=&#8221;4.17.4&#8243; _module_preset=&#8221;default&#8221; background_enable_image=&#8221;off&#8221; custom_padding=&#8221;||1px|||&#8221; global_colors_info=&#8221;{}&#8221;][et_pb_row _builder_version=&#8221;4.16&#8243; _module_preset=&#8221;default&#8221; global_colors_info=&#8221;{}&#8221;][et_pb_column type=&#8221;4_4&#8243; _builder_version=&#8221;4.16&#8243; _module_preset=&#8221;default&#8221; global_colors_info=&#8221;{}&#8221;][et_pb_text _builder_version=&#8221;4.18.0&#8243; _module_preset=&#8221;default&#8221; header_font=&#8221;Georgia||||||||&#8221; header_font_size=&#8221;35px&#8221; header_2_font_size=&#8221;25px&#8221; global_colors_info=&#8221;{}&#8221;]<\/p>\n<h1>Hyvinvointiteknologiamessut 2022<\/h1>\n<p>[\/et_pb_text][\/et_pb_column][\/et_pb_row][\/et_pb_section][et_pb_section fb_built=&#8221;1&#8243; _builder_version=&#8221;4.17.4&#8243; _module_preset=&#8221;default&#8221; background_color=&#8221;RGBA(255,255,255,0)&#8221; background_image=&#8221;https:\/\/blogi.eoppimispalvelut.fi\/activearctic\/files\/2022\/02\/brokerage-firm-13.png&#8221; parallax=&#8221;off&#8221; custom_padding=&#8221;||3px|||&#8221; global_colors_info=&#8221;{}&#8221;][et_pb_row _builder_version=&#8221;4.16&#8243; _module_preset=&#8221;default&#8221; global_colors_info=&#8221;{}&#8221;][et_pb_column type=&#8221;4_4&#8243; _builder_version=&#8221;4.16&#8243; _module_preset=&#8221;default&#8221; global_colors_info=&#8221;{}&#8221;][et_pb_text _builder_version=&#8221;4.18.0&#8243; _module_preset=&#8221;default&#8221; global_colors_info=&#8221;{}&#8221;]<\/p>\n<p><span data-contrast=\"auto\">Tervetuloa Lapin ensimm\u00e4isille hyvinvointiteknologiamessuille!<\/span><span data-contrast=\"auto\"><\/span><\/p>\n<p>Aika: 17.11.2022 klo 10<span>\u2013<\/span>17<span data-contrast=\"auto\"><\/span><\/p>\n<p>Paikka: Arktikum tiedekeskus, <span>Pohjoisranta 4, 96200 Rovaniemi<\/span><\/p>\n<p><span data-contrast=\"auto\">Tapahtumassa kuullaan monipuolisia asiantuntijapuheenvuoroja, tutustutaan digitaalisiin ja teknologisiin ratkaisuihin ja k\u00e4yd\u00e4\u00e4n keskusteluja pohjoisen hyvinvoinnista.<\/span><span data-ccp-props=\"{&quot;201341983&quot;:0,&quot;335559685&quot;:0,&quot;335559739&quot;:160,&quot;335559740&quot;:259}\"> <\/span><span data-contrast=\"auto\" style=\"font-size: 15px\">Hyvinvointiteknologiamessut on tarkoitettu sosiaali- ja terveysalan ammattilaisille, yrityksille, asukkaille ja kaikille aiheesta kiinnostuneille.\u00a0<\/span><\/p>\n<p><span data-contrast=\"auto\">Tilaisuuden j\u00e4rjest\u00e4\u00e4 Active Arctic -hanke ja tilaisuus on kaikille avoin.<\/span><span data-ccp-props=\"{&quot;201341983&quot;:0,&quot;335559685&quot;:0,&quot;335559739&quot;:160,&quot;335559740&quot;:259}\">\u00a0<\/span><\/p>\n<p>&nbsp;<\/p>\n<p><strong><u>Ohjelma<\/u>:\u00a0<\/strong><\/p>\n<p><strong><\/strong><\/p>\n<p><span><strong>10.00<\/strong>\u00a0 \u00a0 \u00a0 \u00a0 \u00a0 \u00a0 \u00a0Messut avautuvat<\/span><\/p>\n<p><strong>10.15<span style=\"color: #4d5156;font-family: arial, sans-serif;font-size: 14px;background-color: #ffffff\">\u2013<\/span><\/strong><span><strong>10.30<\/strong> Tervetuloa messuille | Active Arctic -hankkeen projektip\u00e4\u00e4llik\u00f6t Tuuli Tikkanen \u2013 Lapin Amk ja Ella Bj\u00f6rn \u2013 Lapin Yliopisto<\/span><\/p>\n<p><strong>10:30<span style=\"color: #4d5156;font-family: arial, sans-serif;font-size: 14px;background-color: #ffffff\">\u2013<\/span><\/strong><span><strong>11.00<\/strong> Digitaaliset palvelut Lapin hyvinvointialueella &#8211; uhka vai mahdollisuus | Mikko H\u00e4iki\u00f6<em> \u2013 <\/em>Lapin Hyvinvointialueen\u00a0 \u00a0kehitysjohtaja<\/span><\/p>\n<p><span><strong>11.00<\/strong><\/span><span style=\"color: #4d5156;font-family: arial, sans-serif;font-size: 14px;background-color: #ffffff\">\u2013<\/span><span><strong>11.45<\/strong> Digitalisaatio ei ole vain teknologiaa \u2013 ev\u00e4it\u00e4 ja esimerkkej\u00e4 toimintatapojen uudistamiseen digitalisoituvassa sote-maailmassa | Eeva Kiuru \u2013 Health Innovation Academy\u00a0<\/span><\/p>\n<p><strong>11.45<span style=\"color: #4d5156;font-family: arial, sans-serif;font-size: 14px;background-color: #ffffff\">\u2013<\/span><\/strong><span><strong>12.45<\/strong> Lounastauko ja verkostoituminen<\/span><\/p>\n<p><strong>12.45<span style=\"color: #4d5156;font-family: arial, sans-serif;font-size: 14px;background-color: #ffffff\">\u2013<\/span><\/strong><span><strong>13.15<\/strong> Miten onnistutaan tuottamaan hyv\u00e4 asiakaskokemus teknologian k\u00e4ytt\u00f6\u00f6notossa | Olli G\u00f6\u00f6s \u2013 Suvantocare<\/span><\/p>\n<p><strong>13.15<span style=\"color: #4d5156;font-family: arial, sans-serif;font-size: 14px;background-color: #ffffff\">\u2013<\/span>13.45<\/strong> Teko\u00e4ly\u00e4 ja robotiikkaa hy\u00f6dynt\u00e4v\u00e4t terveydenhuollon ratkaisut | Antti V\u00e4\u00e4n\u00e4nen \u2013 VTT<\/p>\n<p><strong>13.45<span style=\"background-color: #ffffff;color: #4d5156;font-family: arial, sans-serif;font-size: 14px\">\u2013<\/span><\/strong><span style=\"font-size: 15px\"><strong>14.05<\/strong> Digitaaliset ratkaisut potilaan hoidon tukena | Merita Kaunisto \u2013 BCBMedical<\/span><\/p>\n<p><strong>14.05<span style=\"color: #4d5156;font-family: arial, sans-serif;font-size: 14px;background-color: #ffffff\">\u2013<\/span>14.30<\/strong> Tauko<\/p>\n<p><strong>14.30<span style=\"color: #4d5156;font-family: arial, sans-serif;font-size: 14px;background-color: #ffffff\">\u2013<\/span>14.50<\/strong> Hyvinvointil\u00e4hete-malli | Inga Mukku \u2013 Sodankyl\u00e4n kunta<\/p>\n<p><strong>14.50<span style=\"color: #4d5156;font-family: arial, sans-serif;font-size: 14px;background-color: #ffffff\">\u2013<\/span>15.10<\/strong> Turvallisesti kotona pidemp\u00e4\u00e4n | Pasi Nurmela \u2013 Seniortek<\/p>\n<p><strong>15.10<span style=\"color: #4d5156;font-family: arial, sans-serif;font-size: 14px;background-color: #ffffff\">\u2013<\/span>15.30<\/strong> L\u00e4sn\u00e4olo muistisairaan kohtaamisessa | Marika Kulppi-Nurminen \u2013\u00a0 Lapin muistiyhdistys<\/p>\n<p><strong>15.30<span style=\"color: #4d5156;font-family: arial, sans-serif;font-size: 14px;background-color: #ffffff\">\u2013<\/span>17.00<\/strong> Verkostoituminen<\/p>\n<p>&nbsp;<\/p>\n<p><strong>P\u00e4iv\u00e4n aikana on mahdollista osallistua &#8220;Terveiset 2040-luvulta: Lapin v\u00e4est\u00f6n visioita tulevaisuuden digitaalisista hyvinvointipalveluista&#8221; \u2013ideakisaan, jonka <\/strong><em><strong>voittaja<\/strong><strong> arvotaan p\u00e4iv\u00e4n aikana.<\/strong><\/em><\/p>\n<p><strong>Jakaessasi kuvia tapahtumasta k\u00e4yt\u00e4th\u00e4n hashtageja #activearctichanke &amp;\u00a0 #lapinhyvinvointiteknologiamessut<\/strong><\/p>\n<p>&nbsp;<\/p>\n<p>Lis\u00e4tietoja:<\/p>\n<p>Tuuli Tikkanen, projektip\u00e4\u00e4llikk\u00f6, Lapin ammattikorkeakoulu, <a href=\"mailto:tuuli.tikkanen@lapinamk.fi\">tuuli.tikkanen@lapinamk.fi<\/a><\/p>\n<p>Ella Bj\u00f6rn, projektip\u00e4\u00e4llikk\u00f6, Lapin yliopisto, <a href=\"mailto:ella.bjorn@ulapland.fi\">ella.bjorn@ulapland.fi<\/a><\/p>\n<p>&nbsp;<\/p>\n<p>&nbsp;<\/p>\n<p>[\/et_pb_text][\/et_pb_column][\/et_pb_row][et_pb_row _builder_version=&#8221;4.18.0&#8243; _module_preset=&#8221;default&#8221; global_colors_info=&#8221;{}&#8221;][et_pb_column type=&#8221;4_4&#8243; _builder_version=&#8221;4.18.0&#8243; _module_preset=&#8221;default&#8221; global_colors_info=&#8221;{}&#8221;][et_pb_text _builder_version=&#8221;4.18.0&#8243; _module_preset=&#8221;default&#8221; global_colors_info=&#8221;{}&#8221;]<\/p>\n<h2><strong>Messuilla mukana:<\/strong><\/h2>\n<p>[\/et_pb_text][\/et_pb_column][\/et_pb_row][et_pb_row column_structure=&#8221;1_6,1_6,1_6,1_6,1_6,1_6&#8243; _builder_version=&#8221;4.18.0&#8243; _module_preset=&#8221;default&#8221; min_height=&#8221;255px&#8221; custom_margin=&#8221;|auto|-1px|auto||&#8221; custom_padding=&#8221;||0px|||&#8221; global_colors_info=&#8221;{}&#8221;][et_pb_column type=&#8221;1_6&#8243; _builder_version=&#8221;4.18.0&#8243; _module_preset=&#8221;default&#8221; global_colors_info=&#8221;{}&#8221;][et_pb_gallery gallery_ids=&#8221;1605&#8243; show_title_and_caption=&#8221;off&#8221; show_pagination=&#8221;off&#8221; _builder_version=&#8221;4.18.0&#8243; _module_preset=&#8221;default&#8221; min_height=&#8221;101px&#8221; custom_padding=&#8221;||1px|||&#8221; link_option_url=&#8221;https:\/\/www.kotihoitoulpukka.fi\/&#8221; global_colors_info=&#8221;{}&#8221;][\/et_pb_gallery][et_pb_gallery gallery_ids=&#8221;1611&#8243; show_title_and_caption=&#8221;off&#8221; show_pagination=&#8221;off&#8221; _builder_version=&#8221;4.18.0&#8243; _module_preset=&#8221;default&#8221; link_option_url=&#8221;https:\/\/www.redu.fi\/fi&#8221; global_colors_info=&#8221;{}&#8221;][\/et_pb_gallery][et_pb_gallery gallery_ids=&#8221;1722&#8243; show_title_and_caption=&#8221;off&#8221; _builder_version=&#8221;4.18.0&#8243; _module_preset=&#8221;default&#8221; link_option_url=&#8221;https:\/\/www.alinahoivatiimi.fi\/&#8221; global_colors_info=&#8221;{}&#8221;][\/et_pb_gallery][\/et_pb_column][et_pb_column type=&#8221;1_6&#8243; _builder_version=&#8221;4.18.0&#8243; _module_preset=&#8221;default&#8221; global_colors_info=&#8221;{}&#8221;][et_pb_gallery gallery_ids=&#8221;1606&#8243; show_title_and_caption=&#8221;off&#8221; show_pagination=&#8221;off&#8221; _builder_version=&#8221;4.18.0&#8243; _module_preset=&#8221;default&#8221; link_option_url=&#8221;https:\/\/www.suvantocare.fi\/&#8221; global_colors_info=&#8221;{}&#8221;][\/et_pb_gallery][et_pb_gallery gallery_ids=&#8221;1612&#8243; show_title_and_caption=&#8221;off&#8221; show_pagination=&#8221;off&#8221; _builder_version=&#8221;4.18.0&#8243; _module_preset=&#8221;default&#8221; link_option_url=&#8221;https:\/\/kotiapuri.fi\/&#8221; global_colors_info=&#8221;{}&#8221;][\/et_pb_gallery][et_pb_gallery gallery_ids=&#8221;1723&#8243; show_title_and_caption=&#8221;off&#8221; _builder_version=&#8221;4.18.0&#8243; _module_preset=&#8221;default&#8221; link_option_url=&#8221;https:\/\/www.myontec.com\/&#8221; global_colors_info=&#8221;{}&#8221;][\/et_pb_gallery][\/et_pb_column][et_pb_column type=&#8221;1_6&#8243; _builder_version=&#8221;4.18.0&#8243; _module_preset=&#8221;default&#8221; global_colors_info=&#8221;{}&#8221;][et_pb_gallery gallery_ids=&#8221;1607&#8243; show_title_and_caption=&#8221;off&#8221; show_pagination=&#8221;off&#8221; _builder_version=&#8221;4.18.0&#8243; _module_preset=&#8221;default&#8221; min_height=&#8221;100px&#8221; height=&#8221;229px&#8221; custom_margin=&#8221;||-50px|||&#8221; custom_padding=&#8221;||0px|||&#8221; link_option_url=&#8221;https:\/\/www.lapinamk.fi\/fi&#8221; global_colors_info=&#8221;{}&#8221;][\/et_pb_gallery][et_pb_gallery gallery_ids=&#8221;1622&#8243; show_title_and_caption=&#8221;off&#8221; show_pagination=&#8221;off&#8221; _builder_version=&#8221;4.18.0&#8243; _module_preset=&#8221;default&#8221; min_height=&#8221;99.6px&#8221; custom_padding=&#8221;3px|||||&#8221; link_option_url=&#8221;https:\/\/kulttuuriosaaja.blogspot.com\/&#8221; global_colors_info=&#8221;{}&#8221;][\/et_pb_gallery][et_pb_gallery gallery_ids=&#8221;1750&#8243; show_title_and_caption=&#8221;off&#8221; _builder_version=&#8221;4.18.0&#8243; _module_preset=&#8221;default&#8221; min_height=&#8221;100px&#8221; custom_margin=&#8221;-15px|||||&#8221; link_option_url=&#8221;https:\/\/lapinmuistiyhdistys.fi\/&#8221; global_colors_info=&#8221;{}&#8221; custom_padding=&#8221;15px|||||&#8221;][\/et_pb_gallery][\/et_pb_column][et_pb_column type=&#8221;1_6&#8243; _builder_version=&#8221;4.18.0&#8243; _module_preset=&#8221;default&#8221; global_colors_info=&#8221;{}&#8221;][et_pb_gallery gallery_ids=&#8221;1608&#8243; show_title_and_caption=&#8221;off&#8221; show_pagination=&#8221;off&#8221; _builder_version=&#8221;4.18.0&#8243; _module_preset=&#8221;default&#8221; link_option_url=&#8221;https:\/\/www.exofinland.fi\/&#8221; global_colors_info=&#8221;{}&#8221;][\/et_pb_gallery][et_pb_gallery gallery_ids=&#8221;1638&#8243; show_title_and_caption=&#8221;off&#8221; _builder_version=&#8221;4.18.0&#8243; _module_preset=&#8221;default&#8221; link_option_url=&#8221;https:\/\/www.frostbit.fi\/en\/home\/&#8221; global_colors_info=&#8221;{}&#8221;][\/et_pb_gallery][\/et_pb_column][et_pb_column type=&#8221;1_6&#8243; _builder_version=&#8221;4.18.0&#8243; _module_preset=&#8221;default&#8221; global_colors_info=&#8221;{}&#8221;][et_pb_gallery gallery_ids=&#8221;1609&#8243; show_title_and_caption=&#8221;off&#8221; show_pagination=&#8221;off&#8221; _builder_version=&#8221;4.18.0&#8243; _module_preset=&#8221;default&#8221; min_height=&#8221;186px&#8221; custom_padding=&#8221;|1px||||&#8221; link_option_url=&#8221;https:\/\/bcbmedical.com\/&#8221; global_colors_info=&#8221;{}&#8221;][\/et_pb_gallery][et_pb_gallery gallery_ids=&#8221;1639&#8243; show_title_and_caption=&#8221;off&#8221; _builder_version=&#8221;4.18.0&#8243; _module_preset=&#8221;default&#8221; custom_margin=&#8221;-34px|||||&#8221; custom_padding=&#8221;3px|||||&#8221; link_option_url=&#8221;https:\/\/arcticsmartness.fi\/arktinen-muotoilu\/&#8221; global_colors_info=&#8221;{}&#8221;][\/et_pb_gallery][\/et_pb_column][et_pb_column type=&#8221;1_6&#8243; _builder_version=&#8221;4.18.0&#8243; _module_preset=&#8221;default&#8221; global_colors_info=&#8221;{}&#8221;][et_pb_gallery gallery_ids=&#8221;1610&#8243; show_title_and_caption=&#8221;off&#8221; show_pagination=&#8221;off&#8221; _builder_version=&#8221;4.18.0&#8243; _module_preset=&#8221;default&#8221; link_option_url=&#8221;https:\/\/balanssia.fi\/&#8221; global_colors_info=&#8221;{}&#8221;][\/et_pb_gallery][et_pb_gallery gallery_ids=&#8221;1645&#8243; show_title_and_caption=&#8221;off&#8221; show_pagination=&#8221;off&#8221; _builder_version=&#8221;4.18.0&#8243; _module_preset=&#8221;default&#8221; link_option_url=&#8221;https:\/\/seniortek.fi\/&#8221; global_colors_info=&#8221;{}&#8221;][\/et_pb_gallery][\/et_pb_column][\/et_pb_row][\/et_pb_section][et_pb_section fb_built=&#8221;1&#8243; _builder_version=&#8221;4.17.4&#8243; _module_preset=&#8221;default&#8221; background_enable_image=&#8221;off&#8221; custom_padding=&#8221;5px|||||&#8221; global_colors_info=&#8221;{}&#8221;][et_pb_row column_structure=&#8221;1_4,1_4,1_4,1_4&#8243; _builder_version=&#8221;4.16&#8243; _module_preset=&#8221;default&#8221; global_colors_info=&#8221;{}&#8221;][et_pb_column type=&#8221;1_4&#8243; _builder_version=&#8221;4.16&#8243; _module_preset=&#8221;default&#8221; global_colors_info=&#8221;{}&#8221;][et_pb_image src=&#8221;https:\/\/blogi.eoppimispalvelut.fi\/activearctic\/files\/2022\/02\/Lapin-liitto-tausta.jpg&#8221; title_text=&#8221;Lapin liitto&#8221; _builder_version=&#8221;4.16&#8243; _module_preset=&#8221;default&#8221; custom_margin=&#8221;4px||||false|false&#8221; global_colors_info=&#8221;{}&#8221;][\/et_pb_image][\/et_pb_column][et_pb_column type=&#8221;1_4&#8243; _builder_version=&#8221;4.16&#8243; _module_preset=&#8221;default&#8221; global_colors_info=&#8221;{}&#8221;][et_pb_image src=&#8221;https:\/\/blogi.eoppimispalvelut.fi\/activearctic\/files\/2022\/02\/Lapin-AMK-logo.jpg&#8221; title_text=&#8221;Lapin AMK&#8221; _builder_version=&#8221;4.16&#8243; _module_preset=&#8221;default&#8221; global_colors_info=&#8221;{}&#8221;][\/et_pb_image][\/et_pb_column][et_pb_column type=&#8221;1_4&#8243; _builder_version=&#8221;4.16&#8243; _module_preset=&#8221;default&#8221; global_colors_info=&#8221;{}&#8221;][et_pb_image src=&#8221;https:\/\/blogi.eoppimispalvelut.fi\/activearctic\/files\/2022\/02\/Ulapland_RGB_vaaka.png&#8221; title_text=&#8221;Lapin yliopisto&#8221; _builder_version=&#8221;4.17.4&#8243; _module_preset=&#8221;default&#8221; background_enable_image=&#8221;off&#8221; custom_margin=&#8221;11px||||false|false&#8221; global_colors_info=&#8221;{}&#8221;][\/et_pb_image][\/et_pb_column][et_pb_column type=&#8221;1_4&#8243; _builder_version=&#8221;4.16&#8243; _module_preset=&#8221;default&#8221; global_colors_info=&#8221;{}&#8221;][et_pb_image src=&#8221;https:\/\/blogi.eoppimispalvelut.fi\/activearctic\/files\/2021\/09\/Vipuvoimaa_Eulta_2014-2020_ja_EAKR.png&#8221; alt=&#8221;Vipuvoimaa EU:lta 2014-2020 ja Euroopan unioni, Euroopan aluekehitysrahasto -tunnukset&#8221; title_text=&#8221;Vipuvoimaa EU:lta 2014-2020 ja Euroopan unioni, Euroopan aluekehitysrahasto -tunnukset&#8221; _builder_version=&#8221;4.17.4&#8243; _module_preset=&#8221;default&#8221; background_enable_image=&#8221;off&#8221; global_colors_info=&#8221;{}&#8221;][\/et_pb_image][\/et_pb_column][\/et_pb_row][\/et_pb_section]<\/p>\n","protected":false},"excerpt":{"rendered":"<p>Hyvinvointiteknologiamessut 2022Tervetuloa Lapin ensimm\u00e4isille hyvinvointiteknologiamessuille! Aika: 17.11.2022 klo 10\u201317 Paikka: Arktikum tiedekeskus, Pohjoisranta 4, 96200 Rovaniemi Tapahtumassa kuullaan monipuolisia asiantuntijapuheenvuoroja, tutustutaan digitaalisiin ja teknologisiin ratkaisuihin ja k\u00e4yd\u00e4\u00e4n keskusteluja pohjoisen hyvinvoinnista. Hyvinvointiteknologiamessut on tarkoitettu sosiaali- ja terveysalan ammattilaisille, yrityksille, asukkaille ja kaikille aiheesta kiinnostuneille.\u00a0 Tilaisuuden j\u00e4rjest\u00e4\u00e4 Active Arctic -hanke ja tilaisuus on kaikille avoin.\u00a0 &nbsp; Ohjelma:\u00a0 [&hellip;]<\/p>\n","protected":false},"author":9168,"featured_media":0,"parent":281,"menu_order":0,"comment_status":"closed","ping_status":"closed","template":"","meta":{"_et_pb_use_builder":"on","_et_pb_old_content":"","_et_gb_content_width":"","footnotes":""},"class_list":["post-1521","page","type-page","status-publish","hentry"],"yoast_head":"<!-- This site is optimized with the Yoast SEO plugin v27.5 - https:\/\/yoast.com\/product\/yoast-seo-wordpress\/ -->\n<title>Hyvinvointiteknologiamessut 2022 - Active Arctic<\/title>\n<meta name=\"robots\" content=\"index, follow, max-snippet:-1, max-image-preview:large, max-video-preview:-1\" \/>\n<link rel=\"canonical\" href=\"https:\/\/blogi.eoppimispalvelut.fi\/activearctic\/tapahtumat\/hyvinvointiteknologiamessut-2022\/\" \/>\n<meta property=\"og:locale\" content=\"fi_FI\" \/>\n<meta property=\"og:type\" content=\"article\" \/>\n<meta property=\"og:title\" content=\"Hyvinvointiteknologiamessut 2022 - Active Arctic\" \/>\n<meta property=\"og:description\" content=\"Hyvinvointiteknologiamessut 2022Tervetuloa Lapin ensimm\u00e4isille hyvinvointiteknologiamessuille! Aika: 17.11.2022 klo 10\u201317 Paikka: Arktikum tiedekeskus, Pohjoisranta 4, 96200 Rovaniemi Tapahtumassa kuullaan monipuolisia asiantuntijapuheenvuoroja, tutustutaan digitaalisiin ja teknologisiin ratkaisuihin ja k\u00e4yd\u00e4\u00e4n keskusteluja pohjoisen hyvinvoinnista. Hyvinvointiteknologiamessut on tarkoitettu sosiaali- ja terveysalan ammattilaisille, yrityksille, asukkaille ja kaikille aiheesta kiinnostuneille.\u00a0 Tilaisuuden j\u00e4rjest\u00e4\u00e4 Active Arctic -hanke ja tilaisuus on kaikille avoin.\u00a0 &nbsp; Ohjelma:\u00a0 [&hellip;]\" \/>\n<meta property=\"og:url\" content=\"https:\/\/blogi.eoppimispalvelut.fi\/activearctic\/tapahtumat\/hyvinvointiteknologiamessut-2022\/\" \/>\n<meta property=\"og:site_name\" content=\"Active Arctic\" \/>\n<meta property=\"article:modified_time\" content=\"2022-11-16T09:13:47+00:00\" \/>\n<meta name=\"twitter:card\" content=\"summary_large_image\" \/>\n<meta name=\"twitter:label1\" content=\"Est. reading time\" \/>\n\t<meta name=\"twitter:data1\" content=\"2 minutes\" \/>\n<script type=\"application\/ld+json\" class=\"yoast-schema-graph\">{\"@context\":\"https:\\\/\\\/schema.org\",\"@graph\":[{\"@type\":\"WebPage\",\"@id\":\"https:\\\/\\\/blogi.eoppimispalvelut.fi\\\/activearctic\\\/tapahtumat\\\/hyvinvointiteknologiamessut-2022\\\/\",\"url\":\"https:\\\/\\\/blogi.eoppimispalvelut.fi\\\/activearctic\\\/tapahtumat\\\/hyvinvointiteknologiamessut-2022\\\/\",\"name\":\"Hyvinvointiteknologiamessut 2022 - Active Arctic\",\"isPartOf\":{\"@id\":\"https:\\\/\\\/blogi.eoppimispalvelut.fi\\\/activearctic\\\/#website\"},\"datePublished\":\"2022-10-04T07:50:36+00:00\",\"dateModified\":\"2022-11-16T09:13:47+00:00\",\"breadcrumb\":{\"@id\":\"https:\\\/\\\/blogi.eoppimispalvelut.fi\\\/activearctic\\\/tapahtumat\\\/hyvinvointiteknologiamessut-2022\\\/#breadcrumb\"},\"inLanguage\":\"fi\",\"potentialAction\":[{\"@type\":\"ReadAction\",\"target\":[\"https:\\\/\\\/blogi.eoppimispalvelut.fi\\\/activearctic\\\/tapahtumat\\\/hyvinvointiteknologiamessut-2022\\\/\"]}]},{\"@type\":\"BreadcrumbList\",\"@id\":\"https:\\\/\\\/blogi.eoppimispalvelut.fi\\\/activearctic\\\/tapahtumat\\\/hyvinvointiteknologiamessut-2022\\\/#breadcrumb\",\"itemListElement\":[{\"@type\":\"ListItem\",\"position\":1,\"name\":\"Home\",\"item\":\"https:\\\/\\\/blogi.eoppimispalvelut.fi\\\/activearctic\\\/\"},{\"@type\":\"ListItem\",\"position\":2,\"name\":\"Tapahtumat\",\"item\":\"https:\\\/\\\/blogi.eoppimispalvelut.fi\\\/activearctic\\\/tapahtumat\\\/\"},{\"@type\":\"ListItem\",\"position\":3,\"name\":\"Hyvinvointiteknologiamessut 2022\"}]},{\"@type\":\"WebSite\",\"@id\":\"https:\\\/\\\/blogi.eoppimispalvelut.fi\\\/activearctic\\\/#website\",\"url\":\"https:\\\/\\\/blogi.eoppimispalvelut.fi\\\/activearctic\\\/\",\"name\":\"Active Arctic\",\"description\":\"Digitaaliset ymp\u00e4rist\u00f6t ja ratkaisut harvaan asuttujen alueiden hyvinvoinnin ja yritysten tukena \",\"potentialAction\":[{\"@type\":\"SearchAction\",\"target\":{\"@type\":\"EntryPoint\",\"urlTemplate\":\"https:\\\/\\\/blogi.eoppimispalvelut.fi\\\/activearctic\\\/?s={search_term_string}\"},\"query-input\":{\"@type\":\"PropertyValueSpecification\",\"valueRequired\":true,\"valueName\":\"search_term_string\"}}],\"inLanguage\":\"fi\"}]}<\/script>\n<!-- \/ Yoast SEO plugin. -->","yoast_head_json":{"title":"Hyvinvointiteknologiamessut 2022 - Active Arctic","robots":{"index":"index","follow":"follow","max-snippet":"max-snippet:-1","max-image-preview":"max-image-preview:large","max-video-preview":"max-video-preview:-1"},"canonical":"https:\/\/blogi.eoppimispalvelut.fi\/activearctic\/tapahtumat\/hyvinvointiteknologiamessut-2022\/","og_locale":"fi_FI","og_type":"article","og_title":"Hyvinvointiteknologiamessut 2022 - Active Arctic","og_description":"Hyvinvointiteknologiamessut 2022Tervetuloa Lapin ensimm\u00e4isille hyvinvointiteknologiamessuille! Aika: 17.11.2022 klo 10\u201317 Paikka: Arktikum tiedekeskus, Pohjoisranta 4, 96200 Rovaniemi Tapahtumassa kuullaan monipuolisia asiantuntijapuheenvuoroja, tutustutaan digitaalisiin ja teknologisiin ratkaisuihin ja k\u00e4yd\u00e4\u00e4n keskusteluja pohjoisen hyvinvoinnista. Hyvinvointiteknologiamessut on tarkoitettu sosiaali- ja terveysalan ammattilaisille, yrityksille, asukkaille ja kaikille aiheesta kiinnostuneille.\u00a0 Tilaisuuden j\u00e4rjest\u00e4\u00e4 Active Arctic -hanke ja tilaisuus on kaikille avoin.\u00a0 &nbsp; Ohjelma:\u00a0 [&hellip;]","og_url":"https:\/\/blogi.eoppimispalvelut.fi\/activearctic\/tapahtumat\/hyvinvointiteknologiamessut-2022\/","og_site_name":"Active Arctic","article_modified_time":"2022-11-16T09:13:47+00:00","twitter_card":"summary_large_image","twitter_misc":{"Est. reading time":"2 minutes"},"schema":{"@context":"https:\/\/schema.org","@graph":[{"@type":"WebPage","@id":"https:\/\/blogi.eoppimispalvelut.fi\/activearctic\/tapahtumat\/hyvinvointiteknologiamessut-2022\/","url":"https:\/\/blogi.eoppimispalvelut.fi\/activearctic\/tapahtumat\/hyvinvointiteknologiamessut-2022\/","name":"Hyvinvointiteknologiamessut 2022 - Active Arctic","isPartOf":{"@id":"https:\/\/blogi.eoppimispalvelut.fi\/activearctic\/#website"},"datePublished":"2022-10-04T07:50:36+00:00","dateModified":"2022-11-16T09:13:47+00:00","breadcrumb":{"@id":"https:\/\/blogi.eoppimispalvelut.fi\/activearctic\/tapahtumat\/hyvinvointiteknologiamessut-2022\/#breadcrumb"},"inLanguage":"fi","potentialAction":[{"@type":"ReadAction","target":["https:\/\/blogi.eoppimispalvelut.fi\/activearctic\/tapahtumat\/hyvinvointiteknologiamessut-2022\/"]}]},{"@type":"BreadcrumbList","@id":"https:\/\/blogi.eoppimispalvelut.fi\/activearctic\/tapahtumat\/hyvinvointiteknologiamessut-2022\/#breadcrumb","itemListElement":[{"@type":"ListItem","position":1,"name":"Home","item":"https:\/\/blogi.eoppimispalvelut.fi\/activearctic\/"},{"@type":"ListItem","position":2,"name":"Tapahtumat","item":"https:\/\/blogi.eoppimispalvelut.fi\/activearctic\/tapahtumat\/"},{"@type":"ListItem","position":3,"name":"Hyvinvointiteknologiamessut 2022"}]},{"@type":"WebSite","@id":"https:\/\/blogi.eoppimispalvelut.fi\/activearctic\/#website","url":"https:\/\/blogi.eoppimispalvelut.fi\/activearctic\/","name":"Active Arctic","description":"Digitaaliset ymp\u00e4rist\u00f6t ja ratkaisut harvaan asuttujen alueiden hyvinvoinnin ja yritysten tukena ","potentialAction":[{"@type":"SearchAction","target":{"@type":"EntryPoint","urlTemplate":"https:\/\/blogi.eoppimispalvelut.fi\/activearctic\/?s={search_term_string}"},"query-input":{"@type":"PropertyValueSpecification","valueRequired":true,"valueName":"search_term_string"}}],"inLanguage":"fi"}]}},"_links":{"self":[{"href":"https:\/\/blogi.eoppimispalvelut.fi\/activearctic\/wp-json\/wp\/v2\/pages\/1521","targetHints":{"allow":["GET"]}}],"collection":[{"href":"https:\/\/blogi.eoppimispalvelut.fi\/activearctic\/wp-json\/wp\/v2\/pages"}],"about":[{"href":"https:\/\/blogi.eoppimispalvelut.fi\/activearctic\/wp-json\/wp\/v2\/types\/page"}],"author":[{"embeddable":true,"href":"https:\/\/blogi.eoppimispalvelut.fi\/activearctic\/wp-json\/wp\/v2\/users\/9168"}],"replies":[{"embeddable":true,"href":"https:\/\/blogi.eoppimispalvelut.fi\/activearctic\/wp-json\/wp\/v2\/comments?post=1521"}],"version-history":[{"count":48,"href":"https:\/\/blogi.eoppimispalvelut.fi\/activearctic\/wp-json\/wp\/v2\/pages\/1521\/revisions"}],"predecessor-version":[{"id":1754,"href":"https:\/\/blogi.eoppimispalvelut.fi\/activearctic\/wp-json\/wp\/v2\/pages\/1521\/revisions\/1754"}],"up":[{"embeddable":true,"href":"https:\/\/blogi.eoppimispalvelut.fi\/activearctic\/wp-json\/wp\/v2\/pages\/281"}],"wp:attachment":[{"href":"https:\/\/blogi.eoppimispalvelut.fi\/activearctic\/wp-json\/wp\/v2\/media?parent=1521"}],"curies":[{"name":"wp","href":"https:\/\/api.w.org\/{rel}","templated":true}]}}