{"id":1663,"date":"2022-12-12T16:28:00","date_gmt":"2022-12-12T14:28:00","guid":{"rendered":"https:\/\/blogi.eoppimispalvelut.fi\/activearctic\/?page_id=1663"},"modified":"2023-05-30T15:22:26","modified_gmt":"2023-05-30T12:22:26","slug":"portfolio","status":"publish","type":"page","link":"https:\/\/blogi.eoppimispalvelut.fi\/activearctic\/portfolio\/","title":{"rendered":"Portfolio"},"content":{"rendered":"<p>[et_pb_section fb_built=&#8221;1&#8243; admin_label=&#8221;Kuva&#8221; _builder_version=&#8221;4.18.0&#8243; _module_preset=&#8221;default&#8221; background_enable_color=&#8221;off&#8221; background_enable_image=&#8221;off&#8221; module_alignment=&#8221;center&#8221; min_height=&#8221;100px&#8221; height=&#8221;200px&#8221; max_height=&#8221;283px&#8221; custom_margin=&#8221;0px||-1px||false|false&#8221; custom_padding=&#8221;0px||4px||false|false&#8221; collapsed=&#8221;off&#8221; global_colors_info=&#8221;{}&#8221;][et_pb_row _builder_version=&#8221;4.18.0&#8243; _module_preset=&#8221;default&#8221; width=&#8221;100%&#8221; max_width=&#8221;1958px&#8221; module_alignment=&#8221;center&#8221; custom_margin=&#8221;|auto|-2px|2px||&#8221; custom_padding=&#8221;0px|0px|18px|0px||&#8221; global_colors_info=&#8221;{}&#8221;][et_pb_column type=&#8221;4_4&#8243; _builder_version=&#8221;4.18.0&#8243; _module_preset=&#8221;default&#8221; global_colors_info=&#8221;{}&#8221;][et_pb_image src=&#8221;https:\/\/blogi.eoppimispalvelut.fi\/activearctic\/files\/2022\/11\/kollaasi-2-01-scaled.jpg&#8221; title_text=&#8221;kollaasi 2-01&#8243; _builder_version=&#8221;4.18.0&#8243; _module_preset=&#8221;default&#8221; width=&#8221;100%&#8221; max_width=&#8221;100%&#8221; global_colors_info=&#8221;{}&#8221;][\/et_pb_image][\/et_pb_column][\/et_pb_row][et_pb_row column_structure=&#8221;1_4,1_2,1_4&#8243; _builder_version=&#8221;4.18.0&#8243; _module_preset=&#8221;default&#8221; min_height=&#8221;503.9px&#8221; global_colors_info=&#8221;{}&#8221;][et_pb_column type=&#8221;1_4&#8243; _builder_version=&#8221;4.18.0&#8243; _module_preset=&#8221;default&#8221; global_colors_info=&#8221;{}&#8221;][\/et_pb_column][et_pb_column type=&#8221;1_2&#8243; _builder_version=&#8221;4.18.0&#8243; _module_preset=&#8221;default&#8221; global_colors_info=&#8221;{}&#8221;][et_pb_text admin_label=&#8221;Otsikko&#8221; _builder_version=&#8221;4.18.0&#8243; _module_preset=&#8221;default&#8221; min_height=&#8221;37px&#8221; custom_margin=&#8221;1px||2px|||&#8221; custom_padding=&#8221;0px|||||&#8221; global_colors_info=&#8221;{}&#8221;]<\/p>\n<h3 style=\"text-align: center\">MEIST\u00c4<\/h3>\n<p>[\/et_pb_text][et_pb_text _builder_version=&#8221;4.18.0&#8243; _module_preset=&#8221;default&#8221; custom_margin=&#8221;||12px|||&#8221; custom_padding=&#8221;||22px|||&#8221; global_colors_info=&#8221;{}&#8221;]<span data-contrast=\"auto\">T\u00e4m\u00e4n sivun tavoitteena on koota yhteen paikkaan Active Arctic \u2013 hankkeen keskeiset toimijat, heid\u00e4n roolinsa ja tarpeet sek\u00e4 toimia mukana oleville yrityksille alustana, jonka kautta he voivat verkostoitua, esitt\u00e4\u00e4 osaamistaan ja palveluitaan muille yrityksille sek\u00e4 mahdollisille yhteisty\u00f6kumppaneille. <\/span><span data-contrast=\"none\">Tavoitteena on tukea toimijoita ja rakentaa heille polku kohti digitaalisia ratkaisuja ja palveluita, lis\u00e4t\u00e4 toimijoiden tietoisuutta ja motivaatiota digitaalisien teknologioiden hy\u00f6dynt\u00e4miseen liiketoiminnan kehitt\u00e4misess\u00e4.\u00a0<\/span><span data-contrast=\"auto\">T\u00e4m\u00e4 voi tarkoittaa mm. palveluprosessien ja markkinoinnin prosessien digitalisoimista, uusia ratkaisuja potilasty\u00f6h\u00f6n, uusia arvonluonti- sek\u00e4 ansaintatapoja jne.<\/span><span data-ccp-props=\"{&quot;201341983&quot;:0,&quot;335559739&quot;:160,&quot;335559740&quot;:259}\">\u00a0<\/span><\/p>\n<p><span data-contrast=\"auto\">Hankkeen aikana ker\u00e4t\u00e4\u00e4n my\u00f6s temaattista tietoa hyvinvointiin ja teknologiaan liittyvist\u00e4 aiheista. Tietoja julkaistaan portfolio sivustolla hankkeen edetess\u00e4.<\/span><span data-ccp-props=\"{&quot;201341983&quot;:0,&quot;335559739&quot;:160,&quot;335559740&quot;:259}\">\u00a0<\/span><br \/>\n[\/et_pb_text][\/et_pb_column][et_pb_column type=&#8221;1_4&#8243; _builder_version=&#8221;4.18.0&#8243; _module_preset=&#8221;default&#8221; global_colors_info=&#8221;{}&#8221;][\/et_pb_column][\/et_pb_row][\/et_pb_section][et_pb_section fb_built=&#8221;1&#8243; admin_label=&#8221;Portfolio&#8221; _builder_version=&#8221;4.18.0&#8243; _module_preset=&#8221;default&#8221; background_enable_image=&#8221;off&#8221; min_height=&#8221;100px&#8221; height=&#8221;200px&#8221; max_height=&#8221;283px&#8221; custom_margin=&#8221;1px|||||&#8221; custom_padding=&#8221;4px||6px|||&#8221; global_colors_info=&#8221;{}&#8221;][et_pb_row admin_label=&#8221;Rivi&#8221; _builder_version=&#8221;4.18.0&#8243; _module_preset=&#8221;default&#8221; min_height=&#8221;83.5px&#8221; custom_margin=&#8221;4px|auto||auto||&#8221; custom_padding=&#8221;||5px|||&#8221; global_colors_info=&#8221;{}&#8221;][et_pb_column type=&#8221;4_4&#8243; _builder_version=&#8221;4.18.0&#8243; _module_preset=&#8221;default&#8221; global_colors_info=&#8221;{}&#8221;][\/et_pb_column][\/et_pb_row][\/et_pb_section][et_pb_section fb_built=&#8221;1&#8243; admin_label=&#8221;Kehitt\u00e4misymp\u00e4rist\u00f6t&#8221; _builder_version=&#8221;4.18.0&#8243; _module_preset=&#8221;default&#8221; background_enable_image=&#8221;off&#8221; min_height=&#8221;1826.4px&#8221; custom_margin=&#8221;1px|||||&#8221; custom_padding=&#8221;16px||6px|||&#8221; global_colors_info=&#8221;{}&#8221;][et_pb_row admin_label=&#8221;Rivi&#8221; _builder_version=&#8221;4.18.0&#8243; _module_preset=&#8221;default&#8221; custom_margin=&#8221;-1px|auto||auto||&#8221; custom_padding=&#8221;||9px|||&#8221; global_colors_info=&#8221;{}&#8221;][et_pb_column type=&#8221;4_4&#8243; _builder_version=&#8221;4.18.0&#8243; _module_preset=&#8221;default&#8221; global_colors_info=&#8221;{}&#8221;][\/et_pb_column][\/et_pb_row][et_pb_row _builder_version=&#8221;4.20.0&#8243; _module_preset=&#8221;default&#8221; custom_padding=&#8221;||6px|||&#8221; global_colors_info=&#8221;{}&#8221;][et_pb_column type=&#8221;4_4&#8243; _builder_version=&#8221;4.20.0&#8243; _module_preset=&#8221;default&#8221; global_colors_info=&#8221;{}&#8221;][et_pb_text admin_label=&#8221;PROJEKTIPORTFOLIO&#8221; _builder_version=&#8221;4.18.0&#8243; _module_preset=&#8221;default&#8221; custom_margin=&#8221;||1px|||&#8221; custom_padding=&#8221;||7px|||&#8221; global_colors_info=&#8221;{}&#8221;]<\/p>\n<h2 style=\"text-align: center\">PROJEKTIPORTFOLIO<\/h2>\n<p>[\/et_pb_text][et_pb_filterable_portfolio fullwidth=&#8221;off&#8221; posts_number=&#8221;8&#8243; include_categories=&#8221;794783,794782&#8243; show_categories=&#8221;off&#8221; _builder_version=&#8221;4.18.0&#8243; _module_preset=&#8221;default&#8221; custom_margin=&#8221;32px||12px|||&#8221; global_colors_info=&#8221;{}&#8221;][\/et_pb_filterable_portfolio][\/et_pb_column][\/et_pb_row][et_pb_row _builder_version=&#8221;4.18.0&#8243; _module_preset=&#8221;default&#8221; module_alignment=&#8221;center&#8221; custom_margin=&#8221;-4px|auto||auto||&#8221; custom_padding=&#8221;31px||5px|||&#8221; global_colors_info=&#8221;{}&#8221;][et_pb_column type=&#8221;4_4&#8243; _builder_version=&#8221;4.18.0&#8243; _module_preset=&#8221;default&#8221; global_colors_info=&#8221;{}&#8221;][et_pb_text admin_label=&#8221;PROJEKTIPORTFOLIO&#8221; _builder_version=&#8221;4.18.0&#8243; _module_preset=&#8221;default&#8221; min_height=&#8221;41px&#8221; custom_margin=&#8221;0px||1px|||&#8221; custom_padding=&#8221;||6px|||&#8221; global_colors_info=&#8221;{}&#8221;]<\/p>\n<h2 style=\"text-align: center\">KEHITT\u00c4MISYMP\u00c4RIST\u00d6T<\/h2>\n<p>[\/et_pb_text][et_pb_text _builder_version=&#8221;4.18.0&#8243; _module_preset=&#8221;default&#8221; custom_margin=&#8221;2px|||||&#8221; custom_padding=&#8221;||0px|||&#8221; global_colors_info=&#8221;{}&#8221;]<\/p>\n<p style=\"text-align: center\">T\u00e4\u00e4ll\u00e4 p\u00e4\u00e4set tutustumaan Lapin ammattikorkeakoulun ja Lapin yliopiston kehitt\u00e4misymp\u00e4rist\u00f6ihin.<strong><\/strong><\/p>\n<p>[\/et_pb_text][\/et_pb_column][\/et_pb_row][et_pb_row column_structure=&#8221;1_2,1_2&#8243; admin_label=&#8221;AMK ja LY&#8221; _builder_version=&#8221;4.18.0&#8243; _module_preset=&#8221;default&#8221; min_height=&#8221;170px&#8221; custom_padding=&#8221;2px||42px|||&#8221; global_colors_info=&#8221;{}&#8221;][et_pb_column type=&#8221;1_2&#8243; _builder_version=&#8221;4.18.0&#8243; _module_preset=&#8221;default&#8221; global_colors_info=&#8221;{}&#8221;][et_pb_image src=&#8221;https:\/\/blogi.eoppimispalvelut.fi\/activearctic\/files\/2022\/02\/Lapin-AMK-logo.jpg&#8221; alt=&#8221;Lapin ammattikorkeakoulun logo.&#8221; title_text=&#8221;Lapin ammattikorkeakoulu&#8221; url=&#8221;https:\/\/blogi.eoppimispalvelut.fi\/activearctic\/kehittamisymparistot-amk\/&#8221; _builder_version=&#8221;4.18.0&#8243; _module_preset=&#8221;default&#8221; background_enable_image=&#8221;off&#8221; width=&#8221;65%&#8221; custom_margin=&#8221;|||8px||&#8221; custom_padding=&#8221;|0px|0px|||&#8221; global_colors_info=&#8221;{}&#8221;][\/et_pb_image][et_pb_text _builder_version=&#8221;4.18.0&#8243; _module_preset=&#8221;default&#8221; custom_margin=&#8221;18px|||||&#8221; custom_padding=&#8221;|8px|24px|18px||&#8221; global_colors_info=&#8221;{}&#8221;]<\/p>\n<p><a href=\"https:\/\/blogi.eoppimispalvelut.fi\/activearctic\/kehittamisymparistot-amk\/\">Lapin ammattikorkeakoulun kehitt\u00e4misymp\u00e4rist\u00f6t<\/a> taas keskittyv\u00e4t monipuolisesti mm. hyvinvointialan ja teknologian mittaus-, analysointi-, tutkimus- ja tuotekehitystoimintaan pit\u00e4en sis\u00e4ll\u00e4\u00e4n informaatioteknologisen ja teknisen kehitt\u00e4misen, osallisuuteen ja toimintakykyyn liittyv\u00e4t kehitt\u00e4misymp\u00e4rist\u00f6t sek\u00e4 tulevaisuuden terveyspalveluihin liittyv\u00e4t testaus- ja simulointiymp\u00e4rist\u00f6t.\u00a0<strong>Lapin AMKin palvelut sopivat erityisesti ideoiden jatkokehitt\u00e4miseen ja testaamiseen alkuvaiheen tuote- ja palvelukehityksen j\u00e4lkeen.<\/strong><\/p>\n<p>[\/et_pb_text][\/et_pb_column][et_pb_column type=&#8221;1_2&#8243; _builder_version=&#8221;4.18.0&#8243; _module_preset=&#8221;default&#8221; global_colors_info=&#8221;{}&#8221;][et_pb_image src=&#8221;https:\/\/blogi.eoppimispalvelut.fi\/activearctic\/files\/2022\/12\/Ulapland_RGB_vaaka.png&#8221; alt=&#8221;university of lapland&#8221; title_text=&#8221;Ulapland_RGB_vaaka&#8221; url=&#8221;https:\/\/blogi.eoppimispalvelut.fi\/activearctic\/kehittamisymparistot-ly\/&#8221; align=&#8221;center&#8221; _builder_version=&#8221;4.18.0&#8243; _module_preset=&#8221;default&#8221; background_enable_image=&#8221;off&#8221; width=&#8221;70%&#8221; custom_margin=&#8221;19px||42px|9px||&#8221; custom_padding=&#8221;0px|||||&#8221; global_colors_info=&#8221;{}&#8221;][\/et_pb_image][et_pb_text _builder_version=&#8221;4.18.0&#8243; _module_preset=&#8221;default&#8221; custom_margin=&#8221;18px|||13px||&#8221; custom_padding=&#8221;|3px|24px|||&#8221; global_colors_info=&#8221;{}&#8221;]<\/p>\n<p><a href=\"https:\/\/blogi.eoppimispalvelut.fi\/activearctic\/kehittamisymparistot-ly\/\">Lapin yliopiston kehitt\u00e4misymp\u00e4rist\u00f6jen<\/a> sis\u00e4ll\u00f6t keskittyv\u00e4t ARCTAn palveluihin ja taiteiden tiedekunnan osaamisalueisiin liittyen mm. k\u00e4ytt\u00e4j\u00e4keskeiseen muotoilu- ja taideperustaiseen luovaan kehitt\u00e4miseen. ARCTAn palvelut sis\u00e4lt\u00e4v\u00e4t mm. teollisen tuotemuotoilun, palvelumuotoilun, k\u00e4ytt\u00f6liittym\u00e4suunnittelun, audiovisuaalisen tuotannon ja graafisen suunnittelun sek\u00e4 soveltavan taiteen osaamisen.\u00a0<strong>Palvelut on suunnattu erityisesti start-up ja pk-yrityksille sek\u00e4 julkisille palveluntuottajille tuote- ja palvelukehitysprosessien alkuvaiheeseen.<\/strong><strong><\/strong><\/p>\n<p>[\/et_pb_text][\/et_pb_column][\/et_pb_row][et_pb_row column_structure=&#8221;1_5,3_5,1_5&#8243; _builder_version=&#8221;4.18.0&#8243; _module_preset=&#8221;default&#8221; custom_margin=&#8221;7px|auto|28px|auto||&#8221; custom_padding=&#8221;16px|||||&#8221; global_colors_info=&#8221;{}&#8221;][et_pb_column type=&#8221;1_5&#8243; _builder_version=&#8221;4.18.0&#8243; _module_preset=&#8221;default&#8221; global_colors_info=&#8221;{}&#8221;][\/et_pb_column][et_pb_column type=&#8221;3_5&#8243; _builder_version=&#8221;4.18.0&#8243; _module_preset=&#8221;default&#8221; global_colors_info=&#8221;{}&#8221;][et_pb_divider color=&#8221;#000000&#8243; divider_weight=&#8221;2px&#8221; _builder_version=&#8221;4.20.0&#8243; _module_preset=&#8221;default&#8221; global_colors_info=&#8221;{}&#8221;][\/et_pb_divider][et_pb_text admin_label=&#8221;PROJEKTIPORTFOLIO&#8221; _builder_version=&#8221;4.18.0&#8243; _module_preset=&#8221;default&#8221; min_height=&#8221;3px&#8221; custom_margin=&#8221;10px||1px|||&#8221; custom_padding=&#8221;||20px|||&#8221; global_colors_info=&#8221;{}&#8221;]<\/p>\n<h2 style=\"text-align: center\">MATERIAALIT YRITYKSILLE<\/h2>\n<p>[\/et_pb_text][et_pb_button button_url=&#8221;https:\/\/blogi.eoppimispalvelut.fi\/activearctic\/?page_id=2199&amp;preview=true&#8221; url_new_window=&#8221;on&#8221; button_text=&#8221;Pk-yrityksen digipolku &amp; sein\u00e4taulu&#8221; button_alignment=&#8221;center&#8221; _builder_version=&#8221;4.18.0&#8243; _module_preset=&#8221;default&#8221; custom_margin=&#8221;||20px||false|false&#8221; custom_padding=&#8221;||3px||false|false&#8221; global_colors_info=&#8221;{}&#8221;][\/et_pb_button][\/et_pb_column][et_pb_column type=&#8221;1_5&#8243; _builder_version=&#8221;4.18.0&#8243; _module_preset=&#8221;default&#8221; global_colors_info=&#8221;{}&#8221;][\/et_pb_column][\/et_pb_row][\/et_pb_section]<\/p>\n","protected":false},"excerpt":{"rendered":"<p>MEIST\u00c4 T\u00e4m\u00e4n sivun tavoitteena on koota yhteen paikkaan Active Arctic \u2013 hankkeen keskeiset toimijat, heid\u00e4n roolinsa ja tarpeet sek\u00e4 toimia mukana oleville yrityksille alustana, jonka kautta he voivat verkostoitua, esitt\u00e4\u00e4 osaamistaan ja palveluitaan muille yrityksille sek\u00e4 mahdollisille yhteisty\u00f6kumppaneille. Tavoitteena on tukea toimijoita ja rakentaa heille polku kohti digitaalisia ratkaisuja ja palveluita, lis\u00e4t\u00e4 toimijoiden tietoisuutta ja [&hellip;]<\/p>\n","protected":false},"author":19914,"featured_media":0,"parent":0,"menu_order":0,"comment_status":"closed","ping_status":"closed","template":"","meta":{"_et_pb_use_builder":"on","_et_pb_old_content":"","_et_gb_content_width":"","footnotes":""},"class_list":["post-1663","page","type-page","status-publish","hentry"],"yoast_head":"<!-- This site is optimized with the Yoast SEO plugin v27.4 - https:\/\/yoast.com\/product\/yoast-seo-wordpress\/ -->\n<title>Portfolio - Active Arctic<\/title>\n<meta name=\"description\" content=\"Active Arctic \u2013 hankkeen keskeiset toimijat, heid\u00e4n roolinsa ja tarpeet sek\u00e4 toimia mukana oleville yrityksille alustana, jonka kautta he voivat verkostoitua, esitt\u00e4\u00e4 osaamistaan ja palveluitaan muille yrityksille sek\u00e4 mahdollisille yhteisty\u00f6kumppaneille.\" \/>\n<meta name=\"robots\" content=\"index, follow, max-snippet:-1, max-image-preview:large, max-video-preview:-1\" \/>\n<link rel=\"canonical\" href=\"https:\/\/blogi.eoppimispalvelut.fi\/activearctic\/portfolio\/\" \/>\n<meta property=\"og:locale\" content=\"fi_FI\" \/>\n<meta property=\"og:type\" content=\"article\" \/>\n<meta property=\"og:title\" content=\"Portfolio - Active Arctic\" \/>\n<meta property=\"og:description\" content=\"Active Arctic \u2013 hankkeen keskeiset toimijat, heid\u00e4n roolinsa ja tarpeet sek\u00e4 toimia mukana oleville yrityksille alustana, jonka kautta he voivat verkostoitua, esitt\u00e4\u00e4 osaamistaan ja palveluitaan muille yrityksille sek\u00e4 mahdollisille yhteisty\u00f6kumppaneille.\" \/>\n<meta property=\"og:url\" content=\"https:\/\/blogi.eoppimispalvelut.fi\/activearctic\/portfolio\/\" \/>\n<meta property=\"og:site_name\" content=\"Active Arctic\" \/>\n<meta property=\"article:modified_time\" content=\"2023-05-30T12:22:26+00:00\" \/>\n<meta name=\"twitter:card\" content=\"summary_large_image\" \/>\n<meta name=\"twitter:label1\" content=\"Est. reading time\" \/>\n\t<meta name=\"twitter:data1\" content=\"3 minutes\" \/>\n<script type=\"application\/ld+json\" class=\"yoast-schema-graph\">{\"@context\":\"https:\\\/\\\/schema.org\",\"@graph\":[{\"@type\":\"WebPage\",\"@id\":\"https:\\\/\\\/blogi.eoppimispalvelut.fi\\\/activearctic\\\/portfolio\\\/\",\"url\":\"https:\\\/\\\/blogi.eoppimispalvelut.fi\\\/activearctic\\\/portfolio\\\/\",\"name\":\"Portfolio - Active Arctic\",\"isPartOf\":{\"@id\":\"https:\\\/\\\/blogi.eoppimispalvelut.fi\\\/activearctic\\\/#website\"},\"datePublished\":\"2022-12-12T14:28:00+00:00\",\"dateModified\":\"2023-05-30T12:22:26+00:00\",\"description\":\"Active Arctic \u2013 hankkeen keskeiset toimijat, heid\u00e4n roolinsa ja tarpeet sek\u00e4 toimia mukana oleville yrityksille alustana, jonka kautta he voivat verkostoitua, esitt\u00e4\u00e4 osaamistaan ja palveluitaan muille yrityksille sek\u00e4 mahdollisille yhteisty\u00f6kumppaneille.\",\"breadcrumb\":{\"@id\":\"https:\\\/\\\/blogi.eoppimispalvelut.fi\\\/activearctic\\\/portfolio\\\/#breadcrumb\"},\"inLanguage\":\"fi\",\"potentialAction\":[{\"@type\":\"ReadAction\",\"target\":[\"https:\\\/\\\/blogi.eoppimispalvelut.fi\\\/activearctic\\\/portfolio\\\/\"]}]},{\"@type\":\"BreadcrumbList\",\"@id\":\"https:\\\/\\\/blogi.eoppimispalvelut.fi\\\/activearctic\\\/portfolio\\\/#breadcrumb\",\"itemListElement\":[{\"@type\":\"ListItem\",\"position\":1,\"name\":\"Home\",\"item\":\"https:\\\/\\\/blogi.eoppimispalvelut.fi\\\/activearctic\\\/\"},{\"@type\":\"ListItem\",\"position\":2,\"name\":\"Portfolio\"}]},{\"@type\":\"WebSite\",\"@id\":\"https:\\\/\\\/blogi.eoppimispalvelut.fi\\\/activearctic\\\/#website\",\"url\":\"https:\\\/\\\/blogi.eoppimispalvelut.fi\\\/activearctic\\\/\",\"name\":\"Active Arctic\",\"description\":\"Digitaaliset ymp\u00e4rist\u00f6t ja ratkaisut harvaan asuttujen alueiden hyvinvoinnin ja yritysten tukena \",\"potentialAction\":[{\"@type\":\"SearchAction\",\"target\":{\"@type\":\"EntryPoint\",\"urlTemplate\":\"https:\\\/\\\/blogi.eoppimispalvelut.fi\\\/activearctic\\\/?s={search_term_string}\"},\"query-input\":{\"@type\":\"PropertyValueSpecification\",\"valueRequired\":true,\"valueName\":\"search_term_string\"}}],\"inLanguage\":\"fi\"}]}<\/script>\n<!-- \/ Yoast SEO plugin. -->","yoast_head_json":{"title":"Portfolio - Active Arctic","description":"Active Arctic \u2013 hankkeen keskeiset toimijat, heid\u00e4n roolinsa ja tarpeet sek\u00e4 toimia mukana oleville yrityksille alustana, jonka kautta he voivat verkostoitua, esitt\u00e4\u00e4 osaamistaan ja palveluitaan muille yrityksille sek\u00e4 mahdollisille yhteisty\u00f6kumppaneille.","robots":{"index":"index","follow":"follow","max-snippet":"max-snippet:-1","max-image-preview":"max-image-preview:large","max-video-preview":"max-video-preview:-1"},"canonical":"https:\/\/blogi.eoppimispalvelut.fi\/activearctic\/portfolio\/","og_locale":"fi_FI","og_type":"article","og_title":"Portfolio - Active Arctic","og_description":"Active Arctic \u2013 hankkeen keskeiset toimijat, heid\u00e4n roolinsa ja tarpeet sek\u00e4 toimia mukana oleville yrityksille alustana, jonka kautta he voivat verkostoitua, esitt\u00e4\u00e4 osaamistaan ja palveluitaan muille yrityksille sek\u00e4 mahdollisille yhteisty\u00f6kumppaneille.","og_url":"https:\/\/blogi.eoppimispalvelut.fi\/activearctic\/portfolio\/","og_site_name":"Active Arctic","article_modified_time":"2023-05-30T12:22:26+00:00","twitter_card":"summary_large_image","twitter_misc":{"Est. reading time":"3 minutes"},"schema":{"@context":"https:\/\/schema.org","@graph":[{"@type":"WebPage","@id":"https:\/\/blogi.eoppimispalvelut.fi\/activearctic\/portfolio\/","url":"https:\/\/blogi.eoppimispalvelut.fi\/activearctic\/portfolio\/","name":"Portfolio - Active Arctic","isPartOf":{"@id":"https:\/\/blogi.eoppimispalvelut.fi\/activearctic\/#website"},"datePublished":"2022-12-12T14:28:00+00:00","dateModified":"2023-05-30T12:22:26+00:00","description":"Active Arctic \u2013 hankkeen keskeiset toimijat, heid\u00e4n roolinsa ja tarpeet sek\u00e4 toimia mukana oleville yrityksille alustana, jonka kautta he voivat verkostoitua, esitt\u00e4\u00e4 osaamistaan ja palveluitaan muille yrityksille sek\u00e4 mahdollisille yhteisty\u00f6kumppaneille.","breadcrumb":{"@id":"https:\/\/blogi.eoppimispalvelut.fi\/activearctic\/portfolio\/#breadcrumb"},"inLanguage":"fi","potentialAction":[{"@type":"ReadAction","target":["https:\/\/blogi.eoppimispalvelut.fi\/activearctic\/portfolio\/"]}]},{"@type":"BreadcrumbList","@id":"https:\/\/blogi.eoppimispalvelut.fi\/activearctic\/portfolio\/#breadcrumb","itemListElement":[{"@type":"ListItem","position":1,"name":"Home","item":"https:\/\/blogi.eoppimispalvelut.fi\/activearctic\/"},{"@type":"ListItem","position":2,"name":"Portfolio"}]},{"@type":"WebSite","@id":"https:\/\/blogi.eoppimispalvelut.fi\/activearctic\/#website","url":"https:\/\/blogi.eoppimispalvelut.fi\/activearctic\/","name":"Active Arctic","description":"Digitaaliset ymp\u00e4rist\u00f6t ja ratkaisut harvaan asuttujen alueiden hyvinvoinnin ja yritysten tukena ","potentialAction":[{"@type":"SearchAction","target":{"@type":"EntryPoint","urlTemplate":"https:\/\/blogi.eoppimispalvelut.fi\/activearctic\/?s={search_term_string}"},"query-input":{"@type":"PropertyValueSpecification","valueRequired":true,"valueName":"search_term_string"}}],"inLanguage":"fi"}]}},"_links":{"self":[{"href":"https:\/\/blogi.eoppimispalvelut.fi\/activearctic\/wp-json\/wp\/v2\/pages\/1663","targetHints":{"allow":["GET"]}}],"collection":[{"href":"https:\/\/blogi.eoppimispalvelut.fi\/activearctic\/wp-json\/wp\/v2\/pages"}],"about":[{"href":"https:\/\/blogi.eoppimispalvelut.fi\/activearctic\/wp-json\/wp\/v2\/types\/page"}],"author":[{"embeddable":true,"href":"https:\/\/blogi.eoppimispalvelut.fi\/activearctic\/wp-json\/wp\/v2\/users\/19914"}],"replies":[{"embeddable":true,"href":"https:\/\/blogi.eoppimispalvelut.fi\/activearctic\/wp-json\/wp\/v2\/comments?post=1663"}],"version-history":[{"count":90,"href":"https:\/\/blogi.eoppimispalvelut.fi\/activearctic\/wp-json\/wp\/v2\/pages\/1663\/revisions"}],"predecessor-version":[{"id":2405,"href":"https:\/\/blogi.eoppimispalvelut.fi\/activearctic\/wp-json\/wp\/v2\/pages\/1663\/revisions\/2405"}],"wp:attachment":[{"href":"https:\/\/blogi.eoppimispalvelut.fi\/activearctic\/wp-json\/wp\/v2\/media?parent=1663"}],"curies":[{"name":"wp","href":"https:\/\/api.w.org\/{rel}","templated":true}]}}