{"id":2142,"date":"2023-02-13T10:14:29","date_gmt":"2023-02-13T08:14:29","guid":{"rendered":"https:\/\/blogi.eoppimispalvelut.fi\/activearctic\/?page_id=2142"},"modified":"2023-03-16T10:52:37","modified_gmt":"2023-03-16T08:52:37","slug":"yrittajan-aamukahvit","status":"publish","type":"page","link":"https:\/\/blogi.eoppimispalvelut.fi\/activearctic\/yrittajan-aamukahvit\/","title":{"rendered":"Yritt\u00e4j\u00e4n aamukahvit"},"content":{"rendered":"<p>[et_pb_section fb_built=&#8221;1&#8243; fullwidth=&#8221;on&#8221; _builder_version=&#8221;4.16&#8243; _module_preset=&#8221;default&#8221; global_colors_info=&#8221;{}&#8221;][et_pb_fullwidth_image src=&#8221;https:\/\/blogi.eoppimispalvelut.fi\/activearctic\/files\/2023\/02\/MicrosoftTeams-image-10.jpg&#8221; title_text=&#8221;MicrosoftTeams-image (10)&#8221; _builder_version=&#8221;4.18.0&#8243; _module_preset=&#8221;default&#8221; global_colors_info=&#8221;{}&#8221;][\/et_pb_fullwidth_image][\/et_pb_section][et_pb_section fb_built=&#8221;1&#8243; _builder_version=&#8221;4.17.4&#8243; _module_preset=&#8221;default&#8221; background_enable_image=&#8221;off&#8221; custom_padding=&#8221;||1px|||&#8221; global_colors_info=&#8221;{}&#8221;][et_pb_row _builder_version=&#8221;4.16&#8243; _module_preset=&#8221;default&#8221; global_colors_info=&#8221;{}&#8221;][et_pb_column type=&#8221;4_4&#8243; _builder_version=&#8221;4.16&#8243; _module_preset=&#8221;default&#8221; global_colors_info=&#8221;{}&#8221;][et_pb_text _builder_version=&#8221;4.18.0&#8243; _module_preset=&#8221;default&#8221; header_font=&#8221;Georgia||||||||&#8221; header_font_size=&#8221;35px&#8221; header_2_font_size=&#8221;25px&#8221; global_colors_info=&#8221;{}&#8221;]<\/p>\n<h1>Yritt\u00e4j\u00e4n aamukahvit<\/h1>\n<p>[\/et_pb_text][\/et_pb_column][\/et_pb_row][\/et_pb_section][et_pb_section fb_built=&#8221;1&#8243; _builder_version=&#8221;4.17.4&#8243; _module_preset=&#8221;default&#8221; background_enable_image=&#8221;off&#8221; custom_padding=&#8221;5px|||||&#8221; global_colors_info=&#8221;{}&#8221;][et_pb_row _builder_version=&#8221;4.16&#8243; _module_preset=&#8221;default&#8221; global_colors_info=&#8221;{}&#8221;][et_pb_column type=&#8221;4_4&#8243; _builder_version=&#8221;4.16&#8243; _module_preset=&#8221;default&#8221; global_colors_info=&#8221;{}&#8221;][et_pb_text _builder_version=&#8221;4.18.0&#8243; _module_preset=&#8221;default&#8221; global_colors_info=&#8221;{}&#8221;]<\/p>\n<p>Tervetuloa keskustelemaan kanssamme kahvikupposen \u00e4\u00e4reen digitaalisista ratkaisuista ja niiden vaikuttavuudesta asiakaskokemukseen ja liiketoimintaan. Tilaisuudessa kuullaan hyvinvointialan pk-yritt\u00e4jien tarpeita digitaalisille ratkaisuille ty\u00f6ss\u00e4\u00e4n. Katso alta kahvien tarkempi ohjelma.<\/p>\n<p><strong>Paikka: Rovaniemi, Lapin ammattikorkeakoulu, Showroom (Jokiv\u00e4yl\u00e4 11, 96300 Rovaniemi)<\/strong><\/p>\n<p><strong>Aika: 21.2. klo 9\u221211<\/strong><\/p>\n<p>Ohjelma:<\/p>\n<p>9\u22129:15 Tervetuloa yritt\u00e4jien aamukahveille (Ella Bj\u00f6rn\/Tuuli Tikkanen, Active Arctic -hanke)<\/p>\n<p>9:15\u22129:45 Instagram haltuun \u2013 N\u00e4kyvyyden lis\u00e4\u00e4minen ja hakukoneoptimointi (Alina Korotovskaia &amp; Jaakko Lahtinen, Active Arctic -hanke)<\/p>\n<p>9:45-10:05 N\u00e4in poistat digijumit (Jari Kunnari, Hutcode Oy)<\/p>\n<p>10:05-11:00 Keskustelua digitaalisista ratkaisuista, tarpeista ja haasteista<\/p>\n<p><strong>Paikka: Kemi, Lumilinna (Lumilinnankatu 15) Pouta kabinetti<\/strong><\/p>\n<p><strong>Aika: 24.2. klo 10\u221212<\/strong><\/p>\n<p>Ohjelma:<\/p>\n<p>10\u221210:15 Tervetuloa yritt\u00e4jien aamukahveille (Ella Bj\u00f6rn\/Tuuli Tikkanen, Active Arctic -hanke)<\/p>\n<p>10:15\u221210:45 Instagram haltuun \u2013 N\u00e4kyvyyden lis\u00e4\u00e4minen ja hakukoneoptimointi (Alina Korotovskaia &amp; Jaakko Lahtinen, Active Arctic -hanke)<\/p>\n<p>10:45-11:05 5 ajankohtaista t\u00e4rppi\u00e4 digity\u00f6kaluihin (Minna Miettunen, Nuotio Digital Oy)<\/p>\n<p>11:05-12:00 Keskustelua digitaalisista ratkaisuista, tarpeista ja haasteista<\/p>\n<p>Aamukahvitilaisuudet j\u00e4rjest\u00e4\u00e4 Active Arctic -hanke.<\/p>\n<p>Lis\u00e4tietoja ja ilmoittautuminen: <a href=\"mailto:tuuli.tikkanen@lapinamk.fi\">tuuli.tikkanen@lapinamk.fi<\/a> ja <a href=\"mailto:ella.bjorn@ulapland.fi\">ella.bjorn@ulapland.fi<\/a><\/p>\n<p>[\/et_pb_text][\/et_pb_column][\/et_pb_row][\/et_pb_section][et_pb_section fb_built=&#8221;1&#8243; _builder_version=&#8221;4.17.4&#8243; _module_preset=&#8221;default&#8221; background_enable_image=&#8221;off&#8221; custom_padding=&#8221;5px|||||&#8221; global_colors_info=&#8221;{}&#8221;][et_pb_row column_structure=&#8221;1_4,1_4,1_4,1_4&#8243; _builder_version=&#8221;4.16&#8243; _module_preset=&#8221;default&#8221; global_colors_info=&#8221;{}&#8221;][et_pb_column type=&#8221;1_4&#8243; _builder_version=&#8221;4.16&#8243; _module_preset=&#8221;default&#8221; global_colors_info=&#8221;{}&#8221;][et_pb_image src=&#8221;https:\/\/blogi.eoppimispalvelut.fi\/activearctic\/files\/2022\/02\/Lapin-liitto-tausta.jpg&#8221; title_text=&#8221;Lapin liitto&#8221; _builder_version=&#8221;4.16&#8243; _module_preset=&#8221;default&#8221; custom_margin=&#8221;4px||||false|false&#8221; global_colors_info=&#8221;{}&#8221;][\/et_pb_image][\/et_pb_column][et_pb_column type=&#8221;1_4&#8243; _builder_version=&#8221;4.16&#8243; _module_preset=&#8221;default&#8221; global_colors_info=&#8221;{}&#8221;][et_pb_image src=&#8221;https:\/\/blogi.eoppimispalvelut.fi\/activearctic\/files\/2022\/02\/Lapin-AMK-logo.jpg&#8221; title_text=&#8221;Lapin AMK&#8221; _builder_version=&#8221;4.16&#8243; _module_preset=&#8221;default&#8221; global_colors_info=&#8221;{}&#8221;][\/et_pb_image][\/et_pb_column][et_pb_column type=&#8221;1_4&#8243; _builder_version=&#8221;4.16&#8243; _module_preset=&#8221;default&#8221; global_colors_info=&#8221;{}&#8221;][et_pb_image src=&#8221;https:\/\/blogi.eoppimispalvelut.fi\/activearctic\/files\/2022\/02\/Ulapland_RGB_vaaka.png&#8221; title_text=&#8221;Lapin yliopisto&#8221; _builder_version=&#8221;4.17.4&#8243; _module_preset=&#8221;default&#8221; background_enable_image=&#8221;off&#8221; custom_margin=&#8221;11px||||false|false&#8221; global_colors_info=&#8221;{}&#8221;][\/et_pb_image][\/et_pb_column][et_pb_column type=&#8221;1_4&#8243; _builder_version=&#8221;4.16&#8243; _module_preset=&#8221;default&#8221; global_colors_info=&#8221;{}&#8221;][et_pb_image src=&#8221;https:\/\/blogi.eoppimispalvelut.fi\/activearctic\/files\/2021\/09\/Vipuvoimaa_Eulta_2014-2020_ja_EAKR.png&#8221; alt=&#8221;Vipuvoimaa EU:lta 2014-2020 ja Euroopan unioni, Euroopan aluekehitysrahasto -tunnukset&#8221; title_text=&#8221;Vipuvoimaa EU:lta 2014-2020 ja Euroopan unioni, Euroopan aluekehitysrahasto -tunnukset&#8221; _builder_version=&#8221;4.17.4&#8243; _module_preset=&#8221;default&#8221; background_enable_image=&#8221;off&#8221; global_colors_info=&#8221;{}&#8221;][\/et_pb_image][\/et_pb_column][\/et_pb_row][\/et_pb_section]<\/p>\n","protected":false},"excerpt":{"rendered":"<p>Yritt\u00e4j\u00e4n aamukahvitTervetuloa keskustelemaan kanssamme kahvikupposen \u00e4\u00e4reen digitaalisista ratkaisuista ja niiden vaikuttavuudesta asiakaskokemukseen ja liiketoimintaan. Tilaisuudessa kuullaan hyvinvointialan pk-yritt\u00e4jien tarpeita digitaalisille ratkaisuille ty\u00f6ss\u00e4\u00e4n. Katso alta kahvien tarkempi ohjelma. Paikka: Rovaniemi, Lapin ammattikorkeakoulu, Showroom (Jokiv\u00e4yl\u00e4 11, 96300 Rovaniemi) Aika: 21.2. klo 9\u221211 Ohjelma: 9\u22129:15 Tervetuloa yritt\u00e4jien aamukahveille (Ella Bj\u00f6rn\/Tuuli Tikkanen, Active Arctic -hanke) 9:15\u22129:45 Instagram haltuun \u2013 [&hellip;]<\/p>\n","protected":false},"author":4075,"featured_media":0,"parent":0,"menu_order":0,"comment_status":"closed","ping_status":"closed","template":"","meta":{"_et_pb_use_builder":"on","_et_pb_old_content":"","_et_gb_content_width":"","footnotes":""},"class_list":["post-2142","page","type-page","status-publish","hentry"],"yoast_head":"<!-- This site is optimized with the Yoast SEO plugin v27.1.1 - https:\/\/yoast.com\/product\/yoast-seo-wordpress\/ -->\n<title>Yritt\u00e4j\u00e4n aamukahvit - Active Arctic<\/title>\n<meta name=\"robots\" content=\"index, follow, max-snippet:-1, max-image-preview:large, max-video-preview:-1\" \/>\n<link rel=\"canonical\" href=\"https:\/\/blogi.eoppimispalvelut.fi\/activearctic\/yrittajan-aamukahvit\/\" \/>\n<meta property=\"og:locale\" content=\"fi_FI\" \/>\n<meta property=\"og:type\" content=\"article\" \/>\n<meta property=\"og:title\" content=\"Yritt\u00e4j\u00e4n aamukahvit - Active Arctic\" \/>\n<meta property=\"og:description\" content=\"Yritt\u00e4j\u00e4n aamukahvitTervetuloa keskustelemaan kanssamme kahvikupposen \u00e4\u00e4reen digitaalisista ratkaisuista ja niiden vaikuttavuudesta asiakaskokemukseen ja liiketoimintaan. Tilaisuudessa kuullaan hyvinvointialan pk-yritt\u00e4jien tarpeita digitaalisille ratkaisuille ty\u00f6ss\u00e4\u00e4n. Katso alta kahvien tarkempi ohjelma. Paikka: Rovaniemi, Lapin ammattikorkeakoulu, Showroom (Jokiv\u00e4yl\u00e4 11, 96300 Rovaniemi) Aika: 21.2. klo 9\u221211 Ohjelma: 9\u22129:15 Tervetuloa yritt\u00e4jien aamukahveille (Ella Bj\u00f6rn\/Tuuli Tikkanen, Active Arctic -hanke) 9:15\u22129:45 Instagram haltuun \u2013 [&hellip;]\" \/>\n<meta property=\"og:url\" content=\"https:\/\/blogi.eoppimispalvelut.fi\/activearctic\/yrittajan-aamukahvit\/\" \/>\n<meta property=\"og:site_name\" content=\"Active Arctic\" \/>\n<meta property=\"article:modified_time\" content=\"2023-03-16T08:52:37+00:00\" \/>\n<meta name=\"twitter:card\" content=\"summary_large_image\" \/>\n<meta name=\"twitter:label1\" content=\"Est. reading time\" \/>\n\t<meta name=\"twitter:data1\" content=\"2 minutes\" \/>\n<script type=\"application\/ld+json\" class=\"yoast-schema-graph\">{\"@context\":\"https:\/\/schema.org\",\"@graph\":[{\"@type\":\"WebPage\",\"@id\":\"https:\/\/blogi.eoppimispalvelut.fi\/activearctic\/yrittajan-aamukahvit\/\",\"url\":\"https:\/\/blogi.eoppimispalvelut.fi\/activearctic\/yrittajan-aamukahvit\/\",\"name\":\"Yritt\u00e4j\u00e4n aamukahvit - Active Arctic\",\"isPartOf\":{\"@id\":\"https:\/\/blogi.eoppimispalvelut.fi\/activearctic\/#website\"},\"datePublished\":\"2023-02-13T08:14:29+00:00\",\"dateModified\":\"2023-03-16T08:52:37+00:00\",\"breadcrumb\":{\"@id\":\"https:\/\/blogi.eoppimispalvelut.fi\/activearctic\/yrittajan-aamukahvit\/#breadcrumb\"},\"inLanguage\":\"fi\",\"potentialAction\":[{\"@type\":\"ReadAction\",\"target\":[\"https:\/\/blogi.eoppimispalvelut.fi\/activearctic\/yrittajan-aamukahvit\/\"]}]},{\"@type\":\"BreadcrumbList\",\"@id\":\"https:\/\/blogi.eoppimispalvelut.fi\/activearctic\/yrittajan-aamukahvit\/#breadcrumb\",\"itemListElement\":[{\"@type\":\"ListItem\",\"position\":1,\"name\":\"Home\",\"item\":\"https:\/\/blogi.eoppimispalvelut.fi\/activearctic\/\"},{\"@type\":\"ListItem\",\"position\":2,\"name\":\"Yritt\u00e4j\u00e4n aamukahvit\"}]},{\"@type\":\"WebSite\",\"@id\":\"https:\/\/blogi.eoppimispalvelut.fi\/activearctic\/#website\",\"url\":\"https:\/\/blogi.eoppimispalvelut.fi\/activearctic\/\",\"name\":\"Active Arctic\",\"description\":\"Digitaaliset ymp\u00e4rist\u00f6t ja ratkaisut harvaan asuttujen alueiden hyvinvoinnin ja yritysten tukena \",\"potentialAction\":[{\"@type\":\"SearchAction\",\"target\":{\"@type\":\"EntryPoint\",\"urlTemplate\":\"https:\/\/blogi.eoppimispalvelut.fi\/activearctic\/?s={search_term_string}\"},\"query-input\":{\"@type\":\"PropertyValueSpecification\",\"valueRequired\":true,\"valueName\":\"search_term_string\"}}],\"inLanguage\":\"fi\"}]}<\/script>\n<!-- \/ Yoast SEO plugin. -->","yoast_head_json":{"title":"Yritt\u00e4j\u00e4n aamukahvit - Active Arctic","robots":{"index":"index","follow":"follow","max-snippet":"max-snippet:-1","max-image-preview":"max-image-preview:large","max-video-preview":"max-video-preview:-1"},"canonical":"https:\/\/blogi.eoppimispalvelut.fi\/activearctic\/yrittajan-aamukahvit\/","og_locale":"fi_FI","og_type":"article","og_title":"Yritt\u00e4j\u00e4n aamukahvit - Active Arctic","og_description":"Yritt\u00e4j\u00e4n aamukahvitTervetuloa keskustelemaan kanssamme kahvikupposen \u00e4\u00e4reen digitaalisista ratkaisuista ja niiden vaikuttavuudesta asiakaskokemukseen ja liiketoimintaan. Tilaisuudessa kuullaan hyvinvointialan pk-yritt\u00e4jien tarpeita digitaalisille ratkaisuille ty\u00f6ss\u00e4\u00e4n. Katso alta kahvien tarkempi ohjelma. Paikka: Rovaniemi, Lapin ammattikorkeakoulu, Showroom (Jokiv\u00e4yl\u00e4 11, 96300 Rovaniemi) Aika: 21.2. klo 9\u221211 Ohjelma: 9\u22129:15 Tervetuloa yritt\u00e4jien aamukahveille (Ella Bj\u00f6rn\/Tuuli Tikkanen, Active Arctic -hanke) 9:15\u22129:45 Instagram haltuun \u2013 [&hellip;]","og_url":"https:\/\/blogi.eoppimispalvelut.fi\/activearctic\/yrittajan-aamukahvit\/","og_site_name":"Active Arctic","article_modified_time":"2023-03-16T08:52:37+00:00","twitter_card":"summary_large_image","twitter_misc":{"Est. reading time":"2 minutes"},"schema":{"@context":"https:\/\/schema.org","@graph":[{"@type":"WebPage","@id":"https:\/\/blogi.eoppimispalvelut.fi\/activearctic\/yrittajan-aamukahvit\/","url":"https:\/\/blogi.eoppimispalvelut.fi\/activearctic\/yrittajan-aamukahvit\/","name":"Yritt\u00e4j\u00e4n aamukahvit - Active Arctic","isPartOf":{"@id":"https:\/\/blogi.eoppimispalvelut.fi\/activearctic\/#website"},"datePublished":"2023-02-13T08:14:29+00:00","dateModified":"2023-03-16T08:52:37+00:00","breadcrumb":{"@id":"https:\/\/blogi.eoppimispalvelut.fi\/activearctic\/yrittajan-aamukahvit\/#breadcrumb"},"inLanguage":"fi","potentialAction":[{"@type":"ReadAction","target":["https:\/\/blogi.eoppimispalvelut.fi\/activearctic\/yrittajan-aamukahvit\/"]}]},{"@type":"BreadcrumbList","@id":"https:\/\/blogi.eoppimispalvelut.fi\/activearctic\/yrittajan-aamukahvit\/#breadcrumb","itemListElement":[{"@type":"ListItem","position":1,"name":"Home","item":"https:\/\/blogi.eoppimispalvelut.fi\/activearctic\/"},{"@type":"ListItem","position":2,"name":"Yritt\u00e4j\u00e4n aamukahvit"}]},{"@type":"WebSite","@id":"https:\/\/blogi.eoppimispalvelut.fi\/activearctic\/#website","url":"https:\/\/blogi.eoppimispalvelut.fi\/activearctic\/","name":"Active Arctic","description":"Digitaaliset ymp\u00e4rist\u00f6t ja ratkaisut harvaan asuttujen alueiden hyvinvoinnin ja yritysten tukena ","potentialAction":[{"@type":"SearchAction","target":{"@type":"EntryPoint","urlTemplate":"https:\/\/blogi.eoppimispalvelut.fi\/activearctic\/?s={search_term_string}"},"query-input":{"@type":"PropertyValueSpecification","valueRequired":true,"valueName":"search_term_string"}}],"inLanguage":"fi"}]}},"_links":{"self":[{"href":"https:\/\/blogi.eoppimispalvelut.fi\/activearctic\/wp-json\/wp\/v2\/pages\/2142","targetHints":{"allow":["GET"]}}],"collection":[{"href":"https:\/\/blogi.eoppimispalvelut.fi\/activearctic\/wp-json\/wp\/v2\/pages"}],"about":[{"href":"https:\/\/blogi.eoppimispalvelut.fi\/activearctic\/wp-json\/wp\/v2\/types\/page"}],"author":[{"embeddable":true,"href":"https:\/\/blogi.eoppimispalvelut.fi\/activearctic\/wp-json\/wp\/v2\/users\/4075"}],"replies":[{"embeddable":true,"href":"https:\/\/blogi.eoppimispalvelut.fi\/activearctic\/wp-json\/wp\/v2\/comments?post=2142"}],"version-history":[{"count":14,"href":"https:\/\/blogi.eoppimispalvelut.fi\/activearctic\/wp-json\/wp\/v2\/pages\/2142\/revisions"}],"predecessor-version":[{"id":2406,"href":"https:\/\/blogi.eoppimispalvelut.fi\/activearctic\/wp-json\/wp\/v2\/pages\/2142\/revisions\/2406"}],"wp:attachment":[{"href":"https:\/\/blogi.eoppimispalvelut.fi\/activearctic\/wp-json\/wp\/v2\/media?parent=2142"}],"curies":[{"name":"wp","href":"https:\/\/api.w.org\/{rel}","templated":true}]}}