{"id":2300,"date":"2023-03-06T11:02:59","date_gmt":"2023-03-06T09:02:59","guid":{"rendered":"https:\/\/blogi.eoppimispalvelut.fi\/activearctic\/?page_id=2300"},"modified":"2023-06-15T17:45:21","modified_gmt":"2023-06-15T14:45:21","slug":"metsankavija","status":"publish","type":"page","link":"https:\/\/blogi.eoppimispalvelut.fi\/activearctic\/metsankavija\/","title":{"rendered":"Mets\u00e4nk\u00e4vij\u00e4"},"content":{"rendered":"<p>[et_pb_section fb_built=&#8221;1&#8243; admin_label=&#8221;Kuva&#8221; _builder_version=&#8221;4.18.0&#8243; _module_preset=&#8221;default&#8221; background_enable_color=&#8221;off&#8221; background_enable_image=&#8221;off&#8221; module_alignment=&#8221;center&#8221; min_height=&#8221;100px&#8221; height=&#8221;200px&#8221; max_height=&#8221;283px&#8221; custom_margin=&#8221;0px||-1px||false|false&#8221; custom_padding=&#8221;0px||4px||false|false&#8221; collapsed=&#8221;off&#8221; global_colors_info=&#8221;{}&#8221;][et_pb_row _builder_version=&#8221;4.18.0&#8243; _module_preset=&#8221;default&#8221; width=&#8221;100%&#8221; max_width=&#8221;1958px&#8221; module_alignment=&#8221;center&#8221; custom_margin=&#8221;|auto|-2px|2px||&#8221; custom_padding=&#8221;0px|0px|18px|0px||&#8221; global_colors_info=&#8221;{}&#8221;][et_pb_column type=&#8221;4_4&#8243; _builder_version=&#8221;4.18.0&#8243; _module_preset=&#8221;default&#8221; global_colors_info=&#8221;{}&#8221;][et_pb_image src=&#8221;https:\/\/blogi.eoppimispalvelut.fi\/activearctic\/files\/2023\/03\/kollaasi_metsa-WEB-scaled.jpg&#8221; alt=&#8221;3 kuvaa per\u00e4kk\u00e4in: Mets\u00e4n maisemat Mets\u00e4nk\u00e4vij\u00e4stka, hymyilev\u00e4 tytt\u00f6, jolla on VR-Glasses, Mets\u00e4nK\u00e4vij\u00e4n j\u00e4rven maisemat&#8221; title_text=&#8221;kollaasi_metsa-WEB&#8221; _builder_version=&#8221;4.20.0&#8243; _module_preset=&#8221;default&#8221; width=&#8221;100%&#8221; max_width=&#8221;100%&#8221; global_colors_info=&#8221;{}&#8221;][\/et_pb_image][\/et_pb_column][\/et_pb_row][\/et_pb_section][et_pb_section fb_built=&#8221;1&#8243; admin_label=&#8221;Kehitt\u00e4misymp\u00e4rist\u00f6t&#8221; _builder_version=&#8221;4.20.0&#8243; _module_preset=&#8221;default&#8221; background_enable_image=&#8221;off&#8221; custom_margin=&#8221;1px|||||&#8221; custom_padding=&#8221;16px||6px|||&#8221; global_colors_info=&#8221;{}&#8221;][et_pb_row column_structure=&#8221;1_5,3_5,1_5&#8243; admin_label=&#8221;Mets\u00e4nk\u00e4vij\u00e4&#8221; _builder_version=&#8221;4.20.0&#8243; _module_preset=&#8221;default&#8221; min_height=&#8221;540.2px&#8221; custom_margin=&#8221;-10px|auto|0px|auto||&#8221; custom_padding=&#8221;10px||49px|||&#8221; global_colors_info=&#8221;{}&#8221;][et_pb_column type=&#8221;1_5&#8243; _builder_version=&#8221;4.20.0&#8243; _module_preset=&#8221;default&#8221; global_colors_info=&#8221;{}&#8221;][\/et_pb_column][et_pb_column type=&#8221;3_5&#8243; _builder_version=&#8221;4.20.0&#8243; _module_preset=&#8221;default&#8221; global_colors_info=&#8221;{}&#8221;][et_pb_text admin_label=&#8221;Mets\u00e4nk\u00e4vij\u00e4&#8221; _builder_version=&#8221;4.20.4&#8243; _module_preset=&#8221;default&#8221; custom_padding=&#8221;37px||5px|||&#8221; global_colors_info=&#8221;{}&#8221;]<\/p>\n<h2>METS\u00c4NK\u00c4VIJ\u00c4\u00a0<span class=\"ui-provider cvm cvn c d e f g h i j k l m n o p q r s t cvo cvp w x y z ab ac ae af ag ah ai aj ak\" dir=\"ltr\">tuo luonnon l\u00e4hellesi<\/span><\/h2>\n<p>Mets\u00e4nk\u00e4vij\u00e4 VR-sovellus on suunniteltu tarjoamaan k\u00e4ytt\u00e4jille mahdollisuus kokea kauniin mets\u00e4- ja j\u00e4rvimaiseman rauhoittava vaikutus. Sovellus mahdollistaa luontokokemuksen, jossa k\u00e4ytt\u00e4j\u00e4ll\u00e4 on mahdollisuus n\u00e4hd\u00e4 mets\u00e4n el\u00e4imi\u00e4 ja kuntouttavana elementtin\u00e4 k\u00e4ytt\u00e4j\u00e4t voivat muunmuassa poimia sieni\u00e4.<\/p>\n<p>Sovelluksen sis\u00e4ll\u00f6ss\u00e4 on huomioitu ik\u00e4ihmisen\/muistisairaan n\u00e4k\u00f6kulmasta ymp\u00e4rist\u00f6n hahmottaminen muunmuassa v\u00e4rivalinnoissa ja \u00e4\u00e4nien voimakkuudessa.<\/p>\n<p>Sovellusta on kehitetty yhdess\u00e4 hoivaty\u00f6n ammattilaisten ja k\u00e4ytt\u00e4jien kokemusten kautta.<\/p>\n<p>Mets\u00e4nk\u00e4vij\u00e4 virtuaaliymp\u00e4rist\u00f6 on koodattu tietokoneella alusta alkaen.<\/p>\n<p>Virtuaalitodellisuutta pystyt\u00e4\u00e4n hy\u00f6dynt\u00e4m\u00e4\u00e4n monilla tavoin sosiaali- ja terveysalalla. <span class=\"ui-provider vu b c d e f g h i j k l m n o p q r s t u v w x y z ab ac ae af ag ah ai aj ak\" dir=\"ltr\">Tutkitusti erilaiset sovellukset auttavat muun muassa fobioiden k\u00e4sittelyyn ja hoitamiseen sek\u00e4 toimivat rauhoittavina ymp\u00e4rist\u00f6in\u00e4 eri kohderyhmille. Liikunta VR-sovellusten osalta voidaan muunmuassa motivoida k\u00e4ytt\u00e4ji\u00e4 esimerkiksi pelillisill\u00e4 ratkaisuilla motoriikan harjoittamiseen, keskittymiseen ja muistin virkist\u00e4miseen.<\/span><\/p>\n<p>[\/et_pb_text][et_pb_video src=&#8221;https:\/\/www.youtube.com\/watch?v=lMpQZa1Af2o&#8221; admin_label=&#8221;Video&#8221; _builder_version=&#8221;4.20.4&#8243; _module_preset=&#8221;default&#8221; custom_margin=&#8221;||7px|||&#8221; global_colors_info=&#8221;{}&#8221;][\/et_pb_video][et_pb_text admin_label=&#8221;Linkki&#8221; _builder_version=&#8221;4.20.4&#8243; _module_preset=&#8221;default&#8221; custom_margin=&#8221;-2px||27px|||&#8221; custom_padding=&#8221;1px||5px|||&#8221; link_option_url_new_window=&#8221;on&#8221; global_colors_info=&#8221;{}&#8221;]<\/p>\n<p><a href=\"https:\/\/youtu.be\/lMpQZa1Af2o\">Mets\u00e4nk\u00e4vij\u00e4 video<\/a><\/p>\n<p>[\/et_pb_text][et_pb_video src=&#8221;https:\/\/youtu.be\/HNWy3r37rj0&#8243; admin_label=&#8221;Video&#8221; _builder_version=&#8221;4.20.4&#8243; _module_preset=&#8221;default&#8221; custom_margin=&#8221;||5px|||&#8221; global_colors_info=&#8221;{}&#8221;][\/et_pb_video][et_pb_text admin_label=&#8221;Linkki&#8221; _builder_version=&#8221;4.20.4&#8243; _module_preset=&#8221;default&#8221; custom_margin=&#8221;2px|||||&#8221; custom_padding=&#8221;8px||5px|||&#8221; link_option_url_new_window=&#8221;on&#8221; global_colors_info=&#8221;{}&#8221;]<\/p>\n<p><a href=\"https:\/\/www.youtube.com\/watch?v=HNWy3r37rj0\">Metsankavija. Sienten poiminta<\/a><\/p>\n<p>[\/et_pb_text][\/et_pb_column][et_pb_column type=&#8221;1_5&#8243; _builder_version=&#8221;4.20.0&#8243; _module_preset=&#8221;default&#8221; global_colors_info=&#8221;{}&#8221;][\/et_pb_column][\/et_pb_row][\/et_pb_section]<\/p>\n","protected":false},"excerpt":{"rendered":"<p>METS\u00c4NK\u00c4VIJ\u00c4\u00a0tuo luonnon l\u00e4hellesi Mets\u00e4nk\u00e4vij\u00e4 VR-sovellus on suunniteltu tarjoamaan k\u00e4ytt\u00e4jille mahdollisuus kokea kauniin mets\u00e4- ja j\u00e4rvimaiseman rauhoittava vaikutus. Sovellus mahdollistaa luontokokemuksen, jossa k\u00e4ytt\u00e4j\u00e4ll\u00e4 on mahdollisuus n\u00e4hd\u00e4 mets\u00e4n el\u00e4imi\u00e4 ja kuntouttavana elementtin\u00e4 k\u00e4ytt\u00e4j\u00e4t voivat muunmuassa poimia sieni\u00e4. Sovelluksen sis\u00e4ll\u00f6ss\u00e4 on huomioitu ik\u00e4ihmisen\/muistisairaan n\u00e4k\u00f6kulmasta ymp\u00e4rist\u00f6n hahmottaminen muunmuassa v\u00e4rivalinnoissa ja \u00e4\u00e4nien voimakkuudessa. Sovellusta on kehitetty yhdess\u00e4 hoivaty\u00f6n ammattilaisten ja [&hellip;]<\/p>\n","protected":false},"author":19914,"featured_media":0,"parent":0,"menu_order":0,"comment_status":"closed","ping_status":"closed","template":"","meta":{"_et_pb_use_builder":"on","_et_pb_old_content":"","_et_gb_content_width":"","footnotes":""},"class_list":["post-2300","page","type-page","status-publish","hentry"],"yoast_head":"<!-- This site is optimized with the Yoast SEO plugin v27.4 - https:\/\/yoast.com\/product\/yoast-seo-wordpress\/ -->\n<title>Mets\u00e4nk\u00e4vij\u00e4 - Active Arctic<\/title>\n<meta name=\"robots\" content=\"index, follow, max-snippet:-1, max-image-preview:large, max-video-preview:-1\" \/>\n<link rel=\"canonical\" href=\"https:\/\/blogi.eoppimispalvelut.fi\/activearctic\/metsankavija\/\" \/>\n<meta property=\"og:locale\" content=\"fi_FI\" \/>\n<meta property=\"og:type\" content=\"article\" \/>\n<meta property=\"og:title\" content=\"Mets\u00e4nk\u00e4vij\u00e4 - Active Arctic\" \/>\n<meta property=\"og:description\" content=\"METS\u00c4NK\u00c4VIJ\u00c4\u00a0tuo luonnon l\u00e4hellesi Mets\u00e4nk\u00e4vij\u00e4 VR-sovellus on suunniteltu tarjoamaan k\u00e4ytt\u00e4jille mahdollisuus kokea kauniin mets\u00e4- ja j\u00e4rvimaiseman rauhoittava vaikutus. Sovellus mahdollistaa luontokokemuksen, jossa k\u00e4ytt\u00e4j\u00e4ll\u00e4 on mahdollisuus n\u00e4hd\u00e4 mets\u00e4n el\u00e4imi\u00e4 ja kuntouttavana elementtin\u00e4 k\u00e4ytt\u00e4j\u00e4t voivat muunmuassa poimia sieni\u00e4. Sovelluksen sis\u00e4ll\u00f6ss\u00e4 on huomioitu ik\u00e4ihmisen\/muistisairaan n\u00e4k\u00f6kulmasta ymp\u00e4rist\u00f6n hahmottaminen muunmuassa v\u00e4rivalinnoissa ja \u00e4\u00e4nien voimakkuudessa. Sovellusta on kehitetty yhdess\u00e4 hoivaty\u00f6n ammattilaisten ja [&hellip;]\" \/>\n<meta property=\"og:url\" content=\"https:\/\/blogi.eoppimispalvelut.fi\/activearctic\/metsankavija\/\" \/>\n<meta property=\"og:site_name\" content=\"Active Arctic\" \/>\n<meta property=\"article:modified_time\" content=\"2023-06-15T14:45:21+00:00\" \/>\n<meta name=\"twitter:card\" content=\"summary_large_image\" \/>\n<meta name=\"twitter:label1\" content=\"Est. reading time\" \/>\n\t<meta name=\"twitter:data1\" content=\"2 minutes\" \/>\n<script type=\"application\/ld+json\" class=\"yoast-schema-graph\">{\"@context\":\"https:\\\/\\\/schema.org\",\"@graph\":[{\"@type\":\"WebPage\",\"@id\":\"https:\\\/\\\/blogi.eoppimispalvelut.fi\\\/activearctic\\\/metsankavija\\\/\",\"url\":\"https:\\\/\\\/blogi.eoppimispalvelut.fi\\\/activearctic\\\/metsankavija\\\/\",\"name\":\"Mets\u00e4nk\u00e4vij\u00e4 - Active Arctic\",\"isPartOf\":{\"@id\":\"https:\\\/\\\/blogi.eoppimispalvelut.fi\\\/activearctic\\\/#website\"},\"datePublished\":\"2023-03-06T09:02:59+00:00\",\"dateModified\":\"2023-06-15T14:45:21+00:00\",\"breadcrumb\":{\"@id\":\"https:\\\/\\\/blogi.eoppimispalvelut.fi\\\/activearctic\\\/metsankavija\\\/#breadcrumb\"},\"inLanguage\":\"fi\",\"potentialAction\":[{\"@type\":\"ReadAction\",\"target\":[\"https:\\\/\\\/blogi.eoppimispalvelut.fi\\\/activearctic\\\/metsankavija\\\/\"]}]},{\"@type\":\"BreadcrumbList\",\"@id\":\"https:\\\/\\\/blogi.eoppimispalvelut.fi\\\/activearctic\\\/metsankavija\\\/#breadcrumb\",\"itemListElement\":[{\"@type\":\"ListItem\",\"position\":1,\"name\":\"Home\",\"item\":\"https:\\\/\\\/blogi.eoppimispalvelut.fi\\\/activearctic\\\/\"},{\"@type\":\"ListItem\",\"position\":2,\"name\":\"Mets\u00e4nk\u00e4vij\u00e4\"}]},{\"@type\":\"WebSite\",\"@id\":\"https:\\\/\\\/blogi.eoppimispalvelut.fi\\\/activearctic\\\/#website\",\"url\":\"https:\\\/\\\/blogi.eoppimispalvelut.fi\\\/activearctic\\\/\",\"name\":\"Active Arctic\",\"description\":\"Digitaaliset ymp\u00e4rist\u00f6t ja ratkaisut harvaan asuttujen alueiden hyvinvoinnin ja yritysten tukena \",\"potentialAction\":[{\"@type\":\"SearchAction\",\"target\":{\"@type\":\"EntryPoint\",\"urlTemplate\":\"https:\\\/\\\/blogi.eoppimispalvelut.fi\\\/activearctic\\\/?s={search_term_string}\"},\"query-input\":{\"@type\":\"PropertyValueSpecification\",\"valueRequired\":true,\"valueName\":\"search_term_string\"}}],\"inLanguage\":\"fi\"}]}<\/script>\n<!-- \/ Yoast SEO plugin. -->","yoast_head_json":{"title":"Mets\u00e4nk\u00e4vij\u00e4 - Active Arctic","robots":{"index":"index","follow":"follow","max-snippet":"max-snippet:-1","max-image-preview":"max-image-preview:large","max-video-preview":"max-video-preview:-1"},"canonical":"https:\/\/blogi.eoppimispalvelut.fi\/activearctic\/metsankavija\/","og_locale":"fi_FI","og_type":"article","og_title":"Mets\u00e4nk\u00e4vij\u00e4 - Active Arctic","og_description":"METS\u00c4NK\u00c4VIJ\u00c4\u00a0tuo luonnon l\u00e4hellesi Mets\u00e4nk\u00e4vij\u00e4 VR-sovellus on suunniteltu tarjoamaan k\u00e4ytt\u00e4jille mahdollisuus kokea kauniin mets\u00e4- ja j\u00e4rvimaiseman rauhoittava vaikutus. Sovellus mahdollistaa luontokokemuksen, jossa k\u00e4ytt\u00e4j\u00e4ll\u00e4 on mahdollisuus n\u00e4hd\u00e4 mets\u00e4n el\u00e4imi\u00e4 ja kuntouttavana elementtin\u00e4 k\u00e4ytt\u00e4j\u00e4t voivat muunmuassa poimia sieni\u00e4. Sovelluksen sis\u00e4ll\u00f6ss\u00e4 on huomioitu ik\u00e4ihmisen\/muistisairaan n\u00e4k\u00f6kulmasta ymp\u00e4rist\u00f6n hahmottaminen muunmuassa v\u00e4rivalinnoissa ja \u00e4\u00e4nien voimakkuudessa. Sovellusta on kehitetty yhdess\u00e4 hoivaty\u00f6n ammattilaisten ja [&hellip;]","og_url":"https:\/\/blogi.eoppimispalvelut.fi\/activearctic\/metsankavija\/","og_site_name":"Active Arctic","article_modified_time":"2023-06-15T14:45:21+00:00","twitter_card":"summary_large_image","twitter_misc":{"Est. reading time":"2 minutes"},"schema":{"@context":"https:\/\/schema.org","@graph":[{"@type":"WebPage","@id":"https:\/\/blogi.eoppimispalvelut.fi\/activearctic\/metsankavija\/","url":"https:\/\/blogi.eoppimispalvelut.fi\/activearctic\/metsankavija\/","name":"Mets\u00e4nk\u00e4vij\u00e4 - Active Arctic","isPartOf":{"@id":"https:\/\/blogi.eoppimispalvelut.fi\/activearctic\/#website"},"datePublished":"2023-03-06T09:02:59+00:00","dateModified":"2023-06-15T14:45:21+00:00","breadcrumb":{"@id":"https:\/\/blogi.eoppimispalvelut.fi\/activearctic\/metsankavija\/#breadcrumb"},"inLanguage":"fi","potentialAction":[{"@type":"ReadAction","target":["https:\/\/blogi.eoppimispalvelut.fi\/activearctic\/metsankavija\/"]}]},{"@type":"BreadcrumbList","@id":"https:\/\/blogi.eoppimispalvelut.fi\/activearctic\/metsankavija\/#breadcrumb","itemListElement":[{"@type":"ListItem","position":1,"name":"Home","item":"https:\/\/blogi.eoppimispalvelut.fi\/activearctic\/"},{"@type":"ListItem","position":2,"name":"Mets\u00e4nk\u00e4vij\u00e4"}]},{"@type":"WebSite","@id":"https:\/\/blogi.eoppimispalvelut.fi\/activearctic\/#website","url":"https:\/\/blogi.eoppimispalvelut.fi\/activearctic\/","name":"Active Arctic","description":"Digitaaliset ymp\u00e4rist\u00f6t ja ratkaisut harvaan asuttujen alueiden hyvinvoinnin ja yritysten tukena ","potentialAction":[{"@type":"SearchAction","target":{"@type":"EntryPoint","urlTemplate":"https:\/\/blogi.eoppimispalvelut.fi\/activearctic\/?s={search_term_string}"},"query-input":{"@type":"PropertyValueSpecification","valueRequired":true,"valueName":"search_term_string"}}],"inLanguage":"fi"}]}},"_links":{"self":[{"href":"https:\/\/blogi.eoppimispalvelut.fi\/activearctic\/wp-json\/wp\/v2\/pages\/2300","targetHints":{"allow":["GET"]}}],"collection":[{"href":"https:\/\/blogi.eoppimispalvelut.fi\/activearctic\/wp-json\/wp\/v2\/pages"}],"about":[{"href":"https:\/\/blogi.eoppimispalvelut.fi\/activearctic\/wp-json\/wp\/v2\/types\/page"}],"author":[{"embeddable":true,"href":"https:\/\/blogi.eoppimispalvelut.fi\/activearctic\/wp-json\/wp\/v2\/users\/19914"}],"replies":[{"embeddable":true,"href":"https:\/\/blogi.eoppimispalvelut.fi\/activearctic\/wp-json\/wp\/v2\/comments?post=2300"}],"version-history":[{"count":25,"href":"https:\/\/blogi.eoppimispalvelut.fi\/activearctic\/wp-json\/wp\/v2\/pages\/2300\/revisions"}],"predecessor-version":[{"id":2525,"href":"https:\/\/blogi.eoppimispalvelut.fi\/activearctic\/wp-json\/wp\/v2\/pages\/2300\/revisions\/2525"}],"wp:attachment":[{"href":"https:\/\/blogi.eoppimispalvelut.fi\/activearctic\/wp-json\/wp\/v2\/media?parent=2300"}],"curies":[{"name":"wp","href":"https:\/\/api.w.org\/{rel}","templated":true}]}}