{"id":2357,"date":"2023-03-08T15:06:00","date_gmt":"2023-03-08T13:06:00","guid":{"rendered":"https:\/\/blogi.eoppimispalvelut.fi\/activearctic\/?page_id=2357"},"modified":"2023-08-22T13:26:51","modified_gmt":"2023-08-22T10:26:51","slug":"pilotit","status":"publish","type":"page","link":"https:\/\/blogi.eoppimispalvelut.fi\/activearctic\/pilotit\/","title":{"rendered":"Pilotit"},"content":{"rendered":"<p>[et_pb_section fb_built=&#8221;1&#8243; admin_label=&#8221;Kehitt\u00e4misymp\u00e4rist\u00f6t&#8221; _builder_version=&#8221;4.20.0&#8243; _module_preset=&#8221;default&#8221; background_enable_image=&#8221;off&#8221; min_height=&#8221;622.8px&#8221; custom_margin=&#8221;1px|||||&#8221; custom_padding=&#8221;0px||6px|||&#8221; global_colors_info=&#8221;{}&#8221;][et_pb_row _builder_version=&#8221;4.20.4&#8243; _module_preset=&#8221;default&#8221; custom_padding=&#8221;0px||5px|||&#8221; global_colors_info=&#8221;{}&#8221;][et_pb_column type=&#8221;4_4&#8243; _builder_version=&#8221;4.20.0&#8243; _module_preset=&#8221;default&#8221; global_colors_info=&#8221;{}&#8221;][et_pb_text admin_label=&#8221;PROJEKTIPORTFOLIO&#8221; _builder_version=&#8221;4.20.4&#8243; _module_preset=&#8221;default&#8221; min_height=&#8221;3px&#8221; custom_margin=&#8221;21px||1px|||&#8221; custom_padding=&#8221;||6px|||&#8221; global_colors_info=&#8221;{}&#8221;]<\/p>\n<h2 style=\"text-align: center\"><strong>Hankkeen aikana toteutetut pilottikokeilut ja liiketoimintamallit<\/strong><\/h2>\n<p>[\/et_pb_text][et_pb_text _builder_version=&#8221;4.20.4&#8243; _module_preset=&#8221;default&#8221; custom_margin=&#8221;2px|||||&#8221; custom_padding=&#8221;||24px|||&#8221; global_colors_info=&#8221;{}&#8221;]<\/p>\n<p><span>Active Arctic -hankkeessa on pilotoitu digitaalisia ratkaisuja liittyen hankkeessa havaittuihin alueen hyvinvoinnin tarpeisiin, joita ovat muun muassa palveluiden saavutettavuus, yksin\u00e4isyyden ja mielenterveyden edist\u00e4minen, ennakoiva hoito ja sairauden ennaltaehk\u00e4isy sek\u00e4 datan k\u00e4yt\u00f6n mahdollisuudet. <\/span><\/p>\n<ul>\n<li><span> <\/span><span>Mets\u00e4nk\u00e4vij\u00e4 VR-sovellus pyrkii vastaamaan saavutettavuuden haasteisiin tarjoamalla kuntouttavan, rentouttavan ja virikkeellisen luotokokemuksen ihmisille, jotka ovat rajoittuneita p\u00e4\u00e4sem\u00e4\u00e4n fyysisesti luontoon. <\/span><\/li>\n<li><span> <\/span><span>Yhdess\u00e4 et\u00e4n\u00e4 -pilotti vastaa my\u00f6s ennakoinnin ja saavutettavuuden haasteisiin tarjoamalla alustan ja toimintamallin, joka mahdollistaa ik\u00e4ihmisten tapaamisen et\u00e4n\u00e4 sosiaalisen aktiviteetin \u00e4\u00e4rell\u00e4 edist\u00e4en samalla heid\u00e4n el\u00e4m\u00e4n laatua ja mielen terveytt\u00e4. <\/span><\/li>\n<li><span> <\/span><span>Weltti-alustaratkaisu vastaa datan k\u00e4yt\u00f6n, saavutettavuuden ja markkinoinnin haasteisiin tuomalla mikro- ja pk-yritysten palvelut paremmin n\u00e4kyville edist\u00e4en n\u00e4in kokonaisvaltaisesti yritysten n\u00e4kyvyytt\u00e4 ja alueen elinvoimaa.<\/span><\/li>\n<\/ul>\n<p style=\"text-align: left\"><span>Pilottien pohjalta on suunniteltu liiketoimintamallit, joilla digitaalinen ratkaisu voitaisiin ottaa haluttaessa k\u00e4ytt\u00f6\u00f6n.<\/span><span>\u00a0<\/span><\/p>\n<p>[\/et_pb_text][\/et_pb_column][\/et_pb_row][et_pb_row column_structure=&#8221;1_2,1_2&#8243; _builder_version=&#8221;4.20.0&#8243; _module_preset=&#8221;default&#8221; custom_margin=&#8221;|auto|83px|auto||&#8221; custom_padding=&#8221;3px||7px|||&#8221; global_colors_info=&#8221;{}&#8221;][et_pb_column type=&#8221;1_2&#8243; _builder_version=&#8221;4.20.0&#8243; _module_preset=&#8221;default&#8221; global_colors_info=&#8221;{}&#8221;][et_pb_image src=&#8221;https:\/\/blogi.eoppimispalvelut.fi\/activearctic\/files\/2023\/03\/Metsankavija-web-scaled.jpg&#8221; title_text=&#8221;Metsankavija-web&#8221; url=&#8221;https:\/\/blogi.eoppimispalvelut.fi\/activearctic\/metsankavija\/&#8221; _builder_version=&#8221;4.20.0&#8243; _module_preset=&#8221;default&#8221; custom_margin=&#8221;|-13px||||&#8221; global_colors_info=&#8221;{}&#8221;][\/et_pb_image][et_pb_text _builder_version=&#8221;4.20.4&#8243; _module_preset=&#8221;default&#8221; custom_margin=&#8221;||21px|||&#8221; link_option_url=&#8221;https:\/\/blogi.eoppimispalvelut.fi\/activearctic\/metsankavija\/&#8221; global_colors_info=&#8221;{}&#8221;]<\/p>\n<h2 style=\"text-align: center\">Mets\u00e4nk\u00e4vij\u00e4 VR<\/h2>\n<p>[\/et_pb_text][et_pb_image src=&#8221;https:\/\/blogi.eoppimispalvelut.fi\/activearctic\/files\/2023\/08\/home-office-01-e1692695933668-1.jpg&#8221; title_text=&#8221;home-office-01-e1692695933668&#8243; url=&#8221;https:\/\/blogi.eoppimispalvelut.fi\/activearctic\/pilottien-liiketoimintamallit\/&#8221; _builder_version=&#8221;4.20.4&#8243; _module_preset=&#8221;default&#8221; custom_margin=&#8221;-9px|||||&#8221; global_colors_info=&#8221;{}&#8221;][\/et_pb_image][et_pb_text _builder_version=&#8221;4.20.4&#8243; _module_preset=&#8221;default&#8221; link_option_url=&#8221;https:\/\/blogi.eoppimispalvelut.fi\/activearctic\/pilottien-liiketoimintamallit\/&#8221; global_colors_info=&#8221;{}&#8221;]<\/p>\n<h2 style=\"text-align: center\">Pilottien liiketoimintamallit<\/h2>\n<p>[\/et_pb_text][\/et_pb_column][et_pb_column type=&#8221;1_2&#8243; _builder_version=&#8221;4.20.0&#8243; _module_preset=&#8221;default&#8221; global_colors_info=&#8221;{}&#8221;][et_pb_image src=&#8221;https:\/\/blogi.eoppimispalvelut.fi\/activearctic\/files\/2023\/03\/Heltti-screens-web-scaled.jpg&#8221; title_text=&#8221;Heltti-screens-web&#8221; url=&#8221;https:\/\/blogi.eoppimispalvelut.fi\/activearctic\/weltti-pilotti\/&#8221; _builder_version=&#8221;4.20.4&#8243; _module_preset=&#8221;default&#8221; global_colors_info=&#8221;{}&#8221;][\/et_pb_image][et_pb_text _builder_version=&#8221;4.20.4&#8243; _module_preset=&#8221;default&#8221; custom_margin=&#8221;||14px|||&#8221; link_option_url=&#8221;https:\/\/blogi.eoppimispalvelut.fi\/activearctic\/weltti-pilotti\/&#8221; global_colors_info=&#8221;{}&#8221;]<\/p>\n<h2 style=\"text-align: center\">Weltti<\/h2>\n<p>[\/et_pb_text][et_pb_image src=&#8221;https:\/\/blogi.eoppimispalvelut.fi\/activearctic\/files\/2023\/08\/centre-for-ageing-better-gT6u3vEVSUg-unsplash.jpg&#8221; title_text=&#8221;centre-for-ageing-better-gT6u3vEVSUg-unsplash&#8221; url=&#8221;https:\/\/blogi.eoppimispalvelut.fi\/activearctic\/yhdessa-etana\/&#8221; _builder_version=&#8221;4.20.4&#8243; _module_preset=&#8221;default&#8221; custom_margin=&#8221;4px|-13px||||&#8221; global_colors_info=&#8221;{}&#8221;][\/et_pb_image][et_pb_text _builder_version=&#8221;4.20.4&#8243; _module_preset=&#8221;default&#8221; link_option_url=&#8221;https:\/\/blogi.eoppimispalvelut.fi\/activearctic\/yhdessa-etana\/&#8221; global_colors_info=&#8221;{}&#8221;]<\/p>\n<h2 style=\"text-align: center\">Yhdess\u00e4 et\u00e4n\u00e4!<\/h2>\n<p>[\/et_pb_text][\/et_pb_column][\/et_pb_row][\/et_pb_section]<\/p>\n","protected":false},"excerpt":{"rendered":"<p>Hankkeen aikana toteutetut pilottikokeilut ja liiketoimintamallitActive Arctic -hankkeessa on pilotoitu digitaalisia ratkaisuja liittyen hankkeessa havaittuihin alueen hyvinvoinnin tarpeisiin, joita ovat muun muassa palveluiden saavutettavuus, yksin\u00e4isyyden ja mielenterveyden edist\u00e4minen, ennakoiva hoito ja sairauden ennaltaehk\u00e4isy sek\u00e4 datan k\u00e4yt\u00f6n mahdollisuudet. Mets\u00e4nk\u00e4vij\u00e4 VR-sovellus pyrkii vastaamaan saavutettavuuden haasteisiin tarjoamalla kuntouttavan, rentouttavan ja virikkeellisen luotokokemuksen ihmisille, jotka ovat rajoittuneita p\u00e4\u00e4sem\u00e4\u00e4n fyysisesti [&hellip;]<\/p>\n","protected":false},"author":19914,"featured_media":0,"parent":0,"menu_order":0,"comment_status":"closed","ping_status":"closed","template":"","meta":{"_et_pb_use_builder":"on","_et_pb_old_content":"","_et_gb_content_width":"","footnotes":""},"class_list":["post-2357","page","type-page","status-publish","hentry"],"yoast_head":"<!-- This site is optimized with the Yoast SEO plugin v27.1.1 - https:\/\/yoast.com\/product\/yoast-seo-wordpress\/ -->\n<title>Pilotit - Active Arctic<\/title>\n<meta name=\"robots\" content=\"index, follow, max-snippet:-1, max-image-preview:large, max-video-preview:-1\" \/>\n<link rel=\"canonical\" href=\"https:\/\/blogi.eoppimispalvelut.fi\/activearctic\/pilotit\/\" \/>\n<meta property=\"og:locale\" content=\"fi_FI\" \/>\n<meta property=\"og:type\" content=\"article\" \/>\n<meta property=\"og:title\" content=\"Pilotit - Active Arctic\" \/>\n<meta property=\"og:description\" content=\"Hankkeen aikana toteutetut pilottikokeilut ja liiketoimintamallitActive Arctic -hankkeessa on pilotoitu digitaalisia ratkaisuja liittyen hankkeessa havaittuihin alueen hyvinvoinnin tarpeisiin, joita ovat muun muassa palveluiden saavutettavuus, yksin\u00e4isyyden ja mielenterveyden edist\u00e4minen, ennakoiva hoito ja sairauden ennaltaehk\u00e4isy sek\u00e4 datan k\u00e4yt\u00f6n mahdollisuudet. Mets\u00e4nk\u00e4vij\u00e4 VR-sovellus pyrkii vastaamaan saavutettavuuden haasteisiin tarjoamalla kuntouttavan, rentouttavan ja virikkeellisen luotokokemuksen ihmisille, jotka ovat rajoittuneita p\u00e4\u00e4sem\u00e4\u00e4n fyysisesti [&hellip;]\" \/>\n<meta property=\"og:url\" content=\"https:\/\/blogi.eoppimispalvelut.fi\/activearctic\/pilotit\/\" \/>\n<meta property=\"og:site_name\" content=\"Active Arctic\" \/>\n<meta property=\"article:modified_time\" content=\"2023-08-22T10:26:51+00:00\" \/>\n<meta name=\"twitter:card\" content=\"summary_large_image\" \/>\n<meta name=\"twitter:label1\" content=\"Est. reading time\" \/>\n\t<meta name=\"twitter:data1\" content=\"2 minutes\" \/>\n<script type=\"application\/ld+json\" class=\"yoast-schema-graph\">{\"@context\":\"https:\/\/schema.org\",\"@graph\":[{\"@type\":\"WebPage\",\"@id\":\"https:\/\/blogi.eoppimispalvelut.fi\/activearctic\/pilotit\/\",\"url\":\"https:\/\/blogi.eoppimispalvelut.fi\/activearctic\/pilotit\/\",\"name\":\"Pilotit - Active Arctic\",\"isPartOf\":{\"@id\":\"https:\/\/blogi.eoppimispalvelut.fi\/activearctic\/#website\"},\"datePublished\":\"2023-03-08T13:06:00+00:00\",\"dateModified\":\"2023-08-22T10:26:51+00:00\",\"breadcrumb\":{\"@id\":\"https:\/\/blogi.eoppimispalvelut.fi\/activearctic\/pilotit\/#breadcrumb\"},\"inLanguage\":\"fi\",\"potentialAction\":[{\"@type\":\"ReadAction\",\"target\":[\"https:\/\/blogi.eoppimispalvelut.fi\/activearctic\/pilotit\/\"]}]},{\"@type\":\"BreadcrumbList\",\"@id\":\"https:\/\/blogi.eoppimispalvelut.fi\/activearctic\/pilotit\/#breadcrumb\",\"itemListElement\":[{\"@type\":\"ListItem\",\"position\":1,\"name\":\"Home\",\"item\":\"https:\/\/blogi.eoppimispalvelut.fi\/activearctic\/\"},{\"@type\":\"ListItem\",\"position\":2,\"name\":\"Pilotit\"}]},{\"@type\":\"WebSite\",\"@id\":\"https:\/\/blogi.eoppimispalvelut.fi\/activearctic\/#website\",\"url\":\"https:\/\/blogi.eoppimispalvelut.fi\/activearctic\/\",\"name\":\"Active Arctic\",\"description\":\"Digitaaliset ymp\u00e4rist\u00f6t ja ratkaisut harvaan asuttujen alueiden hyvinvoinnin ja yritysten tukena \",\"potentialAction\":[{\"@type\":\"SearchAction\",\"target\":{\"@type\":\"EntryPoint\",\"urlTemplate\":\"https:\/\/blogi.eoppimispalvelut.fi\/activearctic\/?s={search_term_string}\"},\"query-input\":{\"@type\":\"PropertyValueSpecification\",\"valueRequired\":true,\"valueName\":\"search_term_string\"}}],\"inLanguage\":\"fi\"}]}<\/script>\n<!-- \/ Yoast SEO plugin. -->","yoast_head_json":{"title":"Pilotit - Active Arctic","robots":{"index":"index","follow":"follow","max-snippet":"max-snippet:-1","max-image-preview":"max-image-preview:large","max-video-preview":"max-video-preview:-1"},"canonical":"https:\/\/blogi.eoppimispalvelut.fi\/activearctic\/pilotit\/","og_locale":"fi_FI","og_type":"article","og_title":"Pilotit - Active Arctic","og_description":"Hankkeen aikana toteutetut pilottikokeilut ja liiketoimintamallitActive Arctic -hankkeessa on pilotoitu digitaalisia ratkaisuja liittyen hankkeessa havaittuihin alueen hyvinvoinnin tarpeisiin, joita ovat muun muassa palveluiden saavutettavuus, yksin\u00e4isyyden ja mielenterveyden edist\u00e4minen, ennakoiva hoito ja sairauden ennaltaehk\u00e4isy sek\u00e4 datan k\u00e4yt\u00f6n mahdollisuudet. Mets\u00e4nk\u00e4vij\u00e4 VR-sovellus pyrkii vastaamaan saavutettavuuden haasteisiin tarjoamalla kuntouttavan, rentouttavan ja virikkeellisen luotokokemuksen ihmisille, jotka ovat rajoittuneita p\u00e4\u00e4sem\u00e4\u00e4n fyysisesti [&hellip;]","og_url":"https:\/\/blogi.eoppimispalvelut.fi\/activearctic\/pilotit\/","og_site_name":"Active Arctic","article_modified_time":"2023-08-22T10:26:51+00:00","twitter_card":"summary_large_image","twitter_misc":{"Est. reading time":"2 minutes"},"schema":{"@context":"https:\/\/schema.org","@graph":[{"@type":"WebPage","@id":"https:\/\/blogi.eoppimispalvelut.fi\/activearctic\/pilotit\/","url":"https:\/\/blogi.eoppimispalvelut.fi\/activearctic\/pilotit\/","name":"Pilotit - Active Arctic","isPartOf":{"@id":"https:\/\/blogi.eoppimispalvelut.fi\/activearctic\/#website"},"datePublished":"2023-03-08T13:06:00+00:00","dateModified":"2023-08-22T10:26:51+00:00","breadcrumb":{"@id":"https:\/\/blogi.eoppimispalvelut.fi\/activearctic\/pilotit\/#breadcrumb"},"inLanguage":"fi","potentialAction":[{"@type":"ReadAction","target":["https:\/\/blogi.eoppimispalvelut.fi\/activearctic\/pilotit\/"]}]},{"@type":"BreadcrumbList","@id":"https:\/\/blogi.eoppimispalvelut.fi\/activearctic\/pilotit\/#breadcrumb","itemListElement":[{"@type":"ListItem","position":1,"name":"Home","item":"https:\/\/blogi.eoppimispalvelut.fi\/activearctic\/"},{"@type":"ListItem","position":2,"name":"Pilotit"}]},{"@type":"WebSite","@id":"https:\/\/blogi.eoppimispalvelut.fi\/activearctic\/#website","url":"https:\/\/blogi.eoppimispalvelut.fi\/activearctic\/","name":"Active Arctic","description":"Digitaaliset ymp\u00e4rist\u00f6t ja ratkaisut harvaan asuttujen alueiden hyvinvoinnin ja yritysten tukena ","potentialAction":[{"@type":"SearchAction","target":{"@type":"EntryPoint","urlTemplate":"https:\/\/blogi.eoppimispalvelut.fi\/activearctic\/?s={search_term_string}"},"query-input":{"@type":"PropertyValueSpecification","valueRequired":true,"valueName":"search_term_string"}}],"inLanguage":"fi"}]}},"_links":{"self":[{"href":"https:\/\/blogi.eoppimispalvelut.fi\/activearctic\/wp-json\/wp\/v2\/pages\/2357","targetHints":{"allow":["GET"]}}],"collection":[{"href":"https:\/\/blogi.eoppimispalvelut.fi\/activearctic\/wp-json\/wp\/v2\/pages"}],"about":[{"href":"https:\/\/blogi.eoppimispalvelut.fi\/activearctic\/wp-json\/wp\/v2\/types\/page"}],"author":[{"embeddable":true,"href":"https:\/\/blogi.eoppimispalvelut.fi\/activearctic\/wp-json\/wp\/v2\/users\/19914"}],"replies":[{"embeddable":true,"href":"https:\/\/blogi.eoppimispalvelut.fi\/activearctic\/wp-json\/wp\/v2\/comments?post=2357"}],"version-history":[{"count":17,"href":"https:\/\/blogi.eoppimispalvelut.fi\/activearctic\/wp-json\/wp\/v2\/pages\/2357\/revisions"}],"predecessor-version":[{"id":2671,"href":"https:\/\/blogi.eoppimispalvelut.fi\/activearctic\/wp-json\/wp\/v2\/pages\/2357\/revisions\/2671"}],"wp:attachment":[{"href":"https:\/\/blogi.eoppimispalvelut.fi\/activearctic\/wp-json\/wp\/v2\/media?parent=2357"}],"curies":[{"name":"wp","href":"https:\/\/api.w.org\/{rel}","templated":true}]}}