{"id":2441,"date":"2023-04-20T13:10:52","date_gmt":"2023-04-20T10:10:52","guid":{"rendered":"https:\/\/blogi.eoppimispalvelut.fi\/activearctic\/?page_id=2441"},"modified":"2023-08-09T13:01:50","modified_gmt":"2023-08-09T10:01:50","slug":"lapin-hyvinvointiteknologiamessut-2023","status":"publish","type":"page","link":"https:\/\/blogi.eoppimispalvelut.fi\/activearctic\/lapin-hyvinvointiteknologiamessut-2023\/","title":{"rendered":"Lapin hyvinvointiteknologiamessut 2023"},"content":{"rendered":"<p>[et_pb_section fb_built=&#8221;1&#8243; fullwidth=&#8221;on&#8221; _builder_version=&#8221;4.16&#8243; _module_preset=&#8221;default&#8221; global_colors_info=&#8221;{}&#8221;][et_pb_fullwidth_image src=&#8221;https:\/\/blogi.eoppimispalvelut.fi\/activearctic\/files\/2023\/04\/MicrosoftTeams-image-2.jpg&#8221; title_text=&#8221;MicrosoftTeams-image (2)&#8221; _builder_version=&#8221;4.20.2&#8243; _module_preset=&#8221;default&#8221; global_colors_info=&#8221;{}&#8221;][\/et_pb_fullwidth_image][\/et_pb_section][et_pb_section fb_built=&#8221;1&#8243; _builder_version=&#8221;4.17.4&#8243; _module_preset=&#8221;default&#8221; background_enable_image=&#8221;off&#8221; custom_padding=&#8221;||1px|||&#8221; global_colors_info=&#8221;{}&#8221;][et_pb_row _builder_version=&#8221;4.16&#8243; _module_preset=&#8221;default&#8221; global_colors_info=&#8221;{}&#8221;][et_pb_column type=&#8221;4_4&#8243; _builder_version=&#8221;4.16&#8243; _module_preset=&#8221;default&#8221; global_colors_info=&#8221;{}&#8221;][et_pb_text _builder_version=&#8221;4.20.2&#8243; _module_preset=&#8221;default&#8221; header_font=&#8221;Georgia||||||||&#8221; header_font_size=&#8221;35px&#8221; header_2_font_size=&#8221;25px&#8221; global_colors_info=&#8221;{}&#8221;]<\/p>\n<h1>Lapin hyvinvointiteknologiamessut 2023<\/h1>\n<p>[\/et_pb_text][\/et_pb_column][\/et_pb_row][\/et_pb_section][et_pb_section fb_built=&#8221;1&#8243; _builder_version=&#8221;4.17.4&#8243; _module_preset=&#8221;default&#8221; background_color=&#8221;RGBA(255,255,255,0)&#8221; background_image=&#8221;https:\/\/blogi.eoppimispalvelut.fi\/activearctic\/files\/2022\/02\/brokerage-firm-13.png&#8221; parallax=&#8221;off&#8221; custom_padding=&#8221;||3px|||&#8221; global_colors_info=&#8221;{}&#8221;][et_pb_row _builder_version=&#8221;4.16&#8243; _module_preset=&#8221;default&#8221; global_colors_info=&#8221;{}&#8221;][et_pb_column type=&#8221;4_4&#8243; _builder_version=&#8221;4.16&#8243; _module_preset=&#8221;default&#8221; global_colors_info=&#8221;{}&#8221;][et_pb_text _builder_version=&#8221;4.20.4&#8243; _module_preset=&#8221;default&#8221; global_colors_info=&#8221;{}&#8221;]Paikka: 17.8.2023 Tiedekeskus Pilke, Rovaniemi<\/p>\n<p>Klo: 10.00\u201317.00<\/p>\n<p>Tervetuloa Lapin hyvinvointiteknologiamessuille Tiedekeskus Pilkkeeseen, Rovaniemelle!<\/p>\n<p>Messuilla kuullaan mielenkiintoisia asiantuntijapuheenvuoroja liittyen muun muassa hyvinvoinnin uusiin innovaatioihin ja datan k\u00e4yt\u00f6n mahdollisuuksiin, tutustutaan digitaalisiin ja teknologisiin ratkaisuihin ja k\u00e4yd\u00e4\u00e4n keskusteluja pohjoisen hyvinvoinnista.\u00a0Hyvinvointiteknologiamessut on tarkoitettu sosiaali- ja terveysalan ammattilaisille, yrityksille, asukkaille ja kaikille aiheesta kiinnostuneille.<\/p>\n<p>Tilaisuuden j\u00e4rjest\u00e4\u00e4 Active Arctic -hanke ja tilaisuus on kaikille avoin.<\/p>\n<p>&nbsp;<\/p>\n<p><strong><u>Ohjelma<\/u>:\u00a0<\/strong><\/p>\n<p><strong>Lapin Hyvinvointiteknologiamessut 2023<\/strong><\/p>\n<p><strong>10:00\u2013 10:10<\/strong>\u00a0 Tervetuloa messuille \u2013 Active Arctic -hanke ja sen tavoitteet<\/p>\n<p><strong>10.10\u2013 10.30\u00a0 <\/strong>DIH-tiekartan ja Lapin alueen vahvuuksien esittely<\/p>\n<p><strong>10.30\u2013 11.30<\/strong>\u00a0 KEYNOTE puheenvuoro, Datasta uutta liiketoimintaa hyvinvointialalle | Mika Ruokonen, Teollisuusprofessori, LUT Kauppakorkeakoulu<\/p>\n<p><strong>11.30\u2013 12.30<\/strong>\u00a0 Lounastauko (omakustanteinen, Arktikum)<\/p>\n<p><strong>12.30\u2013 13.00<\/strong>\u00a0 J\u00e4rjest\u00f6jen rooli TKI- toiminnassa | Soile Kuitunen \u2013 Miina Sillanp\u00e4\u00e4n S\u00e4\u00e4ti\u00f6<\/p>\n<p><strong>13.05\u2013 13.25<\/strong>\u00a0 Asiakasl\u00e4ht\u00f6iset ja vaikuttavat terveydenhuollon palvelut \u2013 asiointiratkaisut rakentamassa luotettavaa ja hyv\u00e4\u00e4 palvelukokemusta | Jarno Malaprade \u2013 Tietotalo<\/p>\n<p><strong>13.30\u2013 14.00<\/strong>\u00a0 <span class=\"ui-provider hb b c d e f g h i j k l m n o p q r s t u v w x y z ab ac ae af ag ah ai aj ak\" dir=\"ltr\">Virtuaalitodellisuus: Uusi kliinisesti toimiva hoitomodaliteetti kivun hoidossa |Petteri Kolehmainen \u2013 Healthware Group<\/span><\/p>\n<p><strong>14.05\u2013 14.25<\/strong>\u00a0 <span class=\"ui-provider ga b c d e f g h i j k l m n o p q r s t u v w x y z ab ac ae af ag ah ai aj ak\" dir=\"ltr\">Hyvinvointiteknologian hy\u00f6dynt\u00e4minen ja laajempi k\u00e4ytt\u00f6 ennen kuin saadaan yhteiskunnan tuottamia palveluja |<\/span> Olli G\u00f6\u00f6s \u2013 Suvantocare<\/p>\n<p><strong>14.30\u2013 15.30<\/strong>\u00a0 Verkostoituminen, kahvi ja innovaatio hackathon<\/p>\n<p><strong>15.30\u2013 15.50<\/strong>\u00a0 Uusi digitaalinen tunnety\u00f6skentelyyn ohjaava kommunikoinnin ty\u00f6kalu tuettavan nuoren ja ammattilaisen v\u00e4lille | Maria Ruuskanen \u2013 Fiilisluotsi<\/p>\n<p><strong>15.50\u2013 16.10\u00a0<\/strong> Kuntouttavan toiminnan t\u00e4rkeys el\u00e4m\u00e4n eri vaiheissa | Soile Niskala \u2013 Lapin kuntoutus<\/p>\n<p>&nbsp;<\/p>\n<p><strong>Jakaessasi kuvia tapahtumasta k\u00e4yt\u00e4th\u00e4n hashtageja #activearctichanke &amp;\u00a0 #lapinhyvinvointiteknologiamessut<\/strong><\/p>\n<p>&nbsp;<\/p>\n<p>Lis\u00e4tietoja:<\/p>\n<p>Tuuli Tikkanen, projektip\u00e4\u00e4llikk\u00f6, Lapin ammattikorkeakoulu, <a href=\"mailto:tuuli.tikkanen@lapinamk.fi\">tuuli.tikkanen@lapinamk.fi<\/a><\/p>\n<p>Ella Bj\u00f6rn, projektip\u00e4\u00e4llikk\u00f6, Lapin yliopisto, <a href=\"mailto:ella.bjorn@ulapland.fi\">ella.bjorn@ulapland.fi<\/a><\/p>\n<p>&nbsp;<\/p>\n<p>&nbsp;<br \/>\n[\/et_pb_text][et_pb_text _builder_version=&#8221;4.20.4&#8243; _module_preset=&#8221;default&#8221; global_colors_info=&#8221;{}&#8221;]<\/p>\n<h4 style=\"text-align: left\"><strong>Messuilla mukana my\u00f6s terveys- ja hyvinvointiauto Onni.<\/strong><\/h4>\n<p style=\"text-align: left\"><a href=\"https:\/\/www.lapinamk.fi\/fi\/Yrityksille-ja-yhteisoille\/Kehittamisymparistot\/ONNI-AUTO\">Onni-auto &#8211; Lapin AMK<\/a><\/p>\n<p>[\/et_pb_text][et_pb_image src=&#8221;https:\/\/blogi.eoppimispalvelut.fi\/activearctic\/files\/2023\/06\/MicrosoftTeams-image-3-300&#215;138.png&#8221; title_text=&#8221;Onni auto&#8221; _builder_version=&#8221;4.20.4&#8243; _module_preset=&#8221;default&#8221; background_enable_image=&#8221;off&#8221; module_alignment=&#8221;left&#8221; custom_margin=&#8221;|||0px|false|false&#8221; custom_padding=&#8221;|||0px|false|false&#8221; global_colors_info=&#8221;{}&#8221;][\/et_pb_image][\/et_pb_column][\/et_pb_row][et_pb_row _builder_version=&#8221;4.18.0&#8243; _module_preset=&#8221;default&#8221; global_colors_info=&#8221;{}&#8221;][et_pb_column type=&#8221;4_4&#8243; _builder_version=&#8221;4.18.0&#8243; _module_preset=&#8221;default&#8221; global_colors_info=&#8221;{}&#8221;][et_pb_text _builder_version=&#8221;4.18.0&#8243; _module_preset=&#8221;default&#8221; global_colors_info=&#8221;{}&#8221;]<\/p>\n<h2><strong>Messuilla mukana:<\/strong><\/h2>\n<p>[\/et_pb_text][\/et_pb_column][\/et_pb_row][et_pb_row _builder_version=&#8221;4.20.4&#8243; _module_preset=&#8221;default&#8221; global_colors_info=&#8221;{}&#8221;][et_pb_column type=&#8221;4_4&#8243; _builder_version=&#8221;4.20.4&#8243; _module_preset=&#8221;default&#8221; global_colors_info=&#8221;{}&#8221;][\/et_pb_column][\/et_pb_row][et_pb_row column_structure=&#8221;1_6,1_6,1_6,1_6,1_6,1_6&#8243; _builder_version=&#8221;4.18.0&#8243; _module_preset=&#8221;default&#8221; min_height=&#8221;255px&#8221; custom_margin=&#8221;|auto|-1px|auto||&#8221; custom_padding=&#8221;||0px|||&#8221; global_colors_info=&#8221;{}&#8221;][et_pb_column type=&#8221;1_6&#8243; _builder_version=&#8221;4.18.0&#8243; _module_preset=&#8221;default&#8221; global_colors_info=&#8221;{}&#8221;][et_pb_image src=&#8221;https:\/\/blogi.eoppimispalvelut.fi\/activearctic\/files\/2023\/05\/MicrosoftTeams-image-20.png&#8221; title_text=&#8221;MicrosoftTeams-image (20)&#8221; url=&#8221;https:\/\/lapinkuntoutus.fi\/&#8221; url_new_window=&#8221;on&#8221; _builder_version=&#8221;4.20.4&#8243; _module_preset=&#8221;default&#8221; background_enable_image=&#8221;off&#8221; global_colors_info=&#8221;{}&#8221;][\/et_pb_image][et_pb_image src=&#8221;https:\/\/blogi.eoppimispalvelut.fi\/activearctic\/files\/2023\/07\/MicrosoftTeams-image-33.png&#8221; title_text=&#8221;MicrosoftTeams-image (33)&#8221; url=&#8221;https:\/\/seniortek.fi\/&#8221; url_new_window=&#8221;on&#8221; _builder_version=&#8221;4.20.4&#8243; _module_preset=&#8221;default&#8221; background_enable_image=&#8221;off&#8221; global_colors_info=&#8221;{}&#8221;][\/et_pb_image][et_pb_image src=&#8221;https:\/\/blogi.eoppimispalvelut.fi\/activearctic\/files\/2023\/08\/MicrosoftTeams-image-61.png&#8221; title_text=&#8221;MicrosoftTeams-image (61)&#8221; _builder_version=&#8221;4.20.4&#8243; _module_preset=&#8221;default&#8221; global_colors_info=&#8221;{}&#8221;][\/et_pb_image][\/et_pb_column][et_pb_column type=&#8221;1_6&#8243; _builder_version=&#8221;4.18.0&#8243; _module_preset=&#8221;default&#8221; global_colors_info=&#8221;{}&#8221;][et_pb_image src=&#8221;https:\/\/blogi.eoppimispalvelut.fi\/activearctic\/files\/2022\/10\/kroppaus6.png&#8221; url=&#8221;https:\/\/kotiapuri.fi\/&#8221; url_new_window=&#8221;on&#8221; _builder_version=&#8221;4.20.4&#8243; _module_preset=&#8221;default&#8221; background_enable_image=&#8221;off&#8221; global_colors_info=&#8221;{}&#8221;][\/et_pb_image][et_pb_image src=&#8221;https:\/\/blogi.eoppimispalvelut.fi\/activearctic\/files\/2023\/05\/MicrosoftTeams-image-24.jpg&#8221; title_text=&#8221;MicrosoftTeams-image (24)&#8221; url=&#8221;https:\/\/www.medeka.fi\/&#8221; url_new_window=&#8221;on&#8221; _builder_version=&#8221;4.20.4&#8243; _module_preset=&#8221;default&#8221; background_enable_image=&#8221;off&#8221; global_colors_info=&#8221;{}&#8221;][\/et_pb_image][et_pb_image src=&#8221;https:\/\/blogi.eoppimispalvelut.fi\/activearctic\/files\/2023\/08\/MicrosoftTeams-image-62.png&#8221; title_text=&#8221;MicrosoftTeams-image (62)&#8221; url=&#8221;https:\/\/onervahoiva.fi\/&#8221; url_new_window=&#8221;on&#8221; _builder_version=&#8221;4.20.4&#8243; _module_preset=&#8221;default&#8221; global_colors_info=&#8221;{}&#8221;][\/et_pb_image][\/et_pb_column][et_pb_column type=&#8221;1_6&#8243; _builder_version=&#8221;4.18.0&#8243; _module_preset=&#8221;default&#8221; global_colors_info=&#8221;{}&#8221;][et_pb_image src=&#8221;https:\/\/blogi.eoppimispalvelut.fi\/activearctic\/files\/2022\/10\/kroppaus4.png&#8221; url=&#8221;https:\/\/www.kotihoitoulpukka.fi\/&#8221; url_new_window=&#8221;on&#8221; _builder_version=&#8221;4.20.4&#8243; _module_preset=&#8221;default&#8221; background_enable_image=&#8221;off&#8221; global_colors_info=&#8221;{}&#8221;][\/et_pb_image][et_pb_image src=&#8221;https:\/\/blogi.eoppimispalvelut.fi\/activearctic\/files\/2023\/06\/MicrosoftTeams-image-30.png&#8221; title_text=&#8221;MicrosoftTeams-image (30)&#8221; url=&#8221;https:\/\/gethublet.com\/fi\/etusivu\/&#8221; url_new_window=&#8221;on&#8221; _builder_version=&#8221;4.20.4&#8243; _module_preset=&#8221;default&#8221; background_enable_image=&#8221;off&#8221; global_colors_info=&#8221;{}&#8221;][\/et_pb_image][et_pb_image src=&#8221;https:\/\/blogi.eoppimispalvelut.fi\/activearctic\/files\/2023\/08\/MicrosoftTeams-image-63.png&#8221; title_text=&#8221;MicrosoftTeams-image (63)&#8221; url=&#8221;https:\/\/nucubaby.com\/&#8221; url_new_window=&#8221;on&#8221; _builder_version=&#8221;4.20.4&#8243; _module_preset=&#8221;default&#8221; global_colors_info=&#8221;{}&#8221;][\/et_pb_image][\/et_pb_column][et_pb_column type=&#8221;1_6&#8243; _builder_version=&#8221;4.18.0&#8243; _module_preset=&#8221;default&#8221; global_colors_info=&#8221;{}&#8221;][et_pb_image src=&#8221;https:\/\/blogi.eoppimispalvelut.fi\/activearctic\/files\/2023\/04\/MicrosoftTeams-image-19.png&#8221; title_text=&#8221;MicrosoftTeams-image (19)&#8221; url=&#8221;https:\/\/www.suomenselanmuisti.fi\/&#8221; url_new_window=&#8221;on&#8221; _builder_version=&#8221;4.20.4&#8243; _module_preset=&#8221;default&#8221; background_enable_image=&#8221;off&#8221; global_colors_info=&#8221;{}&#8221;][\/et_pb_image][et_pb_image src=&#8221;https:\/\/blogi.eoppimispalvelut.fi\/activearctic\/files\/2022\/11\/MicrosoftTeams-image-5.png&#8221; title_text=&#8221;Frostbit&#8221; url=&#8221;https:\/\/www.frostbit.fi\/en\/home\/&#8221; url_new_window=&#8221;on&#8221; _builder_version=&#8221;4.20.4&#8243; _module_preset=&#8221;default&#8221; background_enable_image=&#8221;off&#8221; custom_margin=&#8221;||83px|||&#8221; global_colors_info=&#8221;{}&#8221;][\/et_pb_image][et_pb_image src=&#8221;https:\/\/blogi.eoppimispalvelut.fi\/activearctic\/files\/2023\/08\/arctic-connect-2.png&#8221; title_text=&#8221;arctic connect&#8221; align=&#8221;center&#8221; _builder_version=&#8221;4.20.4&#8243; _module_preset=&#8221;default&#8221; background_enable_image=&#8221;off&#8221; custom_margin=&#8221;-8px||||false|false&#8221; global_colors_info=&#8221;{}&#8221;][\/et_pb_image][\/et_pb_column][et_pb_column type=&#8221;1_6&#8243; _builder_version=&#8221;4.18.0&#8243; _module_preset=&#8221;default&#8221; global_colors_info=&#8221;{}&#8221;][et_pb_image src=&#8221;https:\/\/blogi.eoppimispalvelut.fi\/activearctic\/files\/2023\/06\/MicrosoftTeams-image-5.png&#8221; title_text=&#8221;MicrosoftTeams-image (5)&#8221; url=&#8221;https:\/\/www.spespalvelut.fi\/fiilisluotsi&#8221; url_new_window=&#8221;on&#8221; _builder_version=&#8221;4.20.4&#8243; _module_preset=&#8221;default&#8221; background_enable_image=&#8221;off&#8221; global_colors_info=&#8221;{}&#8221;][\/et_pb_image][et_pb_image src=&#8221;https:\/\/blogi.eoppimispalvelut.fi\/activearctic\/files\/2023\/06\/MicrosoftTeams-image-31.png&#8221; title_text=&#8221;MicrosoftTeams-image (31)&#8221; url=&#8221;https:\/\/ekollega.fi\/vasa-vahva-sote-lapin-hyvinvointialueelle&#8221; url_new_window=&#8221;on&#8221; _builder_version=&#8221;4.20.4&#8243; _module_preset=&#8221;default&#8221; background_enable_image=&#8221;off&#8221; global_colors_info=&#8221;{}&#8221;][\/et_pb_image][et_pb_image src=&#8221;https:\/\/blogi.eoppimispalvelut.fi\/activearctic\/files\/2023\/08\/e-Coach.png&#8221; title_text=&#8221;e-Coach&#8221; align=&#8221;center&#8221; _builder_version=&#8221;4.20.4&#8243; _module_preset=&#8221;default&#8221; background_enable_image=&#8221;off&#8221; custom_margin=&#8221;47px||||false|false&#8221; hover_enabled=&#8221;0&#8243; global_colors_info=&#8221;{}&#8221; sticky_enabled=&#8221;0&#8243;][\/et_pb_image][\/et_pb_column][et_pb_column type=&#8221;1_6&#8243; _builder_version=&#8221;4.18.0&#8243; _module_preset=&#8221;default&#8221; global_colors_info=&#8221;{}&#8221;][et_pb_image src=&#8221;https:\/\/blogi.eoppimispalvelut.fi\/activearctic\/files\/2022\/10\/kroppaus2.png&#8221; url=&#8221;https:\/\/www.suvantocare.fi\/&#8221; url_new_window=&#8221;on&#8221; _builder_version=&#8221;4.20.4&#8243; _module_preset=&#8221;default&#8221; background_enable_image=&#8221;off&#8221; global_colors_info=&#8221;{}&#8221;][\/et_pb_image][et_pb_image src=&#8221;https:\/\/blogi.eoppimispalvelut.fi\/activearctic\/files\/2023\/06\/MicrosoftTeams-image-32.png&#8221; title_text=&#8221;MicrosoftTeams-image (32)&#8221; url=&#8221;https:\/\/www.tietoevry.com\/fi\/&#8221; url_new_window=&#8221;on&#8221; _builder_version=&#8221;4.20.4&#8243; _module_preset=&#8221;default&#8221; background_enable_image=&#8221;off&#8221; global_colors_info=&#8221;{}&#8221;][\/et_pb_image][\/et_pb_column][\/et_pb_row][\/et_pb_section][et_pb_section fb_built=&#8221;1&#8243; _builder_version=&#8221;4.17.4&#8243; _module_preset=&#8221;default&#8221; background_enable_image=&#8221;off&#8221; custom_padding=&#8221;5px|||||&#8221; global_colors_info=&#8221;{}&#8221;][et_pb_row column_structure=&#8221;1_4,1_4,1_4,1_4&#8243; _builder_version=&#8221;4.16&#8243; _module_preset=&#8221;default&#8221; global_colors_info=&#8221;{}&#8221;][et_pb_column type=&#8221;1_4&#8243; _builder_version=&#8221;4.16&#8243; _module_preset=&#8221;default&#8221; global_colors_info=&#8221;{}&#8221;][et_pb_image src=&#8221;https:\/\/blogi.eoppimispalvelut.fi\/activearctic\/files\/2022\/02\/Lapin-liitto-tausta.jpg&#8221; title_text=&#8221;Lapin liitto&#8221; _builder_version=&#8221;4.20.4&#8243; _module_preset=&#8221;default&#8221; background_enable_image=&#8221;off&#8221; custom_margin=&#8221;4px||||false|false&#8221; global_colors_info=&#8221;{}&#8221;][\/et_pb_image][\/et_pb_column][et_pb_column type=&#8221;1_4&#8243; _builder_version=&#8221;4.16&#8243; _module_preset=&#8221;default&#8221; global_colors_info=&#8221;{}&#8221;][et_pb_image src=&#8221;https:\/\/blogi.eoppimispalvelut.fi\/activearctic\/files\/2022\/02\/Lapin-AMK-logo.jpg&#8221; title_text=&#8221;Lapin AMK&#8221; _builder_version=&#8221;4.20.4&#8243; _module_preset=&#8221;default&#8221; background_enable_image=&#8221;off&#8221; global_colors_info=&#8221;{}&#8221;][\/et_pb_image][\/et_pb_column][et_pb_column type=&#8221;1_4&#8243; _builder_version=&#8221;4.16&#8243; _module_preset=&#8221;default&#8221; global_colors_info=&#8221;{}&#8221;][et_pb_image src=&#8221;https:\/\/blogi.eoppimispalvelut.fi\/activearctic\/files\/2022\/02\/Ulapland_RGB_vaaka.png&#8221; title_text=&#8221;Lapin yliopisto&#8221; _builder_version=&#8221;4.20.4&#8243; _module_preset=&#8221;default&#8221; background_enable_image=&#8221;off&#8221; custom_margin=&#8221;11px||||false|false&#8221; global_colors_info=&#8221;{}&#8221;][\/et_pb_image][\/et_pb_column][et_pb_column type=&#8221;1_4&#8243; _builder_version=&#8221;4.16&#8243; _module_preset=&#8221;default&#8221; global_colors_info=&#8221;{}&#8221;][et_pb_image src=&#8221;https:\/\/blogi.eoppimispalvelut.fi\/activearctic\/files\/2021\/09\/Vipuvoimaa_Eulta_2014-2020_ja_EAKR.png&#8221; alt=&#8221;Vipuvoimaa EU:lta 2014-2020 ja Euroopan unioni, Euroopan aluekehitysrahasto -tunnukset&#8221; title_text=&#8221;Vipuvoimaa EU:lta 2014-2020 ja Euroopan unioni, Euroopan aluekehitysrahasto -tunnukset&#8221; _builder_version=&#8221;4.20.4&#8243; _module_preset=&#8221;default&#8221; background_enable_image=&#8221;off&#8221; global_colors_info=&#8221;{}&#8221;][\/et_pb_image][\/et_pb_column][\/et_pb_row][\/et_pb_section]<\/p>\n","protected":false},"excerpt":{"rendered":"<p>Lapin hyvinvointiteknologiamessut 2023 Paikka: 17.8.2023 Tiedekeskus Pilke, Rovaniemi Klo: 10.00\u201317.00 Tervetuloa Lapin hyvinvointiteknologiamessuille Tiedekeskus Pilkkeeseen, Rovaniemelle! Messuilla kuullaan mielenkiintoisia asiantuntijapuheenvuoroja liittyen muun muassa hyvinvoinnin uusiin innovaatioihin ja datan k\u00e4yt\u00f6n mahdollisuuksiin, tutustutaan digitaalisiin ja teknologisiin ratkaisuihin ja k\u00e4yd\u00e4\u00e4n keskusteluja pohjoisen hyvinvoinnista.\u00a0Hyvinvointiteknologiamessut on tarkoitettu sosiaali- ja terveysalan ammattilaisille, yrityksille, asukkaille ja kaikille aiheesta kiinnostuneille. Tilaisuuden j\u00e4rjest\u00e4\u00e4 Active [&hellip;]<\/p>\n","protected":false},"author":4075,"featured_media":0,"parent":0,"menu_order":0,"comment_status":"closed","ping_status":"closed","template":"","meta":{"_et_pb_use_builder":"on","_et_pb_old_content":"","_et_gb_content_width":"","footnotes":""},"class_list":["post-2441","page","type-page","status-publish","hentry"],"yoast_head":"<!-- This site is optimized with the Yoast SEO plugin v27.5 - https:\/\/yoast.com\/product\/yoast-seo-wordpress\/ -->\n<title>Lapin hyvinvointiteknologiamessut 2023 - Active Arctic<\/title>\n<meta name=\"robots\" content=\"index, follow, max-snippet:-1, max-image-preview:large, max-video-preview:-1\" \/>\n<link rel=\"canonical\" href=\"https:\/\/blogi.eoppimispalvelut.fi\/activearctic\/lapin-hyvinvointiteknologiamessut-2023\/\" \/>\n<meta property=\"og:locale\" content=\"fi_FI\" \/>\n<meta property=\"og:type\" content=\"article\" \/>\n<meta property=\"og:title\" content=\"Lapin hyvinvointiteknologiamessut 2023 - Active Arctic\" \/>\n<meta property=\"og:description\" content=\"Lapin hyvinvointiteknologiamessut 2023 Paikka: 17.8.2023 Tiedekeskus Pilke, Rovaniemi Klo: 10.00\u201317.00 Tervetuloa Lapin hyvinvointiteknologiamessuille Tiedekeskus Pilkkeeseen, Rovaniemelle! Messuilla kuullaan mielenkiintoisia asiantuntijapuheenvuoroja liittyen muun muassa hyvinvoinnin uusiin innovaatioihin ja datan k\u00e4yt\u00f6n mahdollisuuksiin, tutustutaan digitaalisiin ja teknologisiin ratkaisuihin ja k\u00e4yd\u00e4\u00e4n keskusteluja pohjoisen hyvinvoinnista.\u00a0Hyvinvointiteknologiamessut on tarkoitettu sosiaali- ja terveysalan ammattilaisille, yrityksille, asukkaille ja kaikille aiheesta kiinnostuneille. Tilaisuuden j\u00e4rjest\u00e4\u00e4 Active [&hellip;]\" \/>\n<meta property=\"og:url\" content=\"https:\/\/blogi.eoppimispalvelut.fi\/activearctic\/lapin-hyvinvointiteknologiamessut-2023\/\" \/>\n<meta property=\"og:site_name\" content=\"Active Arctic\" \/>\n<meta property=\"article:modified_time\" content=\"2023-08-09T10:01:50+00:00\" \/>\n<meta name=\"twitter:card\" content=\"summary_large_image\" \/>\n<meta name=\"twitter:label1\" content=\"Est. reading time\" \/>\n\t<meta name=\"twitter:data1\" content=\"4 minutes\" \/>\n<script type=\"application\/ld+json\" class=\"yoast-schema-graph\">{\"@context\":\"https:\\\/\\\/schema.org\",\"@graph\":[{\"@type\":\"WebPage\",\"@id\":\"https:\\\/\\\/blogi.eoppimispalvelut.fi\\\/activearctic\\\/lapin-hyvinvointiteknologiamessut-2023\\\/\",\"url\":\"https:\\\/\\\/blogi.eoppimispalvelut.fi\\\/activearctic\\\/lapin-hyvinvointiteknologiamessut-2023\\\/\",\"name\":\"Lapin hyvinvointiteknologiamessut 2023 - Active Arctic\",\"isPartOf\":{\"@id\":\"https:\\\/\\\/blogi.eoppimispalvelut.fi\\\/activearctic\\\/#website\"},\"datePublished\":\"2023-04-20T10:10:52+00:00\",\"dateModified\":\"2023-08-09T10:01:50+00:00\",\"breadcrumb\":{\"@id\":\"https:\\\/\\\/blogi.eoppimispalvelut.fi\\\/activearctic\\\/lapin-hyvinvointiteknologiamessut-2023\\\/#breadcrumb\"},\"inLanguage\":\"fi\",\"potentialAction\":[{\"@type\":\"ReadAction\",\"target\":[\"https:\\\/\\\/blogi.eoppimispalvelut.fi\\\/activearctic\\\/lapin-hyvinvointiteknologiamessut-2023\\\/\"]}]},{\"@type\":\"BreadcrumbList\",\"@id\":\"https:\\\/\\\/blogi.eoppimispalvelut.fi\\\/activearctic\\\/lapin-hyvinvointiteknologiamessut-2023\\\/#breadcrumb\",\"itemListElement\":[{\"@type\":\"ListItem\",\"position\":1,\"name\":\"Home\",\"item\":\"https:\\\/\\\/blogi.eoppimispalvelut.fi\\\/activearctic\\\/\"},{\"@type\":\"ListItem\",\"position\":2,\"name\":\"Lapin hyvinvointiteknologiamessut 2023\"}]},{\"@type\":\"WebSite\",\"@id\":\"https:\\\/\\\/blogi.eoppimispalvelut.fi\\\/activearctic\\\/#website\",\"url\":\"https:\\\/\\\/blogi.eoppimispalvelut.fi\\\/activearctic\\\/\",\"name\":\"Active Arctic\",\"description\":\"Digitaaliset ymp\u00e4rist\u00f6t ja ratkaisut harvaan asuttujen alueiden hyvinvoinnin ja yritysten tukena \",\"potentialAction\":[{\"@type\":\"SearchAction\",\"target\":{\"@type\":\"EntryPoint\",\"urlTemplate\":\"https:\\\/\\\/blogi.eoppimispalvelut.fi\\\/activearctic\\\/?s={search_term_string}\"},\"query-input\":{\"@type\":\"PropertyValueSpecification\",\"valueRequired\":true,\"valueName\":\"search_term_string\"}}],\"inLanguage\":\"fi\"}]}<\/script>\n<!-- \/ Yoast SEO plugin. -->","yoast_head_json":{"title":"Lapin hyvinvointiteknologiamessut 2023 - Active Arctic","robots":{"index":"index","follow":"follow","max-snippet":"max-snippet:-1","max-image-preview":"max-image-preview:large","max-video-preview":"max-video-preview:-1"},"canonical":"https:\/\/blogi.eoppimispalvelut.fi\/activearctic\/lapin-hyvinvointiteknologiamessut-2023\/","og_locale":"fi_FI","og_type":"article","og_title":"Lapin hyvinvointiteknologiamessut 2023 - Active Arctic","og_description":"Lapin hyvinvointiteknologiamessut 2023 Paikka: 17.8.2023 Tiedekeskus Pilke, Rovaniemi Klo: 10.00\u201317.00 Tervetuloa Lapin hyvinvointiteknologiamessuille Tiedekeskus Pilkkeeseen, Rovaniemelle! Messuilla kuullaan mielenkiintoisia asiantuntijapuheenvuoroja liittyen muun muassa hyvinvoinnin uusiin innovaatioihin ja datan k\u00e4yt\u00f6n mahdollisuuksiin, tutustutaan digitaalisiin ja teknologisiin ratkaisuihin ja k\u00e4yd\u00e4\u00e4n keskusteluja pohjoisen hyvinvoinnista.\u00a0Hyvinvointiteknologiamessut on tarkoitettu sosiaali- ja terveysalan ammattilaisille, yrityksille, asukkaille ja kaikille aiheesta kiinnostuneille. Tilaisuuden j\u00e4rjest\u00e4\u00e4 Active [&hellip;]","og_url":"https:\/\/blogi.eoppimispalvelut.fi\/activearctic\/lapin-hyvinvointiteknologiamessut-2023\/","og_site_name":"Active Arctic","article_modified_time":"2023-08-09T10:01:50+00:00","twitter_card":"summary_large_image","twitter_misc":{"Est. reading time":"4 minutes"},"schema":{"@context":"https:\/\/schema.org","@graph":[{"@type":"WebPage","@id":"https:\/\/blogi.eoppimispalvelut.fi\/activearctic\/lapin-hyvinvointiteknologiamessut-2023\/","url":"https:\/\/blogi.eoppimispalvelut.fi\/activearctic\/lapin-hyvinvointiteknologiamessut-2023\/","name":"Lapin hyvinvointiteknologiamessut 2023 - Active Arctic","isPartOf":{"@id":"https:\/\/blogi.eoppimispalvelut.fi\/activearctic\/#website"},"datePublished":"2023-04-20T10:10:52+00:00","dateModified":"2023-08-09T10:01:50+00:00","breadcrumb":{"@id":"https:\/\/blogi.eoppimispalvelut.fi\/activearctic\/lapin-hyvinvointiteknologiamessut-2023\/#breadcrumb"},"inLanguage":"fi","potentialAction":[{"@type":"ReadAction","target":["https:\/\/blogi.eoppimispalvelut.fi\/activearctic\/lapin-hyvinvointiteknologiamessut-2023\/"]}]},{"@type":"BreadcrumbList","@id":"https:\/\/blogi.eoppimispalvelut.fi\/activearctic\/lapin-hyvinvointiteknologiamessut-2023\/#breadcrumb","itemListElement":[{"@type":"ListItem","position":1,"name":"Home","item":"https:\/\/blogi.eoppimispalvelut.fi\/activearctic\/"},{"@type":"ListItem","position":2,"name":"Lapin hyvinvointiteknologiamessut 2023"}]},{"@type":"WebSite","@id":"https:\/\/blogi.eoppimispalvelut.fi\/activearctic\/#website","url":"https:\/\/blogi.eoppimispalvelut.fi\/activearctic\/","name":"Active Arctic","description":"Digitaaliset ymp\u00e4rist\u00f6t ja ratkaisut harvaan asuttujen alueiden hyvinvoinnin ja yritysten tukena ","potentialAction":[{"@type":"SearchAction","target":{"@type":"EntryPoint","urlTemplate":"https:\/\/blogi.eoppimispalvelut.fi\/activearctic\/?s={search_term_string}"},"query-input":{"@type":"PropertyValueSpecification","valueRequired":true,"valueName":"search_term_string"}}],"inLanguage":"fi"}]}},"_links":{"self":[{"href":"https:\/\/blogi.eoppimispalvelut.fi\/activearctic\/wp-json\/wp\/v2\/pages\/2441","targetHints":{"allow":["GET"]}}],"collection":[{"href":"https:\/\/blogi.eoppimispalvelut.fi\/activearctic\/wp-json\/wp\/v2\/pages"}],"about":[{"href":"https:\/\/blogi.eoppimispalvelut.fi\/activearctic\/wp-json\/wp\/v2\/types\/page"}],"author":[{"embeddable":true,"href":"https:\/\/blogi.eoppimispalvelut.fi\/activearctic\/wp-json\/wp\/v2\/users\/4075"}],"replies":[{"embeddable":true,"href":"https:\/\/blogi.eoppimispalvelut.fi\/activearctic\/wp-json\/wp\/v2\/comments?post=2441"}],"version-history":[{"count":64,"href":"https:\/\/blogi.eoppimispalvelut.fi\/activearctic\/wp-json\/wp\/v2\/pages\/2441\/revisions"}],"predecessor-version":[{"id":2603,"href":"https:\/\/blogi.eoppimispalvelut.fi\/activearctic\/wp-json\/wp\/v2\/pages\/2441\/revisions\/2603"}],"wp:attachment":[{"href":"https:\/\/blogi.eoppimispalvelut.fi\/activearctic\/wp-json\/wp\/v2\/media?parent=2441"}],"curies":[{"name":"wp","href":"https:\/\/api.w.org\/{rel}","templated":true}]}}