{"id":513,"date":"2022-02-18T14:20:53","date_gmt":"2022-02-18T12:20:53","guid":{"rendered":"https:\/\/blogi.eoppimispalvelut.fi\/activearctic\/?page_id=513"},"modified":"2022-08-24T10:49:50","modified_gmt":"2022-08-24T07:49:50","slug":"hyvinvoiva-digitaalinen-lappi-29-3-2022","status":"publish","type":"page","link":"https:\/\/blogi.eoppimispalvelut.fi\/activearctic\/tapahtumat\/hyvinvoiva-digitaalinen-lappi-29-3-2022\/","title":{"rendered":"Hyvinvoiva digitaalinen Lappi 29.3.2022"},"content":{"rendered":"<p>[et_pb_section fb_built=&#8221;1&#8243; _builder_version=&#8221;4.16&#8243; _module_preset=&#8221;default&#8221; background_image=&#8221;https:\/\/blogi.eoppimispalvelut.fi\/activearctic\/files\/2022\/02\/brokerage-firm-13.png&#8221; parallax=&#8221;off&#8221; custom_padding=&#8221;||3px|||&#8221; global_colors_info=&#8221;{}&#8221;][et_pb_row column_structure=&#8221;1_2,1_2&#8243; _builder_version=&#8221;4.16&#8243; _module_preset=&#8221;default&#8221; custom_padding=&#8221;17px|||2px||&#8221; global_colors_info=&#8221;{}&#8221;][et_pb_column type=&#8221;1_2&#8243; _builder_version=&#8221;4.16&#8243; _module_preset=&#8221;default&#8221; global_colors_info=&#8221;{}&#8221;][et_pb_text _builder_version=&#8221;4.16&#8243; _module_preset=&#8221;default&#8221; text_text_color=&#8221;#000000&#8243; header_font=&#8221;Georgia||||||||&#8221; header_font_size=&#8221;35px&#8221; header_3_font=&#8221;Georgia|300|||||||&#8221; header_3_font_size=&#8221;25px&#8221; width=&#8221;100%&#8221; max_width=&#8221;140%&#8221; min_height=&#8221;214.4px&#8221; custom_margin=&#8221;|-402px||0px|false|false&#8221; custom_padding=&#8221;|0px||0px|false|false&#8221; header_3_font_tablet=&#8221;&#8221; header_3_font_phone=&#8221;&#8221; header_3_font_last_edited=&#8221;on|desktop&#8221; global_colors_info=&#8221;{}&#8221;]<\/p>\n<h1>Hyvinvoiva digitaalinen Lappi<\/h1>\n<h2>-ty\u00f6paja<\/h2>\n<p>&nbsp;<\/p>\n<p><strong>Aika: 29.3.2022 klo 13\u201315<\/strong><br \/><strong>Paikka: <a href=\"https:\/\/teams.microsoft.com\/dl\/launcher\/launcher.html?url=%2F_%23%2Fl%2Fmeetup-join%2F19%3Ameeting_ODBjZDVmNDctMjU1Zi00NmY1LWFmZDQtMGI4NzlkMjA5NWE1%40thread.v2%2F0%3Fcontext%3D%257B%2522Tid%2522%3A%25224c60a66f-0a8d-446e-9ac0-836a00d84542%2522%252c%2522Oid%2522%3A%2522ac4ca781-048f-4c14-b778-21de7789c29b%2522%257D%26anon%3Dtrue&amp;type=meetup-join&amp;deeplinkId=3138d03a-abbf-4796-9a45-8f763de295c8&amp;directDl=true&amp;msLaunch=true&amp;enableMobilePage=true&amp;suppressPrompt=true\">Teams<\/a><\/strong><\/p>\n<p>[\/et_pb_text][\/et_pb_column][et_pb_column type=&#8221;1_2&#8243; _builder_version=&#8221;4.16&#8243; _module_preset=&#8221;default&#8221; global_colors_info=&#8221;{}&#8221;][et_pb_image src=&#8221;https:\/\/blogi.eoppimispalvelut.fi\/activearctic\/files\/2022\/02\/Palvelumuotoilutyopaja.jpg&#8221; align=&#8221;right&#8221; _builder_version=&#8221;4.17.4&#8243; _module_preset=&#8221;default&#8221; width=&#8221;77%&#8221; max_width=&#8221;63%&#8221; custom_margin=&#8221;|||110px||&#8221; custom_padding=&#8221;|||111px||&#8221; hover_enabled=&#8221;0&#8243; global_colors_info=&#8221;{}&#8221; background_enable_image=&#8221;off&#8221; sticky_enabled=&#8221;0&#8243;][\/et_pb_image][\/et_pb_column][\/et_pb_row][\/et_pb_section][et_pb_section fb_built=&#8221;1&#8243; _builder_version=&#8221;4.17.4&#8243; _module_preset=&#8221;default&#8221; background_enable_image=&#8221;off&#8221; custom_padding=&#8221;0px||24px|||&#8221; global_colors_info=&#8221;{}&#8221;][et_pb_row _builder_version=&#8221;4.16&#8243; _module_preset=&#8221;default&#8221; global_colors_info=&#8221;{}&#8221;][et_pb_column type=&#8221;4_4&#8243; _builder_version=&#8221;4.16&#8243; _module_preset=&#8221;default&#8221; global_colors_info=&#8221;{}&#8221;][et_pb_text _builder_version=&#8221;4.16&#8243; _module_preset=&#8221;default&#8221; text_text_color=&#8221;#000000&#8243; global_colors_info=&#8221;{}&#8221;]<\/p>\n<p>Digitaalisuutta korostetaan koko ajan entist\u00e4 enemm\u00e4n kest\u00e4v\u00e4mm\u00e4n huomisen mahdollistajana ja t\u00e4t\u00e4 muutosta EU tukee vahvasti t\u00e4m\u00e4nhetkisill\u00e4 toimintalinjauksillaan. Mit\u00e4 sitten digitalisaatio voi mahdollistaa terveys- ja hyvinvointialojen saralla? Pitk\u00e4t v\u00e4limatkat, ik\u00e4\u00e4ntyv\u00e4 v\u00e4est\u00f6, mielenterveysongelmat ja yksin\u00e4isyys ovat ongelmia joihin digitalisaation mahdollisuuksia ei ole viel\u00e4 tarpeeksi hy\u00f6dynnetty, etenk\u00e4\u00e4n Lapissa.<\/p>\n<p>Tervetuloa Active Arctic -hankkeen j\u00e4rjest\u00e4m\u00e4\u00e4n ensimm\u00e4iseen palvelumuotoiluty\u00f6pajan, jossa jaetaan kokemuksia ja ideoita liittyen t\u00e4m\u00e4n hetken terveys- ja hyvinvointialan kehitt\u00e4mistarpeisiin sek\u00e4 olemassa oleviin tai uusiin hyviin k\u00e4yt\u00e4nt\u00f6ihin. Tunnistettuihin tarpeisiin, ideoihin ja k\u00e4yt\u00e4nt\u00f6ihin, tulemme hankkeen aikana yhdess\u00e4 alan toimijoiden kanssa etsim\u00e4\u00e4n ratkaisuja ja mahdollisia uusia liiketoimintamalleja.<\/p>\n<p>Ty\u00f6paja j\u00e4rjestet\u00e4\u00e4n et\u00e4n\u00e4 Teams-yhteydell\u00e4, ja ty\u00f6pajaty\u00f6skentelyss\u00e4 k\u00e4yt\u00e4mme Miro-alustaa.<\/p>\n<p>[\/et_pb_text][\/et_pb_column][\/et_pb_row][\/et_pb_section][et_pb_section fb_built=&#8221;1&#8243; _builder_version=&#8221;4.16&#8243; _module_preset=&#8221;default&#8221; background_color=&#8221;rgba(188,188,188,0.1)&#8221; background_image=&#8221;https:\/\/blogi.eoppimispalvelut.fi\/activearctic\/files\/2022\/02\/brokerage-firm-11.png&#8221; parallax_method=&#8221;off&#8221; custom_padding=&#8221;1px||1px|||&#8221; global_colors_info=&#8221;{}&#8221;][et_pb_row _builder_version=&#8221;4.16&#8243; _module_preset=&#8221;default&#8221; global_colors_info=&#8221;{}&#8221;][et_pb_column type=&#8221;4_4&#8243; _builder_version=&#8221;4.16&#8243; _module_preset=&#8221;default&#8221; global_colors_info=&#8221;{}&#8221;][et_pb_text _builder_version=&#8221;4.16&#8243; _module_preset=&#8221;default&#8221; global_colors_info=&#8221;{}&#8221;]<\/p>\n<p>Ohjelma:<\/p>\n<p>13:00-13:15\u00a0\u00a0\u00a0\u00a0 Active Arctic -hankkeen esittely<\/p>\n<p>13:15-13:30\u00a0\u00a0\u00a0\u00a0\u00a0Yhteisty\u00f6ll\u00e4 hyvinvointia, terveysty\u00f6n asiantuntija Mira Oinas-M\u00e4enalainen ja vanhusty\u00f6n asiantuntija &amp; geronomi\u00a0Tanja Marjanen-Korkala, Lapin amk<\/p>\n<p>13:30-13:45\u00a0\u00a0\u00a0\u00a0 Nykyteknologian tarjoamat mahdollisuudet terveydenhoitoalalle, projektip\u00e4\u00e4llikk\u00f6 Mika Uitto, FrostBit<\/p>\n<p>13:45-14:45\u00a0\u00a0\u00a0\u00a0 Ty\u00f6pajaty\u00f6skentely, Miro-alusta<\/p>\n<p>14:45-15:00\u00a0\u00a0\u00a0\u00a0 Tulosten l\u00e4pik\u00e4ynti<\/p>\n<p>[\/et_pb_text][\/et_pb_column][\/et_pb_row][\/et_pb_section][et_pb_section fb_built=&#8221;1&#8243; _builder_version=&#8221;4.17.4&#8243; _module_preset=&#8221;default&#8221; background_enable_image=&#8221;off&#8221; custom_padding=&#8221;16px|||||&#8221; global_colors_info=&#8221;{}&#8221;][et_pb_row _builder_version=&#8221;4.16&#8243; _module_preset=&#8221;default&#8221; global_colors_info=&#8221;{}&#8221;][et_pb_column type=&#8221;4_4&#8243; _builder_version=&#8221;4.16&#8243; _module_preset=&#8221;default&#8221; global_colors_info=&#8221;{}&#8221;][et_pb_text _builder_version=&#8221;4.16&#8243; _module_preset=&#8221;default&#8221; global_colors_info=&#8221;{}&#8221;]<\/p>\n<p><strong><a href=\"https:\/\/link.webropolsurveys.com\/S\/EB975AC73B43B5BD\">Ilmoittaudu<\/a> Hyvinvoiva digitaalinen Lappi -ty\u00f6pajaan viimeist\u00e4\u00e4n 25.3.2022.\u00a0<\/strong><\/p>\n<p>&nbsp;<\/p>\n<p><strong>Ty\u00f6pajan j\u00e4rjest\u00e4\u00e4:<\/strong> Active Arctic -hanke<\/p>\n<p><strong>Lis\u00e4tietoja:<\/strong><\/p>\n<p>Ella Bj\u00f6rn, projektip\u00e4\u00e4llikk\u00f6, Lapin yliopisto, ella.bjorn@ulapland.fi<br \/>Tuuli Tikkanen, projektip\u00e4\u00e4llikk\u00f6, Lapin amk (hankkeen koordinaattori), tuuli.tikkanen@lapinamk.fi<\/p>\n<p>[\/et_pb_text][\/et_pb_column][\/et_pb_row][\/et_pb_section][et_pb_section fb_built=&#8221;1&#8243; _builder_version=&#8221;4.17.4&#8243; _module_preset=&#8221;default&#8221; background_enable_image=&#8221;off&#8221; custom_padding=&#8221;0px|||||&#8221; global_colors_info=&#8221;{}&#8221;][et_pb_row column_structure=&#8221;1_4,1_4,1_4,1_4&#8243; _builder_version=&#8221;4.16&#8243; _module_preset=&#8221;default&#8221; global_colors_info=&#8221;{}&#8221;][et_pb_column type=&#8221;1_4&#8243; _builder_version=&#8221;4.16&#8243; _module_preset=&#8221;default&#8221; global_colors_info=&#8221;{}&#8221;][et_pb_image src=&#8221;https:\/\/blogi.eoppimispalvelut.fi\/activearctic\/files\/2022\/02\/Lapin-liitto-tausta.jpg&#8221; title_text=&#8221;Lapin liitto tausta&#8221; _builder_version=&#8221;4.16&#8243; _module_preset=&#8221;default&#8221; custom_margin=&#8221;4px||||false|false&#8221; global_colors_info=&#8221;{}&#8221;][\/et_pb_image][\/et_pb_column][et_pb_column type=&#8221;1_4&#8243; _builder_version=&#8221;4.16&#8243; _module_preset=&#8221;default&#8221; global_colors_info=&#8221;{}&#8221;][et_pb_image src=&#8221;https:\/\/blogi.eoppimispalvelut.fi\/activearctic\/files\/2022\/02\/Lapin-AMK-logo.jpg&#8221; title_text=&#8221;Lapin AMK logo&#8221; _builder_version=&#8221;4.16&#8243; _module_preset=&#8221;default&#8221; global_colors_info=&#8221;{}&#8221;][\/et_pb_image][\/et_pb_column][et_pb_column type=&#8221;1_4&#8243; _builder_version=&#8221;4.16&#8243; _module_preset=&#8221;default&#8221; global_colors_info=&#8221;{}&#8221;][et_pb_image src=&#8221;https:\/\/blogi.eoppimispalvelut.fi\/activearctic\/files\/2022\/02\/Ulapland_RGB_vaaka.png&#8221; title_text=&#8221;Ulapland_RGB_vaaka&#8221; _builder_version=&#8221;4.17.4&#8243; _module_preset=&#8221;default&#8221; custom_margin=&#8221;11px||||false|false&#8221; hover_enabled=&#8221;0&#8243; global_colors_info=&#8221;{}&#8221; background_enable_image=&#8221;off&#8221; sticky_enabled=&#8221;0&#8243;][\/et_pb_image][\/et_pb_column][et_pb_column type=&#8221;1_4&#8243; _builder_version=&#8221;4.16&#8243; _module_preset=&#8221;default&#8221; global_colors_info=&#8221;{}&#8221;][et_pb_image src=&#8221;https:\/\/blogi.eoppimispalvelut.fi\/activearctic\/files\/2021\/09\/Vipuvoimaa_Eulta_2014-2020_ja_EAKR.png&#8221; alt=&#8221;Vipuvoimaa EU:lta 2014-2020 ja Euroopan unioni, Euroopan aluekehitysrahasto -tunnukset&#8221; title_text=&#8221;Vipuvoimaa EU:lta 2014-2020 ja Euroopan unioni, Euroopan aluekehitysrahasto -tunnukset&#8221; _builder_version=&#8221;4.17.4&#8243; _module_preset=&#8221;default&#8221; hover_enabled=&#8221;0&#8243; global_colors_info=&#8221;{}&#8221; background_enable_image=&#8221;off&#8221; sticky_enabled=&#8221;0&#8243;][\/et_pb_image][\/et_pb_column][\/et_pb_row][\/et_pb_section]<\/p>\n","protected":false},"excerpt":{"rendered":"<p>Hyvinvoiva digitaalinen Lappi -ty\u00f6paja &nbsp; Aika: 29.3.2022 klo 13\u201315Paikka: TeamsDigitaalisuutta korostetaan koko ajan entist\u00e4 enemm\u00e4n kest\u00e4v\u00e4mm\u00e4n huomisen mahdollistajana ja t\u00e4t\u00e4 muutosta EU tukee vahvasti t\u00e4m\u00e4nhetkisill\u00e4 toimintalinjauksillaan. Mit\u00e4 sitten digitalisaatio voi mahdollistaa terveys- ja hyvinvointialojen saralla? Pitk\u00e4t v\u00e4limatkat, ik\u00e4\u00e4ntyv\u00e4 v\u00e4est\u00f6, mielenterveysongelmat ja yksin\u00e4isyys ovat ongelmia joihin digitalisaation mahdollisuuksia ei ole viel\u00e4 tarpeeksi hy\u00f6dynnetty, etenk\u00e4\u00e4n Lapissa. Tervetuloa [&hellip;]<\/p>\n","protected":false},"author":9227,"featured_media":0,"parent":281,"menu_order":0,"comment_status":"closed","ping_status":"closed","template":"","meta":{"_et_pb_use_builder":"on","_et_pb_old_content":"","_et_gb_content_width":"","footnotes":""},"class_list":["post-513","page","type-page","status-publish","hentry"],"yoast_head":"<!-- This site is optimized with the Yoast SEO plugin v27.5 - https:\/\/yoast.com\/product\/yoast-seo-wordpress\/ -->\n<title>Hyvinvoiva digitaalinen Lappi 29.3.2022 - Active Arctic<\/title>\n<meta name=\"description\" content=\"Kiitos osallistumisesta Active Arctic -hankkeen j\u00e4rjest\u00e4m\u00e4\u00e4n Hyvinvoiva digitaalinen Lappi -ty\u00f6pajaan 29.3.2022!\" \/>\n<meta name=\"robots\" content=\"index, follow, max-snippet:-1, max-image-preview:large, max-video-preview:-1\" \/>\n<link rel=\"canonical\" href=\"https:\/\/blogi.eoppimispalvelut.fi\/activearctic\/tapahtumat\/hyvinvoiva-digitaalinen-lappi-29-3-2022\/\" \/>\n<meta property=\"og:locale\" content=\"fi_FI\" \/>\n<meta property=\"og:type\" content=\"article\" \/>\n<meta property=\"og:title\" content=\"Hyvinvoiva digitaalinen Lappi 29.3.2022 - Active Arctic\" \/>\n<meta property=\"og:description\" content=\"Kiitos osallistumisesta Active Arctic -hankkeen j\u00e4rjest\u00e4m\u00e4\u00e4n Hyvinvoiva digitaalinen Lappi -ty\u00f6pajaan 29.3.2022!\" \/>\n<meta property=\"og:url\" content=\"https:\/\/blogi.eoppimispalvelut.fi\/activearctic\/tapahtumat\/hyvinvoiva-digitaalinen-lappi-29-3-2022\/\" \/>\n<meta property=\"og:site_name\" content=\"Active Arctic\" \/>\n<meta property=\"article:modified_time\" content=\"2022-08-24T07:49:50+00:00\" \/>\n<meta name=\"twitter:card\" content=\"summary_large_image\" \/>\n<meta name=\"twitter:label1\" content=\"Est. reading time\" \/>\n\t<meta name=\"twitter:data1\" content=\"4 minutes\" \/>\n<script type=\"application\/ld+json\" class=\"yoast-schema-graph\">{\"@context\":\"https:\\\/\\\/schema.org\",\"@graph\":[{\"@type\":\"WebPage\",\"@id\":\"https:\\\/\\\/blogi.eoppimispalvelut.fi\\\/activearctic\\\/tapahtumat\\\/hyvinvoiva-digitaalinen-lappi-29-3-2022\\\/\",\"url\":\"https:\\\/\\\/blogi.eoppimispalvelut.fi\\\/activearctic\\\/tapahtumat\\\/hyvinvoiva-digitaalinen-lappi-29-3-2022\\\/\",\"name\":\"Hyvinvoiva digitaalinen Lappi 29.3.2022 - Active Arctic\",\"isPartOf\":{\"@id\":\"https:\\\/\\\/blogi.eoppimispalvelut.fi\\\/activearctic\\\/#website\"},\"datePublished\":\"2022-02-18T12:20:53+00:00\",\"dateModified\":\"2022-08-24T07:49:50+00:00\",\"description\":\"Kiitos osallistumisesta Active Arctic -hankkeen j\u00e4rjest\u00e4m\u00e4\u00e4n Hyvinvoiva digitaalinen Lappi -ty\u00f6pajaan 29.3.2022!\",\"breadcrumb\":{\"@id\":\"https:\\\/\\\/blogi.eoppimispalvelut.fi\\\/activearctic\\\/tapahtumat\\\/hyvinvoiva-digitaalinen-lappi-29-3-2022\\\/#breadcrumb\"},\"inLanguage\":\"fi\",\"potentialAction\":[{\"@type\":\"ReadAction\",\"target\":[\"https:\\\/\\\/blogi.eoppimispalvelut.fi\\\/activearctic\\\/tapahtumat\\\/hyvinvoiva-digitaalinen-lappi-29-3-2022\\\/\"]}]},{\"@type\":\"BreadcrumbList\",\"@id\":\"https:\\\/\\\/blogi.eoppimispalvelut.fi\\\/activearctic\\\/tapahtumat\\\/hyvinvoiva-digitaalinen-lappi-29-3-2022\\\/#breadcrumb\",\"itemListElement\":[{\"@type\":\"ListItem\",\"position\":1,\"name\":\"Home\",\"item\":\"https:\\\/\\\/blogi.eoppimispalvelut.fi\\\/activearctic\\\/\"},{\"@type\":\"ListItem\",\"position\":2,\"name\":\"Tapahtumat\",\"item\":\"https:\\\/\\\/blogi.eoppimispalvelut.fi\\\/activearctic\\\/tapahtumat\\\/\"},{\"@type\":\"ListItem\",\"position\":3,\"name\":\"Hyvinvoiva digitaalinen Lappi 29.3.2022\"}]},{\"@type\":\"WebSite\",\"@id\":\"https:\\\/\\\/blogi.eoppimispalvelut.fi\\\/activearctic\\\/#website\",\"url\":\"https:\\\/\\\/blogi.eoppimispalvelut.fi\\\/activearctic\\\/\",\"name\":\"Active Arctic\",\"description\":\"Digitaaliset ymp\u00e4rist\u00f6t ja ratkaisut harvaan asuttujen alueiden hyvinvoinnin ja yritysten tukena \",\"potentialAction\":[{\"@type\":\"SearchAction\",\"target\":{\"@type\":\"EntryPoint\",\"urlTemplate\":\"https:\\\/\\\/blogi.eoppimispalvelut.fi\\\/activearctic\\\/?s={search_term_string}\"},\"query-input\":{\"@type\":\"PropertyValueSpecification\",\"valueRequired\":true,\"valueName\":\"search_term_string\"}}],\"inLanguage\":\"fi\"}]}<\/script>\n<!-- \/ Yoast SEO plugin. -->","yoast_head_json":{"title":"Hyvinvoiva digitaalinen Lappi 29.3.2022 - Active Arctic","description":"Kiitos osallistumisesta Active Arctic -hankkeen j\u00e4rjest\u00e4m\u00e4\u00e4n Hyvinvoiva digitaalinen Lappi -ty\u00f6pajaan 29.3.2022!","robots":{"index":"index","follow":"follow","max-snippet":"max-snippet:-1","max-image-preview":"max-image-preview:large","max-video-preview":"max-video-preview:-1"},"canonical":"https:\/\/blogi.eoppimispalvelut.fi\/activearctic\/tapahtumat\/hyvinvoiva-digitaalinen-lappi-29-3-2022\/","og_locale":"fi_FI","og_type":"article","og_title":"Hyvinvoiva digitaalinen Lappi 29.3.2022 - Active Arctic","og_description":"Kiitos osallistumisesta Active Arctic -hankkeen j\u00e4rjest\u00e4m\u00e4\u00e4n Hyvinvoiva digitaalinen Lappi -ty\u00f6pajaan 29.3.2022!","og_url":"https:\/\/blogi.eoppimispalvelut.fi\/activearctic\/tapahtumat\/hyvinvoiva-digitaalinen-lappi-29-3-2022\/","og_site_name":"Active Arctic","article_modified_time":"2022-08-24T07:49:50+00:00","twitter_card":"summary_large_image","twitter_misc":{"Est. reading time":"4 minutes"},"schema":{"@context":"https:\/\/schema.org","@graph":[{"@type":"WebPage","@id":"https:\/\/blogi.eoppimispalvelut.fi\/activearctic\/tapahtumat\/hyvinvoiva-digitaalinen-lappi-29-3-2022\/","url":"https:\/\/blogi.eoppimispalvelut.fi\/activearctic\/tapahtumat\/hyvinvoiva-digitaalinen-lappi-29-3-2022\/","name":"Hyvinvoiva digitaalinen Lappi 29.3.2022 - Active Arctic","isPartOf":{"@id":"https:\/\/blogi.eoppimispalvelut.fi\/activearctic\/#website"},"datePublished":"2022-02-18T12:20:53+00:00","dateModified":"2022-08-24T07:49:50+00:00","description":"Kiitos osallistumisesta Active Arctic -hankkeen j\u00e4rjest\u00e4m\u00e4\u00e4n Hyvinvoiva digitaalinen Lappi -ty\u00f6pajaan 29.3.2022!","breadcrumb":{"@id":"https:\/\/blogi.eoppimispalvelut.fi\/activearctic\/tapahtumat\/hyvinvoiva-digitaalinen-lappi-29-3-2022\/#breadcrumb"},"inLanguage":"fi","potentialAction":[{"@type":"ReadAction","target":["https:\/\/blogi.eoppimispalvelut.fi\/activearctic\/tapahtumat\/hyvinvoiva-digitaalinen-lappi-29-3-2022\/"]}]},{"@type":"BreadcrumbList","@id":"https:\/\/blogi.eoppimispalvelut.fi\/activearctic\/tapahtumat\/hyvinvoiva-digitaalinen-lappi-29-3-2022\/#breadcrumb","itemListElement":[{"@type":"ListItem","position":1,"name":"Home","item":"https:\/\/blogi.eoppimispalvelut.fi\/activearctic\/"},{"@type":"ListItem","position":2,"name":"Tapahtumat","item":"https:\/\/blogi.eoppimispalvelut.fi\/activearctic\/tapahtumat\/"},{"@type":"ListItem","position":3,"name":"Hyvinvoiva digitaalinen Lappi 29.3.2022"}]},{"@type":"WebSite","@id":"https:\/\/blogi.eoppimispalvelut.fi\/activearctic\/#website","url":"https:\/\/blogi.eoppimispalvelut.fi\/activearctic\/","name":"Active Arctic","description":"Digitaaliset ymp\u00e4rist\u00f6t ja ratkaisut harvaan asuttujen alueiden hyvinvoinnin ja yritysten tukena ","potentialAction":[{"@type":"SearchAction","target":{"@type":"EntryPoint","urlTemplate":"https:\/\/blogi.eoppimispalvelut.fi\/activearctic\/?s={search_term_string}"},"query-input":{"@type":"PropertyValueSpecification","valueRequired":true,"valueName":"search_term_string"}}],"inLanguage":"fi"}]}},"_links":{"self":[{"href":"https:\/\/blogi.eoppimispalvelut.fi\/activearctic\/wp-json\/wp\/v2\/pages\/513","targetHints":{"allow":["GET"]}}],"collection":[{"href":"https:\/\/blogi.eoppimispalvelut.fi\/activearctic\/wp-json\/wp\/v2\/pages"}],"about":[{"href":"https:\/\/blogi.eoppimispalvelut.fi\/activearctic\/wp-json\/wp\/v2\/types\/page"}],"author":[{"embeddable":true,"href":"https:\/\/blogi.eoppimispalvelut.fi\/activearctic\/wp-json\/wp\/v2\/users\/9227"}],"replies":[{"embeddable":true,"href":"https:\/\/blogi.eoppimispalvelut.fi\/activearctic\/wp-json\/wp\/v2\/comments?post=513"}],"version-history":[{"count":25,"href":"https:\/\/blogi.eoppimispalvelut.fi\/activearctic\/wp-json\/wp\/v2\/pages\/513\/revisions"}],"predecessor-version":[{"id":1382,"href":"https:\/\/blogi.eoppimispalvelut.fi\/activearctic\/wp-json\/wp\/v2\/pages\/513\/revisions\/1382"}],"up":[{"embeddable":true,"href":"https:\/\/blogi.eoppimispalvelut.fi\/activearctic\/wp-json\/wp\/v2\/pages\/281"}],"wp:attachment":[{"href":"https:\/\/blogi.eoppimispalvelut.fi\/activearctic\/wp-json\/wp\/v2\/media?parent=513"}],"curies":[{"name":"wp","href":"https:\/\/api.w.org\/{rel}","templated":true}]}}