{"id":18,"date":"2021-11-19T09:46:05","date_gmt":"2021-11-19T07:46:05","guid":{"rendered":"https:\/\/blogi.eoppimispalvelut.fi\/ahaarahi\/?page_id=18"},"modified":"2021-12-08T17:52:27","modified_gmt":"2021-12-08T15:52:27","slug":"yhteydenottolomake","status":"publish","type":"page","link":"https:\/\/blogi.eoppimispalvelut.fi\/ahaarahi\/yhteydenottolomake\/","title":{"rendered":"Yhteydenottolomake"},"content":{"rendered":"<p>Voit ottaa meihin yhteytt\u00e4 t\u00e4ytt\u00e4m\u00e4ll\u00e4 alla olevan yhteydenottolomakkeen.<\/p>\n","protected":false},"excerpt":{"rendered":"<p>Voit ottaa meihin yhteytt\u00e4 t\u00e4ytt\u00e4m\u00e4ll\u00e4 alla olevan yhteydenottolomakkeen.<\/p>\n","protected":false},"author":8808,"featured_media":0,"parent":0,"menu_order":0,"comment_status":"closed","ping_status":"closed","template":"","meta":{"footnotes":""},"class_list":["post-18","page","type-page","status-publish","hentry"],"_links":{"self":[{"href":"https:\/\/blogi.eoppimispalvelut.fi\/ahaarahi\/wp-json\/wp\/v2\/pages\/18","targetHints":{"allow":["GET"]}}],"collection":[{"href":"https:\/\/blogi.eoppimispalvelut.fi\/ahaarahi\/wp-json\/wp\/v2\/pages"}],"about":[{"href":"https:\/\/blogi.eoppimispalvelut.fi\/ahaarahi\/wp-json\/wp\/v2\/types\/page"}],"author":[{"embeddable":true,"href":"https:\/\/blogi.eoppimispalvelut.fi\/ahaarahi\/wp-json\/wp\/v2\/users\/8808"}],"replies":[{"embeddable":true,"href":"https:\/\/blogi.eoppimispalvelut.fi\/ahaarahi\/wp-json\/wp\/v2\/comments?post=18"}],"version-history":[{"count":1,"href":"https:\/\/blogi.eoppimispalvelut.fi\/ahaarahi\/wp-json\/wp\/v2\/pages\/18\/revisions"}],"predecessor-version":[{"id":20,"href":"https:\/\/blogi.eoppimispalvelut.fi\/ahaarahi\/wp-json\/wp\/v2\/pages\/18\/revisions\/20"}],"wp:attachment":[{"href":"https:\/\/blogi.eoppimispalvelut.fi\/ahaarahi\/wp-json\/wp\/v2\/media?parent=18"}],"curies":[{"name":"wp","href":"https:\/\/api.w.org\/{rel}","templated":true}]}}