{"id":2,"date":"2021-11-12T14:10:04","date_gmt":"2021-11-12T12:10:04","guid":{"rendered":"https:\/\/blogi.eoppimispalvelut.fi\/ahaarahi\/?page_id=2"},"modified":"2021-12-08T18:27:50","modified_gmt":"2021-12-08T16:27:50","slug":"esimerkkisivu","status":"publish","type":"page","link":"https:\/\/blogi.eoppimispalvelut.fi\/ahaarahi\/","title":{"rendered":"Napaclean"},"content":{"rendered":"\r\n<p><img loading=\"lazy\" decoding=\"async\" class=\"size-medium wp-image-28 alignleft\" src=\"https:\/\/blogi.eoppimispalvelut.fi\/ahaarahi\/files\/2021\/12\/NapaClean-Opy-logo-298x300.jpg\" alt=\"\" width=\"298\" height=\"300\" srcset=\"https:\/\/blogi.eoppimispalvelut.fi\/ahaarahi\/files\/2021\/12\/NapaClean-Opy-logo-298x300.jpg 298w, https:\/\/blogi.eoppimispalvelut.fi\/ahaarahi\/files\/2021\/12\/NapaClean-Opy-logo-150x150.jpg 150w, https:\/\/blogi.eoppimispalvelut.fi\/ahaarahi\/files\/2021\/12\/NapaClean-Opy-logo-768x773.jpg 768w, https:\/\/blogi.eoppimispalvelut.fi\/ahaarahi\/files\/2021\/12\/NapaClean-Opy-logo-100x100.jpg 100w, https:\/\/blogi.eoppimispalvelut.fi\/ahaarahi\/files\/2021\/12\/NapaClean-Opy-logo.jpg 786w\" sizes=\"auto, (max-width: 298px) 100vw, 298px\" \/>Tervetuloa meid\u00e4n oppiyrityksen verkkosivuille!<\/p>\r\n<p>Olemme siivous- ja kiinteist\u00f6alalla toimiva oppiyritys Napalaaksossa.<\/p>\r\n<p>&nbsp;<\/p>\r\n<p>&nbsp;<\/p>\r\n<p>&nbsp;<\/p>\r\n<p>&nbsp;<\/p>\r\n<p>Tarjoamme muun muassa:<\/p>\r\n<ul>\r\n<li>J\u00e4tehuoltopalvelut<\/li>\r\n<li>Erilaiset siivouspalvelut<\/li>\r\n<li>Avainpalvelut<\/li>\r\n<li>Vaihtomattopalvelut<\/li>\r\n<li>Kiinteist\u00f6jen kunnossapitopalvelut<\/li>\r\n<\/ul>\r\n\r\n\r\n\r\n<blockquote class=\"wp-block-quote is-layout-flow wp-block-quote-is-layout-flow\">\r\n<p>&nbsp;<\/p>\r\n<\/blockquote>\r\n\r\n\r\n\r\n<p>&nbsp;<\/p>\r\n","protected":false},"excerpt":{"rendered":"<p>Tervetuloa meid\u00e4n oppiyrityksen verkkosivuille! Olemme siivous- ja kiinteist\u00f6alalla toimiva oppiyritys Napalaaksossa. &nbsp; &nbsp; &nbsp; &nbsp; Tarjoamme muun muassa: J\u00e4tehuoltopalvelut Erilaiset siivouspalvelut Avainpalvelut Vaihtomattopalvelut Kiinteist\u00f6jen kunnossapitopalvelut &nbsp; &nbsp;<\/p>\n","protected":false},"author":8808,"featured_media":0,"parent":0,"menu_order":0,"comment_status":"closed","ping_status":"open","template":"","meta":{"footnotes":""},"class_list":["post-2","page","type-page","status-publish","hentry"],"_links":{"self":[{"href":"https:\/\/blogi.eoppimispalvelut.fi\/ahaarahi\/wp-json\/wp\/v2\/pages\/2","targetHints":{"allow":["GET"]}}],"collection":[{"href":"https:\/\/blogi.eoppimispalvelut.fi\/ahaarahi\/wp-json\/wp\/v2\/pages"}],"about":[{"href":"https:\/\/blogi.eoppimispalvelut.fi\/ahaarahi\/wp-json\/wp\/v2\/types\/page"}],"author":[{"embeddable":true,"href":"https:\/\/blogi.eoppimispalvelut.fi\/ahaarahi\/wp-json\/wp\/v2\/users\/8808"}],"replies":[{"embeddable":true,"href":"https:\/\/blogi.eoppimispalvelut.fi\/ahaarahi\/wp-json\/wp\/v2\/comments?post=2"}],"version-history":[{"count":5,"href":"https:\/\/blogi.eoppimispalvelut.fi\/ahaarahi\/wp-json\/wp\/v2\/pages\/2\/revisions"}],"predecessor-version":[{"id":44,"href":"https:\/\/blogi.eoppimispalvelut.fi\/ahaarahi\/wp-json\/wp\/v2\/pages\/2\/revisions\/44"}],"wp:attachment":[{"href":"https:\/\/blogi.eoppimispalvelut.fi\/ahaarahi\/wp-json\/wp\/v2\/media?parent=2"}],"curies":[{"name":"wp","href":"https:\/\/api.w.org\/{rel}","templated":true}]}}