{"id":35,"date":"2021-12-08T17:30:33","date_gmt":"2021-12-08T15:30:33","guid":{"rendered":"https:\/\/blogi.eoppimispalvelut.fi\/ahaarahi\/?page_id=35"},"modified":"2021-12-08T17:30:33","modified_gmt":"2021-12-08T15:30:33","slug":"tuotteet-ja-palvelut","status":"publish","type":"page","link":"https:\/\/blogi.eoppimispalvelut.fi\/ahaarahi\/tuotteet-ja-palvelut\/","title":{"rendered":"Tuotteet ja palvelut"},"content":{"rendered":"<h2>Siivouspalvelut<\/h2>\n<p>P\u00e4ivitt\u00e4issiivous<\/p>\n<p>Perussiivous<\/p>\n<h2>J\u00e4tehuoltopalvelut<\/h2>\n<h2>Avainpalvelut<\/h2>\n<h2>Desinfiointi- ja pinnoitepalvelu<\/h2>\n<h2>Vaihtomattopalvelut<\/h2>\n<h2>Kiinteist\u00f6jen kunnossapitopalvelut<\/h2>\n<p>Lumity\u00f6t<\/p>\n<p>Hiekoittaminen<\/p>\n<p>&nbsp;<\/p>\n<p>&nbsp;<\/p>\n","protected":false},"excerpt":{"rendered":"<p>Siivouspalvelut P\u00e4ivitt\u00e4issiivous Perussiivous J\u00e4tehuoltopalvelut Avainpalvelut Desinfiointi- ja pinnoitepalvelu Vaihtomattopalvelut Kiinteist\u00f6jen kunnossapitopalvelut Lumity\u00f6t Hiekoittaminen &nbsp; &nbsp;<\/p>\n","protected":false},"author":8808,"featured_media":0,"parent":0,"menu_order":0,"comment_status":"closed","ping_status":"closed","template":"","meta":{"footnotes":""},"class_list":["post-35","page","type-page","status-publish","hentry"],"_links":{"self":[{"href":"https:\/\/blogi.eoppimispalvelut.fi\/ahaarahi\/wp-json\/wp\/v2\/pages\/35","targetHints":{"allow":["GET"]}}],"collection":[{"href":"https:\/\/blogi.eoppimispalvelut.fi\/ahaarahi\/wp-json\/wp\/v2\/pages"}],"about":[{"href":"https:\/\/blogi.eoppimispalvelut.fi\/ahaarahi\/wp-json\/wp\/v2\/types\/page"}],"author":[{"embeddable":true,"href":"https:\/\/blogi.eoppimispalvelut.fi\/ahaarahi\/wp-json\/wp\/v2\/users\/8808"}],"replies":[{"embeddable":true,"href":"https:\/\/blogi.eoppimispalvelut.fi\/ahaarahi\/wp-json\/wp\/v2\/comments?post=35"}],"version-history":[{"count":1,"href":"https:\/\/blogi.eoppimispalvelut.fi\/ahaarahi\/wp-json\/wp\/v2\/pages\/35\/revisions"}],"predecessor-version":[{"id":37,"href":"https:\/\/blogi.eoppimispalvelut.fi\/ahaarahi\/wp-json\/wp\/v2\/pages\/35\/revisions\/37"}],"wp:attachment":[{"href":"https:\/\/blogi.eoppimispalvelut.fi\/ahaarahi\/wp-json\/wp\/v2\/media?parent=35"}],"curies":[{"name":"wp","href":"https:\/\/api.w.org\/{rel}","templated":true}]}}