{"id":12,"date":"2018-04-28T13:05:50","date_gmt":"2018-04-28T10:05:50","guid":{"rendered":"https:\/\/blogi.eoppimispalvelut.fi\/ahassi\/?page_id=12"},"modified":"2018-04-29T14:12:10","modified_gmt":"2018-04-29T11:12:10","slug":"digitalisaation-kehitys","status":"publish","type":"page","link":"https:\/\/blogi.eoppimispalvelut.fi\/ahassi\/digitalisaation-kehitys\/","title":{"rendered":"Mit\u00e4 on digitalisaatio?"},"content":{"rendered":"<p><img loading=\"lazy\" decoding=\"async\" class=\"size-medium wp-image-82 alignleft\" src=\"https:\/\/blogi.eoppimispalvelut.fi\/ahassi\/files\/2018\/04\/hreaw-449671-unsplash-1-212x300.jpg\" alt=\"\" width=\"212\" height=\"300\" srcset=\"https:\/\/blogi.eoppimispalvelut.fi\/ahassi\/files\/2018\/04\/hreaw-449671-unsplash-1-212x300.jpg 212w, https:\/\/blogi.eoppimispalvelut.fi\/ahassi\/files\/2018\/04\/hreaw-449671-unsplash-1-768x1086.jpg 768w, https:\/\/blogi.eoppimispalvelut.fi\/ahassi\/files\/2018\/04\/hreaw-449671-unsplash-1-724x1024.jpg 724w, https:\/\/blogi.eoppimispalvelut.fi\/ahassi\/files\/2018\/04\/hreaw-449671-unsplash-1-141x200.jpg 141w\" sizes=\"auto, (max-width: 212px) 100vw, 212px\" \/>Alustatalous ja digitaaliset palveluekosysteemit ovat viel\u00e4 suhteellisen uusia k\u00e4sitteit\u00e4, alle kymmenen vuotta vanhoja. T\u00e4st\u00e4 hyv\u00e4n\u00e4 esimerkkin\u00e4 mainittakoon esimerkiksi Apple ja Google, jotka toimivat markkinajohtajina asiakkaiden, palveluntarjoajien, prosessien ja tiedon keski\u00f6iss\u00e4. Rakennuspalikat ovat uusia ja jatkuvasti kehittyvi\u00e4, joka mahdollistaa uusia toimintatapoja sek\u00e4 palveluinnovaatioita mahdollistavaa teknologiaa. \u00c4lypuhelin on vasta kymmenen vuotta vanha keksint\u00f6, joka mahdollistaa nykyaikaisen tietokoneen mukana kulkemisen ja jossa on tehokkaat tiedonsiirto- ja paikannusomisnaisuudet, sek\u00e4 kamera ja huippuluokan kosketusn\u00e4ytt\u00f6. Palvelujen k\u00e4ytt\u00e4minen ja tiedon siirto on mahdollista mist\u00e4 ja milloin tahansa. (Timur 2017)<\/p>\n<p>Toimimme t\u00e4ll\u00e4 hetkell\u00e4 uuden digitaalisen aikakauden alkuvaiheissa, ja ero nykyisten toimintatapojemme ja teknologian mahdollistamien toimintamallien v\u00e4lill\u00e4 on poikkeuksellisen suuri: k\u00e4sityksemme maailmasta ei ole ehtinyt mukaan nopeaan maailman muutokseen. Ty\u00f6- ja elinkeinoel\u00e4m\u00e4mme rakentuvat viel\u00e4 teollistumisen aikakauden luomien lainalaisuuksien sek\u00e4 rakenteiden varaan. Nykyisten toimintatapojen ja uusien, teknologisen kehityksen tarjoamien mahdollisuuksien v\u00e4lisen kuilun kiinni kuromista Timur, Goforen toimitusjohtaja kutsuu digitalisaatioksi. (Timur 2017)<\/p>\n","protected":false},"excerpt":{"rendered":"<p>Alustatalous ja digitaaliset palveluekosysteemit ovat viel\u00e4 suhteellisen uusia k\u00e4sitteit\u00e4, alle kymmenen vuotta vanhoja. T\u00e4st\u00e4 hyv\u00e4n\u00e4 esimerkkin\u00e4 mainittakoon esimerkiksi Apple ja Google, jotka toimivat markkinajohtajina asiakkaiden, palveluntarjoajien, prosessien&hellip; <span class=\"read-more\"><a class=\"more-link\" href=\"https:\/\/blogi.eoppimispalvelut.fi\/ahassi\/digitalisaation-kehitys\/\" rel=\"bookmark\">Read more <span class=\"screen-reader-text\">&#8220;Mit\u00e4 on digitalisaatio?&#8221;<\/span><\/a><\/span><\/p>\n","protected":false},"author":3104,"featured_media":0,"parent":0,"menu_order":0,"comment_status":"closed","ping_status":"closed","template":"","meta":{"footnotes":""},"class_list":["post-12","page","type-page","status-publish","hentry"],"_links":{"self":[{"href":"https:\/\/blogi.eoppimispalvelut.fi\/ahassi\/wp-json\/wp\/v2\/pages\/12","targetHints":{"allow":["GET"]}}],"collection":[{"href":"https:\/\/blogi.eoppimispalvelut.fi\/ahassi\/wp-json\/wp\/v2\/pages"}],"about":[{"href":"https:\/\/blogi.eoppimispalvelut.fi\/ahassi\/wp-json\/wp\/v2\/types\/page"}],"author":[{"embeddable":true,"href":"https:\/\/blogi.eoppimispalvelut.fi\/ahassi\/wp-json\/wp\/v2\/users\/3104"}],"replies":[{"embeddable":true,"href":"https:\/\/blogi.eoppimispalvelut.fi\/ahassi\/wp-json\/wp\/v2\/comments?post=12"}],"version-history":[{"count":18,"href":"https:\/\/blogi.eoppimispalvelut.fi\/ahassi\/wp-json\/wp\/v2\/pages\/12\/revisions"}],"predecessor-version":[{"id":144,"href":"https:\/\/blogi.eoppimispalvelut.fi\/ahassi\/wp-json\/wp\/v2\/pages\/12\/revisions\/144"}],"wp:attachment":[{"href":"https:\/\/blogi.eoppimispalvelut.fi\/ahassi\/wp-json\/wp\/v2\/media?parent=12"}],"curies":[{"name":"wp","href":"https:\/\/api.w.org\/{rel}","templated":true}]}}