{"id":19,"date":"2018-04-28T13:11:16","date_gmt":"2018-04-28T10:11:16","guid":{"rendered":"https:\/\/blogi.eoppimispalvelut.fi\/ahassi\/?page_id=19"},"modified":"2018-04-29T14:18:40","modified_gmt":"2018-04-29T11:18:40","slug":"digitalisaatio-liiketoiminnassa","status":"publish","type":"page","link":"https:\/\/blogi.eoppimispalvelut.fi\/ahassi\/digitalisaatio-liiketoiminnassa\/","title":{"rendered":"Digitalisaatio ohjaa kehityst\u00e4mme"},"content":{"rendered":"<p><span class=\"TextRun SCXW167685922\" lang=\"FI-FI\" xml:lang=\"FI-FI\"><span class=\"NormalTextRun SCXW167685922\"><img loading=\"lazy\" decoding=\"async\" class=\"size-medium wp-image-79 alignleft\" src=\"https:\/\/blogi.eoppimispalvelut.fi\/ahassi\/files\/2018\/04\/gilles-lambert-8649-unsplash-300x200.jpg\" alt=\"\" width=\"300\" height=\"200\" srcset=\"https:\/\/blogi.eoppimispalvelut.fi\/ahassi\/files\/2018\/04\/gilles-lambert-8649-unsplash-300x200.jpg 300w, https:\/\/blogi.eoppimispalvelut.fi\/ahassi\/files\/2018\/04\/gilles-lambert-8649-unsplash-768x512.jpg 768w, https:\/\/blogi.eoppimispalvelut.fi\/ahassi\/files\/2018\/04\/gilles-lambert-8649-unsplash-1024x683.jpg 1024w\" sizes=\"auto, (max-width: 300px) 100vw, 300px\" \/>Kimmo Rausku ennustaa Valtionvarainministeri\u00f6n julkaisussa &#8220;Pilkahduksia tulevaisuuteen &#8211; digitalisaation ja robotisaation mahdollisuudet&#8221; ICT:n painoalueen soveltamisesta uudenlaisiin, digitalisoituihin ja uudella tavalla muotoiltuihin palveluihin. H\u00e4n n\u00e4kee digitaalisen verkoston ohjaavana hermo- tai neuroverkostona, joka tulee yhdist\u00e4m\u00e4\u00e4n yh\u00e4 laajempia ja monimutkaisia osa-alueita entist\u00e4 kehittyneemm\u00e4ksi, itseoppivaksi kokonaisuudeksi. (Rausku 2017)<br \/>\n<\/span><\/span><\/p>\n<p>Suomi toimii johtavana maana julkisen hallinnon toiminnan ja palveluiden s\u00e4hk\u00f6isess\u00e4 kehitt\u00e4misess\u00e4. Rakentamalla uudenlaiset toimintatavat tuomme k\u00e4ytt\u00e4j\u00e4l\u00e4ht\u00f6isemm\u00e4t digitaaliset palvelut, jotka uudistavat toimintatapojamme, kun ymm\u00e4rrmme paremmin omaa sek\u00e4 asiakkaittemme ja sidosryhmiemme toimintaa &#8211; n\u00e4in saamme aikaiseksi suuremman muutoksen. Samalla puramme vanhoja toimintamalleja ja prosesseja sek\u00e4 mietimme uudella tavalla kansalaisilta tai asiakkailta teht\u00e4v\u00e4\u00e4 tiedonkeruuta. Tietojen keskitetty tallentaminen vaatii uudistuksia, jotka puolestaan mahdollistavat ns. yhden luukun palvelumallin. Yleisesti k\u00e4ytt\u00e4jille ja asiakkaille kaikki muutokset n\u00e4kyv\u00e4t byrokratian v\u00e4henemisen\u00e4. <span class=\"TextRun SCXW167685922\" lang=\"FI-FI\" xml:lang=\"FI-FI\"><span class=\"NormalTextRun SCXW167685922\">(Rausku 2017)<\/span><\/span><\/p>\n<p>&#8220;Digitalisoidaan julkiset palvelut&#8221;, hallituksen merkitt\u00e4v\u00e4n k\u00e4rkihankkeen rinnalla digitalisaation edist\u00e4miseksi rakentuu my\u00f6s toinen merkitt\u00e4v\u00e4 muutos, robotisaatio. Rausku korostaa erityisesti ohjelmistorobotiikan merkityst\u00e4 julkisen hallinnon toiminnan tehostajana: ohjelmistorobotiikka automatisoi paljon tietoty\u00f6h\u00f6n liittyvi\u00e4 rutiineja, joka ei ole t\u00e4h\u00e4n saakka k\u00e4yt\u00f6ss\u00e4 olevalla teknologoiaratkaisuilla ollut mahdollista tai kustannustehokasta. Digitalisaation edist\u00e4misell\u00e4 ja toteuttamisella luomme tulevaisuuden toimintaedellytyksi\u00e4. <span class=\"TextRun SCXW167685922\" lang=\"FI-FI\" xml:lang=\"FI-FI\"><span class=\"NormalTextRun SCXW167685922\">(Rausku 2017)<\/span><\/span><\/p>\n","protected":false},"excerpt":{"rendered":"<p>Kimmo Rausku ennustaa Valtionvarainministeri\u00f6n julkaisussa &#8220;Pilkahduksia tulevaisuuteen &#8211; digitalisaation ja robotisaation mahdollisuudet&#8221; ICT:n painoalueen soveltamisesta uudenlaisiin, digitalisoituihin ja uudella tavalla muotoiltuihin palveluihin. H\u00e4n n\u00e4kee digitaalisen verkoston ohjaavana&hellip; <span class=\"read-more\"><a class=\"more-link\" href=\"https:\/\/blogi.eoppimispalvelut.fi\/ahassi\/digitalisaatio-liiketoiminnassa\/\" rel=\"bookmark\">Read more <span class=\"screen-reader-text\">&#8220;Digitalisaatio ohjaa kehityst\u00e4mme&#8221;<\/span><\/a><\/span><\/p>\n","protected":false},"author":3104,"featured_media":0,"parent":0,"menu_order":0,"comment_status":"closed","ping_status":"closed","template":"","meta":{"footnotes":""},"class_list":["post-19","page","type-page","status-publish","hentry"],"_links":{"self":[{"href":"https:\/\/blogi.eoppimispalvelut.fi\/ahassi\/wp-json\/wp\/v2\/pages\/19","targetHints":{"allow":["GET"]}}],"collection":[{"href":"https:\/\/blogi.eoppimispalvelut.fi\/ahassi\/wp-json\/wp\/v2\/pages"}],"about":[{"href":"https:\/\/blogi.eoppimispalvelut.fi\/ahassi\/wp-json\/wp\/v2\/types\/page"}],"author":[{"embeddable":true,"href":"https:\/\/blogi.eoppimispalvelut.fi\/ahassi\/wp-json\/wp\/v2\/users\/3104"}],"replies":[{"embeddable":true,"href":"https:\/\/blogi.eoppimispalvelut.fi\/ahassi\/wp-json\/wp\/v2\/comments?post=19"}],"version-history":[{"count":14,"href":"https:\/\/blogi.eoppimispalvelut.fi\/ahassi\/wp-json\/wp\/v2\/pages\/19\/revisions"}],"predecessor-version":[{"id":147,"href":"https:\/\/blogi.eoppimispalvelut.fi\/ahassi\/wp-json\/wp\/v2\/pages\/19\/revisions\/147"}],"wp:attachment":[{"href":"https:\/\/blogi.eoppimispalvelut.fi\/ahassi\/wp-json\/wp\/v2\/media?parent=19"}],"curies":[{"name":"wp","href":"https:\/\/api.w.org\/{rel}","templated":true}]}}