{"id":2,"date":"2018-04-22T20:41:00","date_gmt":"2018-04-22T17:41:00","guid":{"rendered":"https:\/\/blogi.eoppimispalvelut.fi\/ahassi\/?page_id=2"},"modified":"2018-04-28T17:57:12","modified_gmt":"2018-04-28T14:57:12","slug":"kirjoittaja","status":"publish","type":"page","link":"https:\/\/blogi.eoppimispalvelut.fi\/ahassi\/kirjoittaja\/","title":{"rendered":"Kirjoittaja"},"content":{"rendered":"<p><img loading=\"lazy\" decoding=\"async\" class=\"size-full wp-image-72 alignleft\" src=\"https:\/\/blogi.eoppimispalvelut.fi\/ahassi\/files\/2018\/04\/kuva1.jpg\" alt=\"\" width=\"249\" height=\"249\" srcset=\"https:\/\/blogi.eoppimispalvelut.fi\/ahassi\/files\/2018\/04\/kuva1.jpg 249w, https:\/\/blogi.eoppimispalvelut.fi\/ahassi\/files\/2018\/04\/kuva1-150x150.jpg 150w, https:\/\/blogi.eoppimispalvelut.fi\/ahassi\/files\/2018\/04\/kuva1-100x100.jpg 100w, https:\/\/blogi.eoppimispalvelut.fi\/ahassi\/files\/2018\/04\/kuva1-200x200.jpg 200w\" sizes=\"auto, (max-width: 249px) 100vw, 249px\" \/>Toimin t\u00e4ll\u00e4 hetkell\u00e4 projektip\u00e4\u00e4llikk\u00f6n\u00e4 rakennuspeltej\u00e4 valmistavassa yrityksess\u00e4. Aikaisemmin olen toiminut metallialalla projekti- ja myyntiteht\u00e4viss\u00e4.<\/p>\n","protected":false},"excerpt":{"rendered":"<p>Toimin t\u00e4ll\u00e4 hetkell\u00e4 projektip\u00e4\u00e4llikk\u00f6n\u00e4 rakennuspeltej\u00e4 valmistavassa yrityksess\u00e4. Aikaisemmin olen toiminut metallialalla projekti- ja myyntiteht\u00e4viss\u00e4.<\/p>\n","protected":false},"author":3104,"featured_media":0,"parent":0,"menu_order":0,"comment_status":"closed","ping_status":"open","template":"","meta":{"footnotes":""},"class_list":["post-2","page","type-page","status-publish","hentry"],"_links":{"self":[{"href":"https:\/\/blogi.eoppimispalvelut.fi\/ahassi\/wp-json\/wp\/v2\/pages\/2","targetHints":{"allow":["GET"]}}],"collection":[{"href":"https:\/\/blogi.eoppimispalvelut.fi\/ahassi\/wp-json\/wp\/v2\/pages"}],"about":[{"href":"https:\/\/blogi.eoppimispalvelut.fi\/ahassi\/wp-json\/wp\/v2\/types\/page"}],"author":[{"embeddable":true,"href":"https:\/\/blogi.eoppimispalvelut.fi\/ahassi\/wp-json\/wp\/v2\/users\/3104"}],"replies":[{"embeddable":true,"href":"https:\/\/blogi.eoppimispalvelut.fi\/ahassi\/wp-json\/wp\/v2\/comments?post=2"}],"version-history":[{"count":7,"href":"https:\/\/blogi.eoppimispalvelut.fi\/ahassi\/wp-json\/wp\/v2\/pages\/2\/revisions"}],"predecessor-version":[{"id":92,"href":"https:\/\/blogi.eoppimispalvelut.fi\/ahassi\/wp-json\/wp\/v2\/pages\/2\/revisions\/92"}],"wp:attachment":[{"href":"https:\/\/blogi.eoppimispalvelut.fi\/ahassi\/wp-json\/wp\/v2\/media?parent=2"}],"curies":[{"name":"wp","href":"https:\/\/api.w.org\/{rel}","templated":true}]}}