{"id":476,"date":"2015-04-15T12:56:48","date_gmt":"2015-04-15T10:56:48","guid":{"rendered":"https:\/\/blogi.eoppimispalvelut.fi\/aikuiskoulutuspalvelut\/?page_id=476"},"modified":"2015-05-05T09:58:11","modified_gmt":"2015-05-05T07:58:11","slug":"seutukuntien-osaamisstrategiat-2020-hanke","status":"publish","type":"page","link":"https:\/\/blogi.eoppimispalvelut.fi\/aikuiskoulutuspalvelut\/seutukuntien-osaamisstrategiat-2020-hanke\/","title":{"rendered":"Maakuntakorkeakoulu"},"content":{"rendered":"<p><span style=\"color: #000000\">Lapin maakuntakorkeakoulu yhdist\u00e4\u00e4 korkeakoulujen\u00a0osaamisen ja Lapin seutukuntien tarpeet koulutus- sek\u00e4 tutkimus- ja kehitt\u00e4mistoiminnaksi. Alueen tarpeisiin r\u00e4\u00e4t\u00e4l\u00f6ityj\u00e4, osaamisen kehitt\u00e4miseen t\u00e4ht\u00e4\u00e4vi\u00e4 palveluja tuottavat Lapin ammattikorkeakoulu, Lapin kes\u00e4yliopisto sek\u00e4 Lapin yliopisto. N\u00e4iden korkeakoulujen tiiviill\u00e4 yhteisty\u00f6ll\u00e4 edistet\u00e4\u00e4n koulutustarjonnan monipuolisuutta ja aluellista kattavuutta sek\u00e4 v\u00e4ltet\u00e4\u00e4n turhaa p\u00e4\u00e4llekk\u00e4isyytt\u00e4 koulutustarjonnassa ja markkinoinnissa.<\/p>\n<p>Maakuntakorkeakoululla ei ole erillist\u00e4 toimipistett\u00e4, vaan kyseess\u00e4 on toimiva ja yhteisty\u00f6kykyinen verkosto, joka koostuu korkeakouluista ja seutukuntien osaamisen kehitt\u00e4misen vastaavista toimihenkil\u00f6ist\u00e4.<br \/>\n<\/span><\/p>\n<h1><strong>Seutukuntien osaamisstrategiat 2020 -hanke<\/strong><\/h1>\n<p>Seutukuntien osaamisstrategiat 2020 -hankkeessa ajantasaistetaan seutukunta- ja kuntakohtaiset osaamis-, kehitt\u00e4mis- ja tutkimustarpeet. Hankkeen tuloksena syntyy p\u00e4ivitetyt Lapin seutukuntien ja kuntien osaamisstrategiat. Tavoitteena on my\u00f6s lis\u00e4t\u00e4 systemaattista vuorovaikutusta seutukunnan ja korkeakoulujen toimijoiden v\u00e4lille ja kehitt\u00e4\u00e4 maakuntakorkeakoulun toimintamuotoja.<\/p>\n<p><a href=\"https:\/\/blogi.eoppimispalvelut.fi\/aikuiskoulutuspalvelut\/files\/2015\/04\/logojono_20153.png\"><img loading=\"lazy\" decoding=\"async\" class=\"alignnone  wp-image-506\" src=\"https:\/\/blogi.eoppimispalvelut.fi\/aikuiskoulutuspalvelut\/files\/2015\/04\/logojono_20153.png\" alt=\"logojono_2015\" width=\"356\" height=\"93\" \/><\/a><\/p>\n<p><a href=\"http:\/\/www.maakuntakorkeakoulu.fi\/Suomeksi\/Etusivu\" target=\"_blank\">Lis\u00e4tietoa Maakuntakorkeakoulun toiminnasta <\/a><\/p>\n<p><strong>Yhteystiedot<\/strong><\/p>\n<p><strong>Lapin yliopiston koulutus- ja kehitt\u00e4mispalvelut:<\/strong><\/p>\n<p>Antti Koski<br \/>\nKoulutus- ja kehitysjohtaja<br \/>\n040 736 8481<br \/>\nantti.koski(at)ulapland.fi<\/p>\n<p>Ala-Poikela Anna<br \/>\nSuunnittelija<br \/>\n040 4844 496<br \/>\nanna.ala-poikela(at)ulapland.fi<\/p>\n<p><strong>Lapin ammattikorkeakoulu:<\/strong><\/p>\n<p>Anu Pruikkonen<br \/>\nPalvelup\u00e4\u00e4llikk\u00f6<br \/>\n040 556 4632<br \/>\nanu.pruikkonen(at)lapinamk.fi<\/p>\n<p>Kirsi Saloniemi<br \/>\nProjektisuunnittelija<br \/>\n050 314 6486<br \/>\nkirsi.saloniemi(at)lapinamk.fi<\/p>\n<p>&nbsp;<\/p>\n<p>&nbsp;<\/p>\n","protected":false},"excerpt":{"rendered":"<p>Lapin maakuntakorkeakoulu yhdist\u00e4\u00e4 korkeakoulujen\u00a0osaamisen ja Lapin seutukuntien tarpeet koulutus- sek\u00e4 tutkimus- ja kehitt\u00e4mistoiminnaksi. Alueen tarpeisiin r\u00e4\u00e4t\u00e4l\u00f6ityj\u00e4, osaamisen kehitt\u00e4miseen t\u00e4ht\u00e4\u00e4vi\u00e4 palveluja tuottavat Lapin ammattikorkeakoulu, Lapin kes\u00e4yliopisto sek\u00e4 Lapin yliopisto. N\u00e4iden korkeakoulujen tiiviill\u00e4 yhteisty\u00f6ll\u00e4 edistet\u00e4\u00e4n koulutustarjonnan monipuolisuutta ja aluellista kattavuutta sek\u00e4 v\u00e4ltet\u00e4\u00e4n &hellip; <a href=\"https:\/\/blogi.eoppimispalvelut.fi\/aikuiskoulutuspalvelut\/seutukuntien-osaamisstrategiat-2020-hanke\/\">Continue reading <span class=\"meta-nav\">&rarr;<\/span><\/a><\/p>\n","protected":false},"author":1231,"featured_media":0,"parent":0,"menu_order":0,"comment_status":"closed","ping_status":"closed","template":"","meta":{"_monsterinsights_skip_tracking":false,"_monsterinsights_sitenote_active":false,"_monsterinsights_sitenote_note":"","_monsterinsights_sitenote_category":0,"footnotes":""},"class_list":["post-476","page","type-page","status-publish","hentry"],"_links":{"self":[{"href":"https:\/\/blogi.eoppimispalvelut.fi\/aikuiskoulutuspalvelut\/wp-json\/wp\/v2\/pages\/476","targetHints":{"allow":["GET"]}}],"collection":[{"href":"https:\/\/blogi.eoppimispalvelut.fi\/aikuiskoulutuspalvelut\/wp-json\/wp\/v2\/pages"}],"about":[{"href":"https:\/\/blogi.eoppimispalvelut.fi\/aikuiskoulutuspalvelut\/wp-json\/wp\/v2\/types\/page"}],"author":[{"embeddable":true,"href":"https:\/\/blogi.eoppimispalvelut.fi\/aikuiskoulutuspalvelut\/wp-json\/wp\/v2\/users\/1231"}],"replies":[{"embeddable":true,"href":"https:\/\/blogi.eoppimispalvelut.fi\/aikuiskoulutuspalvelut\/wp-json\/wp\/v2\/comments?post=476"}],"version-history":[{"count":11,"href":"https:\/\/blogi.eoppimispalvelut.fi\/aikuiskoulutuspalvelut\/wp-json\/wp\/v2\/pages\/476\/revisions"}],"predecessor-version":[{"id":507,"href":"https:\/\/blogi.eoppimispalvelut.fi\/aikuiskoulutuspalvelut\/wp-json\/wp\/v2\/pages\/476\/revisions\/507"}],"wp:attachment":[{"href":"https:\/\/blogi.eoppimispalvelut.fi\/aikuiskoulutuspalvelut\/wp-json\/wp\/v2\/media?parent=476"}],"curies":[{"name":"wp","href":"https:\/\/api.w.org\/{rel}","templated":true}]}}