{"id":515,"date":"2015-05-11T14:28:49","date_gmt":"2015-05-11T12:28:49","guid":{"rendered":"https:\/\/blogi.eoppimispalvelut.fi\/aikuiskoulutuspalvelut\/?page_id=515"},"modified":"2015-08-18T12:32:31","modified_gmt":"2015-08-18T10:32:31","slug":"aluetoimijat-verkosto","status":"publish","type":"page","link":"https:\/\/blogi.eoppimispalvelut.fi\/aikuiskoulutuspalvelut\/aluetoimijat-verkosto\/","title":{"rendered":"Aluetoimijaverkosto"},"content":{"rendered":"<p>LUC-aluetoimijaverkosto on t\u00e4rke\u00e4ss\u00e4 osassa koulutustarpeiden tunnistamisessa alueilla. Aluetoimijaverkoston muodostavat aluetoiminnassa tiiviisti mukana oleva opetus- ja TKI-henkil\u00f6st\u00f6. Verkoston teht\u00e4v\u00e4n\u00e4 on v\u00e4litt\u00e4\u00e4 esille nousseita koulutus- ja kehitt\u00e4mistarpeita verkoston tietoon ja toisaalta v\u00e4litt\u00e4\u00e4 alueelle tietoa korkeakoulukonsernin osaamisalueista.<\/p>\n<p><a href=\"https:\/\/blogi.eoppimispalvelut.fi\/aikuiskoulutuspalvelut\/files\/2015\/05\/aluetoimijat1.png\"><img loading=\"lazy\" decoding=\"async\" class=\"alignnone size-medium wp-image-532\" src=\"https:\/\/blogi.eoppimispalvelut.fi\/aikuiskoulutuspalvelut\/files\/2015\/05\/aluetoimijat1-900x608.png\" alt=\"aluetoimijat\" width=\"900\" height=\"608\" srcset=\"https:\/\/blogi.eoppimispalvelut.fi\/aikuiskoulutuspalvelut\/files\/2015\/05\/aluetoimijat1-900x608.png 900w, https:\/\/blogi.eoppimispalvelut.fi\/aikuiskoulutuspalvelut\/files\/2015\/05\/aluetoimijat1-444x300.png 444w, https:\/\/blogi.eoppimispalvelut.fi\/aikuiskoulutuspalvelut\/files\/2015\/05\/aluetoimijat1.png 1080w\" sizes=\"auto, (max-width: 900px) 100vw, 900px\" \/><\/a><\/p>\n","protected":false},"excerpt":{"rendered":"<p>LUC-aluetoimijaverkosto on t\u00e4rke\u00e4ss\u00e4 osassa koulutustarpeiden tunnistamisessa alueilla. Aluetoimijaverkoston muodostavat aluetoiminnassa tiiviisti mukana oleva opetus- ja TKI-henkil\u00f6st\u00f6. Verkoston teht\u00e4v\u00e4n\u00e4 on v\u00e4litt\u00e4\u00e4 esille nousseita koulutus- ja kehitt\u00e4mistarpeita verkoston tietoon ja toisaalta v\u00e4litt\u00e4\u00e4 alueelle tietoa korkeakoulukonsernin osaamisalueista.<\/p>\n","protected":false},"author":1231,"featured_media":0,"parent":0,"menu_order":0,"comment_status":"closed","ping_status":"closed","template":"","meta":{"_monsterinsights_skip_tracking":false,"_monsterinsights_sitenote_active":false,"_monsterinsights_sitenote_note":"","_monsterinsights_sitenote_category":0,"footnotes":""},"class_list":["post-515","page","type-page","status-publish","hentry"],"_links":{"self":[{"href":"https:\/\/blogi.eoppimispalvelut.fi\/aikuiskoulutuspalvelut\/wp-json\/wp\/v2\/pages\/515","targetHints":{"allow":["GET"]}}],"collection":[{"href":"https:\/\/blogi.eoppimispalvelut.fi\/aikuiskoulutuspalvelut\/wp-json\/wp\/v2\/pages"}],"about":[{"href":"https:\/\/blogi.eoppimispalvelut.fi\/aikuiskoulutuspalvelut\/wp-json\/wp\/v2\/types\/page"}],"author":[{"embeddable":true,"href":"https:\/\/blogi.eoppimispalvelut.fi\/aikuiskoulutuspalvelut\/wp-json\/wp\/v2\/users\/1231"}],"replies":[{"embeddable":true,"href":"https:\/\/blogi.eoppimispalvelut.fi\/aikuiskoulutuspalvelut\/wp-json\/wp\/v2\/comments?post=515"}],"version-history":[{"count":6,"href":"https:\/\/blogi.eoppimispalvelut.fi\/aikuiskoulutuspalvelut\/wp-json\/wp\/v2\/pages\/515\/revisions"}],"predecessor-version":[{"id":543,"href":"https:\/\/blogi.eoppimispalvelut.fi\/aikuiskoulutuspalvelut\/wp-json\/wp\/v2\/pages\/515\/revisions\/543"}],"wp:attachment":[{"href":"https:\/\/blogi.eoppimispalvelut.fi\/aikuiskoulutuspalvelut\/wp-json\/wp\/v2\/media?parent=515"}],"curies":[{"name":"wp","href":"https:\/\/api.w.org\/{rel}","templated":true}]}}