{"id":18,"date":"2018-03-16T12:59:45","date_gmt":"2018-03-16T10:59:45","guid":{"rendered":"https:\/\/blogi.eoppimispalvelut.fi\/ajatusta\/?page_id=18"},"modified":"2018-03-20T11:04:50","modified_gmt":"2018-03-20T09:04:50","slug":"lapin-amk-vaihtoehdot","status":"publish","type":"page","link":"https:\/\/blogi.eoppimispalvelut.fi\/ajatusta\/lapin-amk-vaihtoehdot\/","title":{"rendered":"2. Lapin amk &#8211; vaihtoehdot"},"content":{"rendered":"<p>[et_pb_section bb_built=&#8221;1&#8243; background_color=&#8221;#ffffff&#8221; _builder_version=&#8221;3.0.101&#8243;][et_pb_row background_color=&#8221;#ff532f&#8221; _builder_version=&#8221;3.0.101&#8243; border_radii=&#8221;|15px|15px||&#8221;][et_pb_column type=&#8221;4_4&#8243;][et_pb_blurb title=&#8221;VALITSE OMA POLKUSTI MIHIN SOLET MENOSSA TAI TULOSSA&#8221; _builder_version=&#8221;3.0.101&#8243; header_text_color=&#8221;#ffffff&#8221; text_shadow_style=&#8221;preset5&#8243;]<\/p>\n<p>&nbsp;<\/p>\n<p>[\/et_pb_blurb][\/et_pb_column][\/et_pb_row][et_pb_row background_color=&#8221;#ffffff&#8221; _builder_version=&#8221;3.0.101&#8243; border_color_all=&#8221;#e02b20&#8243; border_width_all=&#8221;2px&#8221; border_width_top=&#8221;0px&#8221; custom_padding=&#8221;|20px||20px&#8221; border_width_bottom=&#8221;0px&#8221;][et_pb_column type=&#8221;1_3&#8243;][et_pb_blurb title=&#8221;AVOIN&#8221; url=&#8221;https:\/\/blogi.eoppimispalvelut.fi\/ajatusta\/ota-halthuun-kartta\/&#8221; use_icon=&#8221;on&#8221; font_icon=&#8221;%%28%%&#8221; icon_color=&#8221;#ff532f&#8221; _builder_version=&#8221;3.0.101&#8243; text_orientation=&#8221;center&#8221; border_width_all=&#8221;2px&#8221; custom_margin=&#8221;20px|20px|20px|20px&#8221; custom_padding=&#8221;20px|20px|20px|20px&#8221; border_color_all=&#8221;#e02b20&#8243; border_radii=&#8221;on|15px|15px|15px|15px&#8221; url_new_window=&#8221;off&#8221; use_circle=&#8221;off&#8221; use_circle_border=&#8221;off&#8221; icon_placement=&#8221;top&#8221; use_icon_font_size=&#8221;off&#8221; background_layout=&#8221;light&#8221;]<\/p>\n<p>Opiskelee muutamia yksitt\u00e4isi\u00e4 kursseja<\/p>\n<p>[\/et_pb_blurb][\/et_pb_column][et_pb_column type=&#8221;1_3&#8243;][et_pb_blurb title=&#8221;POLKU&#8221; url=&#8221;https:\/\/blogi.eoppimispalvelut.fi\/ajatusta\/ota-halthuun-kartta\/&#8221; use_icon=&#8221;on&#8221; font_icon=&#8221;%%28%%&#8221; icon_color=&#8221;#ff532f&#8221; _builder_version=&#8221;3.0.101&#8243; text_orientation=&#8221;center&#8221; border_width_all=&#8221;2px&#8221; custom_margin=&#8221;20px|20px|20px|20px&#8221; custom_padding=&#8221;20px|20px|20px|20px&#8221; border_color_all=&#8221;#e02b20&#8243; border_radii=&#8221;on|15px|15px|15px|15px&#8221;]<\/p>\n<p>Avoimessa opiskellee tutkintoryhm\u00e4n mukana kerrytt\u00e4m\u00e4ss\u00e4 pisteit\u00e4 jotta voi hakea tutkinto-opiskelijaksi<\/p>\n<p>[\/et_pb_blurb][\/et_pb_column][et_pb_column type=&#8221;1_3&#8243;][et_pb_blurb title=&#8221;V\u00c4YL\u00c4&#8221; url=&#8221;https:\/\/blogi.eoppimispalvelut.fi\/ajatusta\/ota-halthuun-kartta\/&#8221; use_icon=&#8221;on&#8221; font_icon=&#8221;%%28%%&#8221; icon_color=&#8221;#ff532f&#8221; _builder_version=&#8221;3.0.101&#8243; text_orientation=&#8221;center&#8221; border_width_all=&#8221;2px&#8221; custom_margin=&#8221;20px|20px|20px|20px&#8221; custom_padding=&#8221;20px|20px|20px|20px&#8221; border_color_all=&#8221;#e02b20&#8243; border_radii=&#8221;on|15px|15px|15px|15px&#8221; url_new_window=&#8221;off&#8221; use_circle=&#8221;off&#8221; use_circle_border=&#8221;off&#8221; icon_placement=&#8221;top&#8221; use_icon_font_size=&#8221;off&#8221; background_layout=&#8221;light&#8221;]<\/p>\n<p>On saavuttanut riitt\u00e4v\u00e4sti avoimessa ja on hyp\u00e4nny mukhaan tutkinto-opiskelijoiden kanssa<\/p>\n<p>[\/et_pb_blurb][\/et_pb_column][\/et_pb_row][et_pb_row background_color=&#8221;#ffffff&#8221; _builder_version=&#8221;3.0.101&#8243; border_color_all=&#8221;#e02b20&#8243; border_width_all=&#8221;2px&#8221; border_width_top=&#8221;0px&#8221; custom_padding=&#8221;|20px||20px&#8221; custom_margin=&#8221;0px||0px|&#8221;][et_pb_column type=&#8221;1_3&#8243;][et_pb_blurb title=&#8221;TUTKINTO AMK&#8221; url=&#8221;https:\/\/blogi.eoppimispalvelut.fi\/ajatusta\/ota-halthuun-kartta\/&#8221; use_icon=&#8221;on&#8221; font_icon=&#8221;%%37%%&#8221; icon_color=&#8221;#ff532f&#8221; _builder_version=&#8221;3.0.101&#8243; text_orientation=&#8221;center&#8221; border_width_all=&#8221;2px&#8221; custom_margin=&#8221;20px|20px|20px|20px&#8221; custom_padding=&#8221;20px|20px|20px|20px&#8221; border_color_all=&#8221;#e02b20&#8243; border_radii=&#8221;on|15px|15px|15px|15px&#8221; url_new_window=&#8221;off&#8221; use_circle=&#8221;off&#8221; use_circle_border=&#8221;off&#8221; icon_placement=&#8221;top&#8221; use_icon_font_size=&#8221;off&#8221; background_layout=&#8221;light&#8221; animation_style=&#8221;fade&#8221;]<\/p>\n<p>Seliteteksti Seliteteksti Seliteteksti Seliteteksti\u00a0Seliteteksti Seliteteksti Seliteteksti Seliteteksti<\/p>\n<p>[\/et_pb_blurb][\/et_pb_column][et_pb_column type=&#8221;1_3&#8243;][et_pb_blurb title=&#8221;TUTKINTO YAMK&#8221; url=&#8221;https:\/\/blogi.eoppimispalvelut.fi\/ajatusta\/ota-halthuun-kartta\/&#8221; use_icon=&#8221;on&#8221; font_icon=&#8221;%%28%%&#8221; icon_color=&#8221;#ff532f&#8221; _builder_version=&#8221;3.0.101&#8243; text_orientation=&#8221;center&#8221; border_width_all=&#8221;2px&#8221; custom_margin=&#8221;20px|20px|20px|20px&#8221; custom_padding=&#8221;20px|20px|20px|20px&#8221; border_color_all=&#8221;#e02b20&#8243; border_radii=&#8221;on|15px|15px|15px|15px&#8221; url_new_window=&#8221;off&#8221; use_circle=&#8221;off&#8221; use_circle_border=&#8221;off&#8221; icon_placement=&#8221;top&#8221; use_icon_font_size=&#8221;off&#8221; background_layout=&#8221;light&#8221;]<\/p>\n<p>Seliteteksti Seliteteksti Seliteteksti Seliteteksti\u00a0Seliteteksti Seliteteksti Seliteteksti Seliteteksti<\/p>\n<p>&nbsp;<\/p>\n<p>[\/et_pb_blurb][\/et_pb_column][et_pb_column type=&#8221;1_3&#8243;][et_pb_blurb title=&#8221;SIIRTO-OPISKEIJA&#8221; url=&#8221;https:\/\/blogi.eoppimispalvelut.fi\/ajatusta\/ota-halthuun-kartta\/&#8221; use_icon=&#8221;on&#8221; font_icon=&#8221;%%28%%&#8221; icon_color=&#8221;#ff532f&#8221; _builder_version=&#8221;3.0.101&#8243; text_orientation=&#8221;center&#8221; border_width_all=&#8221;2px&#8221; custom_margin=&#8221;20px|20px|20px|20px&#8221; custom_padding=&#8221;20px|20px|20px|20px&#8221; border_color_all=&#8221;#e02b20&#8243; border_radii=&#8221;on|15px|15px|15px|15px&#8221; url_new_window=&#8221;off&#8221; use_circle=&#8221;off&#8221; use_circle_border=&#8221;off&#8221; icon_placement=&#8221;top&#8221; use_icon_font_size=&#8221;off&#8221; background_layout=&#8221;light&#8221;]<\/p>\n<p>Tulin mukhaan jostakin muusta koulusta<\/p>\n<p>[\/et_pb_blurb][\/et_pb_column][\/et_pb_row][\/et_pb_section]<\/p>\n","protected":false},"excerpt":{"rendered":"<p>&nbsp; Opiskelee muutamia yksitt\u00e4isi\u00e4 kursseja Avoimessa opiskellee tutkintoryhm\u00e4n mukana kerrytt\u00e4m\u00e4ss\u00e4 pisteit\u00e4 jotta voi hakea tutkinto-opiskelijaksi On saavuttanut riitt\u00e4v\u00e4sti avoimessa ja on hyp\u00e4nny mukhaan tutkinto-opiskelijoiden kanssa Seliteteksti Seliteteksti Seliteteksti Seliteteksti\u00a0Seliteteksti Seliteteksti Seliteteksti Seliteteksti Seliteteksti Seliteteksti Seliteteksti Seliteteksti\u00a0Seliteteksti Seliteteksti Seliteteksti Seliteteksti &nbsp; Tulin mukhaan jostakin muusta koulusta<\/p>\n","protected":false},"author":36,"featured_media":0,"parent":0,"menu_order":0,"comment_status":"closed","ping_status":"closed","template":"","meta":{"_et_pb_use_builder":"on","_et_pb_old_content":"","_et_gb_content_width":"","footnotes":""},"class_list":["post-18","page","type-page","status-publish","hentry"],"_links":{"self":[{"href":"https:\/\/blogi.eoppimispalvelut.fi\/ajatusta\/wp-json\/wp\/v2\/pages\/18","targetHints":{"allow":["GET"]}}],"collection":[{"href":"https:\/\/blogi.eoppimispalvelut.fi\/ajatusta\/wp-json\/wp\/v2\/pages"}],"about":[{"href":"https:\/\/blogi.eoppimispalvelut.fi\/ajatusta\/wp-json\/wp\/v2\/types\/page"}],"author":[{"embeddable":true,"href":"https:\/\/blogi.eoppimispalvelut.fi\/ajatusta\/wp-json\/wp\/v2\/users\/36"}],"replies":[{"embeddable":true,"href":"https:\/\/blogi.eoppimispalvelut.fi\/ajatusta\/wp-json\/wp\/v2\/comments?post=18"}],"version-history":[{"count":38,"href":"https:\/\/blogi.eoppimispalvelut.fi\/ajatusta\/wp-json\/wp\/v2\/pages\/18\/revisions"}],"predecessor-version":[{"id":332,"href":"https:\/\/blogi.eoppimispalvelut.fi\/ajatusta\/wp-json\/wp\/v2\/pages\/18\/revisions\/332"}],"wp:attachment":[{"href":"https:\/\/blogi.eoppimispalvelut.fi\/ajatusta\/wp-json\/wp\/v2\/media?parent=18"}],"curies":[{"name":"wp","href":"https:\/\/api.w.org\/{rel}","templated":true}]}}