{"id":223,"date":"2018-03-19T13:50:55","date_gmt":"2018-03-19T11:50:55","guid":{"rendered":"https:\/\/blogi.eoppimispalvelut.fi\/ajatusta\/?page_id=223"},"modified":"2018-03-19T13:50:55","modified_gmt":"2018-03-19T11:50:55","slug":"opiskelijan-kayttajatunnus-kayttoon","status":"publish","type":"page","link":"https:\/\/blogi.eoppimispalvelut.fi\/ajatusta\/opiskelijan-kayttajatunnus-kayttoon\/","title":{"rendered":"Opiskelijan k\u00e4ytt\u00e4j\u00e4tunnus k\u00e4ytt\u00f6\u00f6n"},"content":{"rendered":"<p>Kaikille Lapin AMKn opiskelijoille luodaan k\u00e4ytt\u00e4j\u00e4tunnus ja s\u00e4hk\u00f6postitili. T\u00e4ll\u00e4 k\u00e4ytt\u00e4j\u00e4tunnuksella kirjaudut l\u00e4hes kaikkiin koulun palveluihin mm. Moodleen, s\u00e4hk\u00f6postiin, SoleOpsiin\u00a0ja koulun langattomaan verkkoon.<\/p>\n<p><strong>Voidaksesi k\u00e4ytt\u00e4\u00e4 Lapin ammattikorkeakoulun palveluita, sinun t\u00e4ytyy aktivoida ensimm\u00e4iseksi k\u00e4ytt\u00e4j\u00e4tunnukset!<\/strong><\/p>\n<p><strong>K\u00e4ytt\u00e4j\u00e4tunnuksen k\u00e4ytt\u00f6\u00f6notto eli aktivointi<\/strong><strong><br \/>\n<\/strong><\/p>\n<ol>\n<li>Lue Lapin AMK IT palveluiden k\u00e4ytt\u00f6s\u00e4\u00e4nn\u00f6t\u00a0<a href=\"http:\/\/lucitinfo.luc.fi\/lapinamk\/SitePages\/Lapin-AMK-IT-palvelujen-k%C3%A4ytt%C3%B6s%C3%A4%C3%A4nn%C3%B6t.aspx\" target=\"_blank\" rel=\"noopener\">t\u00e4st\u00e4<\/a><\/li>\n<li>Siirry tunnusten k\u00e4ytt\u00f6\u00f6noton ohjeisiin\u00a0<a href=\"http:\/\/lucitinfo.luc.fi\/lapinamk\/_layouts\/15\/start.aspx#\/SitePages\/Tunnukset.aspx\">t\u00e4st\u00e4<\/a><\/li>\n<li>Tunnuksen voi aktivoida henkil\u00f6kohtaisilla verkkopankkitunnuksilla tai mobiilivarmenteella osoitteessa\u00a0<a href=\"https:\/\/identity.luc.fi\/\" target=\"_blank\" rel=\"noopener\">https:\/\/identity.luc.fi<br \/>\n<\/a><a href=\"https:\/\/identity.luc.fi\/\" target=\"_blank\" rel=\"noopener\"><br \/>\n<\/a>*\u00a0\u00c4l\u00e4 k\u00e4yt\u00e4 salasanassa merkkej\u00e4:\u00a0 \u20ac, @, \u00a7, \u00e5, \u00e4, \u00f6 , *<\/li>\n<\/ol>\n<p>Mik\u00e4li k\u00e4ytt\u00e4j\u00e4ll\u00e4 ei ole henkil\u00f6kohtaisia verkkopankkitunnuksia tai mobiilivarmennetta, k\u00e4ytt\u00e4j\u00e4 voi saada tunnukset soittamalla IT-palvelupisteeseen\u00a0p. 020 798 5800.<\/p>\n","protected":false},"excerpt":{"rendered":"<p>Kaikille Lapin AMKn opiskelijoille luodaan k\u00e4ytt\u00e4j\u00e4tunnus ja s\u00e4hk\u00f6postitili. T\u00e4ll\u00e4 k\u00e4ytt\u00e4j\u00e4tunnuksella kirjaudut l\u00e4hes kaikkiin koulun palveluihin mm. Moodleen, s\u00e4hk\u00f6postiin, SoleOpsiin\u00a0ja koulun langattomaan verkkoon. Voidaksesi k\u00e4ytt\u00e4\u00e4 Lapin ammattikorkeakoulun palveluita, sinun t\u00e4ytyy aktivoida ensimm\u00e4iseksi k\u00e4ytt\u00e4j\u00e4tunnukset! K\u00e4ytt\u00e4j\u00e4tunnuksen k\u00e4ytt\u00f6\u00f6notto eli aktivointi Lue Lapin AMK IT palveluiden k\u00e4ytt\u00f6s\u00e4\u00e4nn\u00f6t\u00a0t\u00e4st\u00e4 Siirry tunnusten k\u00e4ytt\u00f6\u00f6noton ohjeisiin\u00a0t\u00e4st\u00e4 Tunnuksen voi aktivoida henkil\u00f6kohtaisilla verkkopankkitunnuksilla tai mobiilivarmenteella osoitteessa\u00a0https:\/\/identity.luc.fi *\u00a0\u00c4l\u00e4 [&hellip;]<\/p>\n","protected":false},"author":36,"featured_media":0,"parent":0,"menu_order":0,"comment_status":"closed","ping_status":"closed","template":"","meta":{"_et_pb_use_builder":"","_et_pb_old_content":"","_et_gb_content_width":"","footnotes":""},"class_list":["post-223","page","type-page","status-publish","hentry"],"_links":{"self":[{"href":"https:\/\/blogi.eoppimispalvelut.fi\/ajatusta\/wp-json\/wp\/v2\/pages\/223","targetHints":{"allow":["GET"]}}],"collection":[{"href":"https:\/\/blogi.eoppimispalvelut.fi\/ajatusta\/wp-json\/wp\/v2\/pages"}],"about":[{"href":"https:\/\/blogi.eoppimispalvelut.fi\/ajatusta\/wp-json\/wp\/v2\/types\/page"}],"author":[{"embeddable":true,"href":"https:\/\/blogi.eoppimispalvelut.fi\/ajatusta\/wp-json\/wp\/v2\/users\/36"}],"replies":[{"embeddable":true,"href":"https:\/\/blogi.eoppimispalvelut.fi\/ajatusta\/wp-json\/wp\/v2\/comments?post=223"}],"version-history":[{"count":1,"href":"https:\/\/blogi.eoppimispalvelut.fi\/ajatusta\/wp-json\/wp\/v2\/pages\/223\/revisions"}],"predecessor-version":[{"id":224,"href":"https:\/\/blogi.eoppimispalvelut.fi\/ajatusta\/wp-json\/wp\/v2\/pages\/223\/revisions\/224"}],"wp:attachment":[{"href":"https:\/\/blogi.eoppimispalvelut.fi\/ajatusta\/wp-json\/wp\/v2\/media?parent=223"}],"curies":[{"name":"wp","href":"https:\/\/api.w.org\/{rel}","templated":true}]}}