{"id":227,"date":"2018-03-19T13:51:43","date_gmt":"2018-03-19T11:51:43","guid":{"rendered":"https:\/\/blogi.eoppimispalvelut.fi\/ajatusta\/?page_id=227"},"modified":"2018-12-16T16:31:06","modified_gmt":"2018-12-16T14:31:06","slug":"adobe-connect","status":"publish","type":"page","link":"https:\/\/blogi.eoppimispalvelut.fi\/ajatusta\/adobe-connect\/","title":{"rendered":"Adobe Connect"},"content":{"rendered":"<p>A<a href=\"https:\/\/blogi.eoppimispalvelut.fi\/otahaltuun\/files\/2017\/11\/AC-kuva-muokattu.png\"><img loading=\"lazy\" decoding=\"async\" class=\"alignright wp-image-212\" src=\"https:\/\/blogi.eoppimispalvelut.fi\/otahaltuun\/files\/2017\/11\/AC-kuva-muokattu-900x561.png\" sizes=\"(max-width: 469px) 100vw, 469px\" srcset=\"https:\/\/blogi.eoppimispalvelut.fi\/otahaltuun\/files\/2017\/11\/AC-kuva-muokattu-900x561.png 900w, https:\/\/blogi.eoppimispalvelut.fi\/otahaltuun\/files\/2017\/11\/AC-kuva-muokattu-768x479.png 768w, https:\/\/blogi.eoppimispalvelut.fi\/otahaltuun\/files\/2017\/11\/AC-kuva-muokattu-1280x798.png 1280w, https:\/\/blogi.eoppimispalvelut.fi\/otahaltuun\/files\/2017\/11\/AC-kuva-muokattu-321x200.png 321w\" alt=\"\" width=\"469\" height=\"293\" \/><\/a>dobe Connect (ACP) on virtuaalinen luokkahuone, jonka avulla opiskelija voi paikasta riippumatta osallistua virtuaali luokkahuoneen opetukseen joko\u00a0 tietokoneella (Windows, Mac, Linux) tai mobiililaitteilla.<\/p>\n<p>Lapin ammattikorkeakoulussa k\u00e4ytet\u00e4\u00e4n Adobe Connectia mm. monimuoto-opinnoissa, mutta my\u00f6s valinnaisissa-, sek\u00e4 kes\u00e4kurssien opinnoissa. P\u00e4ivitt\u00e4in Lapin AMK:n Adobe Connectia k\u00e4ytt\u00e4\u00e4 noin\u00a0 500 opettajaa tai opiskelijaa.<\/p>\n<p><strong>Adobe Connect mahdollistaa:<\/strong><\/p>\n<ul>\n<li>reaaliaikaisen keskustelun ja chatin k\u00e4yt\u00f6n<\/li>\n<li>videokuvan k\u00e4yt\u00f6n web-kameroilla<\/li>\n<li>materiaalin esitt\u00e4misen (pdf, powerpoint)<\/li>\n<li>esitt\u00e4j\u00e4n ty\u00f6p\u00f6yt\u00e4 tai sovelluksen jakamisen<\/li>\n<li>kyselyjen ja \u00e4\u00e4nestysten tekemisen<\/li>\n<li>ryhm\u00e4ty\u00f6skentelyn oppitunnin aikana<\/li>\n<li>oppituntien tallentamien<\/li>\n<\/ul>\n<p>OHJEET<\/p>\n<ul>\n<li><a href=\"https:\/\/docs.google.com\/document\/u\/1\/d\/1g_NcM-eN9D9rwk5edG7ljvw4nRW25qvGMeTzzvOcZI4\/edit\" target=\"_blank\" rel=\"noopener\">Adobe Connect asennus- ja k\u00e4ytt\u00f6ohje<\/a><\/li>\n<li><a href=\"https:\/\/connect.eoppimispalvelut.fi\/common\/help\/en\/support\/meeting_test.htm\" target=\"_blank\" rel=\"noopener\">Adobe Connect lis\u00e4osien testaus ja asennus<\/a><\/li>\n<li><a href=\"https:\/\/connect.eoppimispalvelut.fi\/p61n7pjw5kw\/\" target=\"_blank\" rel=\"noopener\">Luokan toimintojen opetusvideo<\/a><\/li>\n<li><a href=\"https:\/\/connect.eoppimispalvelut.fi\/r830q72oo0h\/\" target=\"_blank\" rel=\"noopener\">Kokeile liittymist\u00e4 Adobe Connect luokkaan<\/a><\/li>\n<\/ul>\n","protected":false},"excerpt":{"rendered":"<p>Adobe Connect (ACP) on virtuaalinen luokkahuone, jonka avulla opiskelija voi paikasta riippumatta osallistua virtuaali luokkahuoneen opetukseen joko\u00a0 tietokoneella (Windows, Mac, Linux) tai mobiililaitteilla. Lapin ammattikorkeakoulussa k\u00e4ytet\u00e4\u00e4n Adobe Connectia mm. monimuoto-opinnoissa, mutta my\u00f6s valinnaisissa-, sek\u00e4 kes\u00e4kurssien opinnoissa. P\u00e4ivitt\u00e4in Lapin AMK:n Adobe Connectia k\u00e4ytt\u00e4\u00e4 noin\u00a0 500 opettajaa tai opiskelijaa. Adobe Connect mahdollistaa: reaaliaikaisen keskustelun ja chatin k\u00e4yt\u00f6n [&hellip;]<\/p>\n","protected":false},"author":36,"featured_media":0,"parent":0,"menu_order":0,"comment_status":"closed","ping_status":"closed","template":"","meta":{"_et_pb_use_builder":"","_et_pb_old_content":"","_et_gb_content_width":"","footnotes":""},"class_list":["post-227","page","type-page","status-publish","hentry"],"_links":{"self":[{"href":"https:\/\/blogi.eoppimispalvelut.fi\/ajatusta\/wp-json\/wp\/v2\/pages\/227","targetHints":{"allow":["GET"]}}],"collection":[{"href":"https:\/\/blogi.eoppimispalvelut.fi\/ajatusta\/wp-json\/wp\/v2\/pages"}],"about":[{"href":"https:\/\/blogi.eoppimispalvelut.fi\/ajatusta\/wp-json\/wp\/v2\/types\/page"}],"author":[{"embeddable":true,"href":"https:\/\/blogi.eoppimispalvelut.fi\/ajatusta\/wp-json\/wp\/v2\/users\/36"}],"replies":[{"embeddable":true,"href":"https:\/\/blogi.eoppimispalvelut.fi\/ajatusta\/wp-json\/wp\/v2\/comments?post=227"}],"version-history":[{"count":1,"href":"https:\/\/blogi.eoppimispalvelut.fi\/ajatusta\/wp-json\/wp\/v2\/pages\/227\/revisions"}],"predecessor-version":[{"id":228,"href":"https:\/\/blogi.eoppimispalvelut.fi\/ajatusta\/wp-json\/wp\/v2\/pages\/227\/revisions\/228"}],"wp:attachment":[{"href":"https:\/\/blogi.eoppimispalvelut.fi\/ajatusta\/wp-json\/wp\/v2\/media?parent=227"}],"curies":[{"name":"wp","href":"https:\/\/api.w.org\/{rel}","templated":true}]}}