{"id":67,"date":"2018-03-16T15:52:06","date_gmt":"2018-03-16T13:52:06","guid":{"rendered":"https:\/\/blogi.eoppimispalvelut.fi\/ajatusta\/?page_id=67"},"modified":"2018-03-20T14:30:21","modified_gmt":"2018-03-20T12:30:21","slug":"ota-halthuun-kartta","status":"publish","type":"page","link":"https:\/\/blogi.eoppimispalvelut.fi\/ajatusta\/ota-halthuun-kartta\/","title":{"rendered":"4. Lapin amk &#8211; tutkinto &#8211; kartta"},"content":{"rendered":"<p>[et_pb_section fb_built=&#8221;1&#8243; background_color=&#8221;rgba(0,0,0,0.02)&#8221; _builder_version=&#8221;3.0.101&#8243; background_position=&#8221;top_center&#8221; top_divider_color=&#8221;#e02b20&#8243; bottom_divider_color=&#8221;#8bba00&#8243; bottom_divider_height=&#8221;40px&#8221; bottom_divider_repeat=&#8221;2x&#8221; top_divider_height=&#8221;143px&#8221;][et_pb_row background_color=&#8221;#ffffff&#8221; background_color_1=&#8221;#ff532f&#8221; padding_top_1=&#8221;10px&#8221; padding_bottom_1=&#8221;0px&#8221; _builder_version=&#8221;3.0.101&#8243; border_radii=&#8221;|15px|15px||&#8221; border_color_all=&#8221;#e02b20&#8243; border_color_right=&#8221;#e02b20&#8243; border_width_bottom=&#8221;0px&#8221;][et_pb_column type=&#8221;4_4&#8243; _builder_version=&#8221;3.0.47&#8243; padding_bottom=&#8221;0px&#8221; padding_top=&#8221;10px&#8221; background_color=&#8221;#ff532f&#8221; parallax=&#8221;off&#8221; parallax_method=&#8221;on&#8221;][et_pb_toggle title=&#8221;ETENE J\u00c4RJESTYKSESS\u00c4 JA OTA ASIAT HALTHUUN&#8221; open=&#8221;on&#8221; icon_color=&#8221;#e02b20&#8243; admin_label=&#8221;V\u00e4liotsikko&#8221; _builder_version=&#8221;3.0.101&#8243; title_font=&#8221;|700|||||||solid&#8221; title_font_size=&#8221;17px&#8221; title_text_color=&#8221;#000000&#8243; background_color=&#8221;#ffffff&#8221; text_orientation=&#8221;center&#8221;]Lorem Ipsum on yksinkertaisesti testausteksti, jota tulostus- ja ladontateollisuudet k\u00e4ytt\u00e4v\u00e4t. Lorem Ipsum on ollut teollisuuden normaali testausteksti jo 1500-luvulta asti, jolloin tuntematon tulostaja otti kaljuunan ja sekoitti sen tehd\u00e4kseen esimerkkikirjan.<br \/>\n[\/et_pb_toggle][\/et_pb_column][\/et_pb_row][et_pb_row custom_padding=&#8221;|||20px&#8221; custom_margin=&#8221;|||&#8221; background_color=&#8221;#ffffff&#8221; _builder_version=&#8221;3.0.101&#8243; background_size=&#8221;initial&#8221; background_position=&#8221;top_left&#8221; background_repeat=&#8221;repeat&#8221; border_radii=&#8221;||||&#8221; border_color_all=&#8221;#e02b20&#8243; border_width_top=&#8221;0px&#8221; border_width_bottom=&#8221;0px&#8221;][et_pb_column type=&#8221;1_3&#8243; _builder_version=&#8221;3.0.47&#8243; parallax=&#8221;off&#8221; parallax_method=&#8221;on&#8221;][et_pb_cta title=&#8221;APUA&#8221; button_url=&#8221;https:\/\/blogi.eoppimispalvelut.fi\/ajatusta\/adobe-connect\/&#8221; button_text=&#8221;Lue lis\u00e4\u00e4&#8221; background_color=&#8221;#FF532F&#8221; _builder_version=&#8221;3.0.101&#8243; header_font=&#8221;||||||||&#8221; header_text_color=&#8221;#ffffff&#8221; body_font=&#8221;||||||||&#8221; body_text_color=&#8221;#ffffff&#8221; border_width_all=&#8221;2px&#8221; border_color_all=&#8221;#e02b20&#8243;]Mik\u00e4li k\u00e4ytt\u00e4j\u00e4ll\u00e4 ei ole henkil\u00f6kohtaisia verkkopankkitunnuksia tai mobiilivarmennetta, k\u00e4ytt\u00e4j\u00e4 voi saada tunnukset soittamalla IT-palvelupisteeseen 020 798 5800.<br \/>\n[\/et_pb_cta][\/et_pb_column][et_pb_column type=&#8221;2_3&#8243; _builder_version=&#8221;3.0.47&#8243; parallax=&#8221;off&#8221; parallax_method=&#8221;on&#8221;][et_pb_cta title=&#8221;1. K\u00c4YTT\u00c4J\u00c4TUNNUS&#8221; button_url=&#8221;https:\/\/blogi.eoppimispalvelut.fi\/ajatusta\/opiskelijan-kayttajatunnus-kayttoon\/&#8221; button_text=&#8221;OTA K\u00c4YTT\u00c4J\u00c4TUNNUS K\u00c4YTH\u00d6\u00d6N&#8221; background_color=&#8221;#ffffff&#8221; background_layout=&#8221;light&#8221; admin_label=&#8221;K\u00c4YTT\u00c4J\u00c4TUNNUS&#8221; _builder_version=&#8221;3.0.101&#8243; header_font=&#8221;|700|||||||&#8221; border_width_all=&#8221;2px&#8221; border_color_all=&#8221;#e02b20&#8243; custom_margin=&#8221;|20px||20px&#8221; custom_padding=&#8221;|10px||10px&#8221; custom_css_promo_button=&#8221;color: #000000; &#8220;]<\/p>\n<p class=\"et_pb_module_header\">Kaikille Lapin AMKn opiskelijoille luodaan k\u00e4ytt\u00e4j\u00e4tunnus ja s\u00e4hk\u00f6postitili. T\u00e4ll\u00e4 k\u00e4ytt\u00e4j\u00e4tunnuksella kirjaudut l\u00e4hes kaikkiin koulun palveluihin mm. Moodleen, s\u00e4hk\u00f6postiin, SoleOpsiin\u00a0ja koulun langattomaan verkkoon.<\/p>\n<p>&nbsp;<\/p>\n<div class=\"et_pb_blurb_description\">\n<h4><strong>Voidaksesi k\u00e4ytt\u00e4\u00e4 Lapin ammattikorkeakoulun palveluita, sinun t\u00e4ytyy aktivoida ensimm\u00e4iseksi k\u00e4ytt\u00e4j\u00e4tunnukset!<\/strong><\/h4>\n<\/div>\n<p>[\/et_pb_cta][\/et_pb_column][\/et_pb_row][et_pb_row custom_margin=&#8221;0px|||&#8221; background_color=&#8221;#ffffff&#8221; background_color_1=&#8221;#ff532f&#8221; padding_top_1=&#8221;10px&#8221; padding_bottom_1=&#8221;0px&#8221; _builder_version=&#8221;3.0.101&#8243; border_radii=&#8221;||||&#8221; border_color_all=&#8221;#e02b20&#8243; border_width_top=&#8221;0px&#8221; border_width_bottom=&#8221;0px&#8221;][et_pb_column type=&#8221;4_4&#8243; _builder_version=&#8221;3.0.47&#8243; padding_bottom=&#8221;0px&#8221; padding_top=&#8221;10px&#8221; background_color=&#8221;#ff532f&#8221; parallax=&#8221;off&#8221; parallax_method=&#8221;on&#8221;][et_pb_toggle title=&#8221;TUSTUSTU MOODLEEN JA ADOBE CONNECTIIN&#8221; open=&#8221;on&#8221; admin_label=&#8221;V\u00e4liotsikko&#8221; _builder_version=&#8221;3.0.101&#8243; title_font=&#8221;|700|||||||&#8221; background_color=&#8221;#ffffff&#8221; text_orientation=&#8221;center&#8221; custom_padding=&#8221;|||&#8221;]Lorem Ipsum on yksinkertaisesti testausteksti, jota tulostus- ja ladontateollisuudet k\u00e4ytt\u00e4v\u00e4t. Lorem Ipsum on ollut teollisuuden normaali testausteksti jo 1500-luvulta asti, jolloin tuntematon tulostaja otti kaljuunan ja sekoitti sen tehd\u00e4kseen esimerkkikirjan.<br \/>\n[\/et_pb_toggle][\/et_pb_column][\/et_pb_row][et_pb_row custom_padding=&#8221;|||20px&#8221; custom_margin=&#8221;|||&#8221; background_color=&#8221;#ffffff&#8221; _builder_version=&#8221;3.0.101&#8243; background_size=&#8221;initial&#8221; background_position=&#8221;top_left&#8221; background_repeat=&#8221;repeat&#8221; border_color_all=&#8221;#e02b20&#8243; border_width_top=&#8221;0px&#8221; border_width_bottom=&#8221;0px&#8221; module_alignment=&#8221;center&#8221;][et_pb_column type=&#8221;1_3&#8243; _builder_version=&#8221;3.0.47&#8243; parallax=&#8221;off&#8221; parallax_method=&#8221;on&#8221;][et_pb_cta title=&#8221;APUA Moodleen ja AC:n&#8221; button_url=&#8221;https:\/\/blogi.eoppimispalvelut.fi\/ajatusta\/adobe-connect\/&#8221; button_text=&#8221;Lue lis\u00e4\u00e4&#8221; background_color=&#8221;#ff532f&#8221; _builder_version=&#8221;3.0.101&#8243; header_text_color=&#8221;#ffffff&#8221; body_text_color=&#8221;#ffffff&#8221; border_radii=&#8221;on|15px|15px|15px|15px&#8221;]eOppimispalvelut sivustolta l\u00f6yd\u00e4t kivoja kavereita ja jos sinulla ei ole mith\u00e4\u00e4n ongelmaa niin saa silti soittaa<\/p>\n<p style=\"text-align: center;\">[\/et_pb_cta][\/et_pb_column][et_pb_column type=&#8221;1_3&#8243; _builder_version=&#8221;3.0.47&#8243; parallax=&#8221;off&#8221; parallax_method=&#8221;on&#8221;][et_pb_cta title=&#8221;2. MOODLE&#8221; button_url=&#8221;https:\/\/blogi.eoppimispalvelut.fi\/ajatusta\/moodle\/&#8221; button_text=&#8221;Tutustu Moodleen&#8221; background_color=&#8221;#ffffff&#8221; background_layout=&#8221;light&#8221; admin_label=&#8221;Moodle&#8221; _builder_version=&#8221;3.0.101&#8243; border_radii=&#8221;on|15px|15px|15px|15px&#8221; border_width_all=&#8221;2px&#8221; border_color_all=&#8221;#e02b20&#8243; custom_margin=&#8221;|20px||20px&#8221; custom_padding=&#8221;|10px||10px&#8221; custom_css_promo_button=&#8221;color: #FF532F;&#8221;]<\/p>\n<p class=\"et_pb_module_header\">Moodle on verkko-oppimisymp\u00e4rist\u00f6 johon opettajat antavat opiskelijoille materiaalit, toimeksiannot ja teht\u00e4v\u00e4t. Lapin ammattikorkeakoulun opiskelijoilla on k\u00e4yt\u00f6ss\u00e4 lukukausikohtaiset Moodle ty\u00f6tilat (yksi ty\u00f6tila per lukukausi).<\/p>\n<p style=\"text-align: center;\">[\/et_pb_cta][\/et_pb_column][et_pb_column type=&#8221;1_3&#8243; _builder_version=&#8221;3.0.47&#8243; parallax=&#8221;off&#8221; parallax_method=&#8221;on&#8221;][et_pb_cta title=&#8221;3. ADOBE CONNECT (AC)&#8221; button_url=&#8221;https:\/\/blogi.eoppimispalvelut.fi\/ajatusta\/adobe-connect\/&#8221; button_text=&#8221;Tutustu Adobe Connectiin&#8221; background_color=&#8221;#ffffff&#8221; background_layout=&#8221;light&#8221; admin_label=&#8221;AC&#8221; _builder_version=&#8221;3.0.101&#8243; border_radii=&#8221;on|15px|15px|15px|15px&#8221; border_width_all=&#8221;2px&#8221; border_color_all=&#8221;#e02b20&#8243; custom_margin=&#8221;|20px||20px&#8221; custom_padding=&#8221;|10px||10px&#8221; custom_css_promo_button=&#8221;color: #FF532F;&#8221;]Adobe Connect (ACP) on virtuaalinen luokkahuone, jonka avulla opiskelija voi paikasta riippumatta osallistua virtuaali luokkahuoneen opetukseen joko tietokoneella (Windows, Mac, Linux) tai mobiililaitteilla.<\/p>\n<p style=\"text-align: center;\">[\/et_pb_cta][\/et_pb_column][\/et_pb_row][et_pb_row background_color=&#8221;#ffffff&#8221; background_color_1=&#8221;#ff532f&#8221; padding_top_1=&#8221;5px&#8221; padding_bottom_1=&#8221;5px&#8221; _builder_version=&#8221;3.0.101&#8243;][et_pb_column type=&#8221;4_4&#8243; _builder_version=&#8221;3.0.47&#8243; padding_bottom=&#8221;5px&#8221; padding_top=&#8221;5px&#8221; background_color=&#8221;#ff532f&#8221; parallax=&#8221;off&#8221; parallax_method=&#8221;on&#8221;][et_pb_toggle title=&#8221;MIT\u00c4 OVAT PILVIPALVELUT&#8221; open=&#8221;on&#8221; admin_label=&#8221;V\u00e4liotsikko&#8221; _builder_version=&#8221;3.0.101&#8243; background_color=&#8221;#ffffff&#8221;]Lorem Ipsum on yksinkertaisesti testausteksti, jota tulostus- ja ladontateollisuudet k\u00e4ytt\u00e4v\u00e4t. Lorem Ipsum on ollut teollisuuden normaali testausteksti jo 1500-luvulta asti, jolloin tuntematon tulostaja otti kaljuunan ja sekoitti sen tehd\u00e4kseen esimerkkikirjan.<\/p>\n<p style=\"text-align: center;\">[\/et_pb_toggle][\/et_pb_column][\/et_pb_row][et_pb_row background_color=&#8221;#ffffff&#8221; _builder_version=&#8221;3.0.101&#8243; background_size=&#8221;initial&#8221; background_position=&#8221;top_left&#8221; background_repeat=&#8221;repeat&#8221;][et_pb_column type=&#8221;1_3&#8243; _builder_version=&#8221;3.0.47&#8243; parallax=&#8221;off&#8221; parallax_method=&#8221;on&#8221;][et_pb_cta title=&#8221;APUA Pilhveen&#8221; button_url=&#8221;https:\/\/blogi.eoppimispalvelut.fi\/ajatusta\/adobe-connect\/&#8221; button_text=&#8221;Lue lis\u00e4\u00e4&#8221; background_color=&#8221;#ff532f&#8221; _builder_version=&#8221;3.0.101&#8243; header_text_color=&#8221;#ffffff&#8221; body_text_color=&#8221;#ffffff&#8221; text_orientation=&#8221;left&#8221;]eOppimispalvelut sivustolta l\u00f6yd\u00e4t kivoja kavereita ja jos sinulla ei ole mith\u00e4\u00e4n ongelmaa niin saa silti soittaa<\/p>\n<p style=\"text-align: center;\">[\/et_pb_cta][\/et_pb_column][et_pb_column type=&#8221;1_3&#8243; _builder_version=&#8221;3.0.47&#8243; parallax=&#8221;off&#8221; parallax_method=&#8221;on&#8221;][et_pb_cta title=&#8221;4. G Suite&#8221; button_url=&#8221;https:\/\/blogi.eoppimispalvelut.fi\/ajatusta\/moodle\/&#8221; button_text=&#8221;Tutustu&#8221; background_color=&#8221;#ffffff&#8221; background_layout=&#8221;light&#8221; admin_label=&#8221;g suite&#8221; _builder_version=&#8221;3.0.101&#8243; custom_css_promo_button=&#8221;color: #FF532F;&#8221;]<\/p>\n<div class=\"entry-content\">\n<p>Lapin ammattikorkeakoulun opiskelijana Sinulla on k\u00e4yt\u00f6ss\u00e4 G Suite for Education -pilvipalvelut.<\/p>\n<\/div>\n<p style=\"text-align: center;\">[\/et_pb_cta][\/et_pb_column][et_pb_column type=&#8221;1_3&#8243; _builder_version=&#8221;3.0.47&#8243; parallax=&#8221;off&#8221; parallax_method=&#8221;on&#8221;][et_pb_cta title=&#8221;5. O365&#8243; button_url=&#8221;https:\/\/blogi.eoppimispalvelut.fi\/ajatusta\/adobe-connect\/&#8221; button_text=&#8221;Tutustu&#8221; background_color=&#8221;#ffffff&#8221; background_layout=&#8221;light&#8221; admin_label=&#8221;o365&#8243; _builder_version=&#8221;3.0.101&#8243; custom_css_promo_button=&#8221;color: #FF532F;&#8221;]<\/p>\n<div class=\"entry-content\">\n<div>Lapin ammattikorkeakoulussa on otettu k\u00e4ytt\u00f6\u00f6n Office 365 pilvipalvelu. Palvelun avulla opiskelija voi turvallisesti ja helposti ty\u00f6skennell\u00e4 ja tuottaa materiaalia pilvess\u00e4, joko yksin tai yhteisty\u00f6ss\u00e4 muiden opiskelijakavereiden kanssa<\/div>\n<\/div>\n<p style=\"text-align: center;\">[\/et_pb_cta][\/et_pb_column][\/et_pb_row][et_pb_row background_color=&#8221;#ffffff&#8221; background_color_1=&#8221;#ff532f&#8221; padding_top_1=&#8221;5px&#8221; padding_bottom_1=&#8221;5px&#8221; _builder_version=&#8221;3.0.101&#8243;][et_pb_column type=&#8221;4_4&#8243; _builder_version=&#8221;3.0.47&#8243; padding_bottom=&#8221;5px&#8221; padding_top=&#8221;5px&#8221; background_color=&#8221;#ff532f&#8221; parallax=&#8221;off&#8221; parallax_method=&#8221;on&#8221;][et_pb_toggle title=&#8221;TUTUSTU KIRJASTOON&#8221; open=&#8221;on&#8221; admin_label=&#8221;V\u00e4liotsikko&#8221; _builder_version=&#8221;3.0.101&#8243; background_color=&#8221;#ffffff&#8221;]Lorem Ipsum on yksinkertaisesti testausteksti, jota tulostus- ja ladontateollisuudet k\u00e4ytt\u00e4v\u00e4t. Lorem Ipsum on ollut teollisuuden normaali testausteksti jo 1500-luvulta asti, jolloin tuntematon tulostaja otti kaljuunan ja sekoitti sen tehd\u00e4kseen esimerkkikirjan.<\/p>\n<p style=\"text-align: center;\">[\/et_pb_toggle][\/et_pb_column][\/et_pb_row][et_pb_row background_color=&#8221;#ffffff&#8221; _builder_version=&#8221;3.0.101&#8243; background_size=&#8221;initial&#8221; background_position=&#8221;top_left&#8221; background_repeat=&#8221;repeat&#8221; module_alignment=&#8221;center&#8221;][et_pb_column type=&#8221;1_3&#8243; _builder_version=&#8221;3.0.47&#8243; parallax=&#8221;off&#8221; parallax_method=&#8221;on&#8221;][et_pb_cta title=&#8221;Apua kirjastosta&#8221; button_url=&#8221;https:\/\/blogi.eoppimispalvelut.fi\/ajatusta\/adobe-connect\/&#8221; button_text=&#8221;Lue lis\u00e4\u00e4&#8221; background_color=&#8221;#ff532f&#8221; _builder_version=&#8221;3.0.101&#8243; header_text_color=&#8221;#ffffff&#8221; body_text_color=&#8221;#ffffff&#8221; text_orientation=&#8221;left&#8221;]Kirjastossa ei ole ko kivoja ihmisi\u00e4. Soita meille numeroon 0600 kirja<\/p>\n<p style=\"text-align: center;\">[\/et_pb_cta][\/et_pb_column][et_pb_column type=&#8221;2_3&#8243; _builder_version=&#8221;3.0.47&#8243; parallax=&#8221;off&#8221; parallax_method=&#8221;on&#8221;][et_pb_cta title=&#8221;Kirjasto&#8221; button_url=&#8221;https:\/\/blogi.eoppimispalvelut.fi\/ajatusta\/moodle\/&#8221; button_text=&#8221;Tutustu Kirjastoon&#8221; background_color=&#8221;#ffffff&#8221; background_layout=&#8221;light&#8221; admin_label=&#8221;kirjasto&#8221; _builder_version=&#8221;3.0.101&#8243; custom_css_promo_button=&#8221;color: #FF532F;&#8221;]<\/p>\n<div class=\"entry-content\">\n<p>Lapin korkeakoulukirjastolla on toimipisteit\u00e4 Kemiss\u00e4, Torniossa ja Rovaniemell\u00e4. Opiskelijana voit hy\u00f6dynt\u00e4\u00e4 kaikkien toimipisteiden kokoelmia ja palveluja. Kirjastosta l\u00f6yd\u00e4t opiskeluun tarvittavaa materiaalia niin painettuna kuin s\u00e4hk\u00f6isen\u00e4.<\/p>\n<\/div>\n<p style=\"text-align: center;\">[\/et_pb_cta][\/et_pb_column][\/et_pb_row][et_pb_row background_color=&#8221;#ffffff&#8221; background_color_1=&#8221;#ff532f&#8221; padding_top_1=&#8221;5px&#8221; padding_bottom_1=&#8221;5px&#8221; _builder_version=&#8221;3.0.101&#8243;][et_pb_column type=&#8221;4_4&#8243; _builder_version=&#8221;3.0.47&#8243; padding_bottom=&#8221;5px&#8221; padding_top=&#8221;5px&#8221; background_color=&#8221;#ff532f&#8221; parallax=&#8221;off&#8221; parallax_method=&#8221;on&#8221;][et_pb_toggle title=&#8221;TUTUSTU SOLEOPSIIN&#8221; open=&#8221;on&#8221; admin_label=&#8221;sole&#8221; _builder_version=&#8221;3.0.101&#8243; background_color=&#8221;#ffffff&#8221;]Lorem Ipsum on yksinkertaisesti testausteksti, jota tulostus- ja ladontateollisuudet k\u00e4ytt\u00e4v\u00e4t. Lorem Ipsum on ollut teollisuuden normaali testausteksti jo 1500-luvulta asti, jolloin tuntematon tulostaja otti kaljuunan ja sekoitti sen tehd\u00e4kseen esimerkkikirjan.<\/p>\n<p style=\"text-align: center;\">[\/et_pb_toggle][\/et_pb_column][\/et_pb_row][et_pb_row background_color=&#8221;#ffffff&#8221; _builder_version=&#8221;3.0.101&#8243; background_size=&#8221;initial&#8221; background_position=&#8221;top_left&#8221; background_repeat=&#8221;repeat&#8221; module_alignment=&#8221;center&#8221;][et_pb_column type=&#8221;1_3&#8243; _builder_version=&#8221;3.0.47&#8243; parallax=&#8221;off&#8221; parallax_method=&#8221;on&#8221;][et_pb_cta title=&#8221;Apua soleheen&#8221; button_url=&#8221;https:\/\/blogi.eoppimispalvelut.fi\/ajatusta\/adobe-connect\/&#8221; button_text=&#8221;Lue lis\u00e4\u00e4&#8221; background_color=&#8221;#ff532f&#8221; _builder_version=&#8221;3.0.101&#8243; header_text_color=&#8221;#ffffff&#8221; body_text_color=&#8221;#ffffff&#8221; text_orientation=&#8221;left&#8221;]Sipe auttaa ja opastaa<\/p>\n<p style=\"text-align: center;\">[\/et_pb_cta][\/et_pb_column][et_pb_column type=&#8221;2_3&#8243; _builder_version=&#8221;3.0.47&#8243; parallax=&#8221;off&#8221; parallax_method=&#8221;on&#8221;][et_pb_cta title=&#8221;Soleops&#8221; button_url=&#8221;https:\/\/blogi.eoppimispalvelut.fi\/ajatusta\/moodle\/&#8221; button_text=&#8221;Tutustu soleheen&#8221; background_color=&#8221;#ffffff&#8221; background_layout=&#8221;light&#8221; admin_label=&#8221;kirjasto&#8221; _builder_version=&#8221;3.0.101&#8243; custom_css_promo_button=&#8221;color: #FF532F;&#8221;]<\/p>\n<div class=\"entry-content\">\n<p>apin ammattikorkeakoululla on k\u00e4yt\u00f6ss\u00e4\u00e4n SoleOPS, jonka kautta opiskelijat voivat mmapin ammattikorkeakoululla on k\u00e4yt\u00f6ss\u00e4\u00e4n SoleOPS, jonka kautta opiskelijat voivat mm<\/p>\n<\/div>\n<p style=\"text-align: center;\">[\/et_pb_cta][\/et_pb_column][\/et_pb_row][\/et_pb_section]<\/p>\n","protected":false},"excerpt":{"rendered":"<p>Lorem Ipsum on yksinkertaisesti testausteksti, jota tulostus- ja ladontateollisuudet k\u00e4ytt\u00e4v\u00e4t. Lorem Ipsum on ollut teollisuuden normaali testausteksti jo 1500-luvulta asti, jolloin tuntematon tulostaja otti kaljuunan ja sekoitti sen tehd\u00e4kseen esimerkkikirjan. Mik\u00e4li k\u00e4ytt\u00e4j\u00e4ll\u00e4 ei ole henkil\u00f6kohtaisia verkkopankkitunnuksia tai mobiilivarmennetta, k\u00e4ytt\u00e4j\u00e4 voi saada tunnukset soittamalla IT-palvelupisteeseen 020 798 5800. Kaikille Lapin AMKn opiskelijoille luodaan k\u00e4ytt\u00e4j\u00e4tunnus ja s\u00e4hk\u00f6postitili. [&hellip;]<\/p>\n","protected":false},"author":36,"featured_media":0,"parent":0,"menu_order":0,"comment_status":"closed","ping_status":"closed","template":"","meta":{"_et_pb_use_builder":"on","_et_pb_old_content":"","_et_gb_content_width":"","footnotes":""},"class_list":["post-67","page","type-page","status-publish","hentry"],"_links":{"self":[{"href":"https:\/\/blogi.eoppimispalvelut.fi\/ajatusta\/wp-json\/wp\/v2\/pages\/67","targetHints":{"allow":["GET"]}}],"collection":[{"href":"https:\/\/blogi.eoppimispalvelut.fi\/ajatusta\/wp-json\/wp\/v2\/pages"}],"about":[{"href":"https:\/\/blogi.eoppimispalvelut.fi\/ajatusta\/wp-json\/wp\/v2\/types\/page"}],"author":[{"embeddable":true,"href":"https:\/\/blogi.eoppimispalvelut.fi\/ajatusta\/wp-json\/wp\/v2\/users\/36"}],"replies":[{"embeddable":true,"href":"https:\/\/blogi.eoppimispalvelut.fi\/ajatusta\/wp-json\/wp\/v2\/comments?post=67"}],"version-history":[{"count":115,"href":"https:\/\/blogi.eoppimispalvelut.fi\/ajatusta\/wp-json\/wp\/v2\/pages\/67\/revisions"}],"predecessor-version":[{"id":349,"href":"https:\/\/blogi.eoppimispalvelut.fi\/ajatusta\/wp-json\/wp\/v2\/pages\/67\/revisions\/349"}],"wp:attachment":[{"href":"https:\/\/blogi.eoppimispalvelut.fi\/ajatusta\/wp-json\/wp\/v2\/media?parent=67"}],"curies":[{"name":"wp","href":"https:\/\/api.w.org\/{rel}","templated":true}]}}