{"id":107,"date":"2013-02-07T13:54:32","date_gmt":"2013-02-07T11:54:32","guid":{"rendered":"https:\/\/blogi.eoppimispalvelut.fi\/aktiiviplus\/?page_id=107"},"modified":"2014-12-02T15:03:35","modified_gmt":"2014-12-02T13:03:35","slug":"aktiivi-verkoston-tapaamiset","status":"publish","type":"page","link":"https:\/\/blogi.eoppimispalvelut.fi\/aktiiviplus\/aktiivi-verkoston-tapaamiset\/","title":{"rendered":"AKTIIVI-verkoston tapaamiset"},"content":{"rendered":"<p>AKTIIVI-verkosto on kokoontunut kaksi-kolme kertaa vuodessa vaihtamaan kuulumisia sek\u00e4 kertomaan uusista oivalluksista, joita muutkin hankkeet voivat toteuttaa. Tapaamisille on m\u00e4\u00e4ritelty usein jokin teema, jonka ymp\u00e4rille ohjelma rakennetaan. T\u00e4llaisia ovat olleet hyv\u00e4t ja lupaavat k\u00e4yt\u00e4nn\u00f6t, ennakointi, viestint\u00e4, tuotteistaminen jne. Verkostotapaamiset ovat olleet my\u00f6s hyv\u00e4 keino saada uudet toimijat mukaan.<\/p>\n<p><strong>J\u00e4rjestetyt tapaamiset<\/strong><\/p>\n<p>AKTIIVI Plus -hankkeen &#8220;Tule tekem\u00e4\u00e4n ja kokemaan&#8221; -loppuseminaari 19.11.2014 Helsingiss\u00e4. <a href=\"https:\/\/blogi.eoppimispalvelut.fi\/aktiiviplus\/tule-kokemaan-ja-tekemaan-loppuseminaari\/\" target=\"_blank\">Lis\u00e4tietoja<\/a><\/p>\n<p><strong>20. toukokuuta 2014 j\u00e4rjestettiin verkostotapaaminen Tammelan Mustialassa Mobiilikes\u00e4koulun yhteydess\u00e4.<\/strong> <a href=\"http:\/\/www.mobiilikesakoulu.com\/\" target=\"_blank\">Mobiilikes\u00e4koulu<\/a> pidettiin 21.-22.5. Tapaamisessa suunniteltiin mm. 19.11.2014 j\u00e4rjestett\u00e4v\u00e4\u00e4 Tule tekem\u00e4\u00e4n ja kokemaan -loppuseminaaria.<\/p>\n<p><strong>23.-24.10.2013 j\u00e4rjestettiin &#8220;Tuumasta toimeen&#8221; -seminaari Helsingiss\u00e4. <\/strong><br \/>\nEnsimm\u00e4isen\u00e4 p\u00e4iv\u00e4n\u00e4 kokoonnuttiin\u00a0 <strong>klo 12-16 <\/strong>hankeperheen kanssa tekem\u00e4\u00e4n tarinoita tuotteista, tuloksista ja k\u00e4yt\u00e4nn\u00f6ist\u00e4. Toisena p\u00e4iv\u00e4n\u00e4 oltiin <strong>koko p\u00e4iv\u00e4<\/strong> koolla ja tarinat esiteltiin my\u00f6s yleis\u00f6lle teemoittain: aktiivinen kansalaisuus, avoin oppimisymp\u00e4rist\u00f6, verkostoituminen.<br \/>\nSeminaariin liittyv\u00e4t materiaalit l\u00f6yd\u00e4t <a href=\"https:\/\/blogi.eoppimispalvelut.fi\/aktiiviplus\/tuumasta-toimeen-seminaarin-anti\/\" target=\"_blank\">t\u00e4\u00e4lt\u00e4<\/a><\/p>\n<p>Tuotteistamisen tiimoilta verkostotapaamisia on j\u00e4rjestetty:<br \/>\n<strong>14.2.2013 <\/strong>Helsingiss\u00e4<br \/>\n<strong>21.11.2012<\/strong> Helsingiss\u00e4<br \/>\n<strong>19.-20.9.2012<\/strong> Helsingiss\u00e4, tuotteistaminen sek\u00e4 avoimuuden teemat<br \/>\n<strong>14.5.2012<\/strong> Helsingiss\u00e4<br \/>\n<strong>9.-10.2.2012<\/strong> Tampereella<\/p>\n<p>Lis\u00e4tietoja tuotteistamisseminaareista l\u00f6yd\u00e4t <a href=\"https:\/\/blogi.eoppimispalvelut.fi\/aktiiviplus\/tuotteistaminen\/\" target=\"_blank\">Tuotteistaminen -sivulta<\/a><\/p>\n<p>Aikaisempina vuosina j\u00e4rjestettyj\u00e4 tapaamisia:<\/p>\n<ul>\n<li>20.-22.9.2011 Hankeverkoston tapaaminen Inarissa. Aiheina mm. kehitt\u00e4misohjelman tavoitteiden saavuttamisen arviointi<\/li>\n<li>23.-24.3.2011 Hankeverkoston tapaaminen Turussa. Tutustumista hankeverkostoon talkoo-hengess\u00e4.<\/li>\n<li>23.9.2010 Projektiverkoston tapaaminen, YLE Helsinki<\/li>\n<li>21.4.2010 Projektien tapaaminen ITK2010:ssa, H\u00e4meenlinna<\/li>\n<li>23.3.2010 Uusien projektien tapaaminen, Helsinki<\/li>\n<li>14.-15.1.2010 Lupaavat k\u00e4yt\u00e4nn\u00f6t kiertoon ja kehittym\u00e4\u00e4n, Tornio<\/li>\n<li>10.9.2009 Projektiworkshop Vantaalla<\/li>\n<li>12.-13.3.2009 Ennakointity\u00f6paja, Lammi<\/li>\n<li>19.1.2009 Projektitapaaminen Tampereella<\/li>\n<li>21.11.2008 Projektiverkoston ensitapaaminen Helsingiss\u00e4<\/li>\n<\/ul>\n<p>&nbsp;<\/p>\n<p>&nbsp;<\/p>\n<p>&nbsp;<\/p>\n","protected":false},"excerpt":{"rendered":"<p>AKTIIVI-verkosto on kokoontunut kaksi-kolme kertaa vuodessa vaihtamaan kuulumisia sek\u00e4 kertomaan uusista oivalluksista, joita muutkin hankkeet voivat toteuttaa. Tapaamisille on m\u00e4\u00e4ritelty usein jokin teema, jonka ymp\u00e4rille ohjelma rakennetaan. T\u00e4llaisia ovat olleet hyv\u00e4t ja lupaavat k\u00e4yt\u00e4nn\u00f6t, ennakointi, viestint\u00e4, tuotteistaminen jne. Verkostotapaamiset ovat &hellip; <a href=\"https:\/\/blogi.eoppimispalvelut.fi\/aktiiviplus\/aktiivi-verkoston-tapaamiset\/\">Continue reading <span class=\"meta-nav\">&rarr;<\/span><\/a><\/p>\n","protected":false},"author":6,"featured_media":0,"parent":0,"menu_order":0,"comment_status":"closed","ping_status":"open","template":"","meta":{"_monsterinsights_skip_tracking":false,"_monsterinsights_sitenote_active":false,"_monsterinsights_sitenote_note":"","_monsterinsights_sitenote_category":0,"footnotes":""},"class_list":["post-107","page","type-page","status-publish","hentry"],"_links":{"self":[{"href":"https:\/\/blogi.eoppimispalvelut.fi\/aktiiviplus\/wp-json\/wp\/v2\/pages\/107","targetHints":{"allow":["GET"]}}],"collection":[{"href":"https:\/\/blogi.eoppimispalvelut.fi\/aktiiviplus\/wp-json\/wp\/v2\/pages"}],"about":[{"href":"https:\/\/blogi.eoppimispalvelut.fi\/aktiiviplus\/wp-json\/wp\/v2\/types\/page"}],"author":[{"embeddable":true,"href":"https:\/\/blogi.eoppimispalvelut.fi\/aktiiviplus\/wp-json\/wp\/v2\/users\/6"}],"replies":[{"embeddable":true,"href":"https:\/\/blogi.eoppimispalvelut.fi\/aktiiviplus\/wp-json\/wp\/v2\/comments?post=107"}],"version-history":[{"count":29,"href":"https:\/\/blogi.eoppimispalvelut.fi\/aktiiviplus\/wp-json\/wp\/v2\/pages\/107\/revisions"}],"predecessor-version":[{"id":2275,"href":"https:\/\/blogi.eoppimispalvelut.fi\/aktiiviplus\/wp-json\/wp\/v2\/pages\/107\/revisions\/2275"}],"wp:attachment":[{"href":"https:\/\/blogi.eoppimispalvelut.fi\/aktiiviplus\/wp-json\/wp\/v2\/media?parent=107"}],"curies":[{"name":"wp","href":"https:\/\/api.w.org\/{rel}","templated":true}]}}