{"id":110,"date":"2013-02-07T13:57:38","date_gmt":"2013-02-07T11:57:38","guid":{"rendered":"https:\/\/blogi.eoppimispalvelut.fi\/aktiiviplus\/?page_id=110"},"modified":"2014-12-02T15:23:29","modified_gmt":"2014-12-02T13:23:29","slug":"tapahtumat","status":"publish","type":"page","link":"https:\/\/blogi.eoppimispalvelut.fi\/aktiiviplus\/tapahtumat\/","title":{"rendered":"Tapahtumat"},"content":{"rendered":"<p>AKTIIVI Plus -hanke on j\u00e4rjest\u00e4nyt koulutuksia ja verkostoitumistapaamisia verkostoon kuuluvien hankkeiden toimijoille sek\u00e4 muille aiheista kiinnostuneille.<\/p>\n<p>Tapahtumat-valikosta l\u00f6yd\u00e4t<\/p>\n<ul>\n<li><a href=\"https:\/\/blogi.eoppimispalvelut.fi\/aktiiviplus\/ajankohtaista-2\/\">avoimet koulutukset<\/a>, jotka yleens\u00e4 j\u00e4rjestet\u00e4\u00e4n online-koulutuksina eli webinaareina<\/li>\n<li><a href=\"https:\/\/blogi.eoppimispalvelut.fi\/aktiiviplus\/aktiivi-verkoston-tapaamiset\/\">AKTIIVI -verkoston tapaamiset<\/a><\/li>\n<li><a href=\"https:\/\/blogi.eoppimispalvelut.fi\/aktiiviplus\/muut-tilaisuudet\/\">muut tilaisuudet<\/a>, joita AKTIIVI Plus\u00a0j\u00e4rjest\u00e4\u00e4 tai joihin se osallistuu<\/li>\n<\/ul>\n<p>Hankkeissa syntyvi\u00e4 tuloksia hy\u00f6dynt\u00e4v\u00e4t projektien toimijat ja heid\u00e4n kauttaan projektien kohderyhm\u00e4t: opetustoimi, vapaan sivistysty\u00f6, aikuisopetus, kirjasto ja kulttuuritoimi sek\u00e4 kansalaisj\u00e4rjest\u00f6t sek\u00e4 alueiden ty\u00f6el\u00e4m\u00e4n organisaatiot.<br \/>\nN\u00e4ille ryhmille kohdennetaan erityisesti tiedotusta ja seminaareja.<\/p>\n","protected":false},"excerpt":{"rendered":"<p>AKTIIVI Plus -hanke on j\u00e4rjest\u00e4nyt koulutuksia ja verkostoitumistapaamisia verkostoon kuuluvien hankkeiden toimijoille sek\u00e4 muille aiheista kiinnostuneille. Tapahtumat-valikosta l\u00f6yd\u00e4t avoimet koulutukset, jotka yleens\u00e4 j\u00e4rjestet\u00e4\u00e4n online-koulutuksina eli webinaareina AKTIIVI -verkoston tapaamiset muut tilaisuudet, joita AKTIIVI Plus\u00a0j\u00e4rjest\u00e4\u00e4 tai joihin se osallistuu Hankkeissa syntyvi\u00e4 &hellip; <a href=\"https:\/\/blogi.eoppimispalvelut.fi\/aktiiviplus\/tapahtumat\/\">Continue reading <span class=\"meta-nav\">&rarr;<\/span><\/a><\/p>\n","protected":false},"author":6,"featured_media":0,"parent":0,"menu_order":0,"comment_status":"closed","ping_status":"open","template":"","meta":{"_monsterinsights_skip_tracking":false,"_monsterinsights_sitenote_active":false,"_monsterinsights_sitenote_note":"","_monsterinsights_sitenote_category":0,"footnotes":""},"class_list":["post-110","page","type-page","status-publish","hentry"],"_links":{"self":[{"href":"https:\/\/blogi.eoppimispalvelut.fi\/aktiiviplus\/wp-json\/wp\/v2\/pages\/110","targetHints":{"allow":["GET"]}}],"collection":[{"href":"https:\/\/blogi.eoppimispalvelut.fi\/aktiiviplus\/wp-json\/wp\/v2\/pages"}],"about":[{"href":"https:\/\/blogi.eoppimispalvelut.fi\/aktiiviplus\/wp-json\/wp\/v2\/types\/page"}],"author":[{"embeddable":true,"href":"https:\/\/blogi.eoppimispalvelut.fi\/aktiiviplus\/wp-json\/wp\/v2\/users\/6"}],"replies":[{"embeddable":true,"href":"https:\/\/blogi.eoppimispalvelut.fi\/aktiiviplus\/wp-json\/wp\/v2\/comments?post=110"}],"version-history":[{"count":16,"href":"https:\/\/blogi.eoppimispalvelut.fi\/aktiiviplus\/wp-json\/wp\/v2\/pages\/110\/revisions"}],"predecessor-version":[{"id":2283,"href":"https:\/\/blogi.eoppimispalvelut.fi\/aktiiviplus\/wp-json\/wp\/v2\/pages\/110\/revisions\/2283"}],"wp:attachment":[{"href":"https:\/\/blogi.eoppimispalvelut.fi\/aktiiviplus\/wp-json\/wp\/v2\/media?parent=110"}],"curies":[{"name":"wp","href":"https:\/\/api.w.org\/{rel}","templated":true}]}}