{"id":121,"date":"2013-02-07T14:18:55","date_gmt":"2013-02-07T12:18:55","guid":{"rendered":"https:\/\/blogi.eoppimispalvelut.fi\/aktiiviplus\/?page_id=121"},"modified":"2015-06-02T10:54:05","modified_gmt":"2015-06-02T07:54:05","slug":"julkaisut","status":"publish","type":"page","link":"https:\/\/blogi.eoppimispalvelut.fi\/aktiiviplus\/julkaisut\/","title":{"rendered":"Julkaisut"},"content":{"rendered":"<p><strong>Breaking the Ice &#8211; Verkostotoimijan kokemuksia<br \/>\n<\/strong>K\u00e4sikirja kuvaa lyhyesti verkostotoiminnan ja verkostotoimijan mahdollisuuksia sek\u00e4 haasteita.<br \/>\n<a href=\"https:\/\/publications.theseus.fi\/bitstream\/handle\/10024\/89150\/Aktiivi_Verkostotoimijan_kokemuksia_ekirja_2015.pdf?sequence=1\" target=\"_blank\">Linkki julkaisuun<\/a><\/p>\n<p><a href=\"https:\/\/publications.theseus.fi\/bitstream\/handle\/10024\/89150\/Aktiivi_Verkostotoimijan_kokemuksia_ekirja_2015.pdf?sequence=1\"><img loading=\"lazy\" decoding=\"async\" class=\"alignnone  wp-image-2441\" src=\"https:\/\/blogi.eoppimispalvelut.fi\/aktiiviplus\/files\/2015\/04\/Verkostotoimijan_kokemuksia_Page_01-580x836.jpg\" alt=\"Verkostotoimijan_kokemuksia_Page_01\" width=\"177\" height=\"255\" srcset=\"https:\/\/blogi.eoppimispalvelut.fi\/aktiiviplus\/files\/2015\/04\/Verkostotoimijan_kokemuksia_Page_01-580x836.jpg 580w, https:\/\/blogi.eoppimispalvelut.fi\/aktiiviplus\/files\/2015\/04\/Verkostotoimijan_kokemuksia_Page_01.jpg 678w\" sizes=\"auto, (max-width: 177px) 100vw, 177px\" \/><\/a><\/p>\n<p>&nbsp;<\/p>\n<p><strong>Avoimet oppimisymp\u00e4rist\u00f6t tulevaisuuden suunnann\u00e4ytt\u00e4jin\u00e4<\/strong><br \/>\nMit\u00e4 ennakointi on ja kuinka se kuuluu kehitt\u00e4mishankkeiden toimintaan?<br \/>\nAvointen oppimisymp\u00e4rist\u00f6jen ja aktiivisen kansalaisuuden tulevaisuuden n\u00e4kymi\u00e4.<br \/>\n<a href=\"http:\/\/issuu.com\/lapinamk\/docs\/kirsi_saloniemi_aktiiviplus_b_3_201\" target=\"_blank\">Linkki julkaisuun<\/a><\/p>\n<p><a href=\"http:\/\/issuu.com\/lapinamk\/docs\/kirsi_saloniemi_aktiiviplus_b_3_201\"><img loading=\"lazy\" decoding=\"async\" class=\"alignnone  wp-image-2410\" src=\"https:\/\/blogi.eoppimispalvelut.fi\/aktiiviplus\/files\/2015\/03\/Ennakointikansi.jpg\" alt=\"Avoimet oppimisymp\u00e4rist\u00f6t tulevaisuuden suunnann\u00e4ytt\u00e4jin\u00e4\" width=\"180\" height=\"256\" \/><\/a><\/p>\n<p>&nbsp;<\/p>\n<p><strong>Joustavista verkostoista WhatsAppiin<br \/>\n<\/strong>Asiantuntijapuheenvuoroja avoimista oppimisymp\u00e4rist\u00f6ist\u00e4 ja k\u00e4yt\u00e4nn\u00f6n menetelmi\u00e4 verkkoty\u00f6skentelyyn. <a href=\"https:\/\/blogi.eoppimispalvelut.fi\/aktiiviplus\/online_kasikirja\/\" target=\"_blank\">Linkki julkaisuun<\/a><\/p>\n<p><strong>Matkaraportti Piilaakso &#8211; San Francisco<\/strong>.<br \/>\nAKTIIVI Plus -tiimi tutustui aktiivisen kansalaisuuden ja uusien oppimisymp\u00e4rist\u00f6jen mahdollisuuksiin Piilaaksossa. Linkki: <a href=\"https:\/\/blogi.eoppimispalvelut.fi\/aktiiviplus\/files\/2014\/11\/aktiivi_usa_matkaraportti.pdf\" target=\"_blank\">pdf<\/a>\/<a href=\"https:\/\/www.dropbox.com\/s\/odqfbfqejiryyib\/aktiivi_usa_matkaraportti.ibooks?dl=0\" target=\"_blank\">iBooks<\/a><\/p>\n<p><a href=\"https:\/\/blogi.eoppimispalvelut.fi\/aktiiviplus\/files\/2014\/11\/aktiivi_usa_matkaraportti.pdf\" target=\"_blank\"><img loading=\"lazy\" decoding=\"async\" class=\"alignnone  wp-image-2214\" src=\"https:\/\/blogi.eoppimispalvelut.fi\/aktiiviplus\/files\/2014\/11\/piilakso_raportti.jpg\" alt=\"piilakso_raportti\" width=\"175\" height=\"263\" \/><\/a><\/p>\n<p>&nbsp;<\/p>\n<p><strong>Apuja aktiivisuuteen, v\u00e4lineit\u00e4 verkostoihin<br \/>\n<\/strong><a href=\"http:\/\/urn.fi\/URN:ISBN:978-951-784-563-2\" target=\"_blank\">T\u00e4ss\u00e4 linkiss\u00e4 <\/a>on\u00a0 monipuolinen julkaisu, joka esittelee Avoimissa oppimisymp\u00e4rist\u00f6iss\u00e4 aktiiviseksi kansalaiseksi -kehitt\u00e4misohjelmassa mukana olevien hankkeiden hyvi\u00e4 ja lupaavia k\u00e4yt\u00e4nt\u00f6j\u00e4 sek\u00e4 aihealueeseen liittyvi\u00e4 erityisteemoja. Julkaisun nimi on <strong>Apuja aktiivisuuteen, v\u00e4lineit\u00e4 verkostoihin<\/strong>, ja toimittajina Mika Sihvonen ja Kirsi Saloniemi.<br \/>\n<a href=\"http:\/\/portal.hamk.fi\/portal\/page\/portal\/HAMKJulkisetDokumentit\/Yleisopalvelut\/Julkaisupalvelut\/Kirjat\/Tutkimus-%20ja%20kehitysty%C3%B6\/Aktiivi_2011_e.pdf\" target=\"_blank\" rel=\"attachment wp-att-166\"><img loading=\"lazy\" decoding=\"async\" class=\"alignleft size-full wp-image-166\" src=\"https:\/\/blogi.eoppimispalvelut.fi\/aktiiviplus\/files\/2013\/02\/kirsin_ja_mikan_kirja.jpg\" alt=\"kirsin_ja_mikan_kirja\" width=\"200\" height=\"281\" \/><\/a><\/p>\n<p>&nbsp;<\/p>\n<p>&nbsp;<\/p>\n<p>&nbsp;<\/p>\n<p>&nbsp;<\/p>\n<p>&nbsp;<\/p>\n<p>&nbsp;<\/p>\n<p>&nbsp;<\/p>\n<p><strong>Aktiivinen kansalaisuus ja avoimet oppimisymp\u00e4rist\u00f6t tulevaisuudessa<\/strong><br \/>\n<a href=\"http:\/\/urn.fi\/URN:ISBN:978-952-5897-12-8\" target=\"_blank\">T\u00e4st\u00e4 linkist\u00e4<\/a> l\u00f6ytyy Kirsi Saloniemen kes\u00e4kuussa 2011 julkaistu ennakointiraportti.<\/p>\n<p><a href=\"http:\/\/urn.fi\/URN:ISBN:978-952-5897-12-8\" target=\"_blank\" rel=\"attachment wp-att-172\"><img loading=\"lazy\" decoding=\"async\" class=\"alignleft size-full wp-image-172\" src=\"https:\/\/blogi.eoppimispalvelut.fi\/aktiiviplus\/files\/2013\/02\/kirsinkirja.jpg\" alt=\"kirsinkirja\" width=\"197\" height=\"281\" \/><\/a><\/p>\n<p>&nbsp;<\/p>\n<p>&nbsp;<\/p>\n<p>&nbsp;<\/p>\n<p>&nbsp;<\/p>\n<p>&nbsp;<\/p>\n<p>&nbsp;<\/p>\n<p>&nbsp;<\/p>\n<p><strong>Asiantuntijakatsauksia<\/strong><\/p>\n<p><strong><a href=\"https:\/\/blogi.eoppimispalvelut.fi\/aktiiviplus\/files\/2015\/03\/Osallisuudesta-ja-osallistamisesta.pdf\" target=\"_blank\">Osallisuudesta ja osallistamisesta<\/a><\/strong><br \/>\nMaarit M\u00e4kinen<\/p>\n<p><strong><a href=\"https:\/\/blogi.eoppimispalvelut.fi\/aktiiviplus\/files\/2015\/03\/Avoimissa-oppimisymp\u00e4rist\u00f6iss\u00e4-aktiiviseksi-kansalaiseksi-\u2013kehitt\u00e4misohjelman-hanketoiminnan-verkkon\u00e4kyvyys.pdf\" target=\"_blank\">Avoimissa oppimisymp\u00e4rist\u00f6iss\u00e4 aktiiviseksi kansalaiseksi \u2013kehitt\u00e4misohjelman hanketoiminnan verkkon\u00e4kyvyys<br \/>\n<\/a><\/strong>Johanna Sommers-Piiroinen<\/p>\n<p><strong><a href=\"https:\/\/blogi.eoppimispalvelut.fi\/aktiiviplus\/files\/2015\/04\/Julkiset-tilat-oppimisymp\u00e4rist\u00f6in\u00e4.pdf\">Julkiset tilat oppimisymp\u00e4rist\u00f6in\u00e4<\/a><\/strong><br \/>\nErika Tanhua-Piiroinen<\/p>\n<p><strong><a href=\"https:\/\/blogi.eoppimispalvelut.fi\/aktiiviplus\/files\/2015\/04\/Moderni-aktiivinen-kansalainen.pdf\">Moderni aktiivinen kansalainen<\/a><\/strong><br \/>\nMiikka M. Sipil\u00e4<\/p>\n<p><strong>Artikkelit<\/strong><\/p>\n<p>Sihvonen M. &amp; Sipil\u00e4 M. (2013). <strong>Formaali tieto oppimisverkoston sosiaali<\/strong><strong>sen p\u00e4\u00e4oman kasvattamisen haasteena<\/strong>. Teoksessa Viteli Jarmo, \u00d6stman Anneli (toim.) Tuovi 11: Interaktiivinen tekniikka koulutuksessa 2013-konferenssin tutkijatapaamisen artikkelit. Tampere: Tampereen yliopisto, TRIM, 50-54. (TRIM Research Reports 9). <a href=\"http:\/\/tampub.uta.fi\/handle\/10024\/68230\" target=\"_blank\">Linkki<\/a><\/p>\n<p>Sihvonen M. &amp; Sipil\u00e4 M. (2012). <strong>Sosiaalinen media ja perinteiset viestint\u00e4v\u00e4lineet osana hankeverkoston oppimisprosessia<\/strong>. Teoksessa Viteli Jarmo, \u00d6stman Anneli (toim.) Tuovi 10: Interaktiivinen tekniikka koulutuksessa 2012-konferenssin tutkijatapaamisen artikkelit. Tampere: Tampereen yliopisto, TRIM, 58-63. (TRIM Research Reports 8). <a href=\"http:\/\/tampub.uta.fi\/handle\/10024\/66310\" target=\"_blank\">Linkki<\/a><\/p>\n<p>Toivonen, M. &amp; Vainio, L. (2012). <strong>AKTIIVI-ohjelma on alkanut tuotteistaa hanketuloksia.<\/strong> SeOppi -lehti 2\/2012. Suomen eOppimiskeskus ry. <a href=\"http:\/\/www.slideshare.net\/eOppimiskeskus\/seoppi-22012\" target=\"_blank\">Linkki<\/a><\/p>\n<p>Toivonen, M. &amp; Vainio, L. (2012). <strong>The AKTIIVI Programme is now productising projects&#8217; outputs<\/strong>. SeOppi Magazine 3\/2012. The Association of Finnish eLearning Centre. <a href=\"http:\/\/www.slideshare.net\/eOppimiskeskus\/seoppi-magazine-32012\" target=\"_blank\">Linkki<\/a><\/p>\n<p>Sihvonen, M. (2011). <strong>Tieto- ja viestint\u00e4teknologian omaksuminen koordinaatiohankkeessa<\/strong>. Teoksessa Viteli Jarmo &amp; \u00d6stman Anneli (toim.), Tuovi 9 : Interaktiivinen tekniikka koulutuksessa 2011 -konferenssin tutkijatapaamisen artikkelit. Tampere 2011. <a href=\"http:\/\/tampub.uta.fi\/handle\/10024\/65655\" target=\"_blank\">Linkki<\/a><\/p>\n<p>Saloniemi, K. (2011). <strong>Lukeekohan t\u00e4t\u00e4 kukaan? Blogi oman oppimisprosessin tukena<\/strong>. Teoksessa Kalalahti, J. (toim.) Tarinoita blogien k\u00e4yt\u00f6st\u00e4. TRIM Research Notes 4. <a href=\"http:\/\/tampub.uta.fi\/bitstream\/handle\/10024\/65598\/tarinoita_blogien_kaytosta_2011.pdf?sequence=1\" target=\"_blank\">Linkki<\/a><\/p>\n<p>Vainio, L., Saloniemi, K. &amp; Sihvonen, M. (2011). <strong>AKTIIVI -kehitt\u00e4misohjelma: Digitaalinen ekosysteemi &#8211; yhteinen ajatusmalli koko toiminnalle<\/strong>. SeOppi 02\/2011. Suomen eOppimiskeskus. <a href=\"http:\/\/www.eoppimiskeskus.fi\/images\/stories\/SeOppi\/lehdet\/seoppi_FI_2_2011.pdf\" target=\"_blank\">Linkki <\/a><\/p>\n<p>Vainio, L., Saloniemi, K. &amp; Sihvonen, M. (2011). <strong>AKTIIVI Development Programme: A Digital Ecosystem &#8211; A Common Operational Scheme<\/strong>. SeOppi 03\/2011. Suomen eOppimiskeskus. <a href=\"http:\/\/www.eoppimiskeskus.fi\/images\/stories\/SeOppi\/lehdet\/seoppi_ENG_3_2011.pdf\" target=\"_blank\">Linkki<\/a><\/p>\n<p>Hynn\u00e4, N. &amp; Sihvonen, M. (2010). <strong>Hyv\u00e4t k\u00e4yt\u00e4nn\u00f6t ja verkostohankkeissa oppiminen<\/strong>. Teoksessa J.Viteli &amp; A.\u00d6stman (toim.) Tuovi 8: Interaktiivinen tekniikka koulutuksessa 2010 -konferenssin tutkijatapaamisen artikkelit. TRIM Research Reports 1. Tampere University Press. <a href=\"http:\/\/tampub.uta.fi\/handle\/10024\/65654\" target=\"_blank\">Linkki<\/a><\/p>\n<p>Sihvonen, M., Syv\u00e4nen, A. &amp; Vainio, L. (2009). <strong>Vertaistuotanto ja hyv\u00e4t k\u00e4yt\u00e4nn\u00f6t avoimen verkkoymp\u00e4rist\u00f6n tukemassa verkostotoiminnassa.<\/strong> Teoksessa J.Viteli &amp; A.\u00d6stman (toim.) Tuovi 7: Interaktiivinen tekniikka koulutuksessa 2009 -konferenssin tutkijatapaamisen artikkelit. Interaktiivisen median tutkimuksia &#8211; Research of Interactive Media 2. Tampere University Press. <a href=\"http:\/\/tampub.uta.fi\/bitstream\/handle\/10024\/65653\/978-951-44-7788-1.pdf?sequence=1\">Linkki<\/a><\/p>\n<p>Sihvonen, M. &amp; Vainio, L. (2009). <strong>V\u00e4litt\u00e4j\u00e4n\u00e4 avoimissa oppimisymp\u00e4rist\u00f6iss\u00e4<\/strong>. SeOppi-lehti 3\/2009. Suomen eOppimiskeskus. <a href=\"http:\/\/www.eoppimiskeskus.fi\/images\/stories\/SeOppi\/lehdet\/seoppi%2003-09.pdf\" target=\"_blank\">Linkki<\/a><\/p>\n<p>Sihvonen, M. &amp; Vainio, L. (2009). <strong>Brokering in open learning environments<\/strong>. SeOppi Magazine 2\/2009. The Association of Finnish eLearning Centre. <a href=\"http:\/\/www.eoppimiskeskus.fi\/images\/stories\/SeOppi\/lehdet\/seoppi%2002-09eng.pdf\" target=\"_blank\">Linkki<\/a><\/p>\n<p><strong>Seminaari- ja konferenssiesitykset sek\u00e4 annetut haastattelut<\/strong><\/p>\n<p>Sihvonen, M. &amp; Sipil\u00e4, M. (2014). <strong>User-Based Open Knowledge Increasing E-Democracy in Finland.<\/strong> Short paper. Teoksessa Parycek, P. &amp; Edelmann, N. (toim.) Proceedings of the International Conference for E-Democracy and Open Government 2014.<\/p>\n<p>Sihvonen, M. &amp; Sipil\u00e4, M. (2014). <strong>Small Projects as Winners in<\/strong> <strong>Organizational Learning Network.<\/strong> Short paper. Teoksessa Bayne S, Jones C, de Laat M, Ryberg T &amp; Sinclair C.\u00a0 (toim.) Proceedings of the 9th International Conference on Networked Learning 2014.<\/p>\n<p>Lappalainen, Y. &amp; Sihvonen, M. (2014). <strong>Avoimuus\u00a0 oppimisverkostoissa.<\/strong>\u00a0 Konferenssiesitys. ITK-tutkijatapaaminen 2014. H\u00e4meenlinna. 9.4.2014.<\/p>\n<p>Hirvensalo, V. &amp; Sihvonen, M. (2014). <strong>Tablet Computer Applications in Learning Skills for Active Citizenship.<\/strong> Teoksessa Proceedings of World Conference on Educational Multimedia, Hypermedia and Telecommunications 2014 (637-646). Chesapeake, VA: AACE.<\/p>\n<p>Sihvonen, M. &amp; Sipil\u00e4, M. (2013). <strong>Verkkoviestinn\u00e4n monet ulottuvuudet kehitt\u00e4mishankkeiden toiminnassa<\/strong>. Konferenssiesitys. Sosiologip\u00e4iv\u00e4t 2013 &#8211; Odottamattomat seuraukset 21.3.2013, Turku.<\/p>\n<p>Sihvonen, M. &amp; Sipil\u00e4, M. (2013). <strong>Social Media Supporting Project Communication in Distributed Learning Organization<\/strong>. Paper presentation. eChallenges e-2013 Conference, 10th October 2013, Dublin, Ireland.<\/p>\n<p>Kalalahti, J. &amp; Sihvonen, M. (2012). <strong>Selection and adoption of communication technology in a distributed network<\/strong>. Teoksessa Hodgson, V., Jones, C., de Laat, M., McConnell, D., Ryberg, T. &amp; Sloep, P. (toim.) Proceedings of the Eighth International Conference on Networked Learning 2012, 2nd, 3rd, 4th April, 2012, Maastricht School of Management, Maastricht, The Netherlands<\/p>\n<p>Sihvonen, M. (2012). <strong>Promoting openness in the project network<\/strong>. Pecha Kucha presentation. Open Learning track on Thursday, the 20th of September 2012. Ok Festival, Helsinki.<\/p>\n<p>Sihvonen, M. (2012). <strong>Avoimissa verkostoissa voimaa -seminaariesitys<\/strong>. Moniaistinen tila menetelm\u00e4n\u00e4 -verkostoitumisseminaari 6.11.2012. Laurea, Vantaa.<\/p>\n<p>Sihvonen, M., Kalalahti, J., Hynn\u00e4, J., Haasio, A., Kivel\u00e4, S., Rohkimainen, S. ja Tornberg, l. (2011). <strong>Osallistavia oppimisymp\u00e4rist\u00f6j\u00e4 verkostoitumalla ja yhteisty\u00f6ll\u00e4<\/strong>. Teemaseminaari-esitys. Interaktiivinen tekniikka koulutuksessa -konferenssi, H\u00e4meenlinna, 7.4.2011.<\/p>\n<p><strong>Aktiivinen kansalainen ei tipu tietoyhteiskunnan kyydist\u00e4<\/strong>. Haastattelu. Aikalainen 7\/2010. <a href=\"http:\/\/aikalainen.uta.fi\/2010\/04\/19\/aktiivinen-kansalainen-ei-tipu-tietoyhteiskunnan-kyydista-2\/#more-2111 English translation: http:\/\/researchandstudy.uta.fi\/2010\/06\/18\/an-active-member-of-society-keeps-up-with-the-information-society\/\" target=\"_blank\">Linkki <\/a><\/p>\n<p>Kivel\u00e4, S., Sihvonen, M., Vainio, L. &amp; Viher\u00e4, M.-L. (2010). <strong>Yhteis\u00f6t oppijoina &#8211; verkostomaisuus haasteena<\/strong>. Teemaseminaari-esitys. Interaktiivinen tekniikka koulutuksessa -konferenssi, H\u00e4meenlinna, 22.4.2010.<\/p>\n<p>Vainio, L. &amp; Sihvonen, M. (2010). <strong>Brokering in open learning environments<\/strong>. Presentation in eChallenges e-2010 Conference, Warsaw. 28.10.2010.<\/p>\n<p>Kivel\u00e4, S., Sihvonen, M., Vainio, L. &amp; Viher\u00e4, M.-L. (2010). <strong>Yhteis\u00f6t oppijoina &#8211; verkostomaisuus haasteena<\/strong>. Teemaseminaari-esitys. Interaktiivinen tekniikka koulutuksessa -konferenssi, H\u00e4meenlinna, 22.4.2010.<\/p>\n<p>Pruikkonen, A., Sihvonen, M. &amp; Vainio, L. (2009). <strong>Aktiivi \u2013 Avoimilla oppimisymp\u00e4rist\u00f6ill\u00e4 aktiivisiksi oppijoiksi<\/strong>. Foorumi-esitys, Interaktiivinen tekniikka koulutuksessa -konferenssi, H\u00e4meenlinna, 23.4.2009.<\/p>\n<p>Syv\u00e4nen. A., Muukkonen, J. &amp; Sihvonen, M. (2009). <strong>Are the Open Issues of Social Software-based Personal Learning Environment Practices Being Adressed?<\/strong> long paper. Sosial Media Track, Academic Mindtrek, Tampere, Finland, 30.9.2009. <a href=\"http:\/\/www.mindtrek.org\/2009\/sites\/default\/files\/MindTrek2009_as_jm_ms.pdf\" target=\"_blank\">Linkki<\/a> (ppt)<\/p>\n<p>Muukkonen, J. &amp; Sihvonen M. (2009). <strong>Towards a New Way of Developing a Networked Model of Action &#8211; Activity Theory as a Framework<\/strong>. Brief paper. E-Learn Conference. Vancouver, Canada. 28.10.2009. <a href=\"http:\/\/www.editlib.org\/view\/32909\" target=\"_blank\">Linkki <\/a><\/p>\n","protected":false},"excerpt":{"rendered":"<p>Breaking the Ice &#8211; Verkostotoimijan kokemuksia K\u00e4sikirja kuvaa lyhyesti verkostotoiminnan ja verkostotoimijan mahdollisuuksia sek\u00e4 haasteita. Linkki julkaisuun &nbsp; Avoimet oppimisymp\u00e4rist\u00f6t tulevaisuuden suunnann\u00e4ytt\u00e4jin\u00e4 Mit\u00e4 ennakointi on ja kuinka se kuuluu kehitt\u00e4mishankkeiden toimintaan? Avointen oppimisymp\u00e4rist\u00f6jen ja aktiivisen kansalaisuuden tulevaisuuden n\u00e4kymi\u00e4. Linkki julkaisuun &hellip; <a href=\"https:\/\/blogi.eoppimispalvelut.fi\/aktiiviplus\/julkaisut\/\">Continue reading <span class=\"meta-nav\">&rarr;<\/span><\/a><\/p>\n","protected":false},"author":6,"featured_media":0,"parent":0,"menu_order":0,"comment_status":"closed","ping_status":"open","template":"","meta":{"_monsterinsights_skip_tracking":false,"_monsterinsights_sitenote_active":false,"_monsterinsights_sitenote_note":"","_monsterinsights_sitenote_category":0,"footnotes":""},"class_list":["post-121","page","type-page","status-publish","hentry"],"_links":{"self":[{"href":"https:\/\/blogi.eoppimispalvelut.fi\/aktiiviplus\/wp-json\/wp\/v2\/pages\/121","targetHints":{"allow":["GET"]}}],"collection":[{"href":"https:\/\/blogi.eoppimispalvelut.fi\/aktiiviplus\/wp-json\/wp\/v2\/pages"}],"about":[{"href":"https:\/\/blogi.eoppimispalvelut.fi\/aktiiviplus\/wp-json\/wp\/v2\/types\/page"}],"author":[{"embeddable":true,"href":"https:\/\/blogi.eoppimispalvelut.fi\/aktiiviplus\/wp-json\/wp\/v2\/users\/6"}],"replies":[{"embeddable":true,"href":"https:\/\/blogi.eoppimispalvelut.fi\/aktiiviplus\/wp-json\/wp\/v2\/comments?post=121"}],"version-history":[{"count":54,"href":"https:\/\/blogi.eoppimispalvelut.fi\/aktiiviplus\/wp-json\/wp\/v2\/pages\/121\/revisions"}],"predecessor-version":[{"id":2445,"href":"https:\/\/blogi.eoppimispalvelut.fi\/aktiiviplus\/wp-json\/wp\/v2\/pages\/121\/revisions\/2445"}],"wp:attachment":[{"href":"https:\/\/blogi.eoppimispalvelut.fi\/aktiiviplus\/wp-json\/wp\/v2\/media?parent=121"}],"curies":[{"name":"wp","href":"https:\/\/api.w.org\/{rel}","templated":true}]}}