{"id":128,"date":"2013-02-07T14:24:56","date_gmt":"2013-02-07T12:24:56","guid":{"rendered":"https:\/\/blogi.eoppimispalvelut.fi\/aktiiviplus\/?page_id=128"},"modified":"2014-12-02T15:22:52","modified_gmt":"2014-12-02T13:22:52","slug":"muut-tilaisuudet","status":"publish","type":"page","link":"https:\/\/blogi.eoppimispalvelut.fi\/aktiiviplus\/muut-tilaisuudet\/","title":{"rendered":"Muut tilaisuudet"},"content":{"rendered":"<p>T\u00e4ll\u00e4 sivulla kerrotaan muista AKTIIVIn j\u00e4rjest\u00e4mist\u00e4 tilaisuuksista sek\u00e4 tilaisuuksista, joihin AKTIIVI on osallistunut.<\/p>\n<p><strong>AKTIIVI Plus -hankkeen &#8220;<strong>Tule kokemaan ja tekem\u00e4\u00e4n&#8221; -loppuseminaari<\/strong> <\/strong>Helsingiss\u00e4 19.11.2014. Tarkempia tietoja <a href=\"https:\/\/blogi.eoppimispalvelut.fi\/aktiiviplus\/tule-kokemaan-ja-tekemaan-loppuseminaari\/\" target=\"_blank\">t\u00e4st\u00e4 linkist\u00e4<\/a><\/p>\n<p><a href=\"http:\/\/avoinsuomi2014.fi\/\" target=\"_blank\">Avoin Suomi 2014 15.-16.9.2014<\/a><\/p>\n<p><a href=\"http:\/\/www.kuntamarkkinat.fi\/\" target=\"_blank\">Kuntamarkkinat 10.-11.9.2014<\/a><\/p>\n<p>EdMedia 2014 j\u00e4rjestettiin Tampereella 23.-26. kes\u00e4kuuta. AKTIIVI oli konferenssissa mukana omalla st\u00e4ndill\u00e4. Blogikirjoituksia konferenssista: <a href=\"https:\/\/blogi.eoppimispalvelut.fi\/aktiiviplus\/aktiivi-plus-connecting-networks\/\" target=\"_blank\">AKTIIVI Plus Connecting Networks<\/a>, <a href=\"https:\/\/blogi.eoppimispalvelut.fi\/aktiiviplus\/terveiset-edmedia-konferenssista\/\" target=\"_blank\">Terveiset EdMedia-konferenssista<\/a>, <a href=\"https:\/\/blogi.eoppimispalvelut.fi\/aktiiviplus\/thank-you-all-on-edmedia-2014\/\" target=\"_blank\">Thank you all at EdMedia 2014!<\/a><\/p>\n<p>AKTIIVI Plus osallistui <a href=\"http:\/\/www.mobiilikesakoulu.com\/\" target=\"_blank\"><strong>Mobiilikes\u00e4kouluun<\/strong> <\/a>21.-22.5.2014. Mobiilikes\u00e4koulun yhteydess\u00e4 20.5. j\u00e4rjestettiin Mustialassa my\u00f6s AKTIIVI-hankeverkoston tapaaminen.<\/p>\n<p><strong><a href=\"http:\/\/www.itk.fi\/2014\/\" target=\"_blank\">ITK2014<\/a> &#8211; Pedagogiikka palaa<\/strong>! AKTIIVI Plus -verkosto oli j\u00e4lleen esill\u00e4 ITK-torilla aiheena: Tartu tekemiseen -kehitt\u00e4mishankkeiden yhteistori.<\/p>\n<p><strong>Tuumasta toimeen -seminaari <\/strong>24.10.2013 Helsingiss\u00e4<br \/>\nParhaat k\u00e4yt\u00e4nn\u00f6t ja tulokset avoimista oppimisymp\u00e4rist\u00f6ist\u00e4 ja kansalaisten aktivoimisesta.<a href=\"https:\/\/blogi.eoppimispalvelut.fi\/aktiiviplus\/tuumasta-toimeen-seminaarin-anti\/\" target=\"_blank\"> Seminaarin ohjelma ja materiaalit<\/a><\/p>\n<p><strong>Kuntamarkkinat<\/strong><br \/>\nSyksyll\u00e4 2013 osallistuimme <strong><a href=\"http:\/\/mcampus.us6.list-manage.com\/track\/click?u=f9e7bb12e2150ccbc92d05133&amp;id=b4a503f53f&amp;e=20975ea26a\" target=\"_blank\">Kuntamarkkinoille 11.-12.9.2013<\/a><\/strong> Helsingiss\u00e4. Esittelimme <strong>AKTIIVI-hankkeen<\/strong> ja hankeverkoston hyvi\u00e4 k\u00e4yt\u00e4nt\u00f6j\u00e4, tuloksia ja esimerkkej\u00e4.<\/p>\n<p><strong>AKTIIVI Plus -verkosto esill\u00e4 torilla <a href=\"http:\/\/www.itk.fi\/2013\/\" target=\"_blank\">ITK-konferenssissa<\/a> <\/strong>Aulangolla 10.-12.4.2013\u00a0 Toripaikallamme esiteltiin kaikkien AKTIIVI-verkoston hankkeiden tuotoksia.<\/p>\n<p>Aiempina vuosina olemme j\u00e4rjest\u00e4neet ja osallistuneet mm. seuraaviin tilaisuuksiin:<\/p>\n<ul>\n<li>Tanssii parhaiden projektituotteiden kanssa -tori ITK-konferenssissa 19.-20.4.2012<\/li>\n<li>15.11.2011 Roadshow-tilaisuus Oulussa otsikolla otsikolla &#8220;Niin mMets\u00e4 vastaa kuin sinne huudetaan -Vertaisvoimaa verkostoituneessa tietoyhteiskunnassa&#8221;<\/li>\n<li>7.-8.4.2011 Aktiiviset treffit ITK-konferenssissa<\/li>\n<li>9.3.2011 Roadshow tilaisuus Tampereella otsikolla &#8220;Soolosta sinfoniaan, liitutaulusta tablettiin \u2013 tulevaisuuden oppimisymp\u00e4rist\u00f6t&#8221;<\/li>\n<li>4.-5.11.2010 Sadonkorjuuseminaari (OKM), Helsinki<\/li>\n<li>24.9.2010 Avoimissa oppimisymp\u00e4rist\u00f6iss\u00e4 aktiiviseksi kansalaiseksi -seminaari, Helsinki<\/li>\n<li>10.5.2010 Vaikuta ja valloita verkostoissa -roadshow, H\u00e4meenlinna<\/li>\n<li>23.-24.4.2009 projektit esill\u00e4 ITK Avoimet sis\u00e4ll\u00f6t -torilla H\u00e4meenlinnassa<\/li>\n<\/ul>\n","protected":false},"excerpt":{"rendered":"<p>T\u00e4ll\u00e4 sivulla kerrotaan muista AKTIIVIn j\u00e4rjest\u00e4mist\u00e4 tilaisuuksista sek\u00e4 tilaisuuksista, joihin AKTIIVI on osallistunut. AKTIIVI Plus -hankkeen &#8220;Tule kokemaan ja tekem\u00e4\u00e4n&#8221; -loppuseminaari Helsingiss\u00e4 19.11.2014. Tarkempia tietoja t\u00e4st\u00e4 linkist\u00e4 Avoin Suomi 2014 15.-16.9.2014 Kuntamarkkinat 10.-11.9.2014 EdMedia 2014 j\u00e4rjestettiin Tampereella 23.-26. kes\u00e4kuuta. AKTIIVI &hellip; <a href=\"https:\/\/blogi.eoppimispalvelut.fi\/aktiiviplus\/muut-tilaisuudet\/\">Continue reading <span class=\"meta-nav\">&rarr;<\/span><\/a><\/p>\n","protected":false},"author":6,"featured_media":0,"parent":0,"menu_order":0,"comment_status":"closed","ping_status":"open","template":"","meta":{"_monsterinsights_skip_tracking":false,"_monsterinsights_sitenote_active":false,"_monsterinsights_sitenote_note":"","_monsterinsights_sitenote_category":0,"footnotes":""},"class_list":["post-128","page","type-page","status-publish","hentry"],"_links":{"self":[{"href":"https:\/\/blogi.eoppimispalvelut.fi\/aktiiviplus\/wp-json\/wp\/v2\/pages\/128","targetHints":{"allow":["GET"]}}],"collection":[{"href":"https:\/\/blogi.eoppimispalvelut.fi\/aktiiviplus\/wp-json\/wp\/v2\/pages"}],"about":[{"href":"https:\/\/blogi.eoppimispalvelut.fi\/aktiiviplus\/wp-json\/wp\/v2\/types\/page"}],"author":[{"embeddable":true,"href":"https:\/\/blogi.eoppimispalvelut.fi\/aktiiviplus\/wp-json\/wp\/v2\/users\/6"}],"replies":[{"embeddable":true,"href":"https:\/\/blogi.eoppimispalvelut.fi\/aktiiviplus\/wp-json\/wp\/v2\/comments?post=128"}],"version-history":[{"count":52,"href":"https:\/\/blogi.eoppimispalvelut.fi\/aktiiviplus\/wp-json\/wp\/v2\/pages\/128\/revisions"}],"predecessor-version":[{"id":2282,"href":"https:\/\/blogi.eoppimispalvelut.fi\/aktiiviplus\/wp-json\/wp\/v2\/pages\/128\/revisions\/2282"}],"wp:attachment":[{"href":"https:\/\/blogi.eoppimispalvelut.fi\/aktiiviplus\/wp-json\/wp\/v2\/media?parent=128"}],"curies":[{"name":"wp","href":"https:\/\/api.w.org\/{rel}","templated":true}]}}