{"id":133,"date":"2013-02-07T14:27:44","date_gmt":"2013-02-07T12:27:44","guid":{"rendered":"https:\/\/blogi.eoppimispalvelut.fi\/aktiiviplus\/?page_id=133"},"modified":"2013-03-28T11:43:20","modified_gmt":"2013-03-28T09:43:20","slug":"kehittamisteemat","status":"publish","type":"page","link":"https:\/\/blogi.eoppimispalvelut.fi\/aktiiviplus\/kehittamisteemat\/","title":{"rendered":"Kehitt\u00e4misteemat"},"content":{"rendered":"<p>AKTIIVI Plus -koordinaatiohankkeessa kehitet\u00e4\u00e4n mm. seuraavia asioita:<\/p>\n<ul>\n<li>Hankkeiden itsearviointia<\/li>\n<li>Omien hyvien ja lupaavien k\u00e4yt\u00e4nt\u00f6jen ja tuotteiden tekemist\u00e4 &#8220;tuotteeksi&#8221; eli tuotteistamista sek\u00e4 n\u00e4iden syntyneiden tuotteiden levitt\u00e4mist\u00e4 ja muiden kehitt\u00e4mien k\u00e4yt\u00e4nt\u00f6jen ja tuotteiden ottamista omaan k\u00e4ytt\u00f6\u00f6n<\/li>\n<li>Kuntayhteisty\u00f6ss\u00e4 hyvi\u00e4 k\u00e4yt\u00e4nt\u00f6j\u00e4 levitet\u00e4\u00e4n kuntiin ja n\u00e4in edesautetaan aktiivista kansalaisuutta<\/li>\n<li>Hankkeessa ennakoidaan tulevaisuutta: Millaisia ovat tulevaisuuden avoimet oppimisymp\u00e4rist\u00f6t? Millaisia tietoja ja taitoja aktiivinen kansalainen tarvitsee tulevaisuudessa?<\/li>\n<li>Tutkimus kulkee hankkeessa koko ajan rinnalla<\/li>\n<\/ul>\n<p>&nbsp;<\/p>\n","protected":false},"excerpt":{"rendered":"<p>AKTIIVI Plus -koordinaatiohankkeessa kehitet\u00e4\u00e4n mm. seuraavia asioita: Hankkeiden itsearviointia Omien hyvien ja lupaavien k\u00e4yt\u00e4nt\u00f6jen ja tuotteiden tekemist\u00e4 &#8220;tuotteeksi&#8221; eli tuotteistamista sek\u00e4 n\u00e4iden syntyneiden tuotteiden levitt\u00e4mist\u00e4 ja muiden kehitt\u00e4mien k\u00e4yt\u00e4nt\u00f6jen ja tuotteiden ottamista omaan k\u00e4ytt\u00f6\u00f6n Kuntayhteisty\u00f6ss\u00e4 hyvi\u00e4 k\u00e4yt\u00e4nt\u00f6j\u00e4 levitet\u00e4\u00e4n kuntiin ja &hellip; <a href=\"https:\/\/blogi.eoppimispalvelut.fi\/aktiiviplus\/kehittamisteemat\/\">Continue reading <span class=\"meta-nav\">&rarr;<\/span><\/a><\/p>\n","protected":false},"author":6,"featured_media":0,"parent":0,"menu_order":0,"comment_status":"closed","ping_status":"open","template":"","meta":{"_monsterinsights_skip_tracking":false,"_monsterinsights_sitenote_active":false,"_monsterinsights_sitenote_note":"","_monsterinsights_sitenote_category":0,"footnotes":""},"class_list":["post-133","page","type-page","status-publish","hentry"],"_links":{"self":[{"href":"https:\/\/blogi.eoppimispalvelut.fi\/aktiiviplus\/wp-json\/wp\/v2\/pages\/133","targetHints":{"allow":["GET"]}}],"collection":[{"href":"https:\/\/blogi.eoppimispalvelut.fi\/aktiiviplus\/wp-json\/wp\/v2\/pages"}],"about":[{"href":"https:\/\/blogi.eoppimispalvelut.fi\/aktiiviplus\/wp-json\/wp\/v2\/types\/page"}],"author":[{"embeddable":true,"href":"https:\/\/blogi.eoppimispalvelut.fi\/aktiiviplus\/wp-json\/wp\/v2\/users\/6"}],"replies":[{"embeddable":true,"href":"https:\/\/blogi.eoppimispalvelut.fi\/aktiiviplus\/wp-json\/wp\/v2\/comments?post=133"}],"version-history":[{"count":4,"href":"https:\/\/blogi.eoppimispalvelut.fi\/aktiiviplus\/wp-json\/wp\/v2\/pages\/133\/revisions"}],"predecessor-version":[{"id":335,"href":"https:\/\/blogi.eoppimispalvelut.fi\/aktiiviplus\/wp-json\/wp\/v2\/pages\/133\/revisions\/335"}],"wp:attachment":[{"href":"https:\/\/blogi.eoppimispalvelut.fi\/aktiiviplus\/wp-json\/wp\/v2\/media?parent=133"}],"curies":[{"name":"wp","href":"https:\/\/api.w.org\/{rel}","templated":true}]}}