{"id":1338,"date":"2014-02-19T15:17:31","date_gmt":"2014-02-19T13:17:31","guid":{"rendered":"https:\/\/blogi.eoppimispalvelut.fi\/aktiiviplus\/?page_id=1338"},"modified":"2015-02-09T13:25:46","modified_gmt":"2015-02-09T11:25:46","slug":"kaynnissa-olevat-hankkeet","status":"publish","type":"page","link":"https:\/\/blogi.eoppimispalvelut.fi\/aktiiviplus\/kaynnissa-olevat-hankkeet\/","title":{"rendered":"K\u00e4ynniss\u00e4 olevat hankkeet"},"content":{"rendered":"<ul>\n<li>Aistien -avoimia oppimisymp\u00e4rist\u00f6j\u00e4 kehitt\u00e4m\u00e4ss\u00e4\n<ul>\n<li><a href=\"http:\/\/aistien.blogspot.fi\/\" target=\"_blank\">Blogi<\/a><\/li>\n<li><a href=\"http:\/\/www.laurea.fi\/fi\/aistien\/Sivut\/default.aspx\" target=\"_blank\">Hankkeen sivusto<\/a><\/li>\n<li>Hankkeessa kehitet\u00e4\u00e4n moniaistisia oppimisymp\u00e4rist\u00f6j\u00e4, joissa aisteja hy\u00f6dynnet\u00e4\u00e4n el\u00e4myksellisyyden ja oppimisen tukena.\u00a0 Visuaaliset elementit, tunnusteltavat esineet, \u00e4\u00e4net, tuoksut ja maut her\u00e4tt\u00e4v\u00e4t erilaisia muistoja ja mielleyhtymi\u00e4. El\u00e4mystilojen rakentaminen yhteis\u00f6llisesti on t\u00e4rke\u00e4 prosessi &#8211; samoin tilat el\u00e4mysten ja vuorovaikutuksen viritt\u00e4j\u00e4n\u00e4.<\/li>\n<\/ul>\n<\/li>\n<\/ul>\n<ul>\n<li>Yhteisill\u00e4 vesill\u00e4 -tiedosta toimintavalmiutta vesien hoitoon ja kunnostukseen\n<ul>\n<li><a href=\"http:\/\/yhteisillavesilla.blogspot.fi\/\" target=\"_blank\">Blogi<\/a><\/li>\n<li>Hankkeessa edistet\u00e4\u00e4n olemassa olevan vesist\u00f6tiedon n\u00e4kyvyytt\u00e4 ja k\u00e4ytt\u00f6\u00e4.<\/li>\n<\/ul>\n<\/li>\n<\/ul>\n","protected":false},"excerpt":{"rendered":"<p>Aistien -avoimia oppimisymp\u00e4rist\u00f6j\u00e4 kehitt\u00e4m\u00e4ss\u00e4 Blogi Hankkeen sivusto Hankkeessa kehitet\u00e4\u00e4n moniaistisia oppimisymp\u00e4rist\u00f6j\u00e4, joissa aisteja hy\u00f6dynnet\u00e4\u00e4n el\u00e4myksellisyyden ja oppimisen tukena.\u00a0 Visuaaliset elementit, tunnusteltavat esineet, \u00e4\u00e4net, tuoksut ja maut her\u00e4tt\u00e4v\u00e4t erilaisia muistoja ja mielleyhtymi\u00e4. El\u00e4mystilojen rakentaminen yhteis\u00f6llisesti on t\u00e4rke\u00e4 prosessi &#8211; samoin tilat &hellip; <a href=\"https:\/\/blogi.eoppimispalvelut.fi\/aktiiviplus\/kaynnissa-olevat-hankkeet\/\">Continue reading <span class=\"meta-nav\">&rarr;<\/span><\/a><\/p>\n","protected":false},"author":6,"featured_media":0,"parent":0,"menu_order":0,"comment_status":"closed","ping_status":"closed","template":"","meta":{"_monsterinsights_skip_tracking":false,"_monsterinsights_sitenote_active":false,"_monsterinsights_sitenote_note":"","_monsterinsights_sitenote_category":0,"footnotes":""},"class_list":["post-1338","page","type-page","status-publish","hentry"],"_links":{"self":[{"href":"https:\/\/blogi.eoppimispalvelut.fi\/aktiiviplus\/wp-json\/wp\/v2\/pages\/1338","targetHints":{"allow":["GET"]}}],"collection":[{"href":"https:\/\/blogi.eoppimispalvelut.fi\/aktiiviplus\/wp-json\/wp\/v2\/pages"}],"about":[{"href":"https:\/\/blogi.eoppimispalvelut.fi\/aktiiviplus\/wp-json\/wp\/v2\/types\/page"}],"author":[{"embeddable":true,"href":"https:\/\/blogi.eoppimispalvelut.fi\/aktiiviplus\/wp-json\/wp\/v2\/users\/6"}],"replies":[{"embeddable":true,"href":"https:\/\/blogi.eoppimispalvelut.fi\/aktiiviplus\/wp-json\/wp\/v2\/comments?post=1338"}],"version-history":[{"count":17,"href":"https:\/\/blogi.eoppimispalvelut.fi\/aktiiviplus\/wp-json\/wp\/v2\/pages\/1338\/revisions"}],"predecessor-version":[{"id":2380,"href":"https:\/\/blogi.eoppimispalvelut.fi\/aktiiviplus\/wp-json\/wp\/v2\/pages\/1338\/revisions\/2380"}],"wp:attachment":[{"href":"https:\/\/blogi.eoppimispalvelut.fi\/aktiiviplus\/wp-json\/wp\/v2\/media?parent=1338"}],"curies":[{"name":"wp","href":"https:\/\/api.w.org\/{rel}","templated":true}]}}