{"id":136,"date":"2013-02-07T14:28:01","date_gmt":"2013-02-07T12:28:01","guid":{"rendered":"https:\/\/blogi.eoppimispalvelut.fi\/aktiiviplus\/?page_id=136"},"modified":"2015-04-09T09:13:04","modified_gmt":"2015-04-09T06:13:04","slug":"ennakointi","status":"publish","type":"page","link":"https:\/\/blogi.eoppimispalvelut.fi\/aktiiviplus\/ennakointi\/","title":{"rendered":"Ennakointi"},"content":{"rendered":"<p>Millaisia ovat tulevaisuuden avoimet oppimisymp\u00e4rist\u00f6t? Millaisia tietoja ja taitoja aktiivinen kansalainen tarvitsee kehitt\u00e4\u00e4kseen omaa asiantuntijuuttaan tulevaisuuden avoimissa oppimisymp\u00e4rist\u00f6iss\u00e4?<\/p>\n<p>Tulevaisuuden yhteiskunta, ty\u00f6el\u00e4m\u00e4 sek\u00e4 koulutus edellytt\u00e4v\u00e4t kansalaisilta vahvaa osaamista, osallistumista, verkostoitumista sek\u00e4 oman asiantuntijuuden jatkuvaa p\u00e4ivitt\u00e4mist\u00e4, uuden oppimista. Teknologian kehittyminen luo uudenlaisia toimintaymp\u00e4rist\u00f6j\u00e4 sek\u00e4 asettaa haasteen ihmisten taidoilla toimia noissa ymp\u00e4rist\u00f6iss\u00e4.<\/p>\n<p>AKTIIVI Plus -koordinaatiohankkeen yhten\u00e4 t\u00e4rke\u00e4n\u00e4 teht\u00e4v\u00e4n\u00e4 oli koota relevanttia ennakointitietoa ja tarjota t\u00e4t\u00e4 hankkeiden ja sidosryhmien toiminnan tueksi. Hankkeessa tulevaisuutta arvioitiin mm. seuraavien teemojen kautta: yhteis\u00f6llisyyden kasvava vaatimus, ty\u00f6 avoimena jatkuvasti muuttuvana oppimisymp\u00e4rist\u00f6n\u00e4, teknologian nopea kehittyminen sek\u00e4 oppimisen ja koulutuksen muutokset.<\/p>\n<p dir=\"ltr\">Ennakointity\u00f6st\u00e4 on syntynyt hankkeessa kaksi julkaisua:<br \/>\n<a href=\"http:\/\/issuu.com\/lapinamk\/docs\/kirsi_saloniemi_aktiiviplus_b_3_201\">Avoimet oppimisymp\u00e4rist\u00f6t tulevaisuuden suunnann\u00e4ytt\u00e4jin\u00e4<\/a> (Saloniemi, K. 2014)<br \/>\n<a href=\"http:\/\/www3.tokem.fi\/kirjasto\/tiedostot\/Saloniemi_B_3_2011.pdf\" target=\"_blank\">Aktiivinen kansalaisuus ja avoimet oppimisymp\u00e4rist\u00f6t tulevaisuudessa<\/a> (Saloniemi, K. 2011).<\/p>\n<p dir=\"ltr\">Ennakointiteemaa k\u00e4siteltiin my\u00f6s mm. tuotteistamisen puitteissa. Verkostolle j\u00e4rjestettiin tuotteistamiskoulutusta eli selkeit\u00e4 ty\u00f6kaluja siihen, kuinka hankkeissa syntyneet hyv\u00e4t k\u00e4yt\u00e4nn\u00f6t saadaan muokattua selke\u00e4sti m\u00e4\u00e4ritellyiksi tuotteiksi ja palveluiksi. Jotta hankkeissa kehitetyt tuotteet todellakin j\u00e4isiv\u00e4t el\u00e4m\u00e4\u00e4n pidemm\u00e4ksikin aikaa eiv\u00e4tk\u00e4 heti vanhentuisi, tulee niiss\u00e4 huomioida tulevaisuuden muutosvoimia. T\u00e4rke\u00e4n\u00e4 perusteluna aktiivisille kansalaisille on se, mit\u00e4 hy\u00f6ty\u00e4 tuotteesta tai palvelusta on nyt ja tulevaisuudessa. T\u00e4t\u00e4 kautta voidaan palvelulle l\u00f6yt\u00e4\u00e4 my\u00f6s uusia mahdollisia k\u00e4ytt\u00e4ji\u00e4.<\/p>\n<p>Lis\u00e4tietoja AKTIIVI Plus -hankkeen ennakointity\u00f6st\u00e4 antaa Kirsi Saloniemi (etunimi.sukunimi@lapinamk.fi)<\/p>\n<p>&nbsp;<\/p>\n","protected":false},"excerpt":{"rendered":"<p>Millaisia ovat tulevaisuuden avoimet oppimisymp\u00e4rist\u00f6t? Millaisia tietoja ja taitoja aktiivinen kansalainen tarvitsee kehitt\u00e4\u00e4kseen omaa asiantuntijuuttaan tulevaisuuden avoimissa oppimisymp\u00e4rist\u00f6iss\u00e4? Tulevaisuuden yhteiskunta, ty\u00f6el\u00e4m\u00e4 sek\u00e4 koulutus edellytt\u00e4v\u00e4t kansalaisilta vahvaa osaamista, osallistumista, verkostoitumista sek\u00e4 oman asiantuntijuuden jatkuvaa p\u00e4ivitt\u00e4mist\u00e4, uuden oppimista. Teknologian kehittyminen luo uudenlaisia &hellip; <a href=\"https:\/\/blogi.eoppimispalvelut.fi\/aktiiviplus\/ennakointi\/\">Continue reading <span class=\"meta-nav\">&rarr;<\/span><\/a><\/p>\n","protected":false},"author":6,"featured_media":0,"parent":0,"menu_order":0,"comment_status":"closed","ping_status":"open","template":"","meta":{"_monsterinsights_skip_tracking":false,"_monsterinsights_sitenote_active":false,"_monsterinsights_sitenote_note":"","_monsterinsights_sitenote_category":0,"footnotes":""},"class_list":["post-136","page","type-page","status-publish","hentry"],"_links":{"self":[{"href":"https:\/\/blogi.eoppimispalvelut.fi\/aktiiviplus\/wp-json\/wp\/v2\/pages\/136","targetHints":{"allow":["GET"]}}],"collection":[{"href":"https:\/\/blogi.eoppimispalvelut.fi\/aktiiviplus\/wp-json\/wp\/v2\/pages"}],"about":[{"href":"https:\/\/blogi.eoppimispalvelut.fi\/aktiiviplus\/wp-json\/wp\/v2\/types\/page"}],"author":[{"embeddable":true,"href":"https:\/\/blogi.eoppimispalvelut.fi\/aktiiviplus\/wp-json\/wp\/v2\/users\/6"}],"replies":[{"embeddable":true,"href":"https:\/\/blogi.eoppimispalvelut.fi\/aktiiviplus\/wp-json\/wp\/v2\/comments?post=136"}],"version-history":[{"count":19,"href":"https:\/\/blogi.eoppimispalvelut.fi\/aktiiviplus\/wp-json\/wp\/v2\/pages\/136\/revisions"}],"predecessor-version":[{"id":2438,"href":"https:\/\/blogi.eoppimispalvelut.fi\/aktiiviplus\/wp-json\/wp\/v2\/pages\/136\/revisions\/2438"}],"wp:attachment":[{"href":"https:\/\/blogi.eoppimispalvelut.fi\/aktiiviplus\/wp-json\/wp\/v2\/media?parent=136"}],"curies":[{"name":"wp","href":"https:\/\/api.w.org\/{rel}","templated":true}]}}