{"id":145,"date":"2013-02-07T14:45:46","date_gmt":"2013-02-07T12:45:46","guid":{"rendered":"https:\/\/blogi.eoppimispalvelut.fi\/aktiiviplus\/?page_id=145"},"modified":"2013-04-10T10:39:40","modified_gmt":"2013-04-10T07:39:40","slug":"itsearviointi","status":"publish","type":"page","link":"https:\/\/blogi.eoppimispalvelut.fi\/aktiiviplus\/itsearviointi\/","title":{"rendered":"Itsearviointi"},"content":{"rendered":"<p>Hankkeiden toimintaa voidaan arvioida sek\u00e4 ulkopuolisin voimin ett\u00e4 itsearviointina. Kukin hanke on voinut sis\u00e4llytt\u00e4\u00e4 ulkoisen arvioinnin hankkeeseen, mik\u00e4li ovat katsoneet sen tarpeellisesi, mutta itsearviointia t\u00e4ytyisi jokaisen hanketoimijan tehd\u00e4 koko ajan.<\/p>\n<p>Itsearvioinnin tulosten hy\u00f6tyj\u00e4 ovat mm.<\/p>\n<div>\u2022Toteutettavuuden parantaminen<\/div>\n<div>\u2022Vaikutusten kest\u00e4vyyden lis\u00e4\u00e4minen<\/div>\n<div>\u2022Oman asiantuntijuuden parantaminen<\/div>\n<div>\u2022Projektinhallinnan parantaminen<\/div>\n<div>\u2022Hyvien k\u00e4yt\u00e4nt\u00f6jen tunnistaminen<\/div>\n<p>&nbsp;<\/p>\n<p>Itsearvioinnissa\u00a0arvioidaan my\u00f6s toimintaymp\u00e4rist\u00f6\u00e4 ja tavoitteena onkin kehitt\u00e4\u00e4 lis\u00e4ksi kehitt\u00e4mishankkeita monipuolisesti tukeva joustava toimintaymp\u00e4rist\u00f6. Hyvien ja lupaavien k\u00e4yt\u00e4nt\u00f6jen levitt\u00e4minen ja k\u00e4ytt\u00f6\u00f6nottaminen muun viestinn\u00e4n lis\u00e4ksi huomioidaan arviointitoiminnassa my\u00f6s.<\/p>\n<p>Mittareina arvioinnissa ovat ajalliset, m\u00e4\u00e4r\u00e4lliset ja laadulliset seikat.<\/p>\n<p>Itservioinnin tueksi hankkeissa on toteutettu arviointity\u00f6pajoja AKTIIVI Plus:n ty\u00f6ryhm\u00e4n kanssa. N\u00e4iden ty\u00f6pajojen tarkoituksena on tarkastella kriittisesti omaa toimintaa suhteessa hankesuunnitelmaan. Miss\u00e4 vaiheessa ollaan menossa, onko jokin olosuhde muuttunut niin, ett\u00e4 asioita kannattaa tehd\u00e4 eri tavalla kuin hankesuunnitelmaa kirjoitettaessa arvioitiin jne.? Itsearviointity\u00f6pajan toteutusta on kuvattu AKTIIVIN julkaisussa <a href=\"http:\/\/portal.hamk.fi\/portal\/page\/portal\/HAMKJulkisetDokumentit\/Yleisopalvelut\/Julkaisupalvelut\/Kirjat\/Tutkimus-%20ja%20kehitysty%C3%B6\/Aktiivi_2011_e.pdf\" target=\"_blank\">Apuja aktiivisuuteen, v\u00e4lineit\u00e4 verkostoihin<\/a><strong><\/strong> (s. 117). N\u00e4it\u00e4 arviointity\u00f6pajoja j\u00e4rjestet\u00e4\u00e4n edelleen.<\/p>\n","protected":false},"excerpt":{"rendered":"<p>Hankkeiden toimintaa voidaan arvioida sek\u00e4 ulkopuolisin voimin ett\u00e4 itsearviointina. Kukin hanke on voinut sis\u00e4llytt\u00e4\u00e4 ulkoisen arvioinnin hankkeeseen, mik\u00e4li ovat katsoneet sen tarpeellisesi, mutta itsearviointia t\u00e4ytyisi jokaisen hanketoimijan tehd\u00e4 koko ajan. Itsearvioinnin tulosten hy\u00f6tyj\u00e4 ovat mm. \u2022Toteutettavuuden parantaminen \u2022Vaikutusten kest\u00e4vyyden lis\u00e4\u00e4minen &hellip; <a href=\"https:\/\/blogi.eoppimispalvelut.fi\/aktiiviplus\/itsearviointi\/\">Continue reading <span class=\"meta-nav\">&rarr;<\/span><\/a><\/p>\n","protected":false},"author":6,"featured_media":0,"parent":0,"menu_order":0,"comment_status":"closed","ping_status":"open","template":"","meta":{"_monsterinsights_skip_tracking":false,"_monsterinsights_sitenote_active":false,"_monsterinsights_sitenote_note":"","_monsterinsights_sitenote_category":0,"footnotes":""},"class_list":["post-145","page","type-page","status-publish","hentry"],"_links":{"self":[{"href":"https:\/\/blogi.eoppimispalvelut.fi\/aktiiviplus\/wp-json\/wp\/v2\/pages\/145","targetHints":{"allow":["GET"]}}],"collection":[{"href":"https:\/\/blogi.eoppimispalvelut.fi\/aktiiviplus\/wp-json\/wp\/v2\/pages"}],"about":[{"href":"https:\/\/blogi.eoppimispalvelut.fi\/aktiiviplus\/wp-json\/wp\/v2\/types\/page"}],"author":[{"embeddable":true,"href":"https:\/\/blogi.eoppimispalvelut.fi\/aktiiviplus\/wp-json\/wp\/v2\/users\/6"}],"replies":[{"embeddable":true,"href":"https:\/\/blogi.eoppimispalvelut.fi\/aktiiviplus\/wp-json\/wp\/v2\/comments?post=145"}],"version-history":[{"count":8,"href":"https:\/\/blogi.eoppimispalvelut.fi\/aktiiviplus\/wp-json\/wp\/v2\/pages\/145\/revisions"}],"predecessor-version":[{"id":360,"href":"https:\/\/blogi.eoppimispalvelut.fi\/aktiiviplus\/wp-json\/wp\/v2\/pages\/145\/revisions\/360"}],"wp:attachment":[{"href":"https:\/\/blogi.eoppimispalvelut.fi\/aktiiviplus\/wp-json\/wp\/v2\/media?parent=145"}],"curies":[{"name":"wp","href":"https:\/\/api.w.org\/{rel}","templated":true}]}}