{"id":1476,"date":"2014-04-04T09:08:41","date_gmt":"2014-04-04T06:08:41","guid":{"rendered":"https:\/\/blogi.eoppimispalvelut.fi\/aktiiviplus\/?page_id=1476"},"modified":"2014-12-18T14:28:48","modified_gmt":"2014-12-18T12:28:48","slug":"tule-kokemaan-ja-tekemaan-loppuseminaari","status":"publish","type":"page","link":"https:\/\/blogi.eoppimispalvelut.fi\/aktiiviplus\/tule-kokemaan-ja-tekemaan-loppuseminaari\/","title":{"rendered":"Tule tekem\u00e4\u00e4n ja kokemaan -loppuseminaari 19.11.2014"},"content":{"rendered":"<p><strong>AKTIIVI Plus -hankkeen loppuseminaari pidettiin<\/strong><br \/>\n<strong>19.11.2014 klo 8.30-16.00 <a href=\"http:\/\/biapark.fi\/bia-center-26.html\" target=\"_blank\">Bia Parkissa<\/a> (H\u00e4meentie 153, Helsinki)<\/strong><\/p>\n<p>Avoimissa oppimisymp\u00e4rist\u00f6iss\u00e4 aktiiviseksi kansalaiseksi -kehitt\u00e4misohjelmassa on paiskittu t\u00f6it\u00e4 useampi vuosi ja kehitetty tulevaisuuden taitoja. Seminaarissa koettiin ja n\u00e4htiin tehtyj\u00e4 toimintamalleja ja ideoitiin uusia ratkaisuja oppimiseen ja ty\u00f6el\u00e4m\u00e4\u00e4n.<\/p>\n<p>Kohderyhm\u00e4n\u00e4 olivat: hanketoimijat, opettajat, yhdistysaktiivit, kansalaisj\u00e4rjest\u00f6jen toimijat, ty\u00f6el\u00e4m\u00e4n edustajat ja kaikki avoimista oppimisymp\u00e4rist\u00f6ist\u00e4 kiinnostuneet.<\/p>\n<p><span style=\"color: #993300\">Seminaarista tehty videokooste avautuu kun klikkaat kuvaa!<\/span><\/p>\n<p><a href=\"https:\/\/www.youtube.com\/watch?v=bKCMet-n1fA&amp;feature=youtu.be\" target=\"_blank\"><img loading=\"lazy\" decoding=\"async\" class=\"alignnone  wp-image-2323\" src=\"https:\/\/blogi.eoppimispalvelut.fi\/aktiiviplus\/files\/2014\/04\/videokooste-580x348.png\" alt=\"videokooste\" width=\"459\" height=\"275\" srcset=\"https:\/\/blogi.eoppimispalvelut.fi\/aktiiviplus\/files\/2014\/04\/videokooste-580x348.png 580w, https:\/\/blogi.eoppimispalvelut.fi\/aktiiviplus\/files\/2014\/04\/videokooste.png 844w\" sizes=\"auto, (max-width: 459px) 100vw, 459px\" \/><\/a><\/p>\n<p>&nbsp;<\/p>\n<p><strong>SEMINAARIN OHJELMA JA ESITYSMATERIAALIT<\/strong><\/p>\n<p>9.00 Seminaarin avaus, Mika Pet\u00e4snoro, AKTIIVI Plus. <a href=\"http:\/\/padlet.com\/mpetas\/APlusloppusemma\" target=\"_blank\">Esitysmateriaali<\/a><\/p>\n<p>9.15-10.00 <span style=\"color: #a3af0b\">TEEMA 1: IDEASTA INNOVAATIOKSI, Pekka Ollikainen, Tekes. <a href=\"https:\/\/blogi.eoppimispalvelut.fi\/aktiiviplus\/files\/2014\/04\/Aktiivi-Tekes2014-Pekka-Ollikainen.pdf\">Esitysmateriaali<\/a><br \/>\n<\/span><\/p>\n<p>10.10-11.00 <span style=\"color: #a3af0b\">TEEMA 2: PELIHIMOA &#8211; Pelillisyys ja motivaatio, Harri Ketamo, Skillpixels<br \/>\n<a href=\"https:\/\/blogi.eoppimispalvelut.fi\/aktiiviplus\/files\/2014\/04\/2014-SkillPixels-publicslides_Harri-Ketamo.pdf\">Esitysmateriaali<\/a><br \/>\n<\/span><\/p>\n<p><span style=\"color: #000000\"><em>Lounas (omakustanteinen), Ravintola Dylan<\/em><\/span><\/p>\n<p><span style=\"color: #a3af0b\"><span style=\"color: #333333\">11.45-12.45<\/span> TEEMA 3: AIKUINEN OPPIJA VOITTAA AINA &#8211; Aikuinen oppijana ja tiedon jakajana, Jouni Kangasniemi, OKM<br \/>\n<span style=\"color: #333333\">Esitysmateriaalit:<\/span> <a href=\"https:\/\/blogi.eoppimispalvelut.fi\/aktiiviplus\/files\/2014\/04\/Loppuseminaari-Jouni-Kangasniemi.pdf\">Jouni Kangasniemi<\/a><span style=\"color: #333333\">,<\/span> <a href=\"https:\/\/blogi.eoppimispalvelut.fi\/aktiiviplus\/files\/2014\/04\/Loppuseminaari_Teemu-Rauhala.pdf\">Teemu Rauhala<\/a><span style=\"color: #333333\">,<\/span> <a href=\"https:\/\/blogi.eoppimispalvelut.fi\/aktiiviplus\/files\/2014\/04\/Avara_museo_AKTIIVI_loppuseminaari-2014.pdf\">Pauliina Kinanen<\/a><span style=\"color: #333333\">,<\/span> <a href=\"https:\/\/blogi.eoppimispalvelut.fi\/aktiiviplus\/files\/2014\/04\/YHTEYS.pdf\">Leila Rautio<\/a><br \/>\n<\/span><\/p>\n<p>12.45-13.00 <span style=\"color: #000000\"><em>Musiikkiesitys: Duo S.U.K.S.E.E<\/em><\/span> (<span style=\"color: #000000\">Mika Sihvonen ja Johanna Salmia)<\/span><\/p>\n<p><span style=\"color: #a3af0b\"><span style=\"color: #333333\">13.00-13.45<\/span> TEEMA 4: PARKANOSTA PIILAAKSOON &#8211; heimot kokoontuvat digiajan leirinuotiolla, Jarmo Viteli, Tampereen yliopisto. <a href=\"https:\/\/blogi.eoppimispalvelut.fi\/aktiiviplus\/files\/2014\/04\/Teema-4-Jarmo-Viteli.pdf\">Esitysmateriaali<\/a><br \/>\n<\/span><\/p>\n<p><span style=\"color: #000000\"><em>13.45-14.15 Kahvitauko<\/em><\/span> <em>ja keskustelua<\/em><br \/>\n<span style=\"color: #000000\"><br \/>\n14.15-15.00 <span style=\"color: #a3af0b\">TEEMA 5: ILO IRTI OPPIMISESTA JA TEKEMISEST\u00c4!<\/span><\/span> <span style=\"color: #a3af0b\">Heli Ruokamo, Lapin yliopisto. <span style=\"color: #333333\">Kaikki teeman esitysmateriaalit l\u00f6ytyv\u00e4t <a href=\"http:\/\/padlet.com\/kirsi_saloniemi\/AKTIIVIteema5\" target=\"_blank\">t\u00e4st\u00e4 linkist\u00e4<\/a><\/span><br \/>\n<\/span><\/p>\n<p><span style=\"color: #000000\">15.00-16.00 Yhteenveto, p<\/span>\u00e4\u00e4t\u00f6ssanat ja loppuhalaukset<\/p>\n<p>Lis\u00e4tietoja: Eveliina Toivonen (eveliina.toivonen@hamk.fi, 03 646 4361)<\/p>\n<p>Ohjelma <a href=\"https:\/\/blogi.eoppimispalvelut.fi\/aktiiviplus\/files\/2014\/04\/Loppusemma_ohjelma_13112014.pdf\">pdf-muodossa<\/a><\/p>\n<p><em>AKTIIVI Plus on Avoimissa oppimisymp\u00e4rist\u00f6iss\u00e4 aktiiviseksi kansalaiseksi -kehitt\u00e4misohjelman koordinaatiohanke. AKTIIVI Plus v\u00e4litt\u00e4\u00e4, verkottaa ja luo hyvi\u00e4 k\u00e4yt\u00e4nt\u00f6j\u00e4.<\/em><\/p>\n<p>&nbsp;<\/p>\n<p>&nbsp;<\/p>\n<p>&nbsp;<\/p>\n<p>&nbsp;<\/p>\n","protected":false},"excerpt":{"rendered":"<p>AKTIIVI Plus -hankkeen loppuseminaari pidettiin 19.11.2014 klo 8.30-16.00 Bia Parkissa (H\u00e4meentie 153, Helsinki) Avoimissa oppimisymp\u00e4rist\u00f6iss\u00e4 aktiiviseksi kansalaiseksi -kehitt\u00e4misohjelmassa on paiskittu t\u00f6it\u00e4 useampi vuosi ja kehitetty tulevaisuuden taitoja. Seminaarissa koettiin ja n\u00e4htiin tehtyj\u00e4 toimintamalleja ja ideoitiin uusia ratkaisuja oppimiseen ja ty\u00f6el\u00e4m\u00e4\u00e4n. &hellip; <a href=\"https:\/\/blogi.eoppimispalvelut.fi\/aktiiviplus\/tule-kokemaan-ja-tekemaan-loppuseminaari\/\">Continue reading <span class=\"meta-nav\">&rarr;<\/span><\/a><\/p>\n","protected":false},"author":6,"featured_media":0,"parent":0,"menu_order":0,"comment_status":"closed","ping_status":"closed","template":"","meta":{"_monsterinsights_skip_tracking":false,"_monsterinsights_sitenote_active":false,"_monsterinsights_sitenote_note":"","_monsterinsights_sitenote_category":0,"footnotes":""},"class_list":["post-1476","page","type-page","status-publish","hentry"],"_links":{"self":[{"href":"https:\/\/blogi.eoppimispalvelut.fi\/aktiiviplus\/wp-json\/wp\/v2\/pages\/1476","targetHints":{"allow":["GET"]}}],"collection":[{"href":"https:\/\/blogi.eoppimispalvelut.fi\/aktiiviplus\/wp-json\/wp\/v2\/pages"}],"about":[{"href":"https:\/\/blogi.eoppimispalvelut.fi\/aktiiviplus\/wp-json\/wp\/v2\/types\/page"}],"author":[{"embeddable":true,"href":"https:\/\/blogi.eoppimispalvelut.fi\/aktiiviplus\/wp-json\/wp\/v2\/users\/6"}],"replies":[{"embeddable":true,"href":"https:\/\/blogi.eoppimispalvelut.fi\/aktiiviplus\/wp-json\/wp\/v2\/comments?post=1476"}],"version-history":[{"count":36,"href":"https:\/\/blogi.eoppimispalvelut.fi\/aktiiviplus\/wp-json\/wp\/v2\/pages\/1476\/revisions"}],"predecessor-version":[{"id":2325,"href":"https:\/\/blogi.eoppimispalvelut.fi\/aktiiviplus\/wp-json\/wp\/v2\/pages\/1476\/revisions\/2325"}],"wp:attachment":[{"href":"https:\/\/blogi.eoppimispalvelut.fi\/aktiiviplus\/wp-json\/wp\/v2\/media?parent=1476"}],"curies":[{"name":"wp","href":"https:\/\/api.w.org\/{rel}","templated":true}]}}