{"id":148,"date":"2013-02-07T14:46:07","date_gmt":"2013-02-07T12:46:07","guid":{"rendered":"https:\/\/blogi.eoppimispalvelut.fi\/aktiiviplus\/?page_id=148"},"modified":"2015-08-27T18:33:37","modified_gmt":"2015-08-27T15:33:37","slug":"tuotteistaminen","status":"publish","type":"page","link":"https:\/\/blogi.eoppimispalvelut.fi\/aktiiviplus\/tuotteistaminen\/","title":{"rendered":"Tuotteistaminen"},"content":{"rendered":"<p>Avoimissa oppimisymp\u00e4rist\u00f6iss\u00e4 aktiiviseksi kansalaiseksi -kehitt\u00e4misohjelman hankkeissa syntyy paljon hyvi\u00e4 ja lupaavia k\u00e4yt\u00e4nt\u00f6j\u00e4, mutta kuinka saamme ne selkeiksi tuotteiksi, joista asiakkaat\/k\u00e4ytt\u00e4j\u00e4t saisivat parhaan mahdollisen hy\u00f6dyn ja jotka j\u00e4\u00e4v\u00e4t k\u00e4ytt\u00f6\u00f6n my\u00f6s hankkeen p\u00e4\u00e4tytty\u00e4?<\/p>\n<p>T\u00e4h\u00e4n haasteeseen vastatakseen AKTIIVI -koordinaatiohanke on j\u00e4rjest\u00e4nyt tuotteistamiskoulutuksia ja -tapaamisia.<\/p>\n<p><strong>14.2.2013 Helsingiss\u00e4<\/strong> kokoonnuttiin tuotteistamisteeman tiimoilla. Online-osallistumismahdollisuus j\u00e4rjestettiin my\u00f6s. Asiantuntijana oli\u00a0VTT:n tutkimusprofessori Marja Toivonen.<br \/>\nP\u00e4iv\u00e4n ohjelma<br \/>\n<a href=\"https:\/\/blogi.eoppimispalvelut.fi\/aktiiviplus\/files\/2015\/08\/Aktiivi-14-2-2013-alustus.pdf\">Esitysmateriaali (Powerpoint -esitys)<\/a><\/p>\n<p><strong>ITK2013 -konferensissa<\/strong> huhtikuussa Aulangolla esiteltiin tuotteistamista Aktiivi-verkostossa. <a href=\"https:\/\/blogi.eoppimispalvelut.fi\/aktiiviplus\/files\/2015\/08\/Aktiivi-tuotteistaminen-ITK2013.pdf\">Esitysmateriaali (Powerpoint -esitys)<\/a><\/p>\n<p><strong>Helsingiss\u00e4 21.11.2012<\/strong> kokoonnuttiin tuotteistamisty\u00f6pajaan, jossa jatkettiin kev\u00e4\u00e4ll\u00e4 aloitettua hankkeiden lopputulosten tuotteistamisprosessia ja tarkasteltiin erityisesti sis\u00e4ist\u00e4 ja ulkoista\u00a0 tuotteistamista. Asiantuntijana oli VTT:n tutkimusprofessori Marja Toivonen. (<a href=\"https:\/\/blogi.eoppimispalvelut.fi\/aktiiviplus\/files\/2015\/08\/Aktiivi-20121121.pdf\">Powerpoint -esitys<\/a>)<\/p>\n<p><strong>Helsingiss\u00e4 14.5.2012<\/strong> j\u00e4rjestettiin palveluiden tuotteistamisen workshop-iltap\u00e4iv\u00e4. Alustuksen j\u00e4lkeen ty\u00f6stettiin tuotteita ja palveluja ryhm\u00e4t\u00f6iss\u00e4. Tuotteistamisiltap\u00e4iv\u00e4n veti VTT:n tutkimusprofessori Marja Toivonen. <a href=\"https:\/\/blogi.eoppimispalvelut.fi\/aktiiviplus\/files\/2015\/08\/Aktiivi-14.5.2012.pdf\">Esitysmateriaali (Powerpoint)<\/a><\/p>\n<p><strong>Tampereella 9.-10.2.2012<\/strong> j\u00e4rjestettiin Tuotteistamisworkshopin kehitt\u00e4misohjelman hankkeille. P\u00e4ivien vet\u00e4j\u00e4n\u00e4 toimi\u00a0VTT:n tutkimusprofessori Marja Toivonen.<br \/>\nP\u00e4ivien ohjelma<br \/>\n<a href=\"https:\/\/blogi.eoppimispalvelut.fi\/aktiiviplus\/files\/2015\/08\/Tuotteistamiskoulutus-HAMK-9-10.2.2012.pdf\">Powerpoint -esitys<\/a><\/p>\n<p>Workshopin ensimm\u00e4isen\u00e4 p\u00e4iv\u00e4n\u00e4 perehdyttiin tuotteistamisprosessin k\u00e4yt\u00e4nn\u00f6n toteuttamiseen ja toisena asiakasviestint\u00e4\u00e4n ja asiakasyhteisty\u00f6h\u00f6n. Workshopissa perehdyttiin palveluiden tuotteistamiseen yhteist\u00e4 oppimista ja asiakasl\u00e4ht\u00f6isyytt\u00e4 korostaen. L\u00e4ht\u00f6kohtana oli n\u00e4kemys, ett\u00e4 tuotteistaminen ei ole standardointia, vaan palvelun systemaattisella kuvaamisella saadaan aikaan oppimisalusta, johon asiakaskontakteissa syntyv\u00e4\u00e4 ymm\u00e4rryst\u00e4 voidaan jatkuvasti kerrytt\u00e4\u00e4 ja keskustella siit\u00e4 yhteisesti. Samalla palvelusta voidaan viesti\u00e4 asiakkaalle selke\u00e4sti niin ett\u00e4 asiakas tiet\u00e4\u00e4 mit\u00e4 saa ja miten voi itse vaikuttaa palvelun onnistumiseen.<\/p>\n<p><strong>Online-seminaari 31.1.2012<br \/>\n<\/strong>AKTIIVI-verkoston hankkeille j\u00e4rjestettiin online-seminaari tuotteistamisesta ja asiakasviestinn\u00e4st\u00e4. Kouluttajana toimi VTT:n tutkimusprofessori Marja Toivonen.<br \/>\nMateriaali (<a href=\"https:\/\/blogi.eoppimispalvelut.fi\/aktiiviplus\/files\/2015\/08\/Online-seminaari-31.1.2012.pdf\">Powerpoint -esitys<\/a>)<br \/>\n<a href=\"http:\/\/www2.tokem.fi\/learnlinc\/AKTIIVI\/31012012_AKTIIVI_osa1.irf\" target=\"_blank\">Linkki tallenteeseen, tuotteistaminen<\/a><a href=\"http:\/\/www2.tokem.fi\/learnlinc\/AKTIIVI\/31012012_AKTIIVI_osa2.irf\" target=\"_blank\"><br \/>\nLinkki tallenteeseen, asiakasviestint\u00e4<\/a><\/p>\n<p><strong>Ty\u00f6 tuotteistamisen parissa jatkuu<\/strong> edelleen ja tulemme ker\u00e4\u00e4m\u00e4\u00e4n <a href=\"https:\/\/blogi.eoppimispalvelut.fi\/aktiiviplus\/hankkeiden-tuotteita-tuloksia-palveluja-ja-hyvia-kaytantoja\/\" target=\"_blank\">hankkeiden tuotteiden -sivulle<\/a> kuvaukset tuotteista. Kuvaukset voivat olla linkkein\u00e4 hankkeiden omille sivustoille tai pdf-tiedostoina.<\/p>\n<p>Onko sinulla mieless\u00e4 esimerkki\u00e4 tuotteistetusta avoimesta oppimisymp\u00e4rist\u00f6st\u00e4? Ker\u00e4\u00e4mme linkkej\u00e4 ja lyhyit\u00e4 kuvauksia hyvist\u00e4 tuotteista. Kaikki hyv\u00e4t esimerkit ovat tervetulleita! Viesti\u00e4 voit l\u00e4hett\u00e4\u00e4 aktiivi.hanke(at)gmail.com -s\u00e4hk\u00f6postiin tai <a href=\"https:\/\/blogi.eoppimispalvelut.fi\/aktiiviplus\/yhteystiedot\/\" target=\"_blank\">yhteystiedoista <\/a>l\u00f6ytyville henkil\u00f6ille.<\/p>\n<p>&nbsp;<\/p>\n","protected":false},"excerpt":{"rendered":"<p>Avoimissa oppimisymp\u00e4rist\u00f6iss\u00e4 aktiiviseksi kansalaiseksi -kehitt\u00e4misohjelman hankkeissa syntyy paljon hyvi\u00e4 ja lupaavia k\u00e4yt\u00e4nt\u00f6j\u00e4, mutta kuinka saamme ne selkeiksi tuotteiksi, joista asiakkaat\/k\u00e4ytt\u00e4j\u00e4t saisivat parhaan mahdollisen hy\u00f6dyn ja jotka j\u00e4\u00e4v\u00e4t k\u00e4ytt\u00f6\u00f6n my\u00f6s hankkeen p\u00e4\u00e4tytty\u00e4? T\u00e4h\u00e4n haasteeseen vastatakseen AKTIIVI -koordinaatiohanke on j\u00e4rjest\u00e4nyt tuotteistamiskoulutuksia ja &hellip; <a href=\"https:\/\/blogi.eoppimispalvelut.fi\/aktiiviplus\/tuotteistaminen\/\">Continue reading <span class=\"meta-nav\">&rarr;<\/span><\/a><\/p>\n","protected":false},"author":6,"featured_media":0,"parent":0,"menu_order":0,"comment_status":"closed","ping_status":"open","template":"","meta":{"_monsterinsights_skip_tracking":false,"_monsterinsights_sitenote_active":false,"_monsterinsights_sitenote_note":"","_monsterinsights_sitenote_category":0,"footnotes":""},"class_list":["post-148","page","type-page","status-publish","hentry"],"_links":{"self":[{"href":"https:\/\/blogi.eoppimispalvelut.fi\/aktiiviplus\/wp-json\/wp\/v2\/pages\/148","targetHints":{"allow":["GET"]}}],"collection":[{"href":"https:\/\/blogi.eoppimispalvelut.fi\/aktiiviplus\/wp-json\/wp\/v2\/pages"}],"about":[{"href":"https:\/\/blogi.eoppimispalvelut.fi\/aktiiviplus\/wp-json\/wp\/v2\/types\/page"}],"author":[{"embeddable":true,"href":"https:\/\/blogi.eoppimispalvelut.fi\/aktiiviplus\/wp-json\/wp\/v2\/users\/6"}],"replies":[{"embeddable":true,"href":"https:\/\/blogi.eoppimispalvelut.fi\/aktiiviplus\/wp-json\/wp\/v2\/comments?post=148"}],"version-history":[{"count":44,"href":"https:\/\/blogi.eoppimispalvelut.fi\/aktiiviplus\/wp-json\/wp\/v2\/pages\/148\/revisions"}],"predecessor-version":[{"id":2461,"href":"https:\/\/blogi.eoppimispalvelut.fi\/aktiiviplus\/wp-json\/wp\/v2\/pages\/148\/revisions\/2461"}],"wp:attachment":[{"href":"https:\/\/blogi.eoppimispalvelut.fi\/aktiiviplus\/wp-json\/wp\/v2\/media?parent=148"}],"curies":[{"name":"wp","href":"https:\/\/api.w.org\/{rel}","templated":true}]}}