{"id":151,"date":"2013-02-07T14:46:24","date_gmt":"2013-02-07T12:46:24","guid":{"rendered":"https:\/\/blogi.eoppimispalvelut.fi\/aktiiviplus\/?page_id=151"},"modified":"2014-01-09T13:29:42","modified_gmt":"2014-01-09T11:29:42","slug":"kuntayhteistyo","status":"publish","type":"page","link":"https:\/\/blogi.eoppimispalvelut.fi\/aktiiviplus\/kuntayhteistyo\/","title":{"rendered":"Kuntayhteisty\u00f6"},"content":{"rendered":"<p>Nykyp\u00e4iv\u00e4n kehitt\u00e4misty\u00f6ss\u00e4 verkostot ja tiedon kulkemista tukevat poikkihallinnolliset toimet saavat aikaan runsaasti toiminnan tehostumista sek\u00e4 s\u00e4\u00e4st\u00f6j\u00e4. Monet hy\u00f6dylliset innovaatiot ja hiljainen tieto levi\u00e4v\u00e4t, eik\u00e4 eri sektoreiden tarvitse tuhlata energiaa samaan kehitt\u00e4mistoimintaan. Erilaisia innovaatioita ja hyvi\u00e4 k\u00e4yt\u00e4nt\u00f6j\u00e4 syntyy muun muassa kehitt\u00e4misprojekteissa, mutta n\u00e4iden siirt\u00e4minen osaksi pysyvi\u00e4 toimintoja tai organisaation muille toimialoille koetaan haasteeksi.<\/p>\n<p>Kuntien toimintaan kuuluu erilaisia organisaatioita, jotka mahdollistavat erilaisia oppimis- ja sivistysmahdollisuuksia kuntalaisille. Muun muassa oppilaitokset, museot, kirjastot sek\u00e4 opistot tarjoavat palveluitaan kuntalaisille, mutta niiden toimintatavat ja roolit ovat usein perinteisi\u00e4, eik\u00e4 niiden palvelut ole usein kovinkaan joustavia. Avoimissa oppimisymp\u00e4rist\u00f6iss\u00e4 aktiiviseksi kansalaiseksi -kehitt\u00e4misohjelmaan kuuluvat hankkeet pyrkiv\u00e4t luomaan kyseisille organisaatioille uudenlaisia toimintamalleja. N\u00e4it\u00e4 toimintamalleja olisi usein mahdollista levitt\u00e4\u00e4 sek\u00e4 muihin kaupunkeihin ett\u00e4 toisiin organisaatoihin. Monella organisaatiolla onkin samankaltaisia kohderyhmi\u00e4, jolloin tiedon levitt\u00e4minen voisi hy\u00f6dytt\u00e4\u00e4 useita osapuolia.<\/p>\n<p>Kunnat tarjoavat my\u00f6s erilaisia ty\u00f6kaluja kuntalaisille oppimiseen, vaikuttamiseen sek\u00e4 aktiiviseen kansalaisuuteen. Esimerkiksi erilaiset internet-palvelut, mobiililaitteet ja \u2013sovellukset sek\u00e4 avoin data tarjoavat kansalaisille mahdollisuuksia uudenlaiseen osallistumiseen. Hy\u00f6dynt\u00e4m\u00e4ll\u00e4 n\u00e4it\u00e4 palveluita kunta voi tuoda omaa toimintaa l\u00e4pin\u00e4kyv\u00e4mm\u00e4ksi ja antaa kuntalaisille uusia vaikuttamisen tapoja sek\u00e4 t\u00e4ten luoda mahdollisuuksia kohti avoimempaa demokratiaa.<\/p>\n<p>Uutta tekniikkaa hy\u00f6dynt\u00e4v\u00e4t palvelut tarjoavat kunnalle mahdollisuuden avoimempaan toimintaan sek\u00e4 paremman vuorovaikutusmahdollisuuden kunnan ja kuntalaisen v\u00e4lill\u00e4. Selvityksess\u00e4 ker\u00e4t\u00e4\u00e4n my\u00f6s esimerkkej\u00e4 siit\u00e4, miten kuntalainen voi tuottaa hy\u00f6dyllist\u00e4 sis\u00e4lt\u00f6\u00e4 kunnan sek\u00e4 muiden kuntalaisten hy\u00f6dynnett\u00e4viksi. Yhdistelem\u00e4ll\u00e4 erilaista tietoa, kuten liikuntareittej\u00e4 tai kulttuurin\u00e4ht\u00e4vyyksi\u00e4 karttapalveluihin, voi kuka tahansa luoda muita kuntalaisia kiinnostavia sis\u00e4lt\u00f6j\u00e4.<\/p>\n<p>AKTIIVI Plus -hankkeen tarkoituksena on koota yhteen erilaisia esimerkkej\u00e4 siit\u00e4, miten Suomessa erilaisissa kunnissa hy\u00f6dynnet\u00e4\u00e4n uudenlaisia palveluita kansalaisten aktivoimiseen. Lis\u00e4ksi pyrit\u00e4\u00e4n selvitt\u00e4m\u00e4\u00e4n sit\u00e4, mink\u00e4laisia hy\u00f6tyj\u00e4 palveluista on saatu sek\u00e4 mink\u00e4laisiin haasteisiin ja ongelmiin kunnissa on t\u00f6rm\u00e4tty palveluita suunniteltaessa. Tietoa ker\u00e4t\u00e4\u00e4n p\u00e4\u00e4s\u00e4\u00e4nt\u00f6isesti haastattelemalla useamman erikokoisen kunnan toimijoita ymp\u00e4ri Suomea, ker\u00e4\u00e4m\u00e4ll\u00e4 tietoa mm. muiden kuntien internet-sivuilta sek\u00e4 muilta asiantuntijoilta. Selvityksen l\u00f6yd\u00f6ksi\u00e4 puolestaan pyrit\u00e4\u00e4n levitt\u00e4m\u00e4\u00e4n erilaisilla tavoilla, kuten j\u00e4rjestett\u00e4viss\u00e4 seminaareissa.<\/p>\n<p>Yksi uusista ja kiinnostavista ilmi\u00f6ist\u00e4 on avoimen datan hy\u00f6dynt\u00e4minen. Kunnissa syntyy valtavasti tietoa, joka ei ole usein ainakaan helposti kansalaisten saatavilla. Kyseisen datan n\u00e4kyv\u00e4ksi tekeminen palvelee avoimuutta ja l\u00e4pin\u00e4kyvyytt\u00e4 sek\u00e4 tukee aktiivista kansalaisuutta. Tuomalla <a href=\"https:\/\/elgg.mcampus.fi\/aktiivi\/pg\/pages\/view\/13461\/avoin-data\" target=\"_blank\">avoin data<\/a> kaikkien saataville, on kansalaisten helpompi l\u00f6yt\u00e4\u00e4 tietoa julkisista p\u00e4\u00e4t\u00f6ksist\u00e4 sek\u00e4 osallistua niist\u00e4 k\u00e4yt\u00e4viin keskusteluihin.<\/p>\n<p>Avoin data voi kansalaisten aktivoimisen lis\u00e4ksi synnytt\u00e4\u00e4 innovaatioita, joita datan haltija ei tule edes ajatelleeksi. Avoimesta datasta puhuttaessa voidaan my\u00f6s mietti\u00e4 sit\u00e4 sis\u00e4lt\u00f6\u00e4, jota kansalaiset tuottavat erilaisten kanavien kautta. Nykyaikaisen tekniikan hy\u00f6dynt\u00e4minen mahdollistaa my\u00f6s entist\u00e4 vuorovaikutteisemman kanssak\u00e4ymisen kansalaisten ja p\u00e4\u00e4tt\u00e4jien v\u00e4lill\u00e4.<\/p>\n<p>Avoimen datan hy\u00f6dynt\u00e4misess\u00e4 voi olla erilaisia k\u00e4yt\u00e4nn\u00f6n ongelmia. Data voi olla organisaation sis\u00e4isess\u00e4 j\u00e4rjestelm\u00e4ss\u00e4, josta se ulos saaminen voi olla aikaa viev\u00e4\u00e4. Data voi my\u00f6s olla eri formaateissa, jolloin yhteentoimivuus toisen datan kanssa voi luoda haasteita. Lis\u00e4ksi hyvi\u00e4 esimerkkej\u00e4 avoimen datan k\u00e4yt\u00f6st\u00e4 tarvittaisiin lis\u00e4\u00e4, jotta asenteet niiden avaamiseen muuttuisivat avoimemmiksi.<\/p>\n<p>AKTIIVI Plus -verkoston hankkeiden keskeisin\u00e4 teemoina ovat kansalaisten osallistumisen ja tietoyhteiskuntataitojen kehitt\u00e4minen aktiivisen kansalaisuuden ja avoimien oppimisymp\u00e4rist\u00f6jen kautta.<\/p>\n<p>Avoimesta datasta l\u00f6ytyy tietoa mm. seuraavista linkeist\u00e4:<\/p>\n<p><a href=\"http:\/\/fi.okfn.org\/\" target=\"_blank\">Open Knowledge Finland<\/a><\/p>\n<p><a href=\"http:\/\/www.hri.fi\/fi\/\" target=\"_blank\">Helsinki Region Infoshare<\/a><\/p>\n<p><a href=\"http:\/\/www.vm.fi\/vm\/fi\/05_hankkeet\/02381_avoin_tieto\/index.jsp\" target=\"_blank\">VM:n Avoimen tiedon ohjelma<\/a><\/p>\n<p><a href=\"http:\/\/www.julkinendata.fi\/\" target=\"_blank\">Julkinen data -johdatus tietovarantojen avaamiseen<\/a><\/p>\n","protected":false},"excerpt":{"rendered":"<p>Nykyp\u00e4iv\u00e4n kehitt\u00e4misty\u00f6ss\u00e4 verkostot ja tiedon kulkemista tukevat poikkihallinnolliset toimet saavat aikaan runsaasti toiminnan tehostumista sek\u00e4 s\u00e4\u00e4st\u00f6j\u00e4. Monet hy\u00f6dylliset innovaatiot ja hiljainen tieto levi\u00e4v\u00e4t, eik\u00e4 eri sektoreiden tarvitse tuhlata energiaa samaan kehitt\u00e4mistoimintaan. Erilaisia innovaatioita ja hyvi\u00e4 k\u00e4yt\u00e4nt\u00f6j\u00e4 syntyy muun muassa kehitt\u00e4misprojekteissa, &hellip; <a href=\"https:\/\/blogi.eoppimispalvelut.fi\/aktiiviplus\/kuntayhteistyo\/\">Continue reading <span class=\"meta-nav\">&rarr;<\/span><\/a><\/p>\n","protected":false},"author":6,"featured_media":0,"parent":0,"menu_order":0,"comment_status":"closed","ping_status":"open","template":"","meta":{"_monsterinsights_skip_tracking":false,"_monsterinsights_sitenote_active":false,"_monsterinsights_sitenote_note":"","_monsterinsights_sitenote_category":0,"footnotes":""},"class_list":["post-151","page","type-page","status-publish","hentry"],"_links":{"self":[{"href":"https:\/\/blogi.eoppimispalvelut.fi\/aktiiviplus\/wp-json\/wp\/v2\/pages\/151","targetHints":{"allow":["GET"]}}],"collection":[{"href":"https:\/\/blogi.eoppimispalvelut.fi\/aktiiviplus\/wp-json\/wp\/v2\/pages"}],"about":[{"href":"https:\/\/blogi.eoppimispalvelut.fi\/aktiiviplus\/wp-json\/wp\/v2\/types\/page"}],"author":[{"embeddable":true,"href":"https:\/\/blogi.eoppimispalvelut.fi\/aktiiviplus\/wp-json\/wp\/v2\/users\/6"}],"replies":[{"embeddable":true,"href":"https:\/\/blogi.eoppimispalvelut.fi\/aktiiviplus\/wp-json\/wp\/v2\/comments?post=151"}],"version-history":[{"count":9,"href":"https:\/\/blogi.eoppimispalvelut.fi\/aktiiviplus\/wp-json\/wp\/v2\/pages\/151\/revisions"}],"predecessor-version":[{"id":1155,"href":"https:\/\/blogi.eoppimispalvelut.fi\/aktiiviplus\/wp-json\/wp\/v2\/pages\/151\/revisions\/1155"}],"wp:attachment":[{"href":"https:\/\/blogi.eoppimispalvelut.fi\/aktiiviplus\/wp-json\/wp\/v2\/media?parent=151"}],"curies":[{"name":"wp","href":"https:\/\/api.w.org\/{rel}","templated":true}]}}