{"id":154,"date":"2013-02-07T14:46:45","date_gmt":"2013-02-07T12:46:45","guid":{"rendered":"https:\/\/blogi.eoppimispalvelut.fi\/aktiiviplus\/?page_id=154"},"modified":"2013-03-28T11:45:34","modified_gmt":"2013-03-28T09:45:34","slug":"tutkimus","status":"publish","type":"page","link":"https:\/\/blogi.eoppimispalvelut.fi\/aktiiviplus\/tutkimus\/","title":{"rendered":"Tutkimus"},"content":{"rendered":"<p><strong>Tutkimusteht\u00e4v\u00e4<br \/>\n<\/strong><br \/>\nTuloksena AKTIIVI-koordinointihankkeen toiminnalta odotetaan tutkimustietoa muun muassa verkostojen toiminnasta, hyvist\u00e4 k\u00e4yt\u00e4nn\u00f6ist\u00e4, itsearviointimalleista ja projektien kattavuudesta suhteessa ohjelman tavoitteisiin. Tutkimustoiminnan kannalta n\u00e4ist\u00e4 voidaan eriytt\u00e4\u00e4 kaksi erillist\u00e4, mutta toisiaan tukevaa tutkimusteht\u00e4v\u00e4\u00e4:<\/p>\n<p>1.\u00a0Ohjelmaan valittujen hankkeiden keskin\u00e4isen verkostoitumisen koordinointi- ja tukitoimintaan soveltuvan, jatkuvan arviointitiedon tuottaminen ja analysointi.<br \/>\n2.\u00a0Tutkimustiedon tuottaminen siit\u00e4, miten avoimessa verkossa olevat hankkeet verkostona toimivat.<\/p>\n<p><strong>Tutkimuksen aineisto<br \/>\n<\/strong><br \/>\nAineistoa ker\u00e4t\u00e4\u00e4n haastattelemalla hankkeiden yhteyshenkil\u00f6it\u00e4, l\u00e4hett\u00e4m\u00e4ll\u00e4 hankkeille kyselyj\u00e4 ja itsearviointimateriaalia sek\u00e4 tarkastelemalla toimijoiden aktiivisuutta. Jatkuva kehitt\u00e4v\u00e4 ja arvioiva tutkimusote edellytt\u00e4\u00e4 kyky\u00e4 reagoida nopeasti soveltuvin menetelmin hankkeiden toiminnassa ilmeneviin tutkimustarpeisiin. T\u00e4ll\u00f6in tutkimusta voidaan suunnata aktiivisen yhteydenpidon ja tarkentavien haastattelukysymyksien avulla.<\/p>\n<p><strong>Tutkimuskysymys ja alakysymykset<br \/>\n<\/strong><br \/>\nToisena tutkimusteht\u00e4v\u00e4n\u00e4 on selvitt\u00e4\u00e4, <strong>kuinka kirjasto- ja opetusalan kehityshankkeet toimivat verkostona avoimen verkkoymp\u00e4rist\u00f6n tukemana?<\/strong> Kysymykseen voidaan kuitenkin saada vastaus ensimm\u00e4isen tutkimusteht\u00e4v\u00e4n kautta, jossa tuotetaan tutkimustietoa koordinointihankeen ty\u00f6skentely\u00e4 varten. T\u00e4ss\u00e4 tutkimusteht\u00e4v\u00e4ss\u00e4 on useita kehitykseen ja arviointiin liittyvi\u00e4 tutkimuskysymyksi\u00e4:<\/p>\n<p>Mit\u00e4 ovat hankkeiden hyv\u00e4t k\u00e4yt\u00e4nn\u00f6t?<br \/>\nMillaisia kumppanuuksia verkosto synnytt\u00e4\u00e4?<br \/>\nMillaista sosiaalista p\u00e4\u00e4omaa yhteis\u00f6ss\u00e4 kehittyy?<br \/>\nMiten tieto- ja viestint\u00e4tekniset v\u00e4lineet, erityisesti avoin verkkoymp\u00e4rist\u00f6 tukee verkoston toimintaa?<\/p>\n","protected":false},"excerpt":{"rendered":"<p>Tutkimusteht\u00e4v\u00e4 Tuloksena AKTIIVI-koordinointihankkeen toiminnalta odotetaan tutkimustietoa muun muassa verkostojen toiminnasta, hyvist\u00e4 k\u00e4yt\u00e4nn\u00f6ist\u00e4, itsearviointimalleista ja projektien kattavuudesta suhteessa ohjelman tavoitteisiin. Tutkimustoiminnan kannalta n\u00e4ist\u00e4 voidaan eriytt\u00e4\u00e4 kaksi erillist\u00e4, mutta toisiaan tukevaa tutkimusteht\u00e4v\u00e4\u00e4: 1.\u00a0Ohjelmaan valittujen hankkeiden keskin\u00e4isen verkostoitumisen koordinointi- ja tukitoimintaan soveltuvan, jatkuvan &hellip; <a href=\"https:\/\/blogi.eoppimispalvelut.fi\/aktiiviplus\/tutkimus\/\">Continue reading <span class=\"meta-nav\">&rarr;<\/span><\/a><\/p>\n","protected":false},"author":6,"featured_media":0,"parent":0,"menu_order":0,"comment_status":"closed","ping_status":"open","template":"","meta":{"_monsterinsights_skip_tracking":false,"_monsterinsights_sitenote_active":false,"_monsterinsights_sitenote_note":"","_monsterinsights_sitenote_category":0,"footnotes":""},"class_list":["post-154","page","type-page","status-publish","hentry"],"_links":{"self":[{"href":"https:\/\/blogi.eoppimispalvelut.fi\/aktiiviplus\/wp-json\/wp\/v2\/pages\/154","targetHints":{"allow":["GET"]}}],"collection":[{"href":"https:\/\/blogi.eoppimispalvelut.fi\/aktiiviplus\/wp-json\/wp\/v2\/pages"}],"about":[{"href":"https:\/\/blogi.eoppimispalvelut.fi\/aktiiviplus\/wp-json\/wp\/v2\/types\/page"}],"author":[{"embeddable":true,"href":"https:\/\/blogi.eoppimispalvelut.fi\/aktiiviplus\/wp-json\/wp\/v2\/users\/6"}],"replies":[{"embeddable":true,"href":"https:\/\/blogi.eoppimispalvelut.fi\/aktiiviplus\/wp-json\/wp\/v2\/comments?post=154"}],"version-history":[{"count":4,"href":"https:\/\/blogi.eoppimispalvelut.fi\/aktiiviplus\/wp-json\/wp\/v2\/pages\/154\/revisions"}],"predecessor-version":[{"id":337,"href":"https:\/\/blogi.eoppimispalvelut.fi\/aktiiviplus\/wp-json\/wp\/v2\/pages\/154\/revisions\/337"}],"wp:attachment":[{"href":"https:\/\/blogi.eoppimispalvelut.fi\/aktiiviplus\/wp-json\/wp\/v2\/media?parent=154"}],"curies":[{"name":"wp","href":"https:\/\/api.w.org\/{rel}","templated":true}]}}