{"id":157,"date":"2013-02-07T14:49:21","date_gmt":"2013-02-07T12:49:21","guid":{"rendered":"https:\/\/blogi.eoppimispalvelut.fi\/aktiiviplus\/?page_id=157"},"modified":"2014-12-08T10:30:23","modified_gmt":"2014-12-08T08:30:23","slug":"hankeinfo","status":"publish","type":"page","link":"https:\/\/blogi.eoppimispalvelut.fi\/aktiiviplus\/hankeinfo\/","title":{"rendered":"Hankeinfo"},"content":{"rendered":"<p><a href=\"https:\/\/blogi.eoppimispalvelut.fi\/aktiiviplus\/aktiivi-plus-in-english\/\" target=\"_blank\">AKTIIVI in English<\/a><\/p>\n<p>Milt\u00e4 kuulostavat seuraavat termit ja asiat:<\/p>\n<div>\n<ul>\n<li>Aktiivinen kansalainen?<\/li>\n<li>Avoimet oppimisymp\u00e4rist\u00f6t?<\/li>\n<li>Vapaa p\u00e4\u00e4sy tiedon tuottamiseen?<\/li>\n<li>Vapaa p\u00e4\u00e4sy tekniikoihin, julkaisuv\u00e4lineisiin ja vuorovaikutuskanaviin?<\/li>\n<li>Vapaa p\u00e4\u00e4sy julkisin varoin tuotettuihin verkossa oleviin perusaineistoihin?<\/li>\n<li>Taito k\u00e4ytt\u00e4\u00e4 laitteita ja erilaisia tietoresursseja?<\/li>\n<li>Mahdollisuus saada henkil\u00f6kohtaista ohjausta uusien kansalaistaitojen omaksumisessa?<\/li>\n<li>Toiminnan avoimuus, luotettavuus ja l\u00e4pin\u00e4kyvyys?<\/li>\n<li>Yksil\u00f6iden yhteistoiminnalliset tavoitteet?<\/li>\n<li>Verkostomainen toimintatapa?<\/li>\n<li>Vertaistuotanto?<\/li>\n<li>Vertaisoppiminen?<\/li>\n<\/ul>\n<p>Jos termit ovat kiinnostavia, tutki t\u00e4t\u00e4 AKTIIVIn sivua ja hankkeiden verkostoa tarkemmin t\u00e4ll\u00e4 sivustolla. AKTIIVI-verkostoon kuuluvissa hankkeissa edistet\u00e4\u00e4n, tutkitaan ja levitet\u00e4\u00e4n kaikkea t\u00e4t\u00e4!<\/p>\n<p>AKTIIVI Plus on Avoimissa oppimisymp\u00e4rist\u00f6iss\u00e4 aktiiviseksi kansalaiseksi -kehitt\u00e4misohjelman koordinaatiohanke, jonka kohderyhm\u00e4n\u00e4 ovat ensisijaisesti muut kehitt\u00e4misohjelmasta rahoitusta saavat hankkeet. V\u00e4lillisesti kohderyhm\u00e4n\u00e4 ovat n\u00e4iden hankkeiden kohderyhm\u00e4t. AKTIIVI Plus v\u00e4litt\u00e4\u00e4, verkottaa ja luo hyvi\u00e4 k\u00e4yt\u00e4nt\u00f6j\u00e4.<\/p>\n<p>Hankkeen <a href=\"https:\/\/www.youtube.com\/watch?v=tpA3mj4y3NQ\" target=\"_blank\">esittelyvideo <\/a><\/p>\n<\/div>\n<p><a href=\"https:\/\/elgg.mcampus.fi\/aktiivi\/\">Seuraa AKTIIVIa Facebookissa<\/a><br \/>\n<a href=\"https:\/\/twitter.com\/aktiivihanke\">Seuraa AKTIIVIa Twitteriss\u00e4<\/a><\/p>\n<p>Koordinaatiohankkeessa<\/p>\n<ul>\n<li>\n<div>Varmistetaan kehitt\u00e4misohjelmasta rahoitusta saaneiden hankkeiden v\u00e4list\u00e4 verkostoitumista ja yhteisty\u00f6t\u00e4<\/div>\n<\/li>\n<li>\n<div>Tutkitaan ja ennakoidaan alan tulevaa kehityst\u00e4<\/div>\n<\/li>\n<li>\n<div>Jalostetaan ja levitet\u00e4\u00e4n hyvi\u00e4 k\u00e4yt\u00e4nteit\u00e4 ja toimintatapoja<\/div>\n<\/li>\n<li>\n<div>Arvioidaan kehitt\u00e4misohjelman tavoitteiden toteutumista sek\u00e4 uusien toimintamallien toteutumista ja palveluiden laatua loppuasiakkaiden n\u00e4k\u00f6kulmasta<\/div>\n<\/li>\n<li>\n<div>Laaditaan tilannekatsauksia kuntien poikkihallinnollisesta yhteisty\u00f6st\u00e4 sek\u00e4 esimerkkej\u00e4 avointen oppimisymp\u00e4rist\u00f6jen kehitt\u00e4misest\u00e4 sek\u00e4 kansalaisten aktivoimisesta.<\/div>\n<\/li>\n<\/ul>\n<p><a href=\"https:\/\/blogi.eoppimispalvelut.fi\/aktiiviplus\/hankeinfo\/aktiivin-suomiesite-2014_nettiin\/\" rel=\"attachment wp-att-1521\">Lataa esite (pdf)<\/a><\/p>\n<p>Kehitt\u00e4misohjelma on ESR-ohjelman toimintalinjan 3 &#8220;Ty\u00f6markkinoiden toimintaa edist\u00e4vien osaamis-, innovaatio- ja \u00a0palveluj\u00e4rjestelmien kehitt\u00e4minen&#8221; osaohjelma. Lue lis\u00e4\u00e4 <a href=\"http:\/\/www.minedu.fi\/OPM\/EU-asiat\/EU-rakennerahastot\/ohjelmakausi_2007-2013\/ohjelmat\/index.html?lang=fi\" target=\"_blank\">opetus- ja kulttuuriministeri\u00f6n sivuilta<\/a>.<\/p>\n<p>Ohjelmaa hallinnoi <a href=\"http:\/\/www.ely-keskus.fi\/web\/ely\/ely-pohjois-pohjanmaa;jsessionid=692AF8F6435C2E4970693CA02ECC8415?p_p_id=122_INSTANCE_aluevalinta&amp;p_p_lifecycle=0&amp;p_p_state=normal&amp;p_p_mode=view&amp;p_r_p_564233524_resetCur=true&amp;p_r_p_564233524_categoryId=14404#.VIVgIMkmySo\" target=\"_blank\">Pohjois-Pohjanmaan ELY-keskus.<\/a><\/p>\n<p>Koordinaatiohanketta hallinnoi Lapin ammattikorkeakoulu. Yhteisty\u00f6kumppaneita ovat H\u00e4meen ammattikorkeakoulu ja Tampereen yliopiston informaatiotieteiden yksik\u00f6n TRIM-tutkimuskeskus.<\/p>\n<p>AKTIIVI Plus\u00a0 ker\u00e4\u00e4 ESR-rahoitteisena hankkeena tietoja j\u00e4rjest\u00e4miens\u00e4 tapahtumien osallistujista. Euroopan Sosiaalirahasto edellytt\u00e4\u00e4 osallistuvien henkil\u00f6it\u00e4 kuvaavien lukum\u00e4\u00e4r\u00e4tietojen ker\u00e4\u00e4mist\u00e4. Tiedot on pystytt\u00e4v\u00e4 tarvittaessa todentamaan j\u00e4lkik\u00e4teen yksil\u00f6kohtaisesti. Tietosuojaseloste l\u00f6ytyy t\u00e4st\u00e4 <a href=\"https:\/\/elgg.mcampus.fi\/aktiivi\/mod\/file\/download.php?file_guid=13628\">linkist\u00e4.<\/a><\/p>\n<p><a href=\"https:\/\/blogi.eoppimispalvelut.fi\/aktiiviplus\/hankeinfo\/aktiivi-plus_viestintasuunnitelma_03_2014\/\" rel=\"attachment wp-att-1524\">AKTIIVI Plus -viestint\u00e4suunnitelma<\/a><\/p>\n","protected":false},"excerpt":{"rendered":"<p>AKTIIVI in English Milt\u00e4 kuulostavat seuraavat termit ja asiat: Aktiivinen kansalainen? Avoimet oppimisymp\u00e4rist\u00f6t? Vapaa p\u00e4\u00e4sy tiedon tuottamiseen? Vapaa p\u00e4\u00e4sy tekniikoihin, julkaisuv\u00e4lineisiin ja vuorovaikutuskanaviin? Vapaa p\u00e4\u00e4sy julkisin varoin tuotettuihin verkossa oleviin perusaineistoihin? Taito k\u00e4ytt\u00e4\u00e4 laitteita ja erilaisia tietoresursseja? Mahdollisuus saada henkil\u00f6kohtaista &hellip; <a href=\"https:\/\/blogi.eoppimispalvelut.fi\/aktiiviplus\/hankeinfo\/\">Continue reading <span class=\"meta-nav\">&rarr;<\/span><\/a><\/p>\n","protected":false},"author":6,"featured_media":0,"parent":0,"menu_order":0,"comment_status":"closed","ping_status":"open","template":"","meta":{"_monsterinsights_skip_tracking":false,"_monsterinsights_sitenote_active":false,"_monsterinsights_sitenote_note":"","_monsterinsights_sitenote_category":0,"footnotes":""},"class_list":["post-157","page","type-page","status-publish","hentry"],"_links":{"self":[{"href":"https:\/\/blogi.eoppimispalvelut.fi\/aktiiviplus\/wp-json\/wp\/v2\/pages\/157","targetHints":{"allow":["GET"]}}],"collection":[{"href":"https:\/\/blogi.eoppimispalvelut.fi\/aktiiviplus\/wp-json\/wp\/v2\/pages"}],"about":[{"href":"https:\/\/blogi.eoppimispalvelut.fi\/aktiiviplus\/wp-json\/wp\/v2\/types\/page"}],"author":[{"embeddable":true,"href":"https:\/\/blogi.eoppimispalvelut.fi\/aktiiviplus\/wp-json\/wp\/v2\/users\/6"}],"replies":[{"embeddable":true,"href":"https:\/\/blogi.eoppimispalvelut.fi\/aktiiviplus\/wp-json\/wp\/v2\/comments?post=157"}],"version-history":[{"count":24,"href":"https:\/\/blogi.eoppimispalvelut.fi\/aktiiviplus\/wp-json\/wp\/v2\/pages\/157\/revisions"}],"predecessor-version":[{"id":2297,"href":"https:\/\/blogi.eoppimispalvelut.fi\/aktiiviplus\/wp-json\/wp\/v2\/pages\/157\/revisions\/2297"}],"wp:attachment":[{"href":"https:\/\/blogi.eoppimispalvelut.fi\/aktiiviplus\/wp-json\/wp\/v2\/media?parent=157"}],"curies":[{"name":"wp","href":"https:\/\/api.w.org\/{rel}","templated":true}]}}