{"id":1860,"date":"2014-08-20T14:37:55","date_gmt":"2014-08-20T11:37:55","guid":{"rendered":"https:\/\/blogi.eoppimispalvelut.fi\/aktiiviplus\/?page_id=1860"},"modified":"2014-08-26T10:23:48","modified_gmt":"2014-08-26T07:23:48","slug":"online_kasikirja","status":"publish","type":"page","link":"https:\/\/blogi.eoppimispalvelut.fi\/aktiiviplus\/online_kasikirja\/","title":{"rendered":"Joustavista verkostoista WhatsAppiin"},"content":{"rendered":"<p><strong>Asiantuntijan\u00e4kemyksi\u00e4 avoimista oppimisymp\u00e4rist\u00f6ist\u00e4 ja k\u00e4yt\u00e4nn\u00f6n menetelmi\u00e4 verkkoty\u00f6skentelyyn.<\/strong><\/p>\n<p>T\u00e4lle sivulle on koottu verkostoitumista, avoimuuden merkityksi\u00e4 sek\u00e4 verkon moninaisia ty\u00f6kaluja ja \u2013 muotoja k\u00e4sittelevi\u00e4 asiantuntijapuheenvuoroja, jotka on tallennettu ITK-konferenssin yhteydess\u00e4 H\u00e4meenlinnan Aulangolla huhtikuussa 2014. \u00c4\u00e4ness\u00e4 on elinkeinoel\u00e4m\u00e4n vaikuttajia, yliopistov\u00e4ke\u00e4 ja hankety\u00f6n tuntijoita.<\/p>\n<p>Videoiden tarkoitus on toimia ennen muuta k\u00e4sikirjamaisena oppaana n\u00e4ihin oppimista ja teknologiaa k\u00e4sitteleviin aiheisiin. Avoimet oppimisymp\u00e4rist\u00f6t saattavat monelle merkit\u00e4 avointa verkko-oppimisalustaa, kun yh\u00e4 useammat kokevat avoimuuden k\u00e4sitteen liittyv\u00e4n erityisesti mentaalisiin toimintavalmiuksiin sek\u00e4 erityisesti oppijan omiin kykyihin ja asenteeseen ammentaa ymp\u00e4rist\u00f6n tarjonnasta itse\u00e4 parhaiten palveleva osaaminen ja tieto. Avoimuuteen liitet\u00e4\u00e4n my\u00f6s jakamisen kulttuuri, jossa omat tuotokset n\u00e4hd\u00e4\u00e4n t\u00e4rke\u00e4n\u00e4 osana avointa oppimisymp\u00e4rist\u00f6\u00e4.<\/p>\n<p>Vaikka monet isot toimijat, kuten oppilaitokset k\u00e4ytt\u00e4v\u00e4t t\u00e4n\u00e4 p\u00e4iv\u00e4n\u00e4 teknologian suomia mahdollisuuksia laajalti hyv\u00e4kseen, saattaa teknologioiden k\u00e4ytt\u00f6 olla hyvin v\u00e4h\u00e4ist\u00e4 esimerkiksi ty\u00f6el\u00e4m\u00e4n eri sektoreilla. Asiaan vaikuttaa my\u00f6s se, millainen avoimuuden kulttuuri ja yhdess\u00e4 toimimisen perinne kyseisell\u00e4 toimialalla on syntynyt. K\u00e4yt\u00e4nt\u00f6j\u00e4 voi olla vaikeaa muuttaa lyhyell\u00e4 aikav\u00e4lill\u00e4, mutta toiminnan hy\u00f6dyt kannattaa tuoda selke\u00e4sti esiin kun uusia malleja lanseerataan.<\/p>\n<p><em>Tarjaleena Tuukkanen ja Mika Sihvonen<\/em><br \/>\n<em>AKTIIVI Plus<\/em><\/p>\n<p>&nbsp;<\/p>\n<h2>\u00a0N\u00e4kemyksi\u00e4 avoimuuteen ja aktiivisuuteen<\/h2>\n<div id='gallery-1' class='gallery galleryid-1860 gallery-columns-3 gallery-size-thumbnail'><dl class='gallery-item'>\n\t\t\t<dt class='gallery-icon landscape'>\n\t\t\t\t<img loading=\"lazy\" decoding=\"async\" width=\"150\" height=\"112\" src=\"https:\/\/blogi.eoppimispalvelut.fi\/aktiiviplus\/files\/2014\/08\/matti-150x112.jpg\" class=\"attachment-thumbnail size-thumbnail\" alt=\"\" aria-describedby=\"gallery-1-1840\" \/>\n\t\t\t<\/dt>\n\t\t\t\t<dd class='wp-caption-text gallery-caption' id='gallery-1-1840'>\n\t\t\t\tMatti Apunen <hr> Verkostot merkitsev\u00e4t luotettavia ihmisi\u00e4, joiden arvostelukykyyn voidaan luottaa ja jotka tekev\u00e4t esivalintaa ja tiedon seulontaa yksitt\u00e4isen ihmisen puolesta.         <a href=\"http:\/\/youtu.be\/V2vydPoQyE0g\/\" target=\"_blank\"> Video<\/a>\n\t\t\t\t<\/dd><\/dl><dl class='gallery-item'>\n\t\t\t<dt class='gallery-icon landscape'>\n\t\t\t\t<img loading=\"lazy\" decoding=\"async\" width=\"150\" height=\"114\" src=\"https:\/\/blogi.eoppimispalvelut.fi\/aktiiviplus\/files\/2014\/08\/jari-150x114.jpg\" class=\"attachment-thumbnail size-thumbnail\" alt=\"\" aria-describedby=\"gallery-1-1862\" \/>\n\t\t\t<\/dt>\n\t\t\t\t<dd class='wp-caption-text gallery-caption' id='gallery-1-1862'>\n\t\t\t\tJari Multisilta <hr> Avoimet oppimisymp\u00e4rist\u00f6t tuovat mukanaan tasa-arvoa, koska oppijat voivat taustastaan riippumatta opiskella haluamiaan sis\u00e4lt\u00f6j\u00e4 ja muokata niit\u00e4 itselleen sopiviksi.<a href=\"http:\/\/youtu.be\/SGqquVrqpvk\/\" target=\"_blank\"> Video<\/a>\n\t\t\t\t<\/dd><\/dl><dl class='gallery-item'>\n\t\t\t<dt class='gallery-icon landscape'>\n\t\t\t\t<img loading=\"lazy\" decoding=\"async\" width=\"150\" height=\"113\" src=\"https:\/\/blogi.eoppimispalvelut.fi\/aktiiviplus\/files\/2014\/08\/karita-150x113.jpg\" class=\"attachment-thumbnail size-thumbnail\" alt=\"\" aria-describedby=\"gallery-1-1863\" \/>\n\t\t\t<\/dt>\n\t\t\t\t<dd class='wp-caption-text gallery-caption' id='gallery-1-1863'>\n\t\t\t\tCarita Kiili <hr> Haasteet ja oppijoiden omat kiinnostuksen kohteet ovat merkityksellisi\u00e4 oppijan aktivoinnissa.<a href=\"http:\/\/youtu.be\/z_SBUxo9A3s\/\" target=\"_blank\"> Video<\/a> \n\t\t\t\t<\/dd><\/dl><br style=\"clear: both\" \/>\n\t\t<\/div>\n\n<h2>Verkon uudet toimintamallit<\/h2>\n<div id='gallery-2' class='gallery galleryid-1860 gallery-columns-2 gallery-size-thumbnail'><dl class='gallery-item'>\n\t\t\t<dt class='gallery-icon landscape'>\n\t\t\t\t<img loading=\"lazy\" decoding=\"async\" width=\"150\" height=\"113\" src=\"https:\/\/blogi.eoppimispalvelut.fi\/aktiiviplus\/files\/2014\/08\/tiina-150x113.jpg\" class=\"attachment-thumbnail size-thumbnail\" alt=\"\" aria-describedby=\"gallery-2-1892\" \/>\n\t\t\t<\/dt>\n\t\t\t\t<dd class='wp-caption-text gallery-caption' id='gallery-2-1892'>\n\t\t\t\tTiina Front-Tammivirta <hr> Tulevaisuuden n\u00e4kemyksi\u00e4: Verkon avoimet ryhm\u00e4ty\u00f6kalut ja \u2013menetelm\u00e4t eiv\u00e4t ole viel\u00e4 vakiintuneet yritysmaailmassa. <a href=\"http:\/\/youtu.be\/H67wglpl2Rk\/\" target=\"_blank\"> Video<\/a>\n\t\t\t\t<\/dd><\/dl><dl class='gallery-item'>\n\t\t\t<dt class='gallery-icon landscape'>\n\t\t\t\t<img loading=\"lazy\" decoding=\"async\" width=\"150\" height=\"113\" src=\"https:\/\/blogi.eoppimispalvelut.fi\/aktiiviplus\/files\/2014\/08\/minttu-150x113.jpg\" class=\"attachment-thumbnail size-thumbnail\" alt=\"\" aria-describedby=\"gallery-2-1888\" \/>\n\t\t\t<\/dt>\n\t\t\t\t<dd class='wp-caption-text gallery-caption' id='gallery-2-1888'>\n\t\t\t\tMinttu R\u00e4ty <hr> S\u00e4\u00e4nn\u00f6llinen toiminta on valttia et\u00e4kokouksissa. Teknologian kanssa el\u00e4minen edellytt\u00e4\u00e4 kuitenkin aina joustavuutta.<a href=\"https:\/\/www.youtube.com\/watch?v=D3g3Il5RGkI&amp;feature=youtu.be\/\" target=\"_blank\"> Video<\/a>\n\t\t\t\t<\/dd><\/dl><br style=\"clear: both\" \/><dl class='gallery-item'>\n\t\t\t<dt class='gallery-icon landscape'>\n\t\t\t\t<img loading=\"lazy\" decoding=\"async\" width=\"150\" height=\"113\" src=\"https:\/\/blogi.eoppimispalvelut.fi\/aktiiviplus\/files\/2014\/08\/liisa-150x113.jpg\" class=\"attachment-thumbnail size-thumbnail\" alt=\"\" aria-describedby=\"gallery-2-1887\" \/>\n\t\t\t<\/dt>\n\t\t\t\t<dd class='wp-caption-text gallery-caption' id='gallery-2-1887'>\n\t\t\t\tLiisa Kirves <hr> Blogi palvelee hanketoiminnassa monin eri tavoin. Erilaiset tietopalveluiden k\u00e4yt\u00f6n ongelmat tulevat samalla n\u00e4kyviksi ja niist\u00e4 voidaan jatkossa selvit\u00e4 helpommin.<a href=\"http:\/\/youtu.be\/Mqv9rd1IrBY\/\" target=\"_blank\"> Video<\/a>\n\t\t\t\t<\/dd><\/dl><dl class='gallery-item'>\n\t\t\t<dt class='gallery-icon landscape'>\n\t\t\t\t<img loading=\"lazy\" decoding=\"async\" width=\"150\" height=\"113\" src=\"https:\/\/blogi.eoppimispalvelut.fi\/aktiiviplus\/files\/2014\/08\/jaakko-150x113.jpg\" class=\"attachment-thumbnail size-thumbnail\" alt=\"\" aria-describedby=\"gallery-2-1837\" \/>\n\t\t\t<\/dt>\n\t\t\t\t<dd class='wp-caption-text gallery-caption' id='gallery-2-1837'>\n\t\t\t\tJaakko Rantala <hr> Sosiaalisen median k\u00e4yt\u00e4nn\u00f6t eiv\u00e4t ole kaikille itsest\u00e4\u00e4nselvyyksi\u00e4. Paniikkinappulan avulla opiskelijat eiv\u00e4t tipahda vauhdista. <a href=\"http:\/\/youtu.be\/JDhNpzX-QsA\/\" target=\"_blank\">Video<\/a>\n\t\t\t\t<\/dd><\/dl><br style=\"clear: both\" \/>\n\t\t<\/div>\n\n<h2>Menetelm\u00e4t ja ty\u00f6kalut yhteis\u00f6llist\u00e4 oppimista palvelemassa<\/h2>\n<div id='gallery-3' class='gallery galleryid-1860 gallery-columns-2 gallery-size-thumbnail'><dl class='gallery-item'>\n\t\t\t<dt class='gallery-icon landscape'>\n\t\t\t\t<img loading=\"lazy\" decoding=\"async\" width=\"150\" height=\"112\" src=\"https:\/\/blogi.eoppimispalvelut.fi\/aktiiviplus\/files\/2014\/08\/outi-150x112.jpg\" class=\"attachment-thumbnail size-thumbnail\" alt=\"\" aria-describedby=\"gallery-3-1889\" \/>\n\t\t\t<\/dt>\n\t\t\t\t<dd class='wp-caption-text gallery-caption' id='gallery-3-1889'>\n\t\t\t\tOuti Vahtila <hr> \u00c4lypuhelin henkil\u00f6kohtaisena muistiinpanov\u00e4lineen\u00e4, omat tallenteet saadaan samalla verkkoon muiden n\u00e4ht\u00e4viksi. <a href=\"http:\/\/youtu.be\/yiJVPBxB2lY\/\" target=\"_blank\">Video<\/a>\n\t\t\t\t<\/dd><\/dl><dl class='gallery-item'>\n\t\t\t<dt class='gallery-icon landscape'>\n\t\t\t\t<img loading=\"lazy\" decoding=\"async\" width=\"150\" height=\"113\" src=\"https:\/\/blogi.eoppimispalvelut.fi\/aktiiviplus\/files\/2014\/08\/johanna-150x113.jpg\" class=\"attachment-thumbnail size-thumbnail\" alt=\"\" aria-describedby=\"gallery-3-1886\" \/>\n\t\t\t<\/dt>\n\t\t\t\t<dd class='wp-caption-text gallery-caption' id='gallery-3-1886'>\n\t\t\t\tJohanna Salmia <hr> WhatsApp-pikaviestipalvelu palvelee mobiilisti monissa eri ryhm\u00e4ty\u00f6tilanteissa. <a href=\"http:\/\/youtu.be\/fZvKxQph_lw\/\" target=\"_blank\">Video<\/a>\n\t\t\t\t<\/dd><\/dl><br style=\"clear: both\" \/><dl class='gallery-item'>\n\t\t\t<dt class='gallery-icon landscape'>\n\t\t\t\t<img loading=\"lazy\" decoding=\"async\" width=\"150\" height=\"113\" src=\"https:\/\/blogi.eoppimispalvelut.fi\/aktiiviplus\/files\/2014\/08\/tarmo-150x113.jpg\" class=\"attachment-thumbnail size-thumbnail\" alt=\"\" aria-describedby=\"gallery-3-1890\" \/>\n\t\t\t<\/dt>\n\t\t\t\t<dd class='wp-caption-text gallery-caption' id='gallery-3-1890'>\n\t\t\t\tTarmo Toikkanen <hr> Booktype avulla yhteiskirjoittamisen tuotokset voidaan koostaa luontevalla tavalla kirjamuotoon. <a href=\"http:\/\/youtu.be\/oB02L6AH7Ig\/\" target=\"_blank\">Video<\/a>\n\t\t\t\t<\/dd><\/dl><dl class='gallery-item'>\n\t\t\t<dt class='gallery-icon landscape'>\n\t\t\t\t<img loading=\"lazy\" decoding=\"async\" width=\"150\" height=\"113\" src=\"https:\/\/blogi.eoppimispalvelut.fi\/aktiiviplus\/files\/2014\/08\/tero-150x113.jpg\" class=\"attachment-thumbnail size-thumbnail\" alt=\"\" aria-describedby=\"gallery-3-1891\" \/>\n\t\t\t<\/dt>\n\t\t\t\t<dd class='wp-caption-text gallery-caption' id='gallery-3-1891'>\n\t\t\t\tTero Riskil\u00e4  <hr> Googlen monet palvelut hankkeen et\u00e4toimijoiden hy\u00f6tyk\u00e4yt\u00f6ss\u00e4. Organisaatioiden omat ohjeistukset on kuitenkin selvitett\u00e4v\u00e4 toiminnan alussa. <a href=\"http:\/\/youtu.be\/UrYxtn0leCE\/\" target=\"_blank\">Video<\/a>\n\t\t\t\t<\/dd><\/dl><br style=\"clear: both\" \/>\n\t\t<\/div>\n\n<h2><strong>Linkit<\/strong><\/h2>\n<p><a href=\"https:\/\/www.sourcefabric.org\/en\/booktype\" target=\"_blank\">https:\/\/www.sourcefabric.org\/en\/booktype<\/a><\/p>\n<p><a href=\"https:\/\/drive.google.com\/\" target=\"_blank\">https:\/\/drive.google.com\/<\/a><\/p>\n<p><a href=\"http:\/\/www.whatsapp.com\/\" target=\"_blank\">http:\/\/www.whatsapp.com\/<\/a><\/p>\n<h2><strong>Making-of<\/strong><\/h2>\n<p>Konferenssin yhteydess\u00e4 suoritetut kuvaukset olivat my\u00f6s tekij\u00f6illeen hieno sis\u00e4lt\u00f6\u00e4 ja teknologiaa yhdist\u00e4v\u00e4 oppimisprosessi. K\u00e4yt\u00f6ss\u00e4mme oli ZOOM Q3HD videotallennin sek\u00e4 kevyt kamerajalusta, joilla arvelimme saavamme aikaiseksi ainakin astetta parempaa laatua, kuin mit\u00e4 \u00e4lypuhelimet ja tablettitietokoneet tarjoaisivat.<\/p>\n<p>Vain osa haastateltavista oli etuk\u00e4teen varautunut haastattelutilanteeseen. T\u00e4m\u00e4 asetti jonkin verran haasteita sill\u00e4 konferenssialueelta ei kaikkina hetkin\u00e4 l\u00f6ytynyt riitt\u00e4v\u00e4n rauhallista tilaa haastattelulle. Toisaalta halusimme saada taustalle jonkin verran konferenssih\u00e4lin\u00e4\u00e4 tunnelmaa luomaan. Ehk\u00e4 erillinen mikrofoni olisi tietyiss\u00e4 tilanteissa varmistanut puheen paremman tallennuksen, muuten laitteisto toimi erilaiset tilat huomioiden oikein hyvin.<\/p>\n<p><a href=\"http:\/\/www.zoom.co.jp\/products\/q3hdhttp:\/\/\" target=\"_blank\"><span lang=\"EN-US\" style=\"font-family: 'Georgia','serif';color: #333333;background: white\">http:\/\/www.zoom.co.jp\/products\/q3hd<\/span><\/a><\/p>\n<p>&nbsp;<\/p>\n","protected":false},"excerpt":{"rendered":"<p>Asiantuntijan\u00e4kemyksi\u00e4 avoimista oppimisymp\u00e4rist\u00f6ist\u00e4 ja k\u00e4yt\u00e4nn\u00f6n menetelmi\u00e4 verkkoty\u00f6skentelyyn. T\u00e4lle sivulle on koottu verkostoitumista, avoimuuden merkityksi\u00e4 sek\u00e4 verkon moninaisia ty\u00f6kaluja ja \u2013 muotoja k\u00e4sittelevi\u00e4 asiantuntijapuheenvuoroja, jotka on tallennettu ITK-konferenssin yhteydess\u00e4 H\u00e4meenlinnan Aulangolla huhtikuussa 2014. \u00c4\u00e4ness\u00e4 on elinkeinoel\u00e4m\u00e4n vaikuttajia, yliopistov\u00e4ke\u00e4 ja hankety\u00f6n tuntijoita. &hellip; <a href=\"https:\/\/blogi.eoppimispalvelut.fi\/aktiiviplus\/online_kasikirja\/\">Continue reading <span class=\"meta-nav\">&rarr;<\/span><\/a><\/p>\n","protected":false},"author":1258,"featured_media":0,"parent":0,"menu_order":0,"comment_status":"closed","ping_status":"closed","template":"onecolumn-page.php","meta":{"_monsterinsights_skip_tracking":false,"_monsterinsights_sitenote_active":false,"_monsterinsights_sitenote_note":"","_monsterinsights_sitenote_category":0,"footnotes":""},"class_list":["post-1860","page","type-page","status-publish","hentry"],"_links":{"self":[{"href":"https:\/\/blogi.eoppimispalvelut.fi\/aktiiviplus\/wp-json\/wp\/v2\/pages\/1860","targetHints":{"allow":["GET"]}}],"collection":[{"href":"https:\/\/blogi.eoppimispalvelut.fi\/aktiiviplus\/wp-json\/wp\/v2\/pages"}],"about":[{"href":"https:\/\/blogi.eoppimispalvelut.fi\/aktiiviplus\/wp-json\/wp\/v2\/types\/page"}],"author":[{"embeddable":true,"href":"https:\/\/blogi.eoppimispalvelut.fi\/aktiiviplus\/wp-json\/wp\/v2\/users\/1258"}],"replies":[{"embeddable":true,"href":"https:\/\/blogi.eoppimispalvelut.fi\/aktiiviplus\/wp-json\/wp\/v2\/comments?post=1860"}],"version-history":[{"count":17,"href":"https:\/\/blogi.eoppimispalvelut.fi\/aktiiviplus\/wp-json\/wp\/v2\/pages\/1860\/revisions"}],"predecessor-version":[{"id":1905,"href":"https:\/\/blogi.eoppimispalvelut.fi\/aktiiviplus\/wp-json\/wp\/v2\/pages\/1860\/revisions\/1905"}],"wp:attachment":[{"href":"https:\/\/blogi.eoppimispalvelut.fi\/aktiiviplus\/wp-json\/wp\/v2\/media?parent=1860"}],"curies":[{"name":"wp","href":"https:\/\/api.w.org\/{rel}","templated":true}]}}