{"id":2061,"date":"2014-10-16T15:55:04","date_gmt":"2014-10-16T12:55:04","guid":{"rendered":"https:\/\/blogi.eoppimispalvelut.fi\/aktiiviplus\/?page_id=2061"},"modified":"2014-10-21T13:08:52","modified_gmt":"2014-10-21T10:08:52","slug":"yhteystiedot","status":"publish","type":"page","link":"https:\/\/blogi.eoppimispalvelut.fi\/aktiiviplus\/yhteystiedot\/","title":{"rendered":"Yhteystiedot"},"content":{"rendered":"<table>\n<tbody>\n<tr>\n<td style=\"text-align: left;vertical-align: bottom\"><a href=\"https:\/\/blogi.eoppimispalvelut.fi\/aktiiviplus\/files\/2014\/10\/leena.php_.jpg\"><img loading=\"lazy\" decoding=\"async\" class=\"alignleft wp-image-2065\" src=\"https:\/\/blogi.eoppimispalvelut.fi\/aktiiviplus\/files\/2014\/10\/leena.php_.jpg\" alt=\"leena.php\" width=\"133\" height=\"100\" \/><\/a><\/td>\n<td style=\"text-align: left;vertical-align: middle\">Leena Vainio<br \/>\nKoordinaatiohankkeen projektip\u00e4\u00e4llikk\u00f6<br \/>\netunimi.sukunimi@omnia.fi<\/td>\n<\/tr>\n<tr>\n<td><a href=\"https:\/\/blogi.eoppimispalvelut.fi\/aktiiviplus\/files\/2014\/10\/mikap.php_.jpg\"><img loading=\"lazy\" decoding=\"async\" class=\"alignnone wp-image-2066\" src=\"https:\/\/blogi.eoppimispalvelut.fi\/aktiiviplus\/files\/2014\/10\/mikap.php_.jpg\" alt=\"mikap.php\" width=\"100\" height=\"100\" srcset=\"https:\/\/blogi.eoppimispalvelut.fi\/aktiiviplus\/files\/2014\/10\/mikap.php_.jpg 200w, https:\/\/blogi.eoppimispalvelut.fi\/aktiiviplus\/files\/2014\/10\/mikap.php_-150x150.jpg 150w\" sizes=\"auto, (max-width: 100px) 100vw, 100px\" \/><\/a><\/td>\n<td style=\"text-align: left;vertical-align: middle\">Mika Pet\u00e4snoro<br \/>\nkoordinaattori, hallinnolliset asiat<br \/>\netunimi.sukunimi@lapinamk.fi<\/td>\n<\/tr>\n<tr>\n<td>\u00a0<a href=\"https:\/\/blogi.eoppimispalvelut.fi\/aktiiviplus\/files\/2014\/10\/jarmo.php_.jpg\"><img loading=\"lazy\" decoding=\"async\" class=\"alignnone wp-image-2068\" src=\"https:\/\/blogi.eoppimispalvelut.fi\/aktiiviplus\/files\/2014\/10\/jarmo.php_.jpg\" alt=\"jarmo.php\" width=\"67\" height=\"100\" \/><\/a><\/td>\n<td style=\"text-align: left;vertical-align: middle\">Jarmo Viteli<br \/>\ntutkimus- ja arviointiasiantuntemus<br \/>\netunimi.sukunimi@uta.fi<\/td>\n<\/tr>\n<tr>\n<td>\u00a0<a href=\"https:\/\/blogi.eoppimispalvelut.fi\/aktiiviplus\/files\/2014\/10\/eveliina.php_.jpg\"><img loading=\"lazy\" decoding=\"async\" class=\"alignnone wp-image-2071\" src=\"https:\/\/blogi.eoppimispalvelut.fi\/aktiiviplus\/files\/2014\/10\/eveliina.php_.jpg\" alt=\"eveliina.php\" width=\"100\" height=\"100\" srcset=\"https:\/\/blogi.eoppimispalvelut.fi\/aktiiviplus\/files\/2014\/10\/eveliina.php_.jpg 200w, https:\/\/blogi.eoppimispalvelut.fi\/aktiiviplus\/files\/2014\/10\/eveliina.php_-150x150.jpg 150w\" sizes=\"auto, (max-width: 100px) 100vw, 100px\" \/><\/a><\/td>\n<td style=\"text-align: left;vertical-align: middle\">Eveliina Toivonen<br \/>\nviestint\u00e4, tapahtumat, ilmoittautumiset<br \/>\netunimi.sukunimi@hamk.fi<\/td>\n<\/tr>\n<tr>\n<td><a href=\"https:\/\/blogi.eoppimispalvelut.fi\/aktiiviplus\/files\/2014\/10\/kirsi.php_.jpg\"><img loading=\"lazy\" decoding=\"async\" class=\"alignnone wp-image-2069\" src=\"https:\/\/blogi.eoppimispalvelut.fi\/aktiiviplus\/files\/2014\/10\/kirsi.php_.jpg\" alt=\"kirsi.php\" width=\"100\" height=\"100\" srcset=\"https:\/\/blogi.eoppimispalvelut.fi\/aktiiviplus\/files\/2014\/10\/kirsi.php_.jpg 200w, https:\/\/blogi.eoppimispalvelut.fi\/aktiiviplus\/files\/2014\/10\/kirsi.php_-150x150.jpg 150w\" sizes=\"auto, (max-width: 100px) 100vw, 100px\" \/><\/a><\/td>\n<td style=\"text-align: left;vertical-align: middle\">Kirsi Saloniemi<br \/>\nviestint\u00e4, koulutukset, ennakointi<br \/>\netunimi.sukunimi@lapinamk.fi<\/td>\n<\/tr>\n<tr>\n<td>\u00a0<a href=\"https:\/\/blogi.eoppimispalvelut.fi\/aktiiviplus\/files\/2014\/10\/minttu.jpg\"><img loading=\"lazy\" decoding=\"async\" class=\"alignnone wp-image-2073\" src=\"https:\/\/blogi.eoppimispalvelut.fi\/aktiiviplus\/files\/2014\/10\/minttu.jpg\" alt=\"minttu\" width=\"100\" height=\"100\" srcset=\"https:\/\/blogi.eoppimispalvelut.fi\/aktiiviplus\/files\/2014\/10\/minttu.jpg 330w, https:\/\/blogi.eoppimispalvelut.fi\/aktiiviplus\/files\/2014\/10\/minttu-150x150.jpg 150w\" sizes=\"auto, (max-width: 100px) 100vw, 100px\" \/><\/a><\/td>\n<td style=\"text-align: left;vertical-align: middle\">Minttu Lampinen<br \/>\nmarkkinointi, tuotteistaminen<br \/>\netunimi.sukunimi@hamk.fi<\/td>\n<\/tr>\n<tr>\n<td>\u00a0<a href=\"https:\/\/blogi.eoppimispalvelut.fi\/aktiiviplus\/files\/2014\/10\/mikas.php_.jpg\"><img loading=\"lazy\" decoding=\"async\" class=\"alignnone wp-image-2067\" src=\"https:\/\/blogi.eoppimispalvelut.fi\/aktiiviplus\/files\/2014\/10\/mikas.php_.jpg\" alt=\"mikas.php\" width=\"133\" height=\"100\" \/><\/a><\/td>\n<td style=\"text-align: left;vertical-align: middle\">Mika Sihvonen<br \/>\ntutkimus<br \/>\netunimi.sukunimi@uta.fi<\/td>\n<\/tr>\n<tr>\n<td>\u00a0<a href=\"https:\/\/blogi.eoppimispalvelut.fi\/aktiiviplus\/files\/2014\/10\/miikka.jpg\"><img loading=\"lazy\" decoding=\"async\" class=\"alignnone wp-image-2153\" src=\"https:\/\/blogi.eoppimispalvelut.fi\/aktiiviplus\/files\/2014\/10\/miikka-580x696.jpg\" alt=\"miikka\" width=\"83\" height=\"100\" srcset=\"https:\/\/blogi.eoppimispalvelut.fi\/aktiiviplus\/files\/2014\/10\/miikka-580x696.jpg 580w, https:\/\/blogi.eoppimispalvelut.fi\/aktiiviplus\/files\/2014\/10\/miikka.jpg 937w\" sizes=\"auto, (max-width: 83px) 100vw, 83px\" \/><\/a><\/td>\n<td style=\"text-align: left;vertical-align: middle\">Miikka Sipil\u00e4<br \/>\ntutkimus<br \/>\netunimi.sukunimi@uta.fi<\/td>\n<\/tr>\n<tr>\n<td>\u00a0<a href=\"https:\/\/blogi.eoppimispalvelut.fi\/aktiiviplus\/files\/2014\/10\/eero.php_.jpg\"><img loading=\"lazy\" decoding=\"async\" class=\"alignnone wp-image-2072\" src=\"https:\/\/blogi.eoppimispalvelut.fi\/aktiiviplus\/files\/2014\/10\/eero.php_.jpg\" alt=\"eero.php\" width=\"88\" height=\"100\" \/><\/a><\/td>\n<td style=\"text-align: left;vertical-align: middle\">Eero Pekkarinen<br \/>\nasiantuntija<br \/>\netunimi.sukunimi@lapinamk.fi<\/td>\n<\/tr>\n<\/tbody>\n<\/table>\n<p>www: <a href=\"http:\/\/www.aktiivi.info\">www.aktiivi.info<\/a><br \/>\nwww: <a href=\"http:\/\/bit.ly\/aktiivi_english\">bit.ly\/aktiivi_english<\/a><br \/>\nFacebook: <a href=\"http:\/\/www.facebook.com\/aktiivi\">www.facebook.com\/aktiivi<\/a><br \/>\nTwitter: <a href=\"http:\/\/twitter.com\/aktiivihanke\">twitter.com\/aktiivihanke<\/a><br \/>\nInstagram: <a href=\"http:\/\/instagram.com\/aktiivi\/\">instagram.com\/aktiivi\/<\/a><\/p>\n","protected":false},"excerpt":{"rendered":"<p>Leena Vainio Koordinaatiohankkeen projektip\u00e4\u00e4llikk\u00f6 etunimi.sukunimi@omnia.fi Mika Pet\u00e4snoro koordinaattori, hallinnolliset asiat etunimi.sukunimi@lapinamk.fi \u00a0 Jarmo Viteli tutkimus- ja arviointiasiantuntemus etunimi.sukunimi@uta.fi \u00a0 Eveliina Toivonen viestint\u00e4, tapahtumat, ilmoittautumiset etunimi.sukunimi@hamk.fi Kirsi Saloniemi viestint\u00e4, koulutukset, ennakointi etunimi.sukunimi@lapinamk.fi \u00a0 Minttu Lampinen markkinointi, tuotteistaminen etunimi.sukunimi@hamk.fi \u00a0 Mika Sihvonen &hellip; <a href=\"https:\/\/blogi.eoppimispalvelut.fi\/aktiiviplus\/yhteystiedot\/\">Continue reading <span class=\"meta-nav\">&rarr;<\/span><\/a><\/p>\n","protected":false},"author":51,"featured_media":0,"parent":0,"menu_order":0,"comment_status":"closed","ping_status":"closed","template":"","meta":{"_monsterinsights_skip_tracking":false,"_monsterinsights_sitenote_active":false,"_monsterinsights_sitenote_note":"","_monsterinsights_sitenote_category":0,"footnotes":""},"class_list":["post-2061","page","type-page","status-publish","hentry"],"_links":{"self":[{"href":"https:\/\/blogi.eoppimispalvelut.fi\/aktiiviplus\/wp-json\/wp\/v2\/pages\/2061","targetHints":{"allow":["GET"]}}],"collection":[{"href":"https:\/\/blogi.eoppimispalvelut.fi\/aktiiviplus\/wp-json\/wp\/v2\/pages"}],"about":[{"href":"https:\/\/blogi.eoppimispalvelut.fi\/aktiiviplus\/wp-json\/wp\/v2\/types\/page"}],"author":[{"embeddable":true,"href":"https:\/\/blogi.eoppimispalvelut.fi\/aktiiviplus\/wp-json\/wp\/v2\/users\/51"}],"replies":[{"embeddable":true,"href":"https:\/\/blogi.eoppimispalvelut.fi\/aktiiviplus\/wp-json\/wp\/v2\/comments?post=2061"}],"version-history":[{"count":52,"href":"https:\/\/blogi.eoppimispalvelut.fi\/aktiiviplus\/wp-json\/wp\/v2\/pages\/2061\/revisions"}],"predecessor-version":[{"id":2170,"href":"https:\/\/blogi.eoppimispalvelut.fi\/aktiiviplus\/wp-json\/wp\/v2\/pages\/2061\/revisions\/2170"}],"wp:attachment":[{"href":"https:\/\/blogi.eoppimispalvelut.fi\/aktiiviplus\/wp-json\/wp\/v2\/media?parent=2061"}],"curies":[{"name":"wp","href":"https:\/\/api.w.org\/{rel}","templated":true}]}}