{"id":826,"date":"2013-09-26T12:27:45","date_gmt":"2013-09-26T09:27:45","guid":{"rendered":"https:\/\/blogi.eoppimispalvelut.fi\/aktiiviplus\/?page_id=826"},"modified":"2014-10-14T10:51:36","modified_gmt":"2014-10-14T07:51:36","slug":"hankkeiden-tuotteita-tuloksia-palveluja-ja-hyvia-kaytantoja","status":"publish","type":"page","link":"https:\/\/blogi.eoppimispalvelut.fi\/aktiiviplus\/hankkeiden-tuotteita-tuloksia-palveluja-ja-hyvia-kaytantoja\/","title":{"rendered":"Hankkeiden tuotteita, tuloksia, palveluja ja hyvi\u00e4 k\u00e4yt\u00e4nt\u00f6j\u00e4"},"content":{"rendered":"<p>T\u00e4lle sivulle on ker\u00e4t\u00e4\u00e4n Avoimissa oppimisymp\u00e4rist\u00f6iss\u00e4 aktiiviseksi kansalaiseksi -kehitt\u00e4misohjelman hankkeiden tuloksista syntyneit\u00e4 tuotteita, tuloksia, palveluja ja hyv\u00e4 k\u00e4ynt\u00e4nt\u00f6j\u00e4. Tuotekuvaukset\u00a0ovat pdf-tiedostoina tai www-sivuina.<\/p>\n<p>Syksyn 2013 webinaarisarjan esittely ja <a href=\"https:\/\/blogi.eoppimispalvelut.fi\/aktiiviplus\/webinaarisarja-syksylla-2013\/\" target=\"_blank\">tallenteet l\u00f6ytyv\u00e4t t\u00e4st\u00e4.<\/a> Webinaarissa AKTIIVI-verkoston hankkeiden toimijat esittiv\u00e4t tiiviiss\u00e4 puolen tunnin mittaisissa puheenvuoroissaan hankkeiden hyvi\u00e4 k\u00e4yt\u00e4nt\u00f6j\u00e4 ja tuloksia.<\/p>\n<p>Tuumasta toimeen -seminaarin (lokakuu 2013) materiaalit ja esitykset l\u00f6ytyv\u00e4t<a href=\"https:\/\/blogi.eoppimispalvelut.fi\/aktiiviplus\/tuumasta-toimeen-seminaarin-anti\/\" target=\"_blank\"> t\u00e4lt\u00e4 sivulta<\/a>.<\/p>\n<p>Aistien -hanke<br \/>\n<a href=\"https:\/\/elgg.mcampus.fi\/aktiivi\/mod\/file\/download.php?file_guid=12693\" target=\"_blank\">Metodi, jossa hy\u00f6dynnet\u00e4\u00e4n moniaistista tilaa oppimisen, kulttuurin n\u00e4kyv\u00e4ksi tekemisen, yhteis\u00f6llisyyden ja hyvinvoinnin edist\u00e4misen v\u00e4lineen\u00e4<br \/>\n<\/a><a href=\"https:\/\/blogi.eoppimispalvelut.fi\/aktiiviplus\/files\/2014\/06\/poster-With-all-senses.pdf\" target=\"_blank\">With All Senses &#8211; Developing Open Learning Environments<\/a><\/p>\n<p>AKTIIVI -hanke<br \/>\n<a href=\"https:\/\/elgg.mcampus.fi\/aktiivi\/mod\/file\/download.php?file_guid=12694\" target=\"_blank\">Hankkeen v\u00e4liarviointi ty\u00f6pajassa<\/a><br \/>\n<a href=\"https:\/\/blogi.eoppimispalvelut.fi\/aktiiviplus\/files\/2014\/06\/poster-AKTIIVI-networking-and-collaboration.pdf\" target=\"_blank\">Networking and collaboration<\/a><br \/>\n<a href=\"https:\/\/blogi.eoppimispalvelut.fi\/aktiiviplus\/files\/2014\/06\/poster-Development-Evaluation.pdf\" target=\"_blank\">Development and evaluation<\/a><\/p>\n<p>ALY &#8211; Avoin Luova Yhteis\u00f6<br \/>\n<a href=\"https:\/\/blogi.eoppimispalvelut.fi\/aktiiviplus\/files\/2014\/06\/poster-ALY-eq.-Open-Community-Approach.pdf\" target=\"_blank\">Open Community Approach<\/a><\/p>\n<p>Avara museo -hanke<br \/>\n<a href=\"https:\/\/elgg.mcampus.fi\/aktiivi\/mod\/file\/download.php?file_guid=12699\" target=\"_blank\">Paikallinen historia kotouttamisen tukena<br \/>\n<\/a><a href=\"https:\/\/elgg.mcampus.fi\/aktiivi\/mod\/file\/download.php?file_guid=12698\" target=\"_blank\">Innovatiivinen palvelupaketti<br \/>\n<\/a><a href=\"https:\/\/elgg.mcampus.fi\/aktiivi\/mod\/file\/download.php?file_guid=12697\" target=\"_blank\">Avaamo -opintoryhm\u00e4malli<br \/>\n<\/a><a href=\"https:\/\/elgg.mcampus.fi\/aktiivi\/mod\/file\/download.php?file_guid=12696\" target=\"_blank\">Museok\u00e4ynti osana ty\u00f6voimakoulutusta<br \/>\n<\/a><a href=\"https:\/\/elgg.mcampus.fi\/aktiivi\/mod\/file\/download.php?file_guid=12695\" target=\"_blank\">Vaunukansan museokaveri -kierrokset<\/a><\/p>\n<p>AVO 1 ja 2 -hankkeet<br \/>\n<a href=\"https:\/\/elgg.mcampus.fi\/aktiivi\/mod\/file\/download.php?file_guid=12704\" target=\"_blank\">Hankeosaaminen -verkostohankkeen koordinointi ja viestint\u00e4<br \/>\n<\/a><a href=\"https:\/\/elgg.mcampus.fi\/aktiivi\/mod\/file\/download.php?file_guid=12703\" target=\"_blank\">Matkatoimisto SoMe<br \/>\n<\/a><a href=\"https:\/\/elgg.mcampus.fi\/aktiivi\/mod\/file\/download.php?file_guid=12702\" target=\"_blank\">Toiminnallinen Second life -koulutus<br \/>\n<\/a><a href=\"https:\/\/elgg.mcampus.fi\/aktiivi\/mod\/file\/download.php?file_guid=12701\" target=\"_blank\">Sosiaalinen media hankety\u00f6ss\u00e4<br \/>\n<\/a><a href=\"https:\/\/elgg.mcampus.fi\/aktiivi\/mod\/file\/download.php?file_guid=12700\" target=\"_blank\">Webinaarit ja niiden hyv\u00e4t k\u00e4yt\u00e4nn\u00f6t<\/a><br \/>\n<a href=\"https:\/\/blogi.eoppimispalvelut.fi\/aktiiviplus\/files\/2014\/06\/poster-AVO2-%E2%80%93-Openness-Accelerating-Learning-Networks.pdf\" target=\"_blank\">Opennes Accelerating Learning Networks<\/a><\/p>\n<p>Avomobiilit-hanke<br \/>\n<a href=\"https:\/\/elgg.mcampus.fi\/aktiivi\/mod\/file\/download.php?file_guid=12705\" target=\"_blank\">Mobiilikes\u00e4koulu<\/a><br \/>\n<a href=\"https:\/\/blogi.eoppimispalvelut.fi\/aktiiviplus\/files\/2014\/06\/poster-mobile-summer-school.pdf\" target=\"_blank\">MobileSummer<\/a><\/p>\n<p>AYVOT -hanke<br \/>\n<a href=\"https:\/\/moodle.amk.fi\/course\/category.php?id=2\" target=\"_blank\">Seksuaaliterveysasema.fi<\/a><\/p>\n<p>J\u00e4rjest\u00f6t l\u00e4hidemokratian tukena -hanke<\/p>\n<p>Kiravo -hanke<br \/>\n<a href=\"https:\/\/elgg.mcampus.fi\/aktiivi\/mod\/file\/download.php?file_guid=12707\" target=\"_blank\">Tiedonhaun r\u00e4\u00e4t\u00e4l\u00f6idyt koulutusmateriaalit<\/a><\/p>\n<p>L\u00e4hell\u00e4 kaupungissa -hanke<br \/>\n<a href=\"https:\/\/elgg.mcampus.fi\/aktiivi\/mod\/file\/download.php?file_guid=12858\" target=\"_blank\">L\u00e4hell\u00e4 kaupungissa &#8211; kaupungin l\u00e4hiymp\u00e4rist\u00f6\u00f6n keskittyv\u00e4 verkko-oppimisen malli<br \/>\n<\/a><a href=\"http:\/\/lahellakaupungissa.fi\/\" target=\"_blank\">Lahellakaupungissa.fi<\/a><\/p>\n<p>Mobiilisti -hanke<br \/>\n<a href=\"https:\/\/elgg.mcampus.fi\/aktiivi\/mod\/file\/download.php?file_guid=12709\" target=\"_blank\">Mobiility\u00f6pajat<br \/>\n<\/a><a href=\"https:\/\/elgg.mcampus.fi\/aktiivi\/mod\/file\/download.php?file_guid=12708\" target=\"_blank\">Malli mobiilimateriaalin hy\u00f6dynt\u00e4misest\u00e4 osana opetusta ja oppimista eri p\u00e4\u00e4telaitteilla<\/a>&#8211; <a href=\"https:\/\/blogi.eoppimispalvelut.fi\/aktiiviplus\/files\/2014\/06\/poster-mobiilisti-mobiLearn.pdf\" target=\"_blank\">MobiLearn<\/a><\/p>\n<p>Osaavat verkostot -hanke<br \/>\n<a href=\"https:\/\/elgg.mcampus.fi\/aktiivi\/mod\/file\/download.php?file_guid=12710\" target=\"_blank\">Avaa tila<\/a><\/p>\n<p>S\u00e1pmi Mieht\u00e1 -hanke<br \/>\n<a href=\"https:\/\/elgg.mcampus.fi\/aktiivi\/mod\/file\/download.php?file_guid=12807\" target=\"_blank\">Saamenkielen ja kulttuurin et\u00e4opetus S\u00e1mi4all<\/a><br \/>\n<a href=\"https:\/\/blogi.eoppimispalvelut.fi\/aktiiviplus\/files\/2014\/06\/poster-S%C3%A1pmi-Mieht%C3%A1.pdf\" target=\"_blank\">S\u00e1pmi Mieht\u00e1 &#8211; Virtual Development and Learning Environment of S\u00e1mi Language and Culture<\/a><\/p>\n<p>Tietotaitotalkoot -hanke<br \/>\n<a href=\"https:\/\/elgg.mcampus.fi\/aktiivi\/mod\/file\/download.php?file_guid=12715\" target=\"_blank\">Kirjastojen viestint\u00e4p\u00e4iv\u00e4t<br \/>\n<\/a><a href=\"https:\/\/elgg.mcampus.fi\/aktiivi\/mod\/file\/download.php?file_guid=12714\" target=\"_blank\">Tulevaisuustalkoot<br \/>\n<\/a><a href=\"https:\/\/elgg.mcampus.fi\/aktiivi\/mod\/file\/download.php?file_guid=12713\" target=\"_blank\">Luotsikoulutus<br \/>\n<\/a><a href=\"https:\/\/elgg.mcampus.fi\/aktiivi\/mod\/file\/download.php?file_guid=12712\" target=\"_blank\">Tietotaitotalkoot<\/a><br \/>\n<a href=\"https:\/\/elgg.mcampus.fi\/aktiivi\/mod\/file\/download.php?file_guid=12892\" target=\"_blank\">Tietotaitotalkoot -salkku<\/a><\/p>\n<p>Tietoyhteiskunnan tilat ja sis\u00e4ll\u00f6t -hanke<br \/>\n<a href=\"https:\/\/elgg.mcampus.fi\/aktiivi\/mod\/file\/download.php?file_guid=12717\" target=\"_blank\">Muuntuva tila kirjastossa<br \/>\n<\/a><a href=\"https:\/\/elgg.mcampus.fi\/aktiivi\/mod\/file\/download.php?file_guid=12718\" target=\"_blank\">Osallistava tapahtumatuotanto<br \/>\n<\/a><a href=\"https:\/\/elgg.mcampus.fi\/aktiivi\/mod\/file\/download.php?file_guid=12716\" target=\"_blank\">Kouluyhteisty\u00f6, tuotteet kirjaston tarpeisiin<\/a><br \/>\n<a href=\"http:\/\/hankkeet.kirjastot.fi\/hanke\/h%C3%A4me-wiki\" target=\"_blank\">H\u00e4me-Wiki<\/a><br \/>\n<a href=\"http:\/\/hankkeet.kirjastot.fi\/hanke\/editointitila-ja-digitointipisteet\" target=\"_blank\">Editointitila ja digitointipisteet<\/a><br \/>\n<a href=\"http:\/\/hankkeet.kirjastot.fi\/hanke\/virtuaalipolkufi\" target=\"_blank\">Virtuaalipolku<\/a><br \/>\n<a href=\"http:\/\/hankkeet.kirjastot.fi\/hanke\/digitarinoita-kirjaston-historiasta\" target=\"_blank\">Digitarinoita kirjaston historiasta<\/a><\/p>\n<p>Verkko haltuun! N\u00e4tet i besittning! -hanke<br \/>\n<a href=\"https:\/\/elgg.mcampus.fi\/aktiivi\/mod\/file\/download.php?file_guid=12720\" target=\"_blank\">Iltasatuja vankilasta kotiin -opintopiiri<br \/>\n<\/a><a href=\"https:\/\/elgg.mcampus.fi\/aktiivi\/mod\/file\/download.php?file_guid=12719\" target=\"_blank\">Kirjastokerho<\/a><\/p>\n<p>YHTEYS &#8211; Yhdess\u00e4 tekemisen yhteis\u00f6t<br \/>\n<a href=\"https:\/\/blogi.eoppimispalvelut.fi\/aktiiviplus\/files\/2014\/06\/poster-YHTEYS-communities-collaborating-and-learning-together.pdf\" target=\"_blank\">YHTEYS -Communities collaborating and learning together<\/a><\/p>\n<p>Yhteisill\u00e4 vesill\u00e4<br \/>\n<a href=\"https:\/\/blogi.eoppimispalvelut.fi\/aktiiviplus\/files\/2014\/06\/poster-oncommonwaters.pdf\" target=\"_blank\">On Common Waters<\/a><\/p>\n<p><strong>Esiselvityshankkeet<\/strong><\/p>\n<p>Humanistisen ja kasvatusalan pienten ty\u00f6paikkojen ammattilaisten eMentorointi<br \/>\nKansalaistoiminnan keskukset avoimina oppimisymp\u00e4rist\u00f6in\u00e4<a href=\"http:\/\/www.humak.fi\/tutkimus\/hankkeet\/kansalaistoiminnan-keskukset-avoimina-oppimisymparistoina\" target=\"_blank\"><br \/>\n<\/a>Pilvipalvelut hajautetun ty\u00f6ymp\u00e4rist\u00f6n ty\u00f6huoneena ja oppimisymp\u00e4rist\u00f6n\u00e4<br \/>\nTy\u00f6el\u00e4m\u00e4 oppimisymp\u00e4rist\u00f6n\u00e4<\/p>\n","protected":false},"excerpt":{"rendered":"<p>T\u00e4lle sivulle on ker\u00e4t\u00e4\u00e4n Avoimissa oppimisymp\u00e4rist\u00f6iss\u00e4 aktiiviseksi kansalaiseksi -kehitt\u00e4misohjelman hankkeiden tuloksista syntyneit\u00e4 tuotteita, tuloksia, palveluja ja hyv\u00e4 k\u00e4ynt\u00e4nt\u00f6j\u00e4. Tuotekuvaukset\u00a0ovat pdf-tiedostoina tai www-sivuina. Syksyn 2013 webinaarisarjan esittely ja tallenteet l\u00f6ytyv\u00e4t t\u00e4st\u00e4. Webinaarissa AKTIIVI-verkoston hankkeiden toimijat esittiv\u00e4t tiiviiss\u00e4 puolen tunnin mittaisissa puheenvuoroissaan &hellip; <a href=\"https:\/\/blogi.eoppimispalvelut.fi\/aktiiviplus\/hankkeiden-tuotteita-tuloksia-palveluja-ja-hyvia-kaytantoja\/\">Continue reading <span class=\"meta-nav\">&rarr;<\/span><\/a><\/p>\n","protected":false},"author":6,"featured_media":0,"parent":0,"menu_order":0,"comment_status":"closed","ping_status":"closed","template":"","meta":{"_monsterinsights_skip_tracking":false,"_monsterinsights_sitenote_active":false,"_monsterinsights_sitenote_note":"","_monsterinsights_sitenote_category":0,"footnotes":""},"class_list":["post-826","page","type-page","status-publish","hentry"],"_links":{"self":[{"href":"https:\/\/blogi.eoppimispalvelut.fi\/aktiiviplus\/wp-json\/wp\/v2\/pages\/826","targetHints":{"allow":["GET"]}}],"collection":[{"href":"https:\/\/blogi.eoppimispalvelut.fi\/aktiiviplus\/wp-json\/wp\/v2\/pages"}],"about":[{"href":"https:\/\/blogi.eoppimispalvelut.fi\/aktiiviplus\/wp-json\/wp\/v2\/types\/page"}],"author":[{"embeddable":true,"href":"https:\/\/blogi.eoppimispalvelut.fi\/aktiiviplus\/wp-json\/wp\/v2\/users\/6"}],"replies":[{"embeddable":true,"href":"https:\/\/blogi.eoppimispalvelut.fi\/aktiiviplus\/wp-json\/wp\/v2\/comments?post=826"}],"version-history":[{"count":60,"href":"https:\/\/blogi.eoppimispalvelut.fi\/aktiiviplus\/wp-json\/wp\/v2\/pages\/826\/revisions"}],"predecessor-version":[{"id":2112,"href":"https:\/\/blogi.eoppimispalvelut.fi\/aktiiviplus\/wp-json\/wp\/v2\/pages\/826\/revisions\/2112"}],"wp:attachment":[{"href":"https:\/\/blogi.eoppimispalvelut.fi\/aktiiviplus\/wp-json\/wp\/v2\/media?parent=826"}],"curies":[{"name":"wp","href":"https:\/\/api.w.org\/{rel}","templated":true}]}}