{"id":997,"date":"2013-10-29T10:57:29","date_gmt":"2013-10-29T08:57:29","guid":{"rendered":"https:\/\/blogi.eoppimispalvelut.fi\/aktiiviplus\/?page_id=997"},"modified":"2014-09-29T14:57:44","modified_gmt":"2014-09-29T11:57:44","slug":"tuumasta-toimeen-seminaarin-anti","status":"publish","type":"page","link":"https:\/\/blogi.eoppimispalvelut.fi\/aktiiviplus\/tuumasta-toimeen-seminaarin-anti\/","title":{"rendered":"Tuumasta toimeen -seminaari"},"content":{"rendered":"<p>T\u00e4lle sivulle on ker\u00e4tty kaikki Helsingin Pasilassa 24.10.2013 olleen <strong>Tuumasta toimeen<\/strong> -seminaarin materiaalit. Sivun lopusta l\u00f6yd\u00e4t my\u00f6s p\u00e4iv\u00e4n ohjelman.<\/p>\n<p><a href=\"https:\/\/blogi.eoppimispalvelut.fi\/aktiiviplus\/files\/2013\/10\/Tuumasta-toimeen_ohjelma.pdf\" target=\"_blank\">Tuumasta toimeen_-ohjelma (PDF)<\/a><\/p>\n<p><a href=\"http:\/\/www.youtube.com\/playlist?list=PLZ6HwqiR_IDR7DsMjpl6KAy1HL7kv5q6y\">Jarmo Vitelin terveiset teemoihin (Youtube-linkki)<\/a><\/p>\n<p><a href=\"https:\/\/docs.google.com\/spreadsheet\/ccc?key=0AhmT7J0KTvWMdGlwQkpNS0pCUGZnMk04c1lhYVJSbUE#gid=0\" target=\"_blank\">Mobiiliradan kysymykset -taulukko (GoogleDrive-linkki)<\/a><\/p>\n<p>Aktiivinen kansalainen &#8211; <a href=\"http:\/\/muistio.tieke.fi\/aktiivinen-kansalaisuus\" target=\"_blank\">Learning Caf\u00e9n tulokset (EtherPad-linkki)<\/a><\/p>\n<p>Verkostoty\u00f6st\u00e4 voimaa -esitykset:<\/p>\n<p><a href=\"https:\/\/blogi.eoppimispalvelut.fi\/aktiiviplus\/files\/2013\/10\/Millaisia-verkostoja-syntyy.pptx\">Millaisia verkostoja syntyy (PowerPoint)<\/a><\/p>\n<p><a href=\"https:\/\/blogi.eoppimispalvelut.fi\/aktiiviplus\/files\/2013\/10\/AVO2_tuumasta-toimeen_viestint\u00e4.pptx\">AVO2 &#8211; verkoston viestint\u00e4 <\/a><a href=\"https:\/\/blogi.eoppimispalvelut.fi\/aktiiviplus\/files\/2013\/10\/Millaisia-verkostoja-syntyy.pptx\">(PowerPoint)<\/a><\/p>\n<p><a href=\"https:\/\/blogi.eoppimispalvelut.fi\/aktiiviplus\/files\/2013\/10\/AYVOT2013.pdf\">Verkoston roolit (PDF)<\/a><\/p>\n<p><a href=\"https:\/\/blogi.eoppimispalvelut.fi\/aktiiviplus\/files\/2013\/10\/Verkoston-tavoitteiden-m\u00e4\u00e4rittely-24.10..pptx\">Verkoston tavoitteiden m\u00e4\u00e4rittely <\/a><a href=\"https:\/\/blogi.eoppimispalvelut.fi\/aktiiviplus\/files\/2013\/10\/Millaisia-verkostoja-syntyy.pptx\">(PowerPoint)<\/a><\/p>\n<p><a href=\"http:\/\/www.youtube.com\/watch?v=9JJUP0r4AcQ&amp;feature=youtu.be\" target=\"_blank\">Verkostoty\u00f6skentelyn v\u00e4lineet (Youtube-linkki)<\/a><\/p>\n<p><a href=\"https:\/\/blogi.eoppimispalvelut.fi\/aktiiviplus\/files\/2013\/10\/VALITUSPISTEIDEN-ANTI-.docx\">Valituspisteiden anti, eli ratkaisuja ja hyvi\u00e4 k\u00e4yt\u00e4nt\u00f6j\u00e4 (Word)<br \/>\n<\/a><br \/>\n<a href=\"https:\/\/blogi.eoppimispalvelut.fi\/aktiiviplus\/files\/2013\/10\/Aktiivi-24.10.20131.pptx\">Tuumasta toimeen -seminaarin yhteenveto (Marja Toivonen, PowerPoint)<br \/>\n<\/a><\/p>\n<p><strong>Ty\u00f6pajap\u00e4iv\u00e4n materiaalit 23.10.2013<\/strong><\/p>\n<p><a href=\"https:\/\/blogi.eoppimispalvelut.fi\/aktiiviplus\/files\/2013\/10\/Aktiivi_Lampinen_2310_2013.pdf\">Viestint\u00e4 kohderyhmille, case-esimerkkej\u00e4 ja hierarkiamalli (Minttu Lampinen, PowerPoint)<\/a><\/p>\n<p><a href=\"https:\/\/blogi.eoppimispalvelut.fi\/aktiiviplus\/files\/2013\/10\/Aktiivi-23.10.2013.pptx\">Palvelulupaus ja arvo asiakkaalle (Marja Toivonen, PowerPoint)<\/a><\/p>\n<p>&nbsp;<\/p>\n","protected":false},"excerpt":{"rendered":"<p>T\u00e4lle sivulle on ker\u00e4tty kaikki Helsingin Pasilassa 24.10.2013 olleen Tuumasta toimeen -seminaarin materiaalit. Sivun lopusta l\u00f6yd\u00e4t my\u00f6s p\u00e4iv\u00e4n ohjelman. Tuumasta toimeen_-ohjelma (PDF) Jarmo Vitelin terveiset teemoihin (Youtube-linkki) Mobiiliradan kysymykset -taulukko (GoogleDrive-linkki) Aktiivinen kansalainen &#8211; Learning Caf\u00e9n tulokset (EtherPad-linkki) Verkostoty\u00f6st\u00e4 voimaa &hellip; <a href=\"https:\/\/blogi.eoppimispalvelut.fi\/aktiiviplus\/tuumasta-toimeen-seminaarin-anti\/\">Continue reading <span class=\"meta-nav\">&rarr;<\/span><\/a><\/p>\n","protected":false},"author":6,"featured_media":0,"parent":0,"menu_order":0,"comment_status":"closed","ping_status":"closed","template":"","meta":{"_monsterinsights_skip_tracking":false,"_monsterinsights_sitenote_active":false,"_monsterinsights_sitenote_note":"","_monsterinsights_sitenote_category":0,"footnotes":""},"class_list":["post-997","page","type-page","status-publish","hentry"],"_links":{"self":[{"href":"https:\/\/blogi.eoppimispalvelut.fi\/aktiiviplus\/wp-json\/wp\/v2\/pages\/997","targetHints":{"allow":["GET"]}}],"collection":[{"href":"https:\/\/blogi.eoppimispalvelut.fi\/aktiiviplus\/wp-json\/wp\/v2\/pages"}],"about":[{"href":"https:\/\/blogi.eoppimispalvelut.fi\/aktiiviplus\/wp-json\/wp\/v2\/types\/page"}],"author":[{"embeddable":true,"href":"https:\/\/blogi.eoppimispalvelut.fi\/aktiiviplus\/wp-json\/wp\/v2\/users\/6"}],"replies":[{"embeddable":true,"href":"https:\/\/blogi.eoppimispalvelut.fi\/aktiiviplus\/wp-json\/wp\/v2\/comments?post=997"}],"version-history":[{"count":29,"href":"https:\/\/blogi.eoppimispalvelut.fi\/aktiiviplus\/wp-json\/wp\/v2\/pages\/997\/revisions"}],"predecessor-version":[{"id":2000,"href":"https:\/\/blogi.eoppimispalvelut.fi\/aktiiviplus\/wp-json\/wp\/v2\/pages\/997\/revisions\/2000"}],"wp:attachment":[{"href":"https:\/\/blogi.eoppimispalvelut.fi\/aktiiviplus\/wp-json\/wp\/v2\/media?parent=997"}],"curies":[{"name":"wp","href":"https:\/\/api.w.org\/{rel}","templated":true}]}}