{"id":103,"date":"2024-06-25T11:48:07","date_gmt":"2024-06-25T08:48:07","guid":{"rendered":"https:\/\/blogi.eoppimispalvelut.fi\/alykkaatliikuntareitit\/?page_id=103"},"modified":"2024-09-16T08:39:03","modified_gmt":"2024-09-16T05:39:03","slug":"tarinoita-rovaniemen-jokirannasta","status":"publish","type":"page","link":"https:\/\/blogi.eoppimispalvelut.fi\/alykkaatliikuntareitit\/tarinoita-rovaniemen-jokirannasta\/","title":{"rendered":"Tarinoita Rovaniemen jokirannasta"},"content":{"rendered":"<p>[et_pb_section fb_built=&#8221;1&#8243; fullwidth=&#8221;on&#8221; _builder_version=&#8221;4.24.3&#8243; _module_preset=&#8221;default&#8221; min_height=&#8221;99px&#8221; custom_margin=&#8221;||-38px|||&#8221; global_colors_info=&#8221;{}&#8221;][et_pb_fullwidth_menu active_link_color=&#8221;#0C71C3&#8243; _builder_version=&#8221;4.24.3&#8243; _module_preset=&#8221;default&#8221; menu_font=&#8221;|600|||||||&#8221; menu_font_size=&#8221;16px&#8221; text_orientation=&#8221;center&#8221; custom_padding=&#8221;||0px|||&#8221; global_colors_info=&#8221;{}&#8221;][\/et_pb_fullwidth_menu][\/et_pb_section][et_pb_section fb_built=&#8221;1&#8243; _builder_version=&#8221;4.20.4&#8243; _module_preset=&#8221;default&#8221; custom_margin=&#8221;-7px|||||&#8221; custom_padding=&#8221;0px|||||&#8221; global_colors_info=&#8221;{}&#8221;][et_pb_row _builder_version=&#8221;4.20.4&#8243; _module_preset=&#8221;default&#8221; width=&#8221;100%&#8221; custom_margin=&#8221;-24px|auto||auto||&#8221; custom_padding=&#8221;7px|||||&#8221; global_colors_info=&#8221;{}&#8221;][et_pb_column type=&#8221;4_4&#8243; _builder_version=&#8221;4.20.4&#8243; _module_preset=&#8221;default&#8221; global_colors_info=&#8221;{}&#8221;][et_pb_image src=&#8221;https:\/\/blogi.eoppimispalvelut.fi\/alykkaatliikuntareitit\/files\/2024\/04\/logot.png&#8221; title_text=&#8221;logot&#8221; _builder_version=&#8221;4.20.4&#8243; _module_preset=&#8221;default&#8221; width=&#8221;61%&#8221; module_alignment=&#8221;left&#8221; global_colors_info=&#8221;{}&#8221;][\/et_pb_image][\/et_pb_column][\/et_pb_row][\/et_pb_section][et_pb_section fb_built=&#8221;1&#8243; admin_label=&#8221;section&#8221; _builder_version=&#8221;4.16&#8243; custom_margin=&#8221;-113px|||||&#8221; global_colors_info=&#8221;{}&#8221;][et_pb_row column_structure=&#8221;1_2,1_2&#8243; admin_label=&#8221;row&#8221; _builder_version=&#8221;4.16&#8243; background_size=&#8221;initial&#8221; background_position=&#8221;top_left&#8221; background_repeat=&#8221;repeat&#8221; custom_padding=&#8221;6px|||||&#8221; global_colors_info=&#8221;{}&#8221;][et_pb_column type=&#8221;1_2&#8243; _builder_version=&#8221;4.16&#8243; custom_padding=&#8221;|||&#8221; global_colors_info=&#8221;{}&#8221; custom_padding__hover=&#8221;|||&#8221;][et_pb_image src=&#8221;https:\/\/blogi.eoppimispalvelut.fi\/alykkaatliikuntareitit\/files\/2024\/06\/tmp_1718362355121.jpg&#8221; alt=&#8221;Seepiakuva jokirannasta, J\u00e4tk\u00e4nkynttil\u00e4nsillasta ja reitille piirretty hahmo vanhahtavassa asussa, vasen jalka k\u00e4\u00e4ntyneen\u00e4 sis\u00e4\u00e4np\u00e4in.&#8221; title_text=&#8221;tmp_1718362355121&#8243; align=&#8221;center&#8221; _builder_version=&#8221;4.24.3&#8243; _module_preset=&#8221;default&#8221; width=&#8221;100%&#8221; global_colors_info=&#8221;{}&#8221;][\/et_pb_image][et_pb_blurb use_icon=&#8221;on&#8221; _builder_version=&#8221;4.24.3&#8243; _module_preset=&#8221;default&#8221; global_colors_info=&#8221;{}&#8221;]<\/p>\n<p>Illustraatio: Henna Huotarinen<\/p>\n<p>[\/et_pb_blurb][\/et_pb_column][et_pb_column type=&#8221;1_2&#8243; _builder_version=&#8221;4.16&#8243; custom_padding=&#8221;|||&#8221; global_colors_info=&#8221;{}&#8221; custom_padding__hover=&#8221;|||&#8221;][et_pb_blurb title=&#8221;Tarinoita Rovaniemen jokirannasta &#8211; kuuntele, katsele ja k\u00e4vele&#8221; use_icon=&#8221;on&#8221; _builder_version=&#8221;4.24.3&#8243; _module_preset=&#8221;default&#8221; header_level=&#8221;h2&#8243; global_colors_info=&#8221;{}&#8221;]<\/p>\n<p>Pilottina ja esimerkkin\u00e4 \u00e4lykkyydest\u00e4 reitill\u00e4 toteutimme hankkeessa tarinareitin, jossa QR-koodin skannaamalla viidell\u00e4 reitille sijoitetulla pisteell\u00e4 saa kuulla tarinan Rovaniemen jokirannasta.<\/p>\n<p><span>\u00a0Yhteisty\u00f6kumppanina toteutuksessa on ollut Liikunnan ja kulttuurin digitalisoiminen ja pelillist\u00e4minen Rovaniemell\u00e4 -hanke. Projektin toteutumisen mahdollistivat Rovaniemen kaupungin viestint\u00e4- markkinointi- ja osallisuuspalveluiden digitaalisen viestinn\u00e4n asiantuntijat.<\/span><\/p>\n<p><span>Reitti l\u00f6ytyy Rovaniemen kaupungin luontoreitti- ja kohdepalvelu\u00a0<\/span><a href=\"https:\/\/etiainen.fi\/fi\/reitit\/tarinoita-rovaniemen-jokirannasta-2100\" target=\"_blank\" title=\"Eti\u00e4inen tarinoita jokirannasta reitti\" rel=\"noopener\">Eti\u00e4isen sivuilta<\/a><span>.<\/span><\/p>\n<p>[\/et_pb_blurb][\/et_pb_column][\/et_pb_row][et_pb_row column_structure=&#8221;1_2,1_2&#8243; _builder_version=&#8221;4.24.3&#8243; _module_preset=&#8221;default&#8221; global_colors_info=&#8221;{}&#8221;][et_pb_column type=&#8221;1_2&#8243; _builder_version=&#8221;4.24.3&#8243; _module_preset=&#8221;default&#8221; global_colors_info=&#8221;{}&#8221;][et_pb_blurb image=&#8221;https:\/\/blogi.eoppimispalvelut.fi\/alykkaatliikuntareitit\/files\/2024\/06\/Tarinareitti-etiainen-2.png&#8221; alt=&#8221;Kuva Rovaniemen keskustan kartasta, johon piirretty reitti ns. kahden sillan ymp\u00e4rille. Reitille sijoiteltu viisi pistett\u00e4. &#8221; _builder_version=&#8221;4.24.3&#8243; _module_preset=&#8221;default&#8221; global_colors_info=&#8221;{}&#8221;]<\/p>\n<p>Kuvakaappaus <a href=\"https:\/\/etiainen.fi\/fi\/reitit\/tarinoita-rovaniemen-jokirannasta-2100\">Eti\u00e4isest\u00e4<\/a><\/p>\n<p>[\/et_pb_blurb][\/et_pb_column][et_pb_column type=&#8221;1_2&#8243; _builder_version=&#8221;4.24.3&#8243; _module_preset=&#8221;default&#8221; global_colors_info=&#8221;{}&#8221;][et_pb_blurb title=&#8221;Kulje reitti ja kuuntele&#8221; use_icon=&#8221;on&#8221; _builder_version=&#8221;4.27.0&#8243; _module_preset=&#8221;default&#8221; hover_enabled=&#8221;0&#8243; global_colors_info=&#8221;{}&#8221; sticky_enabled=&#8221;0&#8243;]<\/p>\n<p>Rovaniemen J\u00e4tk\u00e4nkynttil\u00e4-sillan ja vanhan rautatiesillan v\u00e4liselle alueelle mahtuu monta tarinaa! Linkki tarinaan <a href=\"https:\/\/etiainen.fi\/fi\/reitit\/tarinoita-rovaniemen-jokirannasta-2100\" target=\"_blank\" rel=\"noopener\">Eti\u00e4isen sivuilla.<\/a><\/p>\n<p>Legendaarinen N\u00e4tti-Jussi kuljettaa meid\u00e4t ajassa taaksep\u00e4in itselle tyypillisell\u00e4 tyylill\u00e4\u00e4n. Siltojen v\u00e4lill\u00e4 kulkee viiden tarinan reitti, joita p\u00e4\u00e4see kuuntelemaan skannaamalla QR-koodi pisteilt\u00e4, tai kuuntelemalla ne suoraan Eti\u00e4isest\u00e4. Uppoudu kuuntelemaan tarinat kuulokkeilla, katsele ymp\u00e4rillesi ja siirry N\u00e4tti-Jussin ohjaamana seuraavalle tarinalle.<\/p>\n<p>Reitin pituus on noin 2,4 kilometri\u00e4.<\/p>\n<p>Tarinan k\u00e4sikirjoittaja: Esko Janhunen<br \/>Tarinan kertoja (\u00e4\u00e4ni): Marko Syysmaa<br \/>\u00c4\u00e4niteknikko: Kaisa Vuolo<br \/>N\u00e4tti-Jussi -illustraatio: Henna Huotarinen<br \/>Valokuvat: Tuuli Nivala<\/p>\n<p>[\/et_pb_blurb][\/et_pb_column][\/et_pb_row][et_pb_row column_structure=&#8221;1_2,1_2&#8243; _builder_version=&#8221;4.24.3&#8243; _module_preset=&#8221;default&#8221; global_colors_info=&#8221;{}&#8221;][et_pb_column type=&#8221;1_2&#8243; _builder_version=&#8221;4.24.3&#8243; _module_preset=&#8221;default&#8221; global_colors_info=&#8221;{}&#8221;][et_pb_blurb image=&#8221;https:\/\/blogi.eoppimispalvelut.fi\/alykkaatliikuntareitit\/files\/2024\/06\/1-kemijokirannan-kompassi-bw.jpg&#8221; image_icon_width=&#8221;90%&#8221; _builder_version=&#8221;4.24.3&#8243; _module_preset=&#8221;default&#8221; global_colors_info=&#8221;{}&#8221;][\/et_pb_blurb][\/et_pb_column][et_pb_column type=&#8221;1_2&#8243; _builder_version=&#8221;4.24.3&#8243; _module_preset=&#8221;default&#8221; global_colors_info=&#8221;{}&#8221;][et_pb_blurb title=&#8221;1. piste: Kemijokirannan kompassi&#8221; use_icon=&#8221;on&#8221; _builder_version=&#8221;4.24.3&#8243; _module_preset=&#8221;default&#8221; global_colors_info=&#8221;{}&#8221;]<\/p>\n<p><span style=\"font-weight: 400\">Tarinoita Rovaniemen jokirannasta &#8211; ensimm\u00e4inen tarina: Kemijokirannan kompassi<\/span><\/p>\n<p><span style=\"font-weight: 400\">Kemijoen rannassa Koskikadun p\u00e4\u00e4ss\u00e4 sijaitsee graniittilaitoista rakennettu kompassi. Kompassi esitt\u00e4\u00e4 Lapin luonnonrikkauksia Olaus Magnuksen piirt\u00e4min\u00e4. Kaksk\u00e4rkinen kompassi osoittaa pohjoiseen.<\/span><\/p>\n<p>[\/et_pb_blurb][\/et_pb_column][\/et_pb_row][et_pb_row column_structure=&#8221;1_2,1_2&#8243; _builder_version=&#8221;4.24.3&#8243; _module_preset=&#8221;default&#8221; global_colors_info=&#8221;{}&#8221;][et_pb_column type=&#8221;1_2&#8243; _builder_version=&#8221;4.24.3&#8243; _module_preset=&#8221;default&#8221; global_colors_info=&#8221;{}&#8221;][et_pb_blurb image=&#8221;https:\/\/blogi.eoppimispalvelut.fi\/alykkaatliikuntareitit\/files\/2024\/06\/2-samperin-kompassi-bw.jpg&#8221; image_icon_width=&#8221;90%&#8221; _builder_version=&#8221;4.24.3&#8243; _module_preset=&#8221;default&#8221; global_colors_info=&#8221;{}&#8221;][\/et_pb_blurb][\/et_pb_column][et_pb_column type=&#8221;1_2&#8243; _builder_version=&#8221;4.24.3&#8243; _module_preset=&#8221;default&#8221; global_colors_info=&#8221;{}&#8221;][et_pb_blurb title=&#8221;2.piste: Samperin kompassi&#8221; use_icon=&#8221;on&#8221; _builder_version=&#8221;4.24.3&#8243; _module_preset=&#8221;default&#8221; global_colors_info=&#8221;{}&#8221;]<\/p>\n<p><span style=\"font-weight: 400\">Tarinoita Rovaniemen jokirannasta &#8211; toinen tarina: Samperin kompassi<\/span><\/p>\n<p><span style=\"font-weight: 400\">Konttisen puistosta l\u00f6ytyy viiden sembram\u00e4nnyn muodostama kokonaisuus. T\u00e4t\u00e4 kokonaisuutta kutsutaan Samperin kompassiksi. M\u00e4nnyt konttisen puistoon istutti Hugo Richard Sandberg eli Iso-Samperi. Sandberg toimi mets\u00e4p\u00e4\u00e4llikk\u00f6n\u00e4 1900-luvun taitteessa ja h\u00e4nen toimistonsa oli t\u00e4ll\u00e4 paikalla sijaitsevalla upealla konttisen kartanolla.<\/span><\/p>\n<p>[\/et_pb_blurb][\/et_pb_column][\/et_pb_row][et_pb_row column_structure=&#8221;1_2,1_2&#8243; _builder_version=&#8221;4.24.3&#8243; _module_preset=&#8221;default&#8221; global_colors_info=&#8221;{}&#8221;][et_pb_column type=&#8221;1_2&#8243; _builder_version=&#8221;4.24.3&#8243; _module_preset=&#8221;default&#8221; global_colors_info=&#8221;{}&#8221;][et_pb_blurb image=&#8221;https:\/\/blogi.eoppimispalvelut.fi\/alykkaatliikuntareitit\/files\/2024\/06\/3-ounaskosken-silta-bw.jpg&#8221; image_icon_width=&#8221;90%&#8221; _builder_version=&#8221;4.24.3&#8243; _module_preset=&#8221;default&#8221; global_colors_info=&#8221;{}&#8221;][\/et_pb_blurb][\/et_pb_column][et_pb_column type=&#8221;1_2&#8243; _builder_version=&#8221;4.24.3&#8243; _module_preset=&#8221;default&#8221; global_colors_info=&#8221;{}&#8221;][et_pb_blurb title=&#8221;3.piste: Ounaskosken silta&#8221; use_icon=&#8221;on&#8221; _builder_version=&#8221;4.24.3&#8243; _module_preset=&#8221;default&#8221; global_colors_info=&#8221;{}&#8221;]<\/p>\n<p><span style=\"font-weight: 400\">Tarinoita Rovaniemen jokirannasta &#8211; kolmas tarina: Ounaskosken silta<\/span><\/p>\n<p><span style=\"font-weight: 400\">Ounaskosken silta on j\u00e4mer\u00e4 ter\u00e4sristikkosilta, rautatie- ja maantiesilta, mittaa 404 metri\u00e4 ja pisin j\u00e4nnev\u00e4li 71 metri\u00e4. Sen ensimm\u00e4inen versio valmistui 1934, kun Rovaniemelt\u00e4 alettiin jatkamaan rataa Kemij\u00e4rvelle.<\/span> <span style=\"font-weight: 400\">Silta ehti olla k\u00e4yt\u00f6ss\u00e4 runsaat kymmenen vuotta. <\/span><a href=\"https:\/\/fi.wikipedia.org\/wiki\/Lapin_sota\" target=\"_blank\" rel=\"noopener\"><span style=\"font-weight: 400\">Lapin sodan<\/span><\/a><span style=\"font-weight: 400\"> aikana, 10. lokakuuta 1944, saksalaiset r\u00e4j\u00e4yttiv\u00e4t Ounaskosken sillan, ja silta tuhoutui t\u00e4ysin. Uusi silta valmistui vuonna 1951. T\u00e4ss\u00e4 v\u00e4liss\u00e4 kemijoki ylitettiin muun muassa losseilla ja veneill\u00e4.<\/span><\/p>\n<p>[\/et_pb_blurb][\/et_pb_column][\/et_pb_row][et_pb_row column_structure=&#8221;1_2,1_2&#8243; _builder_version=&#8221;4.24.3&#8243; _module_preset=&#8221;default&#8221; global_colors_info=&#8221;{}&#8221;][et_pb_column type=&#8221;1_2&#8243; _builder_version=&#8221;4.24.3&#8243; _module_preset=&#8221;default&#8221; global_colors_info=&#8221;{}&#8221;][et_pb_blurb image=&#8221;https:\/\/blogi.eoppimispalvelut.fi\/alykkaatliikuntareitit\/files\/2024\/06\/4-kemijoki-bw.jpg&#8221; image_icon_width=&#8221;90%&#8221; _builder_version=&#8221;4.24.3&#8243; _module_preset=&#8221;default&#8221; global_colors_info=&#8221;{}&#8221;][\/et_pb_blurb][\/et_pb_column][et_pb_column type=&#8221;1_2&#8243; _builder_version=&#8221;4.24.3&#8243; _module_preset=&#8221;default&#8221; global_colors_info=&#8221;{}&#8221;][et_pb_blurb title=&#8221;4.piste: Kemijoki&#8221; use_icon=&#8221;on&#8221; _builder_version=&#8221;4.24.3&#8243; _module_preset=&#8221;default&#8221; global_colors_info=&#8221;{}&#8221;]<\/p>\n<p><span style=\"font-weight: 400\">Tarinoita Rovaniemen jokirannasta &#8211; nelj\u00e4s tarina: Kemijoki<\/span><\/p>\n<p><span style=\"font-weight: 400\">Vaurauden l\u00e4hde joen varrella oli Lohi. Isohaaran voimalaitoksen rakentamisen my\u00f6t\u00e4 lohen nousu Kemijokeen kuitenkin loppui. Lohen tarina el\u00e4\u00e4 pitk\u00e4\u00e4n ja onpa siit\u00e4 tehty pari v\u00e4it\u00f6skirjaakin. Lapissa uitto yleistyi 1890 luvulla ja jatkui aina vuoteen 1991 asti. Puut olivat huilanneet jokea pitkin yli 100 vuoden ajan. Kaiken kaikkiaan Rovaniemi on ollut j\u00e4tk\u00e4kulttuurin keskus.<\/span><\/p>\n<p>[\/et_pb_blurb][\/et_pb_column][\/et_pb_row][et_pb_row column_structure=&#8221;1_2,1_2&#8243; _builder_version=&#8221;4.24.3&#8243; _module_preset=&#8221;default&#8221; global_colors_info=&#8221;{}&#8221;][et_pb_column type=&#8221;1_2&#8243; _builder_version=&#8221;4.24.3&#8243; _module_preset=&#8221;default&#8221; global_colors_info=&#8221;{}&#8221;][et_pb_blurb image=&#8221;https:\/\/blogi.eoppimispalvelut.fi\/alykkaatliikuntareitit\/files\/2024\/06\/5-ounasjoki-ja-ounasvaara-bw.jpg&#8221; image_icon_width=&#8221;90%&#8221; _builder_version=&#8221;4.24.3&#8243; _module_preset=&#8221;default&#8221; global_colors_info=&#8221;{}&#8221;][\/et_pb_blurb][\/et_pb_column][et_pb_column type=&#8221;1_2&#8243; _builder_version=&#8221;4.24.3&#8243; _module_preset=&#8221;default&#8221; global_colors_info=&#8221;{}&#8221;][et_pb_blurb title=&#8221;5.piste: Ounasjoki ja Ounasvaara&#8221; use_icon=&#8221;on&#8221; _builder_version=&#8221;4.24.3&#8243; _module_preset=&#8221;default&#8221; global_colors_info=&#8221;{}&#8221;]<\/p>\n<p><span style=\"font-weight: 400\">Tarinoita Rovaniemen jokirannasta &#8211; viides tarina: Ounasjoki ja Ounasvaara<\/span><\/p>\n<p><span style=\"font-weight: 400\">Ounasvaara sijaitsee Ounasjoen ja Kemijoen yhtym\u00e4kohdassa ja on iso osa Rovaniemen kaupunkikuvaa. <\/span><span style=\"font-weight: 400\">Ounasvaara on <\/span><a href=\"https:\/\/fi.wikipedia.org\/wiki\/J%C3%A4%C3%A4kausi\" target=\"_blank\" rel=\"noopener\"><span style=\"font-weight: 400\">j\u00e4\u00e4kauden<\/span><\/a><span style=\"font-weight: 400\"> muovaama. Ounasvaaran paljas kalliohuippu on nimelt\u00e4\u00e4n Juhannuskallio. Paikka juontaa nimens\u00e4 siit\u00e4, ett\u00e4 se on ollut suosittu Juhannuksen viettopaikka. Nykyisin Ounasvaara on sek\u00e4 urheilukeskus ett\u00e4 paikallisten suosima virkistyspaikka reitteineen ja maisemineen.<\/span><\/p>\n<p>[\/et_pb_blurb][\/et_pb_column][\/et_pb_row][et_pb_row column_structure=&#8221;1_2,1_2&#8243; _builder_version=&#8221;4.20.4&#8243; _module_preset=&#8221;default&#8221; global_colors_info=&#8221;{}&#8221;][et_pb_column type=&#8221;1_2&#8243; _builder_version=&#8221;4.20.4&#8243; _module_preset=&#8221;default&#8221; global_colors_info=&#8221;{}&#8221;][et_pb_blurb image=&#8221;https:\/\/blogi.eoppimispalvelut.fi\/alykkaatliikuntareitit\/files\/2024\/04\/AdobeStock_324279168-scaled.jpeg&#8221; content_max_width=&#8221;1100px&#8221; _builder_version=&#8221;4.20.4&#8243; _module_preset=&#8221;default&#8221; global_colors_info=&#8221;{}&#8221;][\/et_pb_blurb][\/et_pb_column][et_pb_column type=&#8221;1_2&#8243; _builder_version=&#8221;4.20.4&#8243; _module_preset=&#8221;default&#8221; global_colors_info=&#8221;{}&#8221;][et_pb_blurb title=&#8221;Hanke&#8221; use_icon=&#8221;on&#8221; _builder_version=&#8221;4.20.4&#8243; _module_preset=&#8221;default&#8221; global_colors_info=&#8221;{}&#8221;]<\/p>\n<p><span>Hanke: Rovaniemen \u00e4lykk\u00e4\u00e4t liikuntareitit paikallisten ja matkailijoiden hyvinvoinnin tueksi<\/span><br \/><span>Hankeaika: 1.8.2023-31.12.2024<\/span><br \/><span>Toteuttaja: Lapin ammattikorkeakoulu<\/span><br \/><span>Hankkeen kokonaisbudjetti on 100 019 euroa, josta Lapin Liiton my\u00f6nt\u00e4m\u00e4\u00e4 EARK-rahoitusta 60%, Rovaniemen kaupunki ekosysteemisopimuksesta 25% ja Lapin ammattikorkeakoulu 15%.<\/span><\/p>\n<p>[\/et_pb_blurb][\/et_pb_column][\/et_pb_row][\/et_pb_section]<\/p>\n","protected":false},"excerpt":{"rendered":"<p>Illustraatio: Henna HuotarinenPilottina ja esimerkkin\u00e4 \u00e4lykkyydest\u00e4 reitill\u00e4 toteutimme hankkeessa tarinareitin, jossa QR-koodin skannaamalla viidell\u00e4 reitille sijoitetulla pisteell\u00e4 saa kuulla tarinan Rovaniemen jokirannasta. \u00a0Yhteisty\u00f6kumppanina toteutuksessa on ollut Liikunnan ja kulttuurin digitalisoiminen ja pelillist\u00e4minen Rovaniemell\u00e4 -hanke. Projektin toteutumisen mahdollistivat Rovaniemen kaupungin viestint\u00e4- markkinointi- ja osallisuuspalveluiden digitaalisen viestinn\u00e4n asiantuntijat. Reitti l\u00f6ytyy Rovaniemen kaupungin luontoreitti- ja kohdepalvelu\u00a0Eti\u00e4isen sivuilta.Kuvakaappaus Eti\u00e4isest\u00e4Rovaniemen [&hellip;]<\/p>\n","protected":false},"author":6208,"featured_media":0,"parent":0,"menu_order":0,"comment_status":"closed","ping_status":"closed","template":"","meta":{"_et_pb_use_builder":"on","_et_pb_old_content":"","_et_gb_content_width":"","footnotes":""},"class_list":["post-103","page","type-page","status-publish","hentry"],"_links":{"self":[{"href":"https:\/\/blogi.eoppimispalvelut.fi\/alykkaatliikuntareitit\/wp-json\/wp\/v2\/pages\/103","targetHints":{"allow":["GET"]}}],"collection":[{"href":"https:\/\/blogi.eoppimispalvelut.fi\/alykkaatliikuntareitit\/wp-json\/wp\/v2\/pages"}],"about":[{"href":"https:\/\/blogi.eoppimispalvelut.fi\/alykkaatliikuntareitit\/wp-json\/wp\/v2\/types\/page"}],"author":[{"embeddable":true,"href":"https:\/\/blogi.eoppimispalvelut.fi\/alykkaatliikuntareitit\/wp-json\/wp\/v2\/users\/6208"}],"replies":[{"embeddable":true,"href":"https:\/\/blogi.eoppimispalvelut.fi\/alykkaatliikuntareitit\/wp-json\/wp\/v2\/comments?post=103"}],"version-history":[{"count":11,"href":"https:\/\/blogi.eoppimispalvelut.fi\/alykkaatliikuntareitit\/wp-json\/wp\/v2\/pages\/103\/revisions"}],"predecessor-version":[{"id":148,"href":"https:\/\/blogi.eoppimispalvelut.fi\/alykkaatliikuntareitit\/wp-json\/wp\/v2\/pages\/103\/revisions\/148"}],"wp:attachment":[{"href":"https:\/\/blogi.eoppimispalvelut.fi\/alykkaatliikuntareitit\/wp-json\/wp\/v2\/media?parent=103"}],"curies":[{"name":"wp","href":"https:\/\/api.w.org\/{rel}","templated":true}]}}