{"id":129,"date":"2024-09-06T14:25:37","date_gmt":"2024-09-06T11:25:37","guid":{"rendered":"https:\/\/blogi.eoppimispalvelut.fi\/alykkaatliikuntareitit\/?page_id=129"},"modified":"2024-11-22T08:22:24","modified_gmt":"2024-11-22T06:22:24","slug":"webinaarit","status":"publish","type":"page","link":"https:\/\/blogi.eoppimispalvelut.fi\/alykkaatliikuntareitit\/webinaarit\/","title":{"rendered":"Webinaarit"},"content":{"rendered":"<p>[et_pb_section fb_built=&#8221;1&#8243; fullwidth=&#8221;on&#8221; _builder_version=&#8221;4.24.3&#8243; _module_preset=&#8221;default&#8221; min_height=&#8221;99px&#8221; custom_margin=&#8221;||-38px|||&#8221; global_colors_info=&#8221;{}&#8221;][et_pb_fullwidth_menu active_link_color=&#8221;#0C71C3&#8243; _builder_version=&#8221;4.24.3&#8243; _module_preset=&#8221;default&#8221; menu_font=&#8221;|600|||||||&#8221; menu_font_size=&#8221;16px&#8221; text_orientation=&#8221;center&#8221; custom_padding=&#8221;||0px|||&#8221; global_colors_info=&#8221;{}&#8221;][\/et_pb_fullwidth_menu][\/et_pb_section][et_pb_section fb_built=&#8221;1&#8243; admin_label=&#8221;section&#8221; _builder_version=&#8221;4.16&#8243; custom_margin=&#8221;-113px|||||&#8221; global_colors_info=&#8221;{}&#8221;][et_pb_row column_structure=&#8221;1_2,1_2&#8243; admin_label=&#8221;row&#8221; _builder_version=&#8221;4.16&#8243; background_size=&#8221;initial&#8221; background_position=&#8221;top_left&#8221; background_repeat=&#8221;repeat&#8221; custom_padding=&#8221;6px|||||&#8221; global_colors_info=&#8221;{}&#8221;][et_pb_column type=&#8221;1_2&#8243; _builder_version=&#8221;4.16&#8243; custom_padding=&#8221;|||&#8221; global_colors_info=&#8221;{}&#8221; custom_padding__hover=&#8221;|||&#8221;][et_pb_image src=&#8221;https:\/\/blogi.eoppimispalvelut.fi\/alykkaatliikuntareitit\/files\/2024\/11\/karttakuva.png&#8221; alt=&#8221;Kuva Rovaniemen jokirannasta&#8221; title_text=&#8221;karttakuva&#8221; align=&#8221;center&#8221; _builder_version=&#8221;4.27.2&#8243; _module_preset=&#8221;default&#8221; width=&#8221;80%&#8221; global_colors_info=&#8221;{}&#8221;][\/et_pb_image][\/et_pb_column][et_pb_column type=&#8221;1_2&#8243; _builder_version=&#8221;4.16&#8243; custom_padding=&#8221;|||&#8221; global_colors_info=&#8221;{}&#8221; custom_padding__hover=&#8221;|||&#8221;][et_pb_blurb title=&#8221;Placemaking hyvinvoinnin tukena: case Rovaniemi  28.11.2024 14 \u2013 15.30 TEAMS&#8221; use_icon=&#8221;on&#8221; _builder_version=&#8221;4.27.2&#8243; _module_preset=&#8221;default&#8221; header_level=&#8221;h2&#8243; global_colors_info=&#8221;{}&#8221;]<\/p>\n<p><strong>Tule kuulemaan, miten paikkamuotoilu (placemaking) voi uudistaa kaupunkitilaa asukkaiden ja matkailijoiden ehdoilla!<\/strong><\/p>\n<p><span>Paikkamuotoilu on l\u00e4hestymistapa, jossa kaupungin julkisia tiloja \u00a0kehitet\u00e4\u00e4n\u00a0niin, ett\u00e4 ne tukevat alueen identiteetti\u00e4, yhteis\u00f6llisyytt\u00e4 ja ihmisten kokonaisvaltaista hyvinvointia. T\u00e4ss\u00e4 webinaarissa keskitymme erityisesti paikkamuotoiluun sek\u00e4 asukkaiden tarpeisiin pohjautuvaan matkailun kehitt\u00e4miseen Rovaniemell\u00e4.\u00a0Miten yhteis\u00f6llisyys ja kaupunkitilan merkityksellisyys voivat tuoda uudenlaista elinvoimaa ja vetovoimaa kaupunkiin?<\/span><\/p>\n<p><strong><a href=\"https:\/\/link.webropolsurveys.com\/S\/4B56EC79A22C8151\" target=\"_blank\" rel=\"noopener\">ILMOITTAUDU T\u00c4ST\u00c4<\/a><\/strong><\/p>\n<p>[\/et_pb_blurb][\/et_pb_column][\/et_pb_row][et_pb_row column_structure=&#8221;1_2,1_2&#8243; _builder_version=&#8221;4.27.2&#8243; _module_preset=&#8221;default&#8221; global_colors_info=&#8221;{}&#8221;][et_pb_column type=&#8221;1_2&#8243; _builder_version=&#8221;4.27.2&#8243; _module_preset=&#8221;default&#8221; global_colors_info=&#8221;{}&#8221;][et_pb_blurb title=&#8221;Webinaarin ohjelma&#8221; use_icon=&#8221;on&#8221; _builder_version=&#8221;4.27.2&#8243; _module_preset=&#8221;default&#8221; hover_enabled=&#8221;0&#8243; global_colors_info=&#8221;{}&#8221; sticky_enabled=&#8221;0&#8243;]<\/p>\n<p><span>14.00 &#8211; 14.05 Tervetuloa, Tuuli Tikkanen, Lapin Amk<\/span><\/p>\n<p><span>14.05 &#8211; 14.25 <strong>Placemaking kaupunkiymp\u00e4rist\u00f6ss\u00e4<\/strong>, P\u00e4ivi Raivio, RaivioBumann<\/span><\/p>\n<p><span>14.25 &#8211; 14.45 <strong>Matkailun yhteiset tilat Rovaniemell\u00e4<\/strong>, Maria Hakkarainen Lapin yliopisto<\/span><\/p>\n<p><span>14.45 &#8211; 15.05 <strong>Infrastruktuuri arkiliikkumisen ja hyvinvoinnin tukena, <\/strong><span data-contrast=\"auto\" xml:lang=\"FI-FI\" lang=\"FI-FI\" class=\"TextRun SCXW154669338 BCX8\"><span class=\"NormalTextRun SCXW154669338 BCX8\">Antti Rahiala, Traficom<\/span><\/span><\/span><\/p>\n<p><span>15.05 &#8211; 15.25 <strong>C<span class=\"ui-provider a b c d e f g h i j k l m n o p q r s t u v w x y z ab ac ae af ag ah ai aj ak\" dir=\"ltr\">ase Rovaniemi- toimiva malli ranta-alueelle\u00a0<\/span><\/strong><\/span><\/p>\n<p>[\/et_pb_blurb][\/et_pb_column][et_pb_column type=&#8221;1_2&#8243; _builder_version=&#8221;4.27.2&#8243; _module_preset=&#8221;default&#8221; global_colors_info=&#8221;{}&#8221;][et_pb_blurb image=&#8221;https:\/\/blogi.eoppimispalvelut.fi\/alykkaatliikuntareitit\/files\/2024\/11\/Ruskaranta2024-28-1-scaled.jpg&#8221; image_icon_width=&#8221;80%&#8221; _builder_version=&#8221;4.27.2&#8243; _module_preset=&#8221;default&#8221; global_colors_info=&#8221;{}&#8221;][\/et_pb_blurb][\/et_pb_column][\/et_pb_row][\/et_pb_section][et_pb_section fb_built=&#8221;1&#8243; _builder_version=&#8221;4.27.2&#8243; _module_preset=&#8221;default&#8221; global_colors_info=&#8221;{}&#8221;][\/et_pb_section][et_pb_section fb_built=&#8221;1&#8243; admin_label=&#8221;section&#8221; _builder_version=&#8221;4.16&#8243; custom_margin=&#8221;-113px|||||&#8221; global_colors_info=&#8221;{}&#8221;][et_pb_row column_structure=&#8221;1_2,1_2&#8243; admin_label=&#8221;row&#8221; _builder_version=&#8221;4.16&#8243; background_size=&#8221;initial&#8221; background_position=&#8221;top_left&#8221; background_repeat=&#8221;repeat&#8221; custom_padding=&#8221;6px|||||&#8221; global_colors_info=&#8221;{}&#8221;][et_pb_column type=&#8221;1_2&#8243; _builder_version=&#8221;4.16&#8243; custom_padding=&#8221;|||&#8221; global_colors_info=&#8221;{}&#8221; custom_padding__hover=&#8221;|||&#8221;][et_pb_image src=&#8221;https:\/\/blogi.eoppimispalvelut.fi\/alykkaatliikuntareitit\/files\/2024\/09\/silta-1.jpg&#8221; alt=&#8221;Kuva Rovaniemen jokirannasta&#8221; title_text=&#8221;silta 1&#8243; align=&#8221;center&#8221; _builder_version=&#8221;4.27.0&#8243; _module_preset=&#8221;default&#8221; width=&#8221;80%&#8221; global_colors_info=&#8221;{}&#8221;][\/et_pb_image][et_pb_blurb use_icon=&#8221;on&#8221; image_icon_width=&#8221;94px&#8221; content_max_width=&#8221;351px&#8221; _builder_version=&#8221;4.27.0&#8243; _module_preset=&#8221;default&#8221; global_colors_info=&#8221;{}&#8221;]<\/p>\n<p>Illustraatio: Henna Huotarinen<\/p>\n<p>[\/et_pb_blurb][\/et_pb_column][et_pb_column type=&#8221;1_2&#8243; _builder_version=&#8221;4.16&#8243; custom_padding=&#8221;|||&#8221; global_colors_info=&#8221;{}&#8221; custom_padding__hover=&#8221;|||&#8221;][et_pb_blurb title=&#8221;Aktiivista el\u00e4m\u00e4ntapaa edist\u00e4v\u00e4t liikuntareitit webinaari 25.9.2024 klo 10 &#8211; 11.30&#8243; use_icon=&#8221;on&#8221; _builder_version=&#8221;4.27.2&#8243; _module_preset=&#8221;default&#8221; header_level=&#8221;h2&#8243; global_colors_info=&#8221;{}&#8221;]<\/p>\n<p><span>Tervetuloa kuulolle Aktiivista el\u00e4m\u00e4ntapaa edist\u00e4v\u00e4t liikuntareitit -webinaariin 25.9.2024 klo 10 &#8211; 11.30\/Teams!<\/span><span><br \/><\/span><span><br \/><\/span><span>\ud83d\udc49 Webinaarimme puhujina ovat UKK-instituutin johtaja Tommi Vasankari ja Helsingin yliopiston Petteri Muukkonen.<\/span><span class=\"white-space-pre\"> <\/span><span><br \/><\/span><span>\ud83d\udc49Tilaisuudessa paneudutaan liikkumisaktiivisuuden nykytilaan ja siihen, mitk\u00e4 asiat meit\u00e4 liikuttavat.<\/span><span class=\"white-space-pre\"> <\/span><span><br \/><\/span><span>\ud83d\udc49Lis\u00e4ksi k\u00e4yd\u00e4\u00e4n l\u00e4pi Rovaniemen \u00e4lykk\u00e4\u00e4t liikuntareitit -hankkeen tuloksia Rovaniemen ranta-alueella tehdyiss\u00e4 toteutuksissa.<\/span><span class=\"white-space-pre\"> <\/span><\/p>\n<p>[\/et_pb_blurb][\/et_pb_column][\/et_pb_row][et_pb_row column_structure=&#8221;1_2,1_2&#8243; _builder_version=&#8221;4.27.0&#8243; _module_preset=&#8221;default&#8221; global_colors_info=&#8221;{}&#8221;][et_pb_column type=&#8221;1_2&#8243; _builder_version=&#8221;4.24.3&#8243; _module_preset=&#8221;default&#8221; global_colors_info=&#8221;{}&#8221;][et_pb_blurb image=&#8221;https:\/\/blogi.eoppimispalvelut.fi\/alykkaatliikuntareitit\/files\/2024\/09\/Firefly-People-walking-running-and-biking-by-Rovaniemi-riverside-it-is-fall-and-the-leaves-in-the-.jpg&#8221; image_icon_width=&#8221;80%&#8221; _builder_version=&#8221;4.27.0&#8243; _module_preset=&#8221;default&#8221; global_colors_info=&#8221;{}&#8221;][\/et_pb_blurb][\/et_pb_column][et_pb_column type=&#8221;1_2&#8243; _builder_version=&#8221;4.24.3&#8243; _module_preset=&#8221;default&#8221; global_colors_info=&#8221;{}&#8221;][et_pb_blurb title=&#8221;Webinaarin ohjelma&#8221; use_icon=&#8221;on&#8221; _builder_version=&#8221;4.27.0&#8243; _module_preset=&#8221;default&#8221; global_colors_info=&#8221;{}&#8221;]<\/p>\n<p>10.00 &#8211; 10.05 <strong>Tervetuloa<\/strong>, Tuuli Tikkanen, Lapin Amk<\/p>\n<p>10.05 &#8211; 10.25 <strong>Fyysisen kunnon nykytila ja toimenpiteet<\/strong>, Tommi Vasankari, UKK- instituutti<\/p>\n<p>10.25 &#8211; 10.45 <strong>Reitill\u00e4 vierailevien profiili, tuloksia<\/strong><\/p>\n<p>10.45 &#8211; 11.05<strong> Mik\u00e4 meit\u00e4 liikuttaa ja mitk\u00e4 ovat liikkumisen esteit\u00e4? <\/strong>Petteri Muukkonen, Helsingin Yliopisto<\/p>\n<p>11.05 &#8211; 11.20<strong> Kulttuuriset ratkaisut ja sektorirajat ylitt\u00e4v\u00e4 yhteisty\u00f6 liikkumiseen kannustamisen tukena, tuloksia<\/strong><\/p>\n<p>11.20 \u2013 11.30 Keskustelua aiheesta<\/p>\n<p>Kuva: Adobe Firefly teko\u00e4ly<\/p>\n<p>[\/et_pb_blurb][\/et_pb_column][\/et_pb_row][et_pb_row column_structure=&#8221;1_2,1_2&#8243; _builder_version=&#8221;4.20.4&#8243; _module_preset=&#8221;default&#8221; global_colors_info=&#8221;{}&#8221;][et_pb_column type=&#8221;1_2&#8243; _builder_version=&#8221;4.20.4&#8243; _module_preset=&#8221;default&#8221; global_colors_info=&#8221;{}&#8221;][et_pb_blurb image=&#8221;https:\/\/blogi.eoppimispalvelut.fi\/alykkaatliikuntareitit\/files\/2024\/04\/AdobeStock_324279168-scaled.jpeg&#8221; content_max_width=&#8221;1100px&#8221; _builder_version=&#8221;4.20.4&#8243; _module_preset=&#8221;default&#8221; global_colors_info=&#8221;{}&#8221;][\/et_pb_blurb][\/et_pb_column][et_pb_column type=&#8221;1_2&#8243; _builder_version=&#8221;4.20.4&#8243; _module_preset=&#8221;default&#8221; global_colors_info=&#8221;{}&#8221;][et_pb_blurb title=&#8221;Hanke&#8221; use_icon=&#8221;on&#8221; _builder_version=&#8221;4.20.4&#8243; _module_preset=&#8221;default&#8221; global_colors_info=&#8221;{}&#8221;]<\/p>\n<p><span>Hanke: Rovaniemen \u00e4lykk\u00e4\u00e4t liikuntareitit paikallisten ja matkailijoiden hyvinvoinnin tueksi<\/span><br \/><span>Hankeaika: 1.8.2023-31.12.2024<\/span><br \/><span>Toteuttaja: Lapin ammattikorkeakoulu<\/span><br \/><span>Hankkeen kokonaisbudjetti on 100 019 euroa, josta Lapin Liiton my\u00f6nt\u00e4m\u00e4\u00e4 EARK-rahoitusta 60%, Rovaniemen kaupunki ekosysteemisopimuksesta 25% ja Lapin ammattikorkeakoulu 15%.<\/span><\/p>\n<p>[\/et_pb_blurb][\/et_pb_column][\/et_pb_row][\/et_pb_section][et_pb_section fb_built=&#8221;1&#8243; _builder_version=&#8221;4.27.2&#8243; _module_preset=&#8221;default&#8221; global_colors_info=&#8221;{}&#8221;][et_pb_row _builder_version=&#8221;4.27.2&#8243; _module_preset=&#8221;default&#8221; global_colors_info=&#8221;{}&#8221;][et_pb_column type=&#8221;4_4&#8243; _builder_version=&#8221;4.27.2&#8243; _module_preset=&#8221;default&#8221; global_colors_info=&#8221;{}&#8221;][\/et_pb_column][\/et_pb_row][\/et_pb_section][et_pb_section fb_built=&#8221;1&#8243; _builder_version=&#8221;4.20.4&#8243; _module_preset=&#8221;default&#8221; custom_margin=&#8221;-7px|||||&#8221; custom_padding=&#8221;0px|||||&#8221; global_colors_info=&#8221;{}&#8221;][et_pb_row _builder_version=&#8221;4.20.4&#8243; _module_preset=&#8221;default&#8221; width=&#8221;100%&#8221; custom_margin=&#8221;-24px|auto||auto||&#8221; custom_padding=&#8221;7px|||||&#8221; global_colors_info=&#8221;{}&#8221;][et_pb_column type=&#8221;4_4&#8243; _builder_version=&#8221;4.20.4&#8243; _module_preset=&#8221;default&#8221; global_colors_info=&#8221;{}&#8221;][et_pb_image src=&#8221;https:\/\/blogi.eoppimispalvelut.fi\/alykkaatliikuntareitit\/files\/2024\/04\/logot.png&#8221; title_text=&#8221;logot&#8221; _builder_version=&#8221;4.20.4&#8243; _module_preset=&#8221;default&#8221; width=&#8221;61%&#8221; module_alignment=&#8221;left&#8221; global_colors_info=&#8221;{}&#8221;][\/et_pb_image][\/et_pb_column][\/et_pb_row][\/et_pb_section]<\/p>\n","protected":false},"excerpt":{"rendered":"<p>Tule kuulemaan, miten paikkamuotoilu (placemaking) voi uudistaa kaupunkitilaa asukkaiden ja matkailijoiden ehdoilla! Paikkamuotoilu on l\u00e4hestymistapa, jossa kaupungin julkisia tiloja \u00a0kehitet\u00e4\u00e4n\u00a0niin, ett\u00e4 ne tukevat alueen identiteetti\u00e4, yhteis\u00f6llisyytt\u00e4 ja ihmisten kokonaisvaltaista hyvinvointia. T\u00e4ss\u00e4 webinaarissa keskitymme erityisesti paikkamuotoiluun sek\u00e4 asukkaiden tarpeisiin pohjautuvaan matkailun kehitt\u00e4miseen Rovaniemell\u00e4.\u00a0Miten yhteis\u00f6llisyys ja kaupunkitilan merkityksellisyys voivat tuoda uudenlaista elinvoimaa ja vetovoimaa kaupunkiin? ILMOITTAUDU T\u00c4ST\u00c414.00 [&hellip;]<\/p>\n","protected":false},"author":6208,"featured_media":0,"parent":0,"menu_order":0,"comment_status":"closed","ping_status":"closed","template":"","meta":{"_et_pb_use_builder":"on","_et_pb_old_content":"<!-- wp:divi\/placeholder \/-->","_et_gb_content_width":"","footnotes":""},"class_list":["post-129","page","type-page","status-publish","hentry"],"_links":{"self":[{"href":"https:\/\/blogi.eoppimispalvelut.fi\/alykkaatliikuntareitit\/wp-json\/wp\/v2\/pages\/129","targetHints":{"allow":["GET"]}}],"collection":[{"href":"https:\/\/blogi.eoppimispalvelut.fi\/alykkaatliikuntareitit\/wp-json\/wp\/v2\/pages"}],"about":[{"href":"https:\/\/blogi.eoppimispalvelut.fi\/alykkaatliikuntareitit\/wp-json\/wp\/v2\/types\/page"}],"author":[{"embeddable":true,"href":"https:\/\/blogi.eoppimispalvelut.fi\/alykkaatliikuntareitit\/wp-json\/wp\/v2\/users\/6208"}],"replies":[{"embeddable":true,"href":"https:\/\/blogi.eoppimispalvelut.fi\/alykkaatliikuntareitit\/wp-json\/wp\/v2\/comments?post=129"}],"version-history":[{"count":13,"href":"https:\/\/blogi.eoppimispalvelut.fi\/alykkaatliikuntareitit\/wp-json\/wp\/v2\/pages\/129\/revisions"}],"predecessor-version":[{"id":160,"href":"https:\/\/blogi.eoppimispalvelut.fi\/alykkaatliikuntareitit\/wp-json\/wp\/v2\/pages\/129\/revisions\/160"}],"wp:attachment":[{"href":"https:\/\/blogi.eoppimispalvelut.fi\/alykkaatliikuntareitit\/wp-json\/wp\/v2\/media?parent=129"}],"curies":[{"name":"wp","href":"https:\/\/api.w.org\/{rel}","templated":true}]}}