{"id":161,"date":"2024-11-25T16:43:38","date_gmt":"2024-11-25T14:43:38","guid":{"rendered":"https:\/\/blogi.eoppimispalvelut.fi\/alykkaatliikuntareitit\/?page_id=161"},"modified":"2024-12-18T10:00:44","modified_gmt":"2024-12-18T08:00:44","slug":"malli","status":"publish","type":"page","link":"https:\/\/blogi.eoppimispalvelut.fi\/alykkaatliikuntareitit\/malli\/","title":{"rendered":"Malli"},"content":{"rendered":"<p>[et_pb_section fb_built=&#8221;1&#8243; fullwidth=&#8221;on&#8221; _builder_version=&#8221;4.24.3&#8243; _module_preset=&#8221;default&#8221; min_height=&#8221;99px&#8221; custom_margin=&#8221;||-38px|||&#8221; global_colors_info=&#8221;{}&#8221;][et_pb_fullwidth_menu active_link_color=&#8221;#0C71C3&#8243; _builder_version=&#8221;4.24.3&#8243; _module_preset=&#8221;default&#8221; menu_font=&#8221;|600|||||||&#8221; menu_font_size=&#8221;16px&#8221; text_orientation=&#8221;center&#8221; custom_padding=&#8221;||0px|||&#8221; global_colors_info=&#8221;{}&#8221;][\/et_pb_fullwidth_menu][\/et_pb_section][et_pb_section fb_built=&#8221;1&#8243; _builder_version=&#8221;4.20.4&#8243; _module_preset=&#8221;default&#8221; custom_margin=&#8221;-7px|||||&#8221; custom_padding=&#8221;0px|||||&#8221; global_colors_info=&#8221;{}&#8221;][et_pb_row _builder_version=&#8221;4.20.4&#8243; _module_preset=&#8221;default&#8221; width=&#8221;100%&#8221; custom_margin=&#8221;-24px|auto||auto||&#8221; custom_padding=&#8221;7px|||||&#8221; global_colors_info=&#8221;{}&#8221;][et_pb_column type=&#8221;4_4&#8243; _builder_version=&#8221;4.20.4&#8243; _module_preset=&#8221;default&#8221; global_colors_info=&#8221;{}&#8221;][et_pb_image src=&#8221;https:\/\/blogi.eoppimispalvelut.fi\/alykkaatliikuntareitit\/files\/2024\/04\/logot.png&#8221; title_text=&#8221;logot&#8221; _builder_version=&#8221;4.20.4&#8243; _module_preset=&#8221;default&#8221; width=&#8221;61%&#8221; module_alignment=&#8221;left&#8221; global_colors_info=&#8221;{}&#8221;][\/et_pb_image][\/et_pb_column][\/et_pb_row][\/et_pb_section][et_pb_section fb_built=&#8221;1&#8243; admin_label=&#8221;section&#8221; _builder_version=&#8221;4.16&#8243; custom_margin=&#8221;-113px|||||&#8221; global_colors_info=&#8221;{}&#8221;][et_pb_row column_structure=&#8221;2_3,1_3&#8243; admin_label=&#8221;row&#8221; _builder_version=&#8221;4.16&#8243; background_size=&#8221;initial&#8221; background_position=&#8221;top_left&#8221; background_repeat=&#8221;repeat&#8221; custom_padding=&#8221;6px|||||&#8221; global_colors_info=&#8221;{}&#8221;][et_pb_column type=&#8221;2_3&#8243; _builder_version=&#8221;4.16&#8243; custom_padding=&#8221;|||&#8221; global_colors_info=&#8221;{}&#8221; custom_padding__hover=&#8221;|||&#8221;][et_pb_blurb image=&#8221;https:\/\/blogi.eoppimispalvelut.fi\/alykkaatliikuntareitit\/files\/2024\/12\/INGLES-10.png&#8221; image_icon_width=&#8221;145%&#8221; _builder_version=&#8221;4.27.4&#8243; _module_preset=&#8221;default&#8221; global_colors_info=&#8221;{}&#8221;][\/et_pb_blurb][\/et_pb_column][et_pb_column type=&#8221;1_3&#8243; _builder_version=&#8221;4.16&#8243; custom_padding=&#8221;|||&#8221; global_colors_info=&#8221;{}&#8221; custom_padding__hover=&#8221;|||&#8221;][et_pb_blurb title=&#8221;Tutustu malliin Rovaniemen keskusta-alueen kehitt\u00e4miseen&#8221; use_icon=&#8221;on&#8221; image_icon_width=&#8221;60%&#8221; _builder_version=&#8221;4.27.4&#8243; _module_preset=&#8221;default&#8221; header_level=&#8221;h1&#8243; border_radii_image=&#8221;on|5px|5px|5px|5px&#8221; global_colors_info=&#8221;{}&#8221;]<\/p>\n<p>Klikkaa alla olevan kuvan sis\u00e4lt\u00e4mi\u00e4 hotspotteja eli kuvakkeita ja tutustu hankkeen luomaan malliin Rovaniemen \u00e4lykk\u00e4\u00e4seen ja hyvinvoivaan kaupunkikehitt\u00e4miseen.<\/p>\n<p>[\/et_pb_blurb][\/et_pb_column][\/et_pb_row][et_pb_row _builder_version=&#8221;4.27.4&#8243; _module_preset=&#8221;default&#8221; column_structure=&#8221;3_5,2_5&#8243;][et_pb_column _builder_version=&#8221;4.27.4&#8243; _module_preset=&#8221;default&#8221; type=&#8221;3_5&#8243;][et_pb_blurb use_icon=&#8221;on&#8221; content_max_width=&#8221;1100px&#8221; _builder_version=&#8221;4.27.2&#8243; _module_preset=&#8221;default&#8221; width=&#8221;100%&#8221; global_colors_info=&#8221;{}&#8221;]<\/p>\n<p><span><div class=\"h5p-iframe-wrapper\"><iframe id=\"h5p-iframe-1\" class=\"h5p-iframe\" data-content-id=\"1\" style=\"height:1px\" src=\"about:blank\" frameBorder=\"0\" scrolling=\"no\" title=\"Toimiva malli \u00e4lykk\u00e4\u00e4seen ja hyvinvoivaan kaupunkikehitt\u00e4miseen: case Rovaniemi\"><\/iframe><\/div><\/span><\/p>\n<p>[\/et_pb_blurb][\/et_pb_column][et_pb_column _builder_version=&#8221;4.27.4&#8243; _module_preset=&#8221;default&#8221; type=&#8221;2_5&#8243;][\/et_pb_column][\/et_pb_row][et_pb_row _builder_version=&#8221;4.27.2&#8243; _module_preset=&#8221;default&#8221; global_colors_info=&#8221;{}&#8221;][et_pb_column type=&#8221;4_4&#8243; _builder_version=&#8221;4.27.2&#8243; _module_preset=&#8221;default&#8221; global_colors_info=&#8221;{}&#8221;][\/et_pb_column][\/et_pb_row][et_pb_row column_structure=&#8221;1_2,1_2&#8243; _builder_version=&#8221;4.20.4&#8243; _module_preset=&#8221;default&#8221; global_colors_info=&#8221;{}&#8221;][et_pb_column type=&#8221;1_2&#8243; _builder_version=&#8221;4.20.4&#8243; _module_preset=&#8221;default&#8221; global_colors_info=&#8221;{}&#8221;][et_pb_blurb image=&#8221;https:\/\/blogi.eoppimispalvelut.fi\/alykkaatliikuntareitit\/files\/2024\/04\/AdobeStock_324279168-scaled.jpeg&#8221; content_max_width=&#8221;1100px&#8221; _builder_version=&#8221;4.20.4&#8243; _module_preset=&#8221;default&#8221; global_colors_info=&#8221;{}&#8221;][\/et_pb_blurb][\/et_pb_column][et_pb_column type=&#8221;1_2&#8243; _builder_version=&#8221;4.20.4&#8243; _module_preset=&#8221;default&#8221; global_colors_info=&#8221;{}&#8221;][et_pb_blurb title=&#8221;Hanke&#8221; use_icon=&#8221;on&#8221; _builder_version=&#8221;4.20.4&#8243; _module_preset=&#8221;default&#8221; global_colors_info=&#8221;{}&#8221;]<\/p>\n<p><span>Hanke: Rovaniemen \u00e4lykk\u00e4\u00e4t liikuntareitit paikallisten ja matkailijoiden hyvinvoinnin tueksi<\/span><br \/><span>Hankeaika: 1.8.2023-31.12.2024<\/span><br \/><span>Toteuttaja: Lapin ammattikorkeakoulu<\/span><br \/><span>Hankkeen kokonaisbudjetti on 100 019 euroa, josta Lapin Liiton my\u00f6nt\u00e4m\u00e4\u00e4 EARK-rahoitusta 60%, Rovaniemen kaupunki ekosysteemisopimuksesta 25% ja Lapin ammattikorkeakoulu 15%.<\/span><\/p>\n<p>[\/et_pb_blurb][\/et_pb_column][\/et_pb_row][\/et_pb_section]<\/p>\n","protected":false},"excerpt":{"rendered":"<p>Klikkaa alla olevan kuvan sis\u00e4lt\u00e4mi\u00e4 hotspotteja eli kuvakkeita ja tutustu hankkeen luomaan malliin Rovaniemen \u00e4lykk\u00e4\u00e4seen ja hyvinvoivaan kaupunkikehitt\u00e4miseen.<div class=\"h5p-iframe-wrapper\"><iframe id=\"h5p-iframe-1\" class=\"h5p-iframe\" data-content-id=\"1\" style=\"height:1px\" src=\"about:blank\" frameBorder=\"0\" scrolling=\"no\" title=\"Toimiva malli \u00e4lykk\u00e4\u00e4seen ja hyvinvoivaan kaupunkikehitt\u00e4miseen: case Rovaniemi\"><\/iframe><\/div>Hanke: Rovaniemen \u00e4lykk\u00e4\u00e4t liikuntareitit paikallisten ja matkailijoiden hyvinvoinnin tueksiHankeaika: 1.8.2023-31.12.2024Toteuttaja: Lapin ammattikorkeakouluHankkeen kokonaisbudjetti on 100 019 euroa, josta Lapin Liiton my\u00f6nt\u00e4m\u00e4\u00e4 EARK-rahoitusta 60%, Rovaniemen kaupunki ekosysteemisopimuksesta 25% ja Lapin ammattikorkeakoulu 15%.<\/p>\n","protected":false},"author":6208,"featured_media":0,"parent":0,"menu_order":0,"comment_status":"closed","ping_status":"closed","template":"","meta":{"_et_pb_use_builder":"on","_et_pb_old_content":"<!-- wp:divi\/placeholder \/-->","_et_gb_content_width":"","footnotes":""},"class_list":["post-161","page","type-page","status-publish","hentry"],"_links":{"self":[{"href":"https:\/\/blogi.eoppimispalvelut.fi\/alykkaatliikuntareitit\/wp-json\/wp\/v2\/pages\/161","targetHints":{"allow":["GET"]}}],"collection":[{"href":"https:\/\/blogi.eoppimispalvelut.fi\/alykkaatliikuntareitit\/wp-json\/wp\/v2\/pages"}],"about":[{"href":"https:\/\/blogi.eoppimispalvelut.fi\/alykkaatliikuntareitit\/wp-json\/wp\/v2\/types\/page"}],"author":[{"embeddable":true,"href":"https:\/\/blogi.eoppimispalvelut.fi\/alykkaatliikuntareitit\/wp-json\/wp\/v2\/users\/6208"}],"replies":[{"embeddable":true,"href":"https:\/\/blogi.eoppimispalvelut.fi\/alykkaatliikuntareitit\/wp-json\/wp\/v2\/comments?post=161"}],"version-history":[{"count":16,"href":"https:\/\/blogi.eoppimispalvelut.fi\/alykkaatliikuntareitit\/wp-json\/wp\/v2\/pages\/161\/revisions"}],"predecessor-version":[{"id":187,"href":"https:\/\/blogi.eoppimispalvelut.fi\/alykkaatliikuntareitit\/wp-json\/wp\/v2\/pages\/161\/revisions\/187"}],"wp:attachment":[{"href":"https:\/\/blogi.eoppimispalvelut.fi\/alykkaatliikuntareitit\/wp-json\/wp\/v2\/media?parent=161"}],"curies":[{"name":"wp","href":"https:\/\/api.w.org\/{rel}","templated":true}]}}